{"id":9978,"date":"2025-03-18T09:39:41","date_gmt":"2025-03-18T08:39:41","guid":{"rendered":"https:\/\/republify.se\/?post_type=product&#038;p=9978"},"modified":"2026-01-08T18:56:43","modified_gmt":"2026-01-08T17:56:43","slug":"ai-for-ledare","status":"publish","type":"product","link":"https:\/\/republify.se\/index.php\/produkt\/ai-for-ledare\/","title":{"rendered":"AI f\u00f6r ledare"},"content":{"rendered":"<p><strong>Det h\u00e4r f\u00e5r du med dig,<\/strong><\/p>\n<p>&#8211; En heldags l\u00e4randeupplevelse<br \/>\n&#8211; Tillg\u00e5ng till interaktiv, AI-driven presentation f\u00f6r personlig inl\u00e4rning<br \/>\n&#8211; Guidad praktisk erfarenhet av AI-verktyg och applikationer<br \/>\n&#8211; Strategiska verktyg f\u00f6r att p\u00e5skynda din AI-transformationsresa<br \/>\n&#8211; V\u00e4gledning f\u00f6r konkreta n\u00e4sta steg i AI-implementering<\/p>\n<p><strong>M\u00e5lgrupp<\/strong><\/p>\n<p>Denna utbildning \u00e4r f\u00f6r dig som \u00e4r chef och ledare eller sitter i en ansvarsopsition. Inga f\u00f6rkunskaper kring AI kr\u00e4vs.<\/p>\n<p><strong>Agenda<\/strong><\/p>\n<p>1. Introduktion till AI (9:00 \u2013 10:00)<br \/>\n\u2013 V\u00e4lkomst och introduktion (10 min)<\/p>\n<p>\u2013 Vad \u00e4r AI? Grundl\u00e4ggande begrepp och definitioner (15 min)<\/p>\n<p>\u2013 Kort historik och nutida utveckling av AI (15 min)<\/p>\n<p>\u2013 Olika typer av AI: smal AI vs generell AI (10 min)<\/p>\n<p>\u2013 Centrala AI-teknologier: maskininl\u00e4rning, djupinl\u00e4rning, naturlig spr\u00e5kbehandling (10 min)<\/p>\n<p>2. Praktisk till\u00e4mpning av AI-verktyg (10:15 \u2013 11:45)<br \/>\n\u2013 Introduktion till dagens AI-verktyg (10 min)<\/p>\n<p>\u2013 Demonstration av generativa AI-verktyg (t.ex. ChatGPT, DALL-E) (20 min)<\/p>\n<p>\u2013 Hands-on session: Deltagarna testar verktyg under v\u00e4gledning (20 min)?<\/p>\n<p>\u2013 Diskussion: Potentiella anv\u00e4ndningsomr\u00e5den i deltagarnas organisationer (40 min)<\/p>\n<p>Lunchpaus (11:45 \u2013 12:45)<br \/>\n3. AI:s p\u00e5verkan p\u00e5 ledarskap och organisationer (12:45 \u2013 14:00)<br \/>\n\u2013 AI:s inverkan p\u00e5 aff\u00e4rsmodeller och branscher (15 min)<\/p>\n<p>\u2013 Case study 1: AI-transformation i en traditionell industri (15 min)<\/p>\n<p>\u2013 F\u00f6r\u00e4ndrade arbetsroller och kompetenskrav (15 min)<\/p>\n<p>\u2013 AI-driven beslutsfattande och dataanalys (15 min)<\/p>\n<p>\u2013 Case study 2: AI i strategiskt beslutsfattande (15 min)<\/p>\n<p>4. AI-strategier och implementering (14:15 \u2013 15:30)<br \/>\n\u2013 Utveckla en AI-strategi f\u00f6r din organisation (20 min)<\/p>\n<p>\u2013 Case study 3: Framg\u00e5ngsrik AI-implementering i en organisation (15 min)<\/p>\n<p>\u2013 Identifiera m\u00f6jligheter f\u00f6r AI-implementering (15 min)<\/p>\n<p>\u2013 Hantera f\u00f6r\u00e4ndring och motst\u00e5nd vid AI-adoption (15 min)<\/p>\n<p>\u2013 Bygga ett AI-kompetent team och introduktion till USAGE-ramverket (10 min)<\/p>\n<p>5. Utmaningar och m\u00f6jligheter med AI (15:45 \u2013 16:15)<br \/>\n\u2013 Etiska \u00f6verv\u00e4ganden vid anv\u00e4ndning av AI (10 min)<\/p>\n<p>\u2013 Case study 4: Hantering av etiska dilemman i AI-projekt (10 min)<\/p>\n<p>\u2013 Datas\u00e4kerhet och integritetsfr\u00e5gor (5 min)<\/p>\n<p>\u2013 Framtida trender inom AI (5 min)<\/p>\n<p>6. Sammanfattning och handlingsplan (16:15 \u2013 16:30)<br \/>\n\u2013 Sammanfattning av dagens huvudpunkter (10 min)<\/p>\n<p>\u2013 N\u00e4sta steg (5 min)<\/p>\n<h2><\/h2>\n","protected":false},"excerpt":{"rendered":"<p><strong>F\u00e5 en gedigen f\u00f6rst\u00e5else f\u00f6r AI och dess aff\u00e4rsapplikationer. Ta del av strategiska verktyg f\u00f6r implementering av AI i din organisation. <\/strong><\/p>\n<p>Passa p\u00e5 att l\u00e4ra dig av en erfaren professionell utbildare med teknisk &amp; aff\u00e4rsm\u00e4ssig expertis samt dra nytta av en dynamisk, interaktiv inl\u00e4rningsupplevelse.<\/p>\n","protected":false},"featured_media":9437,"comment_status":"open","ping_status":"closed","template":"","meta":{"wds_primary_product_brand":0,"wds_primary_product_cat":0},"product_brand":[],"product_cat":[137,91,56,37,32,203],"product_tag":[],"class_list":{"0":"post-9978","1":"product","2":"type-product","3":"status-publish","4":"has-post-thumbnail","6":"product_cat-ai","7":"product_cat-arbetsmiljo","8":"product_cat-it-sakerhet","9":"product_cat-kommunikation","10":"product_cat-ledarskap","11":"product_cat-industri","13":"first","14":"instock","15":"taxable","16":"shipping-taxable","17":"purchasable","18":"product-type-simple"},"jetpack_sharing_enabled":true,"_links":{"self":[{"href":"https:\/\/republify.se\/index.php\/wp-json\/wp\/v2\/product\/9978","targetHints":{"allow":["GET"]}}],"collection":[{"href":"https:\/\/republify.se\/index.php\/wp-json\/wp\/v2\/product"}],"about":[{"href":"https:\/\/republify.se\/index.php\/wp-json\/wp\/v2\/types\/product"}],"replies":[{"embeddable":true,"href":"https:\/\/republify.se\/index.php\/wp-json\/wp\/v2\/comments?post=9978"}],"wp:featuredmedia":[{"embeddable":true,"href":"https:\/\/republify.se\/index.php\/wp-json\/wp\/v2\/media\/9437"}],"wp:attachment":[{"href":"https:\/\/republify.se\/index.php\/wp-json\/wp\/v2\/media?parent=9978"}],"wp:term":[{"taxonomy":"product_brand","embeddable":true,"href":"https:\/\/republify.se\/index.php\/wp-json\/wp\/v2\/product_brand?post=9978"},{"taxonomy":"product_cat","embeddable":true,"href":"https:\/\/republify.se\/index.php\/wp-json\/wp\/v2\/product_cat?post=9978"},{"taxonomy":"product_tag","embeddable":true,"href":"https:\/\/republify.se\/index.php\/wp-json\/wp\/v2\/product_tag?post=9978"}],"curies":[{"name":"wp","href":"https:\/\/api.w.org\/{rel}","templated":true}]}}