{"id":9977,"date":"2025-03-18T09:17:42","date_gmt":"2025-03-18T08:17:42","guid":{"rendered":"https:\/\/republify.se\/?post_type=product&#038;p=9977"},"modified":"2026-01-08T18:57:04","modified_gmt":"2026-01-08T17:57:04","slug":"saker-applikationsutveckling","status":"publish","type":"product","link":"https:\/\/republify.se\/index.php\/produkt\/saker-applikationsutveckling\/","title":{"rendered":"S\u00e4ker applikationsutveckling"},"content":{"rendered":"<div class=\"detail-text\">\n<div class=\"detail-text\"><strong>Utbildningsm\u00e5l<\/strong><\/div>\n<div class=\"detail-text\">\n<div class=\"note-wrapper\">\n<div class=\"row\">\n<div class=\"col-12\">\n<div class=\"note-wrapper__text\">\n<div class=\"course-details\">\n<div class=\"row\">\n<div class=\"col-12\">\n<div class=\"detail-text\">\n<div class=\"common-group\" data-type=\"utbildningsm\u00e5l\">\n<div>\n<p><span data-teams=\"true\">Den h\u00e4r kursen ger en grundlig och helt\u00e4ckande f\u00f6rst\u00e5else f\u00f6r s\u00e4ker applikationsutveckling, d\u00e4r teori kombineras med praktiska till\u00e4mpningar f\u00f6r att rusta utvecklare, testare och IT-ledare med r\u00e4tt verktyg. Kursen \u00e4r utformad f\u00f6r att harmoniera med moderna utvecklingspraxis s\u00e5som CI\/CD, DevOps och DevSecOps, och s\u00e4kerst\u00e4ller att s\u00e4kerhet blir en naturlig del av utvecklingsfl\u00f6det \u2013 inte en eftertanke.<\/span><\/p>\n<p>En fullsp\u00e4ckad dag med genomg\u00e5ngar, \u00f6vningar och gruppdiskussioner. Under dagen visar kursledaren\u00a0Viktor Laszlo\u00a0olika praktiska exempel p\u00e5 hur du p\u00e5 b\u00e4sta s\u00e4tt kan definiera dina s\u00e4kerhetskrav, kontinuerligt arbeta med s\u00e4ker applikationsutveckling, automatisera s\u00e5 mycket som m\u00f6jligt, bygga en egen s\u00e4ker utvecklingsprocess och framf\u00f6r allt, hur du effektivt testar och verifierar s\u00e4kerhet.<\/p>\n<p>Efter kursen kommer du ha god inblick och f\u00f6rm\u00e5ga i hur du effektivt integrerar s\u00e4kerhet i utvecklingsarbetet. Du kommer att f\u00e5tt en \u00f6kad kunskap i de hot som dagens IT-System \u00e4r utsatta f\u00f6r och hur du p\u00e5 b\u00e4sta s\u00e4tt, fr\u00e5n krav till test, arbetar f\u00f6r att mitigera dessa hot.<\/p>\n<\/div>\n<\/div>\n<div class=\"common-group\" data-type=\"inneh\u00e5ll\">\n<h3>Inneh\u00e5ll<\/h3>\n<p><strong>Ren kod och S\u00e4ker kodning<\/strong>:<br \/>\nPrinciper f\u00f6r hur man skriver kod med s\u00e4kerhet som prioritet.<\/p>\n<p><strong>Hotmodellering med STRIDE<\/strong>:<br \/>\nIdentifiera och analysera potentiella s\u00e4kerhetshot.<\/p>\n<p><strong>Minska attackytan<\/strong>:<br \/>\nStrategier f\u00f6r att begr\u00e4nsa potentiella s\u00e5rbara punkter.<\/p>\n<p><strong>Verktyg f\u00f6r S\u00e4kerhetsanalys<\/strong>:<br \/>\nInkluderar b\u00e5de Statisk (SAST) och Dynamisk (DAST) Applikationss\u00e4kerhetsanalys.<\/p>\n<p><strong>Standarder f\u00f6r S\u00e4kerhetsverifiering<\/strong>:<br \/>\nTill\u00e4mpning av ASVS 4.03 f\u00f6r att s\u00e4kerst\u00e4lla h\u00f6gsta s\u00e4kerhetsstandard.<\/p>\n<p><strong>Hantering av Tredjepartsberoende<\/strong>:<br \/>\nMetoder f\u00f6r att s\u00e4kra externa bibliotek och verktyg.<\/p>\n<p><strong>FuzzTestning och OWASP Top10<\/strong>:<br \/>\nVerktyg och metoder f\u00f6r att identifiera och \u00e5tg\u00e4rda vanliga s\u00e4kerhetsproblem.<\/p>\n<p><strong>S\u00e4ker utvecklingslivscykel (SDL) och DevSecOps<\/strong>:<br \/>\nIntegrera s\u00e4kerhetst\u00e4nk i alla steg av utvecklingsprocessen.<\/p>\n<\/div>\n<\/div>\n<\/div>\n<\/div>\n<\/div>\n<div class=\"note-wrapper\">\n<div class=\"row\">\n<div class=\"col-12\">\n<div class=\"note-wrapper__text\"><\/div>\n<\/div>\n<\/div>\n<\/div>\n<\/div>\n<\/div>\n<\/div>\n<\/div>\n<\/div>\n<div class=\"detail-text\">\n<h2><\/h2>\n<\/div>\n<\/div>\n","protected":false},"excerpt":{"rendered":"<p><strong>Cyberhoten \u00f6kar i snabb takt, och f\u00f6retag som inte bygger in s\u00e4kerhet fr\u00e5n b\u00f6rjan riskerar att bli n\u00e4sta m\u00e5l. <\/strong><\/p>\n<p>En enda s\u00e5rbarhet i din kod kan kosta miljoner i f\u00f6rlorad data, skadat varum\u00e4rke och f\u00f6rlorat f\u00f6rtroende. N\u00e4r s\u00e5rbarheter i applikationslagret utg\u00f6r huvudm\u00e5let f\u00f6r attacker, \u00e4r det kritiskt att integrera s\u00e4kerhet i sj\u00e4lva grunden av utvecklingsprocessen<\/p>\n<p>Denna kurs \u00e4r riktad till yrkesverksamma inom mjukvaruutveckling, QA, testning, och projektledning som s\u00f6ker att f\u00f6rst\u00e4rka sina kunskaper inom s\u00e4ker utveckling. Kursen \u00e4r \u00e4ven v\u00e4rdefull f\u00f6r roller som arkitekt, testledare, produkt\u00e4gare, och ledare inom agila metoder, som alla kan dra nytta av f\u00f6rdjupade kunskaper i s\u00e4kra utvecklingsmetoder.<\/p>\n<p>F\u00f6r att f\u00e5 mest m\u00f6jliga ut av kursen b\u00f6r deltagarna ha grundl\u00e4ggande f\u00f6rst\u00e5else f\u00f6r hot mot IT-system och erfarenhet av IT-systemutveckling.<b><\/b><\/p>\n","protected":false},"featured_media":7170,"comment_status":"open","ping_status":"closed","template":"","meta":{"wds_primary_product_brand":0,"wds_primary_product_cat":0},"product_brand":[],"product_cat":[134,57,31],"product_tag":[],"class_list":{"0":"post-9977","1":"product","2":"type-product","3":"status-publish","4":"has-post-thumbnail","6":"product_cat-cyber-security","7":"product_cat-secure-coding","8":"product_cat-security","10":"first","11":"instock","12":"taxable","13":"shipping-taxable","14":"purchasable","15":"product-type-simple"},"jetpack_sharing_enabled":true,"_links":{"self":[{"href":"https:\/\/republify.se\/index.php\/wp-json\/wp\/v2\/product\/9977","targetHints":{"allow":["GET"]}}],"collection":[{"href":"https:\/\/republify.se\/index.php\/wp-json\/wp\/v2\/product"}],"about":[{"href":"https:\/\/republify.se\/index.php\/wp-json\/wp\/v2\/types\/product"}],"replies":[{"embeddable":true,"href":"https:\/\/republify.se\/index.php\/wp-json\/wp\/v2\/comments?post=9977"}],"wp:featuredmedia":[{"embeddable":true,"href":"https:\/\/republify.se\/index.php\/wp-json\/wp\/v2\/media\/7170"}],"wp:attachment":[{"href":"https:\/\/republify.se\/index.php\/wp-json\/wp\/v2\/media?parent=9977"}],"wp:term":[{"taxonomy":"product_brand","embeddable":true,"href":"https:\/\/republify.se\/index.php\/wp-json\/wp\/v2\/product_brand?post=9977"},{"taxonomy":"product_cat","embeddable":true,"href":"https:\/\/republify.se\/index.php\/wp-json\/wp\/v2\/product_cat?post=9977"},{"taxonomy":"product_tag","embeddable":true,"href":"https:\/\/republify.se\/index.php\/wp-json\/wp\/v2\/product_tag?post=9977"}],"curies":[{"name":"wp","href":"https:\/\/api.w.org\/{rel}","templated":true}]}}