{"id":9739,"date":"2025-03-12T17:40:35","date_gmt":"2025-03-12T16:40:35","guid":{"rendered":"https:\/\/republify.se\/?post_type=product&#038;p=9739"},"modified":"2026-01-08T18:57:26","modified_gmt":"2026-01-08T17:57:26","slug":"ai-och-datasakerhet","status":"publish","type":"product","link":"https:\/\/republify.se\/index.php\/produkt\/ai-och-datasakerhet\/","title":{"rendered":"AI och Datas\u00e4kerhet"},"content":{"rendered":"<p><strong>Kursm\u00e5l<\/strong><\/p>\n<p>Du l\u00e4r dig hur moderna organisationer anv\u00e4nder molnbaserade system f\u00f6r att effektivt hantera stora m\u00e4ngder data.<\/p>\n<p>Du f\u00e5r kunskap om de vanligaste molntj\u00e4nsterna och deras f\u00f6r- och nackdelar hos olika leverant\u00f6rer.<\/p>\n<p>Du l\u00e4r dig att optimera prestanda och kostnadseffektivitet i molnbaserade datal\u00f6sningar.<\/p>\n<p>Du l\u00e4r dig ett strukturerat s\u00e4tt att implementera och underh\u00e5lla l\u00f6sningar i molnet.<\/p>\n<p><strong>M\u00e5lgrupp<\/strong><\/p>\n<p>Du som \u00e4r ny inom datahantering och vill l\u00e4ra dig mer om molnbaserade datal\u00f6sningar.<\/p>\n<p>Du som arbetar som dataingenj\u00f6r, utvecklare eller IT-arkitekt och vill skifta fokus till att hantera och optimera data i molnet.<\/p>\n<p>Du som ansvarar f\u00f6r att bygga och underh\u00e5lla skalbara och h\u00f6gpresterande datal\u00f6sningar i molnbaserade milj\u00f6er.<\/p>\n<p>Du som vill f\u00f6rst\u00e5 hur olika molnleverant\u00f6rer och deras tj\u00e4nster kan anv\u00e4ndas f\u00f6r att maximera aff\u00e4rsnyttan. Du som vill optimera kostnad och prestanda f\u00f6r molnbaserade datal\u00f6sningar i din organisation.<\/p>\n<p><strong>F\u00f6rkunskaper<\/strong><\/p>\n<p>Grundl\u00e4ggande kunskaper i SQL och Python rekommenderas.<br \/>\nErfarenhet av att arbeta med en databas \u00e4r en f\u00f6rdel.<\/p>\n<h2><\/h2>\n","protected":false},"excerpt":{"rendered":"<p><strong>Denna kurs ger dig en grundl\u00e4ggande f\u00f6rst\u00e5else f\u00f6r artificiell intelligens (AI) och maskininl\u00e4rning (ML) med fokus p\u00e5 hur dessa tekniker kan anv\u00e4ndas f\u00f6r att analysera, bearbeta och dra insikter fr\u00e5n stora datam\u00e4ngder. Du f\u00e5r l\u00e4ra dig vanliga metoder och verktyg inom AI och ML som \u00e4r anv\u00e4ndbara f\u00f6r utvecklare och dataingenj\u00f6rer, samt ramverk f\u00f6r att implementera dessa tekniker f\u00f6r att skapa aff\u00e4rsv\u00e4rde. <\/strong><\/p>\n<p>Kursen t\u00e4cker \u00e4ven prediktion av data och de krav p\u00e5 data som kr\u00e4vs f\u00f6r effektiva analyser. Vi kommer \u00e4ven att ta upp aspekter kring datas\u00e4kerhet och data compliance.<\/p>\n","protected":false},"featured_media":9440,"comment_status":"open","ping_status":"closed","template":"","meta":{"wds_primary_product_brand":0,"wds_primary_product_cat":0},"product_brand":[],"product_cat":[137,91,56],"product_tag":[],"class_list":{"0":"post-9739","1":"product","2":"type-product","3":"status-publish","4":"has-post-thumbnail","6":"product_cat-ai","7":"product_cat-arbetsmiljo","8":"product_cat-it-sakerhet","10":"first","11":"instock","12":"taxable","13":"shipping-taxable","14":"purchasable","15":"product-type-simple"},"jetpack_sharing_enabled":true,"_links":{"self":[{"href":"https:\/\/republify.se\/index.php\/wp-json\/wp\/v2\/product\/9739","targetHints":{"allow":["GET"]}}],"collection":[{"href":"https:\/\/republify.se\/index.php\/wp-json\/wp\/v2\/product"}],"about":[{"href":"https:\/\/republify.se\/index.php\/wp-json\/wp\/v2\/types\/product"}],"replies":[{"embeddable":true,"href":"https:\/\/republify.se\/index.php\/wp-json\/wp\/v2\/comments?post=9739"}],"wp:featuredmedia":[{"embeddable":true,"href":"https:\/\/republify.se\/index.php\/wp-json\/wp\/v2\/media\/9440"}],"wp:attachment":[{"href":"https:\/\/republify.se\/index.php\/wp-json\/wp\/v2\/media?parent=9739"}],"wp:term":[{"taxonomy":"product_brand","embeddable":true,"href":"https:\/\/republify.se\/index.php\/wp-json\/wp\/v2\/product_brand?post=9739"},{"taxonomy":"product_cat","embeddable":true,"href":"https:\/\/republify.se\/index.php\/wp-json\/wp\/v2\/product_cat?post=9739"},{"taxonomy":"product_tag","embeddable":true,"href":"https:\/\/republify.se\/index.php\/wp-json\/wp\/v2\/product_tag?post=9739"}],"curies":[{"name":"wp","href":"https:\/\/api.w.org\/{rel}","templated":true}]}}