{"id":9246,"date":"2025-02-17T14:41:33","date_gmt":"2025-02-17T13:41:33","guid":{"rendered":"https:\/\/republify.se\/?post_type=product&#038;p=9246"},"modified":"2026-01-08T18:58:23","modified_gmt":"2026-01-08T17:58:23","slug":"github-copilot","status":"publish","type":"product","link":"https:\/\/republify.se\/index.php\/produkt\/github-copilot\/","title":{"rendered":"GitHub Copilot"},"content":{"rendered":"<h3><strong>M\u00e5lgrupp<\/strong><\/h3>\n<p>Utbildningen \u00e4r inriktad mot dig som planerar att b\u00f6rja med eller har arbetat ett tag med GitHub Copilot. Kursen kan \u00e4ven anpassas som grupputbildning p\u00e5 h\u00f6gre niv\u00e5 f\u00f6r er som beh\u00f6ver en djupare utmaning kring mer avancerade koncept.<\/p>\n<h2>Kursinnh\u00e5ll<\/h2>\n<p><strong>GitHub Copilot allm\u00e4nt<\/strong><br \/>\n\u00d6versikt \u00f6ver GitHub Copilot<br \/>\nF\u00f6rdelar med att anv\u00e4nda Copilot f\u00f6r utvecklare<br \/>\nRisker man b\u00f6r ha i tanke.<\/p>\n<p><strong>F\u00f6rberedelser<\/strong><br \/>\nInstallation GitHub Copilot i Visual Studio Code.<br \/>\nVad beh\u00f6vs f\u00f6r att komma ing\u00e5ng?<br \/>\nVilka prisalternativ finns?<\/p>\n<p><strong>Introduktion<\/strong><br \/>\nGrundl\u00e4ggande begrepp f\u00f6r GitHub Copilot.<\/p>\n<p><strong>GitHub Copilot<\/strong><br \/>\nFunktioner i GitHub Copilot<br \/>\nS\u00e5 h\u00e4r anv\u00e4nder du GitHub Copilot f\u00f6r kodning.<br \/>\nAtt jobba tillsammans med en agent.<\/p>\n<p><strong>Interagera med GitHub Copilot<\/strong><br \/>\nS\u00e5 h\u00e4r interagerar du med GitHub Copilot i Visual Studio Code.<br \/>\nKonfiguration och anpassningar.<\/p>\n<p><strong>Copilot-redigeringar<\/strong><br \/>\nS\u00e5 h\u00e4r anv\u00e4nder du GitHub Copilot f\u00f6r kodredigering<br \/>\nHur du med hj\u00e4lp av GitHub CoPilot uppdaterar filer och projekt<br \/>\nBygg upp strukturer samt skapar f\u00e4rdiga f\u00f6rslag.<br \/>\nAtt skapa automatisk dokumentation och tester.<br \/>\nExempel och laborationer<\/p>\n<p><strong>Copilot-chatt<\/strong><br \/>\nS\u00e5 h\u00e4r anv\u00e4nder du chattfunktionen i GitHub Copilot.<br \/>\nBe agenten om hj\u00e4lp f\u00f6r att hitta l\u00f6sningar p\u00e5 problem eller bara f\u00f6r att f\u00e5 nya infallsvinklar.<br \/>\nExempel och laborationer<\/p>\n<p><strong>Inline<\/strong><br \/>\nS\u00e5 h\u00e4r anv\u00e4nder du GitHub Copilot i din kod<br \/>\nHur fungerar det att anv\u00e4nda agenten medan du skriver.<br \/>\nHur du effektivisera din kodning, vad g\u00f6r dig snabbare?<br \/>\nExempel och laborationer<\/p>\n<h3>Kursen levereras i samarbete med Advitum<\/h3>\n","protected":false},"excerpt":{"rendered":"<p><strong>Vill du skriva kod snabbare, effektivare och med mindre anstr\u00e4ngning? GitHub Copilot \u00e4r den AI-assistent som hj\u00e4lper dig att generera kod, automatisera uppgifter och f\u00f6rb\u00e4ttra din utvecklingsprocess direkt i Visual Studio Code. <\/strong><\/p>\n<p>Under denna intensiva endagsutbildning f\u00e5r du en praktisk genomg\u00e5ng av Copilots funktioner, l\u00e4r dig optimera dess anv\u00e4ndning och utforskar hur du kan arbeta tillsammans med AI f\u00f6r att l\u00f6sa problem och effektivisera din kodning. Oavsett om du \u00e4r nyfiken p\u00e5 m\u00f6jligheterna eller vill ta din programmering till n\u00e4sta niv\u00e5, \u00e4r detta kursen som ger dig en snabbstart med GitHub Copilot!<\/p>\n<p><em>OBS! Har du licens f\u00f6r GitHub Copilot kan du anv\u00e4nda den under kursen. Har du ingen s\u00e5 finns det en 30-dag trial alternativt en gratisvariant. Allts\u00e5 \u00e4r det inget krav att deltagare ska ha licens.<\/em><\/p>\n","protected":false},"featured_media":5358,"comment_status":"open","ping_status":"closed","template":"","meta":{"wds_primary_product_brand":0,"wds_primary_product_cat":0},"product_brand":[],"product_cat":[137,174,147,43,29],"product_tag":[],"class_list":{"0":"post-9246","1":"product","2":"type-product","3":"status-publish","4":"has-post-thumbnail","6":"product_cat-ai","7":"product_cat-copilot","8":"product_cat-git-github","9":"product_cat-microsoft","10":"product_cat-technical","12":"first","13":"instock","14":"taxable","15":"shipping-taxable","16":"purchasable","17":"product-type-simple"},"jetpack_sharing_enabled":true,"_links":{"self":[{"href":"https:\/\/republify.se\/index.php\/wp-json\/wp\/v2\/product\/9246","targetHints":{"allow":["GET"]}}],"collection":[{"href":"https:\/\/republify.se\/index.php\/wp-json\/wp\/v2\/product"}],"about":[{"href":"https:\/\/republify.se\/index.php\/wp-json\/wp\/v2\/types\/product"}],"replies":[{"embeddable":true,"href":"https:\/\/republify.se\/index.php\/wp-json\/wp\/v2\/comments?post=9246"}],"wp:featuredmedia":[{"embeddable":true,"href":"https:\/\/republify.se\/index.php\/wp-json\/wp\/v2\/media\/5358"}],"wp:attachment":[{"href":"https:\/\/republify.se\/index.php\/wp-json\/wp\/v2\/media?parent=9246"}],"wp:term":[{"taxonomy":"product_brand","embeddable":true,"href":"https:\/\/republify.se\/index.php\/wp-json\/wp\/v2\/product_brand?post=9246"},{"taxonomy":"product_cat","embeddable":true,"href":"https:\/\/republify.se\/index.php\/wp-json\/wp\/v2\/product_cat?post=9246"},{"taxonomy":"product_tag","embeddable":true,"href":"https:\/\/republify.se\/index.php\/wp-json\/wp\/v2\/product_tag?post=9246"}],"curies":[{"name":"wp","href":"https:\/\/api.w.org\/{rel}","templated":true}]}}