{"id":9208,"date":"2025-01-29T16:18:14","date_gmt":"2025-01-29T15:18:14","guid":{"rendered":"https:\/\/republify.se\/?post_type=product&#038;p=9208"},"modified":"2026-01-08T19:00:13","modified_gmt":"2026-01-08T18:00:13","slug":"ai-for-agila-projektledare","status":"publish","type":"product","link":"https:\/\/republify.se\/index.php\/produkt\/ai-for-agila-projektledare\/","title":{"rendered":"AI f\u00f6r Agila Projektledare"},"content":{"rendered":"<h4 class=\"wp-block-heading\">En inspirerande och handfast endagars onlinekurs som visar hur du som projektledare kan dra nytta av AI i ditt dagliga arbete. Den h\u00e4r kursen \u00e4r perfekt f\u00f6r dig som \u00e4r projektledare, teamledare eller arbetar med projektplanering och vill utforska hur AI kan effektivisera ditt arbete. Ingen AI-erfarenhet kr\u00e4vs men det \u00e4r kanske bra med lite projektledningserfarenhet.<\/h4>\n<section class=\"elementor-section elementor-top-section elementor-element elementor-element-78c00e87 elementor-section-boxed elementor-section-height-default elementor-section-height-default\" data-id=\"78c00e87\" data-element_type=\"section\">\n<div class=\"elementor-container elementor-column-gap-default\">\n<div class=\"elementor-column elementor-col-100 elementor-top-column elementor-element elementor-element-1c7421ba\" data-id=\"1c7421ba\" data-element_type=\"column\">\n<div class=\"elementor-widget-wrap elementor-element-populated\">\n<div class=\"elementor-element elementor-element-40516079 elementor-widget elementor-widget-text-editor\" data-id=\"40516079\" data-element_type=\"widget\" data-widget_type=\"text-editor.default\">\n<div class=\"elementor-widget-container\">\n<h4 class=\"wp-block-heading\">M\u00e5l<\/h4>\n<div class=\"flex flex-grow flex-col gap-3 max-w-full\">\n<div class=\"min-h-[20px] flex flex-col items-start gap-3 overflow-x-auto whitespace-pre-wrap break-words\">\n<div class=\"markdown prose w-full break-words dark:prose-invert light\">\n<p>Efter kursen kommer du att<\/p>\n<ul>\n<li>F\u00f6rst\u00e5 hur AI kan st\u00f6dja dig i hela projektlivscykeln.<\/li>\n<li>Ha praktiska metoder och verktyg f\u00f6r att integrera AI i ditt projektarbete.<\/li>\n<li>Vara redo att lyfta dina projekt med AI:s fulla potential.<\/li>\n<\/ul>\n<p>&nbsp;<\/p>\n<\/div>\n<h3>Vad ska jag kunna innan?<\/h3>\n<p>Inga f\u00f6rkunskaper beh\u00f6vs men det underl\u00e4ttar om du har erfarenhet av projektledning.<\/p>\n<div class=\"markdown prose w-full break-words dark:prose-invert light\">\n<p>&nbsp;<\/p>\n<\/div>\n<\/div>\n<\/div>\n<\/div>\n<\/div>\n<\/div>\n<\/div>\n<\/div>\n<\/section>\n<section class=\"elementor-section elementor-top-section elementor-element elementor-element-4efba2d elementor-section-boxed elementor-section-height-default elementor-section-height-default\" data-id=\"4efba2d\" data-element_type=\"section\">\n<div class=\"elementor-container elementor-column-gap-default\">\n<div class=\"elementor-column elementor-col-100 elementor-top-column elementor-element elementor-element-7e3866f\" data-id=\"7e3866f\" data-element_type=\"column\">\n<div class=\"elementor-widget-wrap elementor-element-populated\">\n<div class=\"elementor-element elementor-element-cb3fb29 elementor-widget elementor-widget-text-editor\" data-id=\"cb3fb29\" data-element_type=\"widget\" data-widget_type=\"text-editor.default\">\n<div class=\"elementor-widget-container\">\n<h2 class=\"wp-block-heading\">Inneh\u00e5ll \u2013 AI f\u00f6r projektledare<\/h2>\n<\/div>\n<p>&nbsp;<\/p>\n<div class=\"elementor-widget-container\">\n<ol>\n<li>\n<h3><strong>Introduktion till AI<\/strong><\/h3>\n<\/li>\n<\/ol>\n<ul>\n<li>Vad \u00e4r AI och hur fungerar det?<\/li>\n<li>Konkreta exempel p\u00e5 AI-l\u00f6sningar f\u00f6r projektledare.<\/li>\n<li>Vanliga f\u00f6rdelar och missf\u00f6rst\u00e5nd kring AI.<\/li>\n<\/ul>\n<p>&nbsp;<\/p>\n<ol start=\"2\">\n<li>\n<h3><strong>F\u00f6rstudiens kraft med hj\u00e4lp av AI<\/strong><\/h3>\n<\/li>\n<\/ol>\n<p>F\u00f6rstudien \u00e4r en kritisk fas d\u00e4r projektet definieras och f\u00f6rbereds f\u00f6r framg\u00e5ng. AI kan bidra p\u00e5 f\u00f6ljande s\u00e4tt:<\/p>\n<p><strong>Behovsanalys och m\u00e5lformulering<\/strong><\/p>\n<ul>\n<li><strong>Identifiera behov:<\/strong>\u00a0Hj\u00e4lpa till att analysera insamlade data fr\u00e5n workshops, enk\u00e4ter eller intervjuer f\u00f6r att identifiera de verkliga behoven bakom projektet.<\/li>\n<li><strong>Formulera m\u00e5l:<\/strong>\u00a0Assistera med att skriva tydliga och m\u00e4tbara m\u00e5l enligt SMART-principen.<\/li>\n<li><strong>Intressentanalys:<\/strong>\u00a0Skapa en \u00f6versikt \u00f6ver intressenter, inklusive deras intressen, behov och p\u00e5verkan p\u00e5 och av projektet.<\/li>\n<\/ul>\n<p><strong><br \/>\nOmv\u00e4rldsanalys och riskidentifiering<\/strong><\/p>\n<ul>\n<li><strong>Trendspaning:<\/strong>\u00a0Ge information om trender, nya teknologier eller regulatoriska krav som kan p\u00e5verka projektet.<\/li>\n<li><strong>Riskanalys:<\/strong>\u00a0St\u00f6tta med att identifiera potentiella risker, skapa riskmatriser och f\u00f6resl\u00e5 strategier f\u00f6r att hantera dem.<\/li>\n<li><strong>Benchmarking:<\/strong>\u00a0Hj\u00e4lpa till att j\u00e4mf\u00f6ra projektet med liknande projekt f\u00f6r att s\u00e4tta realistiska f\u00f6rv\u00e4ntningar.<\/li>\n<\/ul>\n<p><strong><br \/>\nKravinsamling<\/strong><\/p>\n<ul>\n<li><strong>Sammanfatta krav:<\/strong>\u00a0Hj\u00e4lpa till att strukturera krav fr\u00e5n workshops och m\u00f6ten i tydliga kravspecifikationer.<\/li>\n<li><strong>Dokumentation:<\/strong>\u00a0Skapa f\u00f6rsta utkast av anv\u00e4ndningsfall, user stories eller funktionella krav.<\/li>\n<\/ul>\n<p><strong><br \/>\nBudgetering och tidsplanering<\/strong><\/p>\n<ul>\n<li><strong>Kostnadsestimering:<\/strong>\u00a0Ge riktlinjer f\u00f6r kostnadsestimering baserat p\u00e5 liknande projekt eller data.<\/li>\n<li><strong>Tidsplanering:<\/strong>\u00a0Skapa exempel p\u00e5 projektplaner, Gantt-scheman eller milstolpsplanering.<\/li>\n<\/ul>\n<p><strong><br \/>\nKommunikation och dokumentation<\/strong><\/p>\n<ul>\n<li><strong>Rapportskrivning:<\/strong>\u00a0Assistera med att skriva f\u00f6rstudierapporter och presentationsunderlag.<\/li>\n<li><strong>Kommunikation:<\/strong>\u00a0F\u00f6rbereda e-postutkast, m\u00f6tesagendor och sammanfattningar f\u00f6r att h\u00e5lla intressenter informerade.<\/li>\n<li><strong>Workshopst\u00f6d:<\/strong>\u00a0Generera f\u00f6rslag p\u00e5 \u00f6vningar, fr\u00e5gor och uppl\u00e4gg f\u00f6r workshops eller brainstorming-sessioner.<\/li>\n<\/ul>\n<p>&nbsp;<\/p>\n<ol start=\"3\">\n<li>\n<h3><strong>Effektiv genomf\u00f6rande och uppf\u00f6ljning med AI<\/strong><\/h3>\n<\/li>\n<\/ol>\n<ul>\n<li><strong>Uppgiftsf\u00f6rdelning:<\/strong>\u00a0Hj\u00e4lpa till att bryta ner projektm\u00e5l i delm\u00e5l och skapa arbetsuppgifter.<\/li>\n<li><strong>Resursplanering:<\/strong>\u00a0Skapa scheman f\u00f6r resursallokering och f\u00f6resl\u00e5 prioriteringar.<\/li>\n<li><strong>Problemhantering:<\/strong>\u00a0Erbjuda st\u00f6d f\u00f6r att l\u00f6sa problem snabbt, exempelvis f\u00f6rslag p\u00e5 l\u00f6sningar vid flaskhalsar.<\/li>\n<\/ul>\n<p>&nbsp;<\/p>\n<ol start=\"4\">\n<li>\n<h3><strong>Avslut och erfarenhets\u00e5terf\u00f6ring<\/strong><\/h3>\n<\/li>\n<\/ol>\n<ul>\n<li><strong>Slutrapportering:<\/strong>\u00a0Hj\u00e4lpa till att strukturera och formulera slutsatser i projektets slutrapport.<\/li>\n<li><strong>Erfarenhets\u00e5terf\u00f6ring:<\/strong>\u00a0Sammanst\u00e4lla l\u00e4rdomar och f\u00f6rb\u00e4ttringsf\u00f6rslag f\u00f6r framtida projekt.<\/li>\n<\/ul>\n<\/div>\n<\/div>\n<\/div>\n<\/div>\n<\/div>\n<\/section>\n<p>&nbsp;<\/p>\n<h3>Utbildningen genomf\u00f6rs i samarbete med<br \/>\n<img decoding=\"async\" class=\"alignnone size-medium wp-image-2415 lazyload\" data-src=\"https:\/\/republify.se\/wp-content\/uploads\/2022\/03\/Agilcoachen_Logo_Svart-300x51.png\" alt=\"\" width=\"300\" height=\"51\" data-srcset=\"https:\/\/republify.se\/wp-content\/uploads\/2022\/03\/Agilcoachen_Logo_Svart-300x51.png 300w, https:\/\/republify.se\/wp-content\/uploads\/2022\/03\/Agilcoachen_Logo_Svart-600x102.png 600w, https:\/\/republify.se\/wp-content\/uploads\/2022\/03\/Agilcoachen_Logo_Svart-1024x175.png 1024w, https:\/\/republify.se\/wp-content\/uploads\/2022\/03\/Agilcoachen_Logo_Svart-768x131.png 768w, https:\/\/republify.se\/wp-content\/uploads\/2022\/03\/Agilcoachen_Logo_Svart-1536x262.png 1536w, https:\/\/republify.se\/wp-content\/uploads\/2022\/03\/Agilcoachen_Logo_Svart-2048x349.png 2048w\" data-sizes=\"(max-width: 300px) 100vw, 300px\" src=\"data:image\/svg+xml;base64,PHN2ZyB3aWR0aD0iMSIgaGVpZ2h0PSIxIiB4bWxucz0iaHR0cDovL3d3dy53My5vcmcvMjAwMC9zdmciPjwvc3ZnPg==\" style=\"--smush-placeholder-width: 300px; --smush-placeholder-aspect-ratio: 300\/51;\" \/><\/h3>\n","protected":false},"excerpt":{"rendered":"<p><strong>AI \u00e4r ett kraftfullt verktyg som kan effektivisera planering, identifiera risker och f\u00f6rb\u00e4ttra kommunikationen i dina projekt. Ett hj\u00e4lpmedel \u2013 inte l\u00f6sningen p\u00e5 allt. Genom att integrera AI i din verktygsl\u00e5da kan du spara tid, fatta b\u00e4ttre beslut och f\u00e5 ett st\u00f6d f\u00f6r att leverera framg\u00e5ngsrika projekt.<\/strong><\/p>\n<p>Den h\u00e4r kursen ger dig en tydlig introduktion till AI, dess m\u00f6jligheter och begr\u00e4nsningar, samt praktiska exempel p\u00e5 hur du kan anv\u00e4nda AI f\u00f6r att skapa v\u00e4rde i projektets alla faser. Vi anv\u00e4nder den fria versionen av ChatGPT och du kommer efter kursen f\u00e5 med dig att antal f\u00e4rdiga promptar att anv\u00e4nda i ditt dagliga arbete.<\/p>\n","protected":false},"featured_media":2756,"comment_status":"open","ping_status":"closed","template":"","meta":{"wds_primary_product_brand":0,"wds_primary_product_cat":0},"product_brand":[],"product_cat":[33,137,37,51],"product_tag":[],"class_list":{"0":"post-9208","1":"product","2":"type-product","3":"status-publish","4":"has-post-thumbnail","6":"product_cat-agila-metoder","7":"product_cat-ai","8":"product_cat-kommunikation","9":"product_cat-projektledning","11":"first","12":"instock","13":"taxable","14":"shipping-taxable","15":"purchasable","16":"product-type-simple"},"jetpack_sharing_enabled":true,"_links":{"self":[{"href":"https:\/\/republify.se\/index.php\/wp-json\/wp\/v2\/product\/9208","targetHints":{"allow":["GET"]}}],"collection":[{"href":"https:\/\/republify.se\/index.php\/wp-json\/wp\/v2\/product"}],"about":[{"href":"https:\/\/republify.se\/index.php\/wp-json\/wp\/v2\/types\/product"}],"replies":[{"embeddable":true,"href":"https:\/\/republify.se\/index.php\/wp-json\/wp\/v2\/comments?post=9208"}],"wp:featuredmedia":[{"embeddable":true,"href":"https:\/\/republify.se\/index.php\/wp-json\/wp\/v2\/media\/2756"}],"wp:attachment":[{"href":"https:\/\/republify.se\/index.php\/wp-json\/wp\/v2\/media?parent=9208"}],"wp:term":[{"taxonomy":"product_brand","embeddable":true,"href":"https:\/\/republify.se\/index.php\/wp-json\/wp\/v2\/product_brand?post=9208"},{"taxonomy":"product_cat","embeddable":true,"href":"https:\/\/republify.se\/index.php\/wp-json\/wp\/v2\/product_cat?post=9208"},{"taxonomy":"product_tag","embeddable":true,"href":"https:\/\/republify.se\/index.php\/wp-json\/wp\/v2\/product_tag?post=9208"}],"curies":[{"name":"wp","href":"https:\/\/api.w.org\/{rel}","templated":true}]}}