{"id":9118,"date":"2024-12-18T08:50:53","date_gmt":"2024-12-18T07:50:53","guid":{"rendered":"https:\/\/republify.se\/?post_type=product&#038;p=9118"},"modified":"2026-04-15T15:29:16","modified_gmt":"2026-04-15T14:29:16","slug":"lean-grundkurs","status":"publish","type":"product","link":"https:\/\/republify.se\/index.php\/produkt\/lean-grundkurs\/","title":{"rendered":"LEAN &#8211; Grundkurs"},"content":{"rendered":"<p>L\u00e4r dig grunderna i Lean-filosofin och uppt\u00e4ck kraften i verktyg som 5S, v\u00e4rdefl\u00f6deskartl\u00e4ggning och PDCA-cykeln.<\/p>\n<p>Genom teoretiska genomg\u00e5ngar och praktiska \u00f6vningar f\u00e5r du de kunskaper och f\u00e4rdigheter som beh\u00f6vs f\u00f6r att f\u00f6rb\u00e4ttra processer och eliminera sl\u00f6seri i din verksamhet.<\/p>\n<h3><strong>M\u00e5lgrupp<\/strong><\/h3>\n<p>Alla de som vill f\u00f6rst\u00e5 Lean-principerna och l\u00e4ra sig grundl\u00e4ggande verktyg f\u00f6r att f\u00f6rb\u00e4ttra processer och arbetss\u00e4tt.<\/p>\n<h3><strong>M\u00e5l med utbildningen<\/strong><\/h3>\n<p><strong>Efter utbildningen ska deltagarna:<\/strong><\/p>\n<ol>\n<li>F\u00f6rst\u00e5 Lean-filosofin och dess grundl\u00e4ggande principer.<\/li>\n<li>Kunna identifiera och eliminera sl\u00f6seri (waste).<\/li>\n<li>F\u00f6rst\u00e5 verktyg som 5S, v\u00e4rdefl\u00f6deskartl\u00e4ggning (VSM) och PDCA-cykeln.<\/li>\n<li>F\u00e5 praktisk erfarenhet av att applicera Lean-metoder.<\/li>\n<\/ol>\n<h3><\/h3>\n<h3><strong>Program f\u00f6r dagen<\/strong><\/h3>\n<p><strong>08:30\u201309:00: Introduktion och agenda<\/strong><\/p>\n<ul>\n<li>Presentation av utbildaren och deltagarna<\/li>\n<li>F\u00f6rv\u00e4ntningar och dagens uppl\u00e4gg<\/li>\n<\/ul>\n<p>&nbsp;<\/p>\n<p><strong>09:00\u201310:00: Vad \u00e4r Lean?<\/strong><\/p>\n<ul>\n<li>Bakgrund och historia (Toyota Production System)<\/li>\n<li>Lean som filosofi och mindset<\/li>\n<li>Introduktion till de <strong>fem Lean-principerna<\/strong>:\n<ol>\n<li>V\u00e4rde ur kundens perspektiv<\/li>\n<li>Identifiera v\u00e4rdefl\u00f6det<\/li>\n<li>Skapa fl\u00f6de<\/li>\n<li>Arbeta med dragande system<\/li>\n<li>Str\u00e4va efter st\u00e4ndig f\u00f6rb\u00e4ttring (Kaizen)<\/li>\n<\/ol>\n<\/li>\n<li>Diskussion: Vad inneb\u00e4r \u201dv\u00e4rde\u201d?<\/li>\n<\/ul>\n<p>&nbsp;<\/p>\n<p><strong>10:00\u201310:15: Rast<\/strong><\/p>\n<p>&nbsp;<\/p>\n<p><strong>10:15\u201311:15: Sl\u00f6seri \u2013 Identifikation och eliminering<\/strong><\/p>\n<ul>\n<li>De 8 sl\u00f6serierna (Muda): \u00d6verproduktion, v\u00e4ntetid, transporter, on\u00f6diga r\u00f6relser, \u00f6verprocessning, lager, defekter och outnyttjad kompetens<\/li>\n<li>\u00d6vning: Identifiera sl\u00f6seri i en given process (case eller deltagarnas vardag)<\/li>\n<li>Kort genomg\u00e5ng av Lean-tavla och visuell styrning<\/li>\n<\/ul>\n<p>&nbsp;<\/p>\n<p><strong>11:15\u201312:00: Grundl\u00e4ggande Lean-verktyg<\/strong><\/p>\n<ul>\n<li>Introduktion till viktiga verktyg:\n<ul>\n<li>5S (Sortera, Systematisera, St\u00e4da, Standardisera, Skapa vana)<\/li>\n<li>V\u00e4rdefl\u00f6deskartl\u00e4ggning (VSM)<\/li>\n<li>PDCA-cykeln (Plan-Do-Check-Act)<\/li>\n<\/ul>\n<\/li>\n<li>Exempel och diskussion: Hur kan dessa verktyg hj\u00e4lpa en verksamhet?<\/li>\n<\/ul>\n<p>&nbsp;<\/p>\n<p><strong>12:00\u201313:00: Lunch<\/strong><\/p>\n<p>&nbsp;<\/p>\n<p><strong>13:00\u201314:30: Praktisk \u00f6vning \u2013 Anv\u00e4nd Lean-verktyg<\/strong><\/p>\n<ul>\n<li>Grupparbete:\n<ol>\n<li>V\u00e4rdefl\u00f6deskartl\u00e4ggning av en enkel process<\/li>\n<li>Identifiera sl\u00f6seri och f\u00f6rb\u00e4ttringspotential<\/li>\n<\/ol>\n<\/li>\n<li>Presentation och feedback i gruppen<\/li>\n<\/ul>\n<p>&nbsp;<\/p>\n<p><strong>14:30\u201314:45: Rast<\/strong><\/p>\n<p>&nbsp;<\/p>\n<p><strong>14:45\u201316:00: St\u00e4ndig f\u00f6rb\u00e4ttring och Kaizen<\/strong><\/p>\n<ul>\n<li>Vad \u00e4r Kaizen och hur till\u00e4mpar man det?<\/li>\n<li>Exempel p\u00e5 sm\u00e5 f\u00f6rb\u00e4ttringar som ger stor effekt<\/li>\n<li>Workshop: Brainstorma f\u00f6rb\u00e4ttringsf\u00f6rslag f\u00f6r en vald process<\/li>\n<\/ul>\n<p>&nbsp;<\/p>\n<p><strong>16:00\u201316:30: Summering och n\u00e4sta steg<\/strong><\/p>\n<ul>\n<li>Reflektioner fr\u00e5n dagen<\/li>\n<li>Hur tar man Lean vidare i vardagen?<\/li>\n<li>Tips f\u00f6r fortsatt arbete: dagliga f\u00f6rb\u00e4ttringsm\u00f6ten, sm\u00e5 f\u00f6r\u00e4ndringar varje dag<\/li>\n<li>Utv\u00e4rdering och avslutning<\/li>\n<\/ul>\n<p>&nbsp;<\/p>\n<p><strong>Material som ing\u00e5r<\/strong><\/p>\n<ul>\n<li>Presentationsmaterial i PDF-format<\/li>\n<\/ul>\n<p>&nbsp;<\/p>\n<p><strong>Metodik<\/strong><\/p>\n<ul>\n<li>Teoretiska genomg\u00e5ngar<\/li>\n<li>Gruppdiskussioner och reflektion<\/li>\n<li>Praktiska \u00f6vningar och case<\/li>\n<\/ul>\n<p>&nbsp;<\/p>\n<p><em>Deltagarantal: Max 16 personer f\u00f6r att m\u00f6jligg\u00f6ra interaktivitet och feedback.<\/em><\/p>\n","protected":false},"excerpt":{"rendered":"<p class=\"sqsrte-large preFade fadeIn\"><strong>Uppt\u00e4ck hur du kan skapa effektivare arbetss\u00e4tt och f\u00f6rb\u00e4ttra processer med Lean! Den h\u00e4r heldagsutbildningen ger dig en solid grund i Lean-principerna, praktiska verktyg som 5S och v\u00e4rdefl\u00f6deskartl\u00e4ggning, och konkreta metoder f\u00f6r att identifiera och eliminera sl\u00f6seri. <\/strong><\/p>\n<p class=\"sqsrte-large preFade fadeIn\">Med fokus p\u00e5 interaktivitet och praktiska \u00f6vningar hj\u00e4lper vi dig att oms\u00e4tta Lean-filosofin till handling i din organisation.<\/p>\n","protected":false},"featured_media":12054,"comment_status":"open","ping_status":"closed","template":"","meta":{"wds_primary_product_brand":0,"wds_primary_product_cat":0},"product_brand":[],"product_cat":[30,37,194,32,203],"product_tag":[],"class_list":{"0":"post-9118","1":"product","2":"type-product","3":"status-publish","4":"has-post-thumbnail","6":"product_cat-business","7":"product_cat-kommunikation","8":"product_cat-lean","9":"product_cat-ledarskap","10":"product_cat-industri","12":"first","13":"instock","14":"taxable","15":"shipping-taxable","16":"purchasable","17":"product-type-simple"},"jetpack_sharing_enabled":true,"_links":{"self":[{"href":"https:\/\/republify.se\/index.php\/wp-json\/wp\/v2\/product\/9118","targetHints":{"allow":["GET"]}}],"collection":[{"href":"https:\/\/republify.se\/index.php\/wp-json\/wp\/v2\/product"}],"about":[{"href":"https:\/\/republify.se\/index.php\/wp-json\/wp\/v2\/types\/product"}],"replies":[{"embeddable":true,"href":"https:\/\/republify.se\/index.php\/wp-json\/wp\/v2\/comments?post=9118"}],"wp:featuredmedia":[{"embeddable":true,"href":"https:\/\/republify.se\/index.php\/wp-json\/wp\/v2\/media\/12054"}],"wp:attachment":[{"href":"https:\/\/republify.se\/index.php\/wp-json\/wp\/v2\/media?parent=9118"}],"wp:term":[{"taxonomy":"product_brand","embeddable":true,"href":"https:\/\/republify.se\/index.php\/wp-json\/wp\/v2\/product_brand?post=9118"},{"taxonomy":"product_cat","embeddable":true,"href":"https:\/\/republify.se\/index.php\/wp-json\/wp\/v2\/product_cat?post=9118"},{"taxonomy":"product_tag","embeddable":true,"href":"https:\/\/republify.se\/index.php\/wp-json\/wp\/v2\/product_tag?post=9118"}],"curies":[{"name":"wp","href":"https:\/\/api.w.org\/{rel}","templated":true}]}}