{"id":8992,"date":"2024-12-02T10:44:44","date_gmt":"2024-12-02T09:44:44","guid":{"rendered":"https:\/\/republify.se\/?post_type=product&#038;p=8992"},"modified":"2026-01-08T19:02:50","modified_gmt":"2026-01-08T18:02:50","slug":"informationssakerhet-for-ledning","status":"publish","type":"product","link":"https:\/\/republify.se\/index.php\/produkt\/informationssakerhet-for-ledning\/","title":{"rendered":"Informationss\u00e4kerhet f\u00f6r ledning"},"content":{"rendered":"<p>Information \u00e4r dagens mest v\u00e4rdefulla tillg\u00e5ng, och m\u00e5nga f\u00f6retag hanterar stora m\u00e4ngder verksamhetskritisk information. Kundregister, koder, leverant\u00f6rstj\u00e4nster och f\u00f6retagsunik kompetens \u00e4r exempel p\u00e5 tillg\u00e5ngar som ofta beh\u00f6ver skyddas. I takt med att digitaliseringen \u00f6kar, intensifieras ocks\u00e5 hotbilden \u2013 angripare kan numera attackera ert f\u00f6retag fr\u00e5n andra sidan jordklotet. Men det st\u00f6rsta hotet finns ofta n\u00e4rmare \u00e4n s\u00e5. I de flesta framg\u00e5ngsrika cyberattacker \u00e4r den m\u00e4nskliga faktorn den avg\u00f6rande svagheten.<\/p>\n<p>Den h\u00e4r utbildningen fokuserar p\u00e5 hur m\u00e4nniskan och organisationen bakom tekniken agerar och vilka beslut vi tar p\u00e5 v\u00e5r arbetsplats. Utbildningen tittar p\u00e5 ledarskapsfr\u00e5gor som ledningens bristande hantering av s\u00e4kerhetsfr\u00e5gor och deras utmaningar att ta beslut utifr\u00e5n v\u00e4rdekonflikter mellan s\u00e4kerhetskrav och verksamhetens behov. Ur medarbetarnas perspektiv handlar det om den m\u00e4nskliga vanan att v\u00e4lja den enklaste v\u00e4gen f\u00f6r en arbetsuppgift, som att \u00e5teranv\u00e4nda l\u00f6senord eller inte v\u00e5ga ifr\u00e5gas\u00e4tta en fr\u00e4mling p\u00e5 arbetsplatsen.<\/p>\n<p>Informationss\u00e4kerhetsutbildningen kommer att ge deltagarna en \u00f6vergripande bild av omr\u00e5det informationss\u00e4kerhet, dess utmaningar och styrkor. Deltagarna kommer att f\u00e5 insyn i hur man arbetar med informationss\u00e4kerhet, hur man identifierar och hanterar risker, kunna se brister och styrkor i kulturen samt f\u00e5 insyn i arbete f\u00f6re, under och efter en lyckad attack.<\/p>\n<h3><u>Grunder i informationss\u00e4kerhet <\/u><\/h3>\n<p><strong>Vad \u00e4r informationss\u00e4kerhet<\/strong><\/p>\n<ul>\n<li>Skydda information och tillg\u00e5ngar<\/li>\n<li>P\u00e5verkan p\u00e5 verksamhetsutvecklingen<\/li>\n<li>Ledningssystem f\u00f6r informationss\u00e4kerhet<\/li>\n<\/ul>\n<p><strong>Varf\u00f6r informationss\u00e4kerhet b\u00f6r appliceras<\/strong><\/p>\n<ul>\n<li>Information \u00e4r nutidens guld<\/li>\n<li>\u00d6ka trygghet och konkurrenskraft (p\u00e5litlig)<\/li>\n<li>M\u00f6jlighet till effektivitet vid regelefterlevnad<\/li>\n<\/ul>\n<p><strong>Hantera informationss\u00e4kerhet<\/strong><\/p>\n<ul>\n<li>Aktiviteter i GRC<\/li>\n<li>Hantera skyddsv\u00e4rd information<\/li>\n<\/ul>\n<p>Resultat av s\u00e4kerhetsarbetet<\/p>\n<h3><u>S\u00e4kerhetskultur <\/u><\/h3>\n<p><strong>Vad \u00e4r s\u00e4kerhetskultur<\/strong><\/p>\n<ul>\n<li>Hur fungerar en kultur och dess begrepp<\/li>\n<li>Ledningens engagemang och vilja<\/li>\n<li>Verksamhetens f\u00f6ruts\u00e4ttningar och behov<\/li>\n<\/ul>\n<p><strong>S\u00e4kerhetskulturens betydelse<\/strong><\/p>\n<ul>\n<li>Byggsten f\u00f6r organisationens s\u00e4kerhetsarbete<\/li>\n<li>Samband mellan MTO<\/li>\n<li>St\u00e4rker kommunikationsf\u00f6rm\u00e5gan<\/li>\n<\/ul>\n<p><strong>Bygga en stark s\u00e4kerhetskultur<\/strong><\/p>\n<ul>\n<li>Ledarskapets roll<\/li>\n<li>Medarbetarnas attityder<\/li>\n<\/ul>\n<p>Utbildningsinsatser m\u00f6ter verksamhetens behov<\/p>\n<h3><u>Riskhantering <\/u><\/h3>\n<p><strong>Vad \u00e4r riskhantering<\/strong><\/p>\n<ul>\n<li>Vad \u00e4r riskhantering och processer<\/li>\n<li>Vanliga begrepp och riskbeskrivning<\/li>\n<li>Ansvar och roller<\/li>\n<\/ul>\n<p><strong>Varf\u00f6r \u00e4r riskhantering viktigt<\/strong><\/p>\n<ul>\n<li>Riskernas betydelse f\u00f6r s\u00e4kerhetsarbetet<\/li>\n<li>Efterlevnad och \u00f6verlevnad<\/li>\n<li>Proaktivitet och medvetenhet<\/li>\n<\/ul>\n<p><strong>Hur hanterar organisationen risker <\/strong><\/p>\n<ul>\n<li>Hantera risker i organisationen<\/li>\n<li>Utforma och hantera Riskprocessen<\/li>\n<\/ul>\n<p>F\u00f6lja upp risker kontinuerligt<\/p>\n<h3><u>Angreppss\u00e4tt och incidenthantering <\/u><\/h3>\n<p><strong>Vad \u00e4r ett angrepp<\/strong><\/p>\n<ul>\n<li>Omv\u00e4rldsh\u00e4ndelser, verkliga exempel<\/li>\n<li>Vanliga organisatoriska s\u00e5rbarheter<\/li>\n<li>Hotakt\u00f6rer och angreppss\u00e4tt<\/li>\n<\/ul>\n<p><strong>Interna och externa hotbilder<\/strong><\/p>\n<ul>\n<li>Varf\u00f6r attacker sker (motivationer och m\u00e5l)<\/li>\n<\/ul>\n<p><strong>Hur hanteras angrepp<\/strong><\/p>\n<ul>\n<li>Incidenthantering (f\u00f6re-under-efter)<\/li>\n<li>Proaktiva \u00e5tg\u00e4rder<\/li>\n<\/ul>\n<p>Team och roller (IRT, ledning, IM)<\/p>\n<p>&nbsp;<\/p>\n<h3>Kursen levereras i samarbete med;<\/h3>\n<p><img decoding=\"async\" class=\"alignnone size-medium wp-image-8994 lazyload\" data-src=\"https:\/\/republify.se\/wp-content\/uploads\/2024\/12\/devies-300x121.jpg\" alt=\"\" width=\"300\" height=\"121\" data-srcset=\"https:\/\/republify.se\/wp-content\/uploads\/2024\/12\/devies-300x121.jpg 300w, https:\/\/republify.se\/wp-content\/uploads\/2024\/12\/devies-768x310.jpg 768w, https:\/\/republify.se\/wp-content\/uploads\/2024\/12\/devies-600x242.jpg 600w, https:\/\/republify.se\/wp-content\/uploads\/2024\/12\/devies.jpg 970w\" data-sizes=\"(max-width: 300px) 100vw, 300px\" src=\"data:image\/svg+xml;base64,PHN2ZyB3aWR0aD0iMSIgaGVpZ2h0PSIxIiB4bWxucz0iaHR0cDovL3d3dy53My5vcmcvMjAwMC9zdmciPjwvc3ZnPg==\" style=\"--smush-placeholder-width: 300px; --smush-placeholder-aspect-ratio: 300\/121;\" \/><\/p>\n","protected":false},"excerpt":{"rendered":"<p><strong>Den h\u00e4r utbildningen fokuserar p\u00e5 hur m\u00e4nniskan och organisationen bakom tekniken agerar och vilka beslut vi tar p\u00e5 v\u00e5r arbetsplats.\u00a0Utbildningen tittar p\u00e5 ledarskapsfr\u00e5gor som ledningens bristande hantering av s\u00e4kerhetsfr\u00e5gor och deras utmaningar att ta beslut utifr\u00e5n v\u00e4rdekonflikter mellan s\u00e4kerhetskrav och verksamhetens behov.\u00a0<\/strong><\/p>\n<p>I takt med att digitaliseringen \u00f6kar, intensifieras ocks\u00e5 hotbilden \u2013 angripare kan numera attackera ert f\u00f6retag fr\u00e5n andra sidan jordklotet. Men det st\u00f6rsta hotet finns ofta n\u00e4rmare \u00e4n s\u00e5. I de flesta framg\u00e5ngsrika cyberattacker \u00e4r det den m\u00e4nskliga faktorn som \u00e4r avg\u00f6rande.<\/p>\n","protected":false},"featured_media":7448,"comment_status":"open","ping_status":"closed","template":"","meta":{"wds_primary_product_brand":0,"wds_primary_product_cat":0},"product_brand":[],"product_cat":[91,134,128,56,37,32,31,203],"product_tag":[],"class_list":{"0":"post-8992","1":"product","2":"type-product","3":"status-publish","4":"has-post-thumbnail","6":"product_cat-arbetsmiljo","7":"product_cat-cyber-security","8":"product_cat-hr","9":"product_cat-it-sakerhet","10":"product_cat-kommunikation","11":"product_cat-ledarskap","12":"product_cat-security","13":"product_cat-industri","15":"first","16":"instock","17":"taxable","18":"shipping-taxable","19":"purchasable","20":"product-type-simple"},"jetpack_sharing_enabled":true,"_links":{"self":[{"href":"https:\/\/republify.se\/index.php\/wp-json\/wp\/v2\/product\/8992","targetHints":{"allow":["GET"]}}],"collection":[{"href":"https:\/\/republify.se\/index.php\/wp-json\/wp\/v2\/product"}],"about":[{"href":"https:\/\/republify.se\/index.php\/wp-json\/wp\/v2\/types\/product"}],"replies":[{"embeddable":true,"href":"https:\/\/republify.se\/index.php\/wp-json\/wp\/v2\/comments?post=8992"}],"wp:featuredmedia":[{"embeddable":true,"href":"https:\/\/republify.se\/index.php\/wp-json\/wp\/v2\/media\/7448"}],"wp:attachment":[{"href":"https:\/\/republify.se\/index.php\/wp-json\/wp\/v2\/media?parent=8992"}],"wp:term":[{"taxonomy":"product_brand","embeddable":true,"href":"https:\/\/republify.se\/index.php\/wp-json\/wp\/v2\/product_brand?post=8992"},{"taxonomy":"product_cat","embeddable":true,"href":"https:\/\/republify.se\/index.php\/wp-json\/wp\/v2\/product_cat?post=8992"},{"taxonomy":"product_tag","embeddable":true,"href":"https:\/\/republify.se\/index.php\/wp-json\/wp\/v2\/product_tag?post=8992"}],"curies":[{"name":"wp","href":"https:\/\/api.w.org\/{rel}","templated":true}]}}