{"id":8990,"date":"2024-11-29T16:38:21","date_gmt":"2024-11-29T15:38:21","guid":{"rendered":"https:\/\/republify.se\/?post_type=product&#038;p=8990"},"modified":"2026-01-08T19:03:09","modified_gmt":"2026-01-08T18:03:09","slug":"faktabedomning-i-en-varld-med-stark-ai-workshop","status":"publish","type":"product","link":"https:\/\/republify.se\/index.php\/produkt\/faktabedomning-i-en-varld-med-stark-ai-workshop\/","title":{"rendered":"Faktabed\u00f6mning i en v\u00e4rld med stark AI &#8211; workshop"},"content":{"rendered":"<p><strong>I takt med att AI-tekniken utvecklas i snabb takt st\u00e5r vi inf\u00f6r b\u00e5de m\u00f6jligheter och utmaningar. Det blir allt viktigare att kunna bed\u00f6ma trov\u00e4rdigheten i budskap och f\u00f6rst\u00e5 vilka faktorer som p\u00e5verkar v\u00e5r uppfattning i en tid pr\u00e4glad av stark AI.<\/strong><\/p>\n<p>Republify tillsammans med v\u00e5r partner Brivalo \u00e4r glada att kunna bjuda in dig till tre timmars kostnadsfri genomg\u00e5ng och workshop d\u00e4r vi tillsammans utforskar hur man kan navigera i en v\u00e4rld med stark AI. Under workshopen kommer vi att introducera \u00e4mnet genom att belysa centrala aspekter, som vilka faktorer som \u00e4r avg\u00f6rande f\u00f6r att bed\u00f6ma trov\u00e4rdighet i ett meddelande. Vi kommer ocks\u00e5 att diskutera dessa fr\u00e5gor i grupper. Workshopen avslutas med en gemensam reflektion d\u00e4r vi sammanfattar l\u00e4rdomar och tankar fr\u00e5n dagen!<\/p>\n<p><strong>M\u00e5lgrupp<\/strong><\/p>\n<p>Workshopen v\u00e4nder sig till alla som \u00e4r intresserade av AI och dess p\u00e5verkan p\u00e5 samh\u00e4lle och kommunikation, oavsett f\u00f6rkunskaper.<\/p>\n<p><strong>Inneh\u00e5ll<\/strong><\/p>\n<p>\u2022 Introduktion till \u00e4mnet och f\u00f6rst\u00e5else f\u00f6r trov\u00e4rdighetsbed\u00f6mning i en AI-pr\u00e4glad v\u00e4rld.<\/p>\n<p>\u2022 Interaktiva diskussioner och \u00f6vningar som st\u00e4rker din f\u00f6rm\u00e5ga att kritiskt granska budskap.<\/p>\n<p>\u2022 M\u00f6jlighet att reflektera \u00f6ver hur AI p\u00e5verkar b\u00e5de ditt arbete och samh\u00e4llet i stort.<\/p>\n<p><strong>Om f\u00f6rel\u00e4saren<\/strong><\/p>\n<p>Patrik Jonsson har f\u00f6rb\u00e4ttrat arbetss\u00e4tt f\u00f6r mjukvara och aff\u00e4rsutveckling i Sverige och USA i 35+ \u00e5r. Han har utvecklat och implementerat avancerade verktyg och metoder f\u00f6r att \u00f6ka produktiviteten och kvalit\u00e9n i utvecklingsprojekt, nu senast med hj\u00e4lp av Artificiell Intelligens.<\/p>\n<p>&nbsp;<\/p>\n<h3>Workshopen genomf\u00f6rs i samarbete med<br \/>\n<img decoding=\"async\" class=\"alignnone size-full wp-image-8663 lazyload\" data-src=\"https:\/\/republify.se\/wp-content\/uploads\/2024\/10\/brivalo.jpg\" alt=\"\" width=\"193\" height=\"54\" src=\"data:image\/svg+xml;base64,PHN2ZyB3aWR0aD0iMSIgaGVpZ2h0PSIxIiB4bWxucz0iaHR0cDovL3d3dy53My5vcmcvMjAwMC9zdmciPjwvc3ZnPg==\" style=\"--smush-placeholder-width: 193px; --smush-placeholder-aspect-ratio: 193\/54;\" \/><\/h3>\n","protected":false},"excerpt":{"rendered":"<p><strong>Republify bjuder er ledningsgrupp in till tre timmars genomg\u00e5ng och workshop d\u00e4r vi tillsammans utforskar hur man kan navigera i en v\u00e4rld med stark AI. Under workshopen kommer vi att introducera \u00e4mnet genom att belysa centrala aspekter, som vilka faktorer som \u00e4r avg\u00f6rande f\u00f6r att bed\u00f6ma trov\u00e4rdighet i ett meddelande. <\/strong><\/p>\n<p>Vi kommer ocks\u00e5 att diskutera dessa fr\u00e5gor i grupper. Workshopen avslutas med en gemensam reflektion d\u00e4r vi sammanfattar l\u00e4rdomar och tankar fr\u00e5n dagen!<\/p>\n","protected":false},"featured_media":9025,"comment_status":"open","ping_status":"closed","template":"","meta":{"wds_primary_product_brand":0,"wds_primary_product_cat":0},"product_brand":[],"product_cat":[137,91,56],"product_tag":[],"class_list":{"0":"post-8990","1":"product","2":"type-product","3":"status-publish","4":"has-post-thumbnail","6":"product_cat-ai","7":"product_cat-arbetsmiljo","8":"product_cat-it-sakerhet","10":"first","11":"instock","12":"taxable","13":"shipping-taxable","14":"purchasable","15":"product-type-simple"},"jetpack_sharing_enabled":true,"_links":{"self":[{"href":"https:\/\/republify.se\/index.php\/wp-json\/wp\/v2\/product\/8990","targetHints":{"allow":["GET"]}}],"collection":[{"href":"https:\/\/republify.se\/index.php\/wp-json\/wp\/v2\/product"}],"about":[{"href":"https:\/\/republify.se\/index.php\/wp-json\/wp\/v2\/types\/product"}],"replies":[{"embeddable":true,"href":"https:\/\/republify.se\/index.php\/wp-json\/wp\/v2\/comments?post=8990"}],"wp:featuredmedia":[{"embeddable":true,"href":"https:\/\/republify.se\/index.php\/wp-json\/wp\/v2\/media\/9025"}],"wp:attachment":[{"href":"https:\/\/republify.se\/index.php\/wp-json\/wp\/v2\/media?parent=8990"}],"wp:term":[{"taxonomy":"product_brand","embeddable":true,"href":"https:\/\/republify.se\/index.php\/wp-json\/wp\/v2\/product_brand?post=8990"},{"taxonomy":"product_cat","embeddable":true,"href":"https:\/\/republify.se\/index.php\/wp-json\/wp\/v2\/product_cat?post=8990"},{"taxonomy":"product_tag","embeddable":true,"href":"https:\/\/republify.se\/index.php\/wp-json\/wp\/v2\/product_tag?post=8990"}],"curies":[{"name":"wp","href":"https:\/\/api.w.org\/{rel}","templated":true}]}}