{"id":8987,"date":"2024-11-27T07:47:26","date_gmt":"2024-11-27T06:47:26","guid":{"rendered":"https:\/\/republify.se\/?post_type=product&#038;p=8987"},"modified":"2026-01-08T19:03:31","modified_gmt":"2026-01-08T18:03:31","slug":"ai-fran-proof-of-concept-till-varderealisering","status":"publish","type":"product","link":"https:\/\/republify.se\/index.php\/produkt\/ai-fran-proof-of-concept-till-varderealisering\/","title":{"rendered":"AI &#8211; Fr\u00e5n Proof-of-Concept till V\u00e4rderealisering"},"content":{"rendered":"<h3>Kursm\u00e5l<\/h3>\n<p>M\u00e5let med denna kurs \u00e4r att:<br \/>\n&#8211; Ge dig f\u00f6rst\u00e5else f\u00f6r processen fr\u00e5n id\u00e9 till v\u00e4rdeskapande f\u00f6r AI-projekt.<br \/>\n&#8211; Visa hur AI-l\u00f6sningar kan implementeras med hj\u00e4lp av agila metoder och lean-t\u00e4nkande.<br \/>\n&#8211; Ge insikter i riskhantering och v\u00e4rdevalidering f\u00f6r AI-projekt.<br \/>\n&#8211; L\u00e4ra dig att anv\u00e4nda och anpassa kognitiva tj\u00e4nster och MLOps f\u00f6r att skala l\u00f6sningar.<\/p>\n<h3>M\u00e5lgrupp<\/h3>\n<p>Denna kurs passar:<br \/>\n&#8211; Projektledare och produkt\u00e4gare som vill f\u00f6rst\u00e5 hur AI-l\u00f6sningar kan driva aff\u00e4rsv\u00e4rde.<br \/>\n&#8211; Teknikexperter som vill l\u00e4ra sig mer om hur AI implementeras i praktiken.<br \/>\n&#8211; Verksamhetsutvecklare som vill anv\u00e4nda AI f\u00f6r att skapa nya aff\u00e4rsm\u00f6jligheter.<\/p>\n<h3>Inneh\u00e5ll<\/h3>\n<p>&#8211; Introduktion till AI och kognitiva tj\u00e4nster<br \/>\n\u00d6versikt av f\u00e4rdiga API:er och plattformar som Microsoft Azure, Google Cloud och OpenAI.<\/p>\n<p>&#8211; Aff\u00e4rsnyttan av AI<br \/>\nHur identifierar man v\u00e4rdedrivande funktioner och kopplar AI till verksamhetsm\u00e5l?<\/p>\n<p>&#8211; Fr\u00e5n Proof-of-Concept till produktionss\u00e4ttning<br \/>\nSteg f\u00f6r att ta AI-projekt fr\u00e5n experiment till skalbara l\u00f6sningar.<\/p>\n<p>&#8211; Agila metoder f\u00f6r AI-projekt<br \/>\nSuccessiv validering, lean business case och prioritering baserat p\u00e5 v\u00e4rde och risker.<\/p>\n<p>&#8211; Riskhantering och MLOps<br \/>\nMetoder f\u00f6r att hantera tekniska och aff\u00e4rsm\u00e4ssiga risker. Introduktion till MLOps f\u00f6r drifts\u00e4ttning och skalbarhet.<\/p>\n<p>&#8211; Hands-on: Bygg och testa<br \/>\nPraktiska \u00f6vningar d\u00e4r deltagarna f\u00e5r experimentera med AI-l\u00f6sningar och kognitiva tj\u00e4nster.<\/p>\n<h3>F\u00f6rkunskaper<\/h3>\n<p>Grundl\u00e4ggande f\u00f6rst\u00e5else f\u00f6r AI och programmering. Erfarenhet av projektledning eller verksamhetsutveckling \u00e4r f\u00f6rdelaktigt men inte n\u00f6dv\u00e4ndigt.<\/p>\n<p>&nbsp;<\/p>\n<p>&nbsp;<\/p>\n<h3>Utbildningen genomf\u00f6rs i samarbete med<br \/>\n<img decoding=\"async\" class=\"alignnone size-full wp-image-8663 lazyload\" data-src=\"https:\/\/republify.se\/wp-content\/uploads\/2024\/10\/brivalo.jpg\" alt=\"\" width=\"193\" height=\"54\" src=\"data:image\/svg+xml;base64,PHN2ZyB3aWR0aD0iMSIgaGVpZ2h0PSIxIiB4bWxucz0iaHR0cDovL3d3dy53My5vcmcvMjAwMC9zdmciPjwvc3ZnPg==\" style=\"--smush-placeholder-width: 193px; --smush-placeholder-aspect-ratio: 193\/54;\" \/><\/h3>\n","protected":false},"excerpt":{"rendered":"<p><strong>Denna kurs \u00e4r utformad f\u00f6r att ge dig en omfattande f\u00f6rst\u00e5else f\u00f6r hur du tar AI-projekt fr\u00e5n ett proof-of-concept till faktisk v\u00e4rderealisering i organisationen. <\/strong><\/p>\n<p>Genom teori, praktiska \u00f6vningar och diskussioner, kommer du att l\u00e4ra dig att integrera AI-l\u00f6sningar i verksamheten p\u00e5 ett s\u00e4tt som maximerar aff\u00e4rsv\u00e4rdet. Kursen fokuserar p\u00e5 b\u00e5de tekniska och strategiska aspekter av AI-implementering.<\/p>\n","protected":false},"featured_media":9024,"comment_status":"open","ping_status":"closed","template":"","meta":{"wds_primary_product_brand":0,"wds_primary_product_cat":0},"product_brand":[],"product_cat":[137,91,56],"product_tag":[],"class_list":{"0":"post-8987","1":"product","2":"type-product","3":"status-publish","4":"has-post-thumbnail","6":"product_cat-ai","7":"product_cat-arbetsmiljo","8":"product_cat-it-sakerhet","10":"first","11":"instock","12":"taxable","13":"shipping-taxable","14":"purchasable","15":"product-type-simple"},"jetpack_sharing_enabled":true,"_links":{"self":[{"href":"https:\/\/republify.se\/index.php\/wp-json\/wp\/v2\/product\/8987","targetHints":{"allow":["GET"]}}],"collection":[{"href":"https:\/\/republify.se\/index.php\/wp-json\/wp\/v2\/product"}],"about":[{"href":"https:\/\/republify.se\/index.php\/wp-json\/wp\/v2\/types\/product"}],"replies":[{"embeddable":true,"href":"https:\/\/republify.se\/index.php\/wp-json\/wp\/v2\/comments?post=8987"}],"wp:featuredmedia":[{"embeddable":true,"href":"https:\/\/republify.se\/index.php\/wp-json\/wp\/v2\/media\/9024"}],"wp:attachment":[{"href":"https:\/\/republify.se\/index.php\/wp-json\/wp\/v2\/media?parent=8987"}],"wp:term":[{"taxonomy":"product_brand","embeddable":true,"href":"https:\/\/republify.se\/index.php\/wp-json\/wp\/v2\/product_brand?post=8987"},{"taxonomy":"product_cat","embeddable":true,"href":"https:\/\/republify.se\/index.php\/wp-json\/wp\/v2\/product_cat?post=8987"},{"taxonomy":"product_tag","embeddable":true,"href":"https:\/\/republify.se\/index.php\/wp-json\/wp\/v2\/product_tag?post=8987"}],"curies":[{"name":"wp","href":"https:\/\/api.w.org\/{rel}","templated":true}]}}