{"id":8849,"date":"2024-11-19T09:45:52","date_gmt":"2024-11-19T08:45:52","guid":{"rendered":"https:\/\/republify.se\/?post_type=product&#038;p=8849"},"modified":"2025-11-21T07:55:27","modified_gmt":"2025-11-21T06:55:27","slug":"copilot-i-microsoft-office-for-it-anvandare","status":"publish","type":"product","link":"https:\/\/republify.se\/index.php\/produkt\/copilot-i-microsoft-office-for-it-anvandare\/","title":{"rendered":"Copilot i Microsoft Office f\u00f6r IT-anv\u00e4ndare"},"content":{"rendered":"<p>Utbildningen l\u00e4mpar sig f\u00f6r dig som anv\u00e4nder Office-apparna regelbundet och har ett behov att effektivisera dina \u00a0arbetsuppgifter med Copilot. Med tanke p\u00e5 verktygets tillg\u00e4nglighet beh\u00f6ver du inte vara s\u00e4rskilt avancerad i n\u00e5gon av apparna, snarare uppleva ett behov att tidsbesparande arbetsmetoder.<\/p>\n<h2>Inneh\u00e5ll:<\/h2>\n<h3>Introduktion till Copilot och AI<\/h3>\n<ul>\n<li>Vad \u00e4 generativ AI?<\/li>\n<li>Vad \u00e4r en prompt och hur skriver man?<\/li>\n<\/ul>\n<h3>Microsoft Word<\/h3>\n<ul>\n<li>Skapa utkast och omarbeta dokument<\/li>\n<li>Omvandla text till tabeller<\/li>\n<li>Sammanfatta dokument i punkter<\/li>\n<\/ul>\n<h3>PowerPoint<\/h3>\n<ul>\n<li>Omvandla id\u00e9er eller befintliga dokument till slagkraftiga presentationer<\/li>\n<li>F\u00f6renkla budskap, justera layout, och f\u00f6resl\u00e5 teman<\/li>\n<\/ul>\n<h3>Excel<\/h3>\n<ul>\n<li>Analysera och utforska tabelldata<\/li>\n<li>Visualisera data med grafik och diagram<\/li>\n<li>Identifiera trender och relationer, ta fram statistik<\/li>\n<\/ul>\n<h3>Outlook<\/h3>\n<ul>\n<li>Skapa utkast till e-postmeddelanden och svar, med kontroll \u00f6ver ton, inneh\u00e5ll och l\u00e4ngd<\/li>\n<li>Sammanfatta e-posttr\u00e5dar<\/li>\n<\/ul>\n<h3>Copilot i Teams<\/h3>\n<ul>\n<li>Sammanfatta missade m\u00f6ten och konversationer, summera diskussionspunkter<\/li>\n<li>F\u00e5 svar p\u00e5 specifika fr\u00e5gor inom m\u00f6ten<\/li>\n<\/ul>\n<p>&nbsp;<\/p>\n<h3>Kursen levereras i samarbete med Kristan S\u00f6derstr\u00f6m<\/h3>\n","protected":false},"excerpt":{"rendered":"<p><strong>Spara tid i Office med de o\u00e4ndliga m\u00f6jligheter till hj\u00e4lp och analys som Copilot ger. Ett AI-verktyg skapat av Microsoft f\u00f6r att du som anv\u00e4ndare av Office-apparna ska f\u00e5 en mer effektiv arbetsdag.<\/strong><\/p>\n<p>Vi g\u00e5r igenom hur du skriver prompter, skapar rapportutkast och f\u00e5r ut nyttig statistik fr\u00e5n dina underlag. Id\u00e9er om PowerPoint-presentationer kan f\u00f6rvandlas till snygga f\u00f6rslag p\u00e5 n\u00e5gra \u00f6gonblick.<\/p>\n<p><em>OBS! Den schemalagda utbildningen genomf\u00f6rs med f\u00f6rel\u00e4sning och demos av kursledare. Kursen kan gruppanpassas med \u00f6vningar och d\u00e5 <\/em><em>beh\u00f6ver deltagarna ha egen Copilot-licens, dvs. att k\u00f6ra labbarna p\u00e5 sin egen M365! <a href=\"https:\/\/republify.se\/index.php\/kontakt\/\">Kontakta Republify f\u00f6r mer information<\/a>!<\/em><\/p>\n","protected":false},"featured_media":3868,"comment_status":"open","ping_status":"closed","template":"","meta":{"wds_primary_product_brand":0,"wds_primary_product_cat":0},"product_brand":[],"product_cat":[137,174,81,43,48,88,187,29,84,82],"product_tag":[],"class_list":{"0":"post-8849","1":"product","2":"type-product","3":"status-publish","4":"has-post-thumbnail","6":"product_cat-ai","7":"product_cat-copilot","8":"product_cat-excel","9":"product_cat-microsoft","10":"product_cat-ms-teams","11":"product_cat-outlook","12":"product_cat-powerpoint","13":"product_cat-technical","14":"product_cat-microsoft_office_adobe","15":"product_cat-word","17":"first","18":"instock","19":"taxable","20":"shipping-taxable","21":"purchasable","22":"product-type-simple"},"jetpack_sharing_enabled":true,"_links":{"self":[{"href":"https:\/\/republify.se\/index.php\/wp-json\/wp\/v2\/product\/8849","targetHints":{"allow":["GET"]}}],"collection":[{"href":"https:\/\/republify.se\/index.php\/wp-json\/wp\/v2\/product"}],"about":[{"href":"https:\/\/republify.se\/index.php\/wp-json\/wp\/v2\/types\/product"}],"replies":[{"embeddable":true,"href":"https:\/\/republify.se\/index.php\/wp-json\/wp\/v2\/comments?post=8849"}],"wp:featuredmedia":[{"embeddable":true,"href":"https:\/\/republify.se\/index.php\/wp-json\/wp\/v2\/media\/3868"}],"wp:attachment":[{"href":"https:\/\/republify.se\/index.php\/wp-json\/wp\/v2\/media?parent=8849"}],"wp:term":[{"taxonomy":"product_brand","embeddable":true,"href":"https:\/\/republify.se\/index.php\/wp-json\/wp\/v2\/product_brand?post=8849"},{"taxonomy":"product_cat","embeddable":true,"href":"https:\/\/republify.se\/index.php\/wp-json\/wp\/v2\/product_cat?post=8849"},{"taxonomy":"product_tag","embeddable":true,"href":"https:\/\/republify.se\/index.php\/wp-json\/wp\/v2\/product_tag?post=8849"}],"curies":[{"name":"wp","href":"https:\/\/api.w.org\/{rel}","templated":true}]}}