{"id":8840,"date":"2024-11-14T11:00:21","date_gmt":"2024-11-14T10:00:21","guid":{"rendered":"https:\/\/republify.se\/?post_type=product&#038;p=8840"},"modified":"2026-01-08T19:05:58","modified_gmt":"2026-01-08T18:05:58","slug":"safe-for-architects","status":"publish","type":"product","link":"https:\/\/republify.se\/index.php\/produkt\/safe-for-architects\/","title":{"rendered":"SAFe\u00ae for Architects"},"content":{"rendered":"<p class=\"preFade fadeIn\"><strong>M\u00e5lgrupp:<\/strong> Kursen \u00e4r f\u00f6r dig som vill l\u00e4ra dig mer om rollen som system-, l\u00f6sning- och enterprisearkitekt i en Lean-Agil organisation. Kursen \u00e4r ocks\u00e5 l\u00e4mplig f\u00f6r dig som \u00e4r erfaren mjukvaruutvecklare eller chef som arbetar med arkitekturfr\u00e5gor. Du kan ocks\u00e5 vara en produktledare som vill f\u00e5 en djupare inblick i hur arkitektur m\u00f6jligg\u00f6r ett kontinuerligt v\u00e4rdefl\u00f6de och hur arkitekter aktivt deltar och bidrar till en Lean-Agil organisation och ett modernt arbetss\u00e4tt.<br \/>\n<strong>F\u00f6rkunskaper:<\/strong> Du b\u00f6r ha en grundl\u00e4ggande f\u00f6rst\u00e5else f\u00f6r vad agilt \u00e4r.<\/p>\n<p class=\"preFade fadeIn\"><strong>Kursmaterial:<\/strong><\/p>\n<ul data-rte-list=\"default\">\n<li>\n<p class=\"preFade fadeIn\">Digitalt kursmaterial p\u00e5 engelska (Material trycks vid behov mot sj\u00e4lvkostnad)<\/p>\n<\/li>\n<\/ul>\n<h2 class=\"preSlide slideIn\">Certifiering SAFe\u00ae for Architects<\/h2>\n<p class=\"preFade fadeIn\">Du kan bli Certified SAFe\u00ae for Architects.<\/p>\n<p class=\"preFade fadeIn\">Efter avslutad kurs har du under 30 dagar m\u00f6jlighet att genomf\u00f6ra certifieringen SAFe for Architects 6.0. \u00a0Kursavgiften omfattar ett certifieringsf\u00f6rs\u00f6k.<\/p>\n<h2 class=\"preSlide slideIn\">Kursinneh\u00e5ll SAFe\u00ae for Architects<\/h2>\n<p class=\"preFade fadeIn\">Efter kursen har du f\u00e5tt kunskaper om arkitektur utifr\u00e5n SAFes principer. Du kan anpassa arbetss\u00e4tt och arkitektur f\u00f6r att leverera st\u00f6rsta m\u00f6jliga aff\u00e4rsv\u00e4rde samt \u00e4ven utveckla och kommunicera arkitekturens vision och syfte. Du vet hur man planerar och tar fram en Architectural Runway f\u00f6r att m\u00f6jligg\u00f6ra framg\u00e5ngsrika leveranser.<\/p>\n<p class=\"preFade fadeIn\">Du kan ocks\u00e5 leda och coacha teammedlemmar och andra arkitekter under PI Planning samt delta i ledningen av en agil transformation.<\/p>\n<p>&nbsp;<\/p>\n<h3>Kursen levereras i samarbete med Brivalo<\/h3>\n","protected":false},"excerpt":{"rendered":"<p><strong>SAFe\u00ae for Architects (6.0) ger dig som \u00e4r system-, l\u00f6snings- eller enterprisearkitekt en stabil grund f\u00f6r att planera f\u00f6r och leverera aff\u00e4rsv\u00e4rde. <\/strong><\/p>\n<p>Efter utbildningen har du kunskaper att f\u00f6rb\u00e4ttra samarbete och arbetss\u00e4ttet till ett mer Lean-Agilt s\u00e4tt att arbeta.<\/p>\n","protected":false},"featured_media":5388,"comment_status":"open","ping_status":"closed","template":"","meta":{"wds_primary_product_brand":0,"wds_primary_product_cat":0},"product_brand":[],"product_cat":[33,163,35,28],"product_tag":[],"class_list":{"0":"post-8840","1":"product","2":"type-product","3":"status-publish","4":"has-post-thumbnail","6":"product_cat-agila-metoder","7":"product_cat-business-agility-and-development","8":"product_cat-safe","9":"product_cat-teamship","11":"first","12":"instock","13":"taxable","14":"shipping-taxable","15":"purchasable","16":"product-type-simple"},"jetpack_sharing_enabled":true,"_links":{"self":[{"href":"https:\/\/republify.se\/index.php\/wp-json\/wp\/v2\/product\/8840","targetHints":{"allow":["GET"]}}],"collection":[{"href":"https:\/\/republify.se\/index.php\/wp-json\/wp\/v2\/product"}],"about":[{"href":"https:\/\/republify.se\/index.php\/wp-json\/wp\/v2\/types\/product"}],"replies":[{"embeddable":true,"href":"https:\/\/republify.se\/index.php\/wp-json\/wp\/v2\/comments?post=8840"}],"wp:featuredmedia":[{"embeddable":true,"href":"https:\/\/republify.se\/index.php\/wp-json\/wp\/v2\/media\/5388"}],"wp:attachment":[{"href":"https:\/\/republify.se\/index.php\/wp-json\/wp\/v2\/media?parent=8840"}],"wp:term":[{"taxonomy":"product_brand","embeddable":true,"href":"https:\/\/republify.se\/index.php\/wp-json\/wp\/v2\/product_brand?post=8840"},{"taxonomy":"product_cat","embeddable":true,"href":"https:\/\/republify.se\/index.php\/wp-json\/wp\/v2\/product_cat?post=8840"},{"taxonomy":"product_tag","embeddable":true,"href":"https:\/\/republify.se\/index.php\/wp-json\/wp\/v2\/product_tag?post=8840"}],"curies":[{"name":"wp","href":"https:\/\/api.w.org\/{rel}","templated":true}]}}