{"id":8839,"date":"2024-11-14T10:56:36","date_gmt":"2024-11-14T09:56:36","guid":{"rendered":"https:\/\/republify.se\/?post_type=product&#038;p=8839"},"modified":"2026-01-08T19:06:19","modified_gmt":"2026-01-08T18:06:19","slug":"safe-lean-portfolio-management","status":"publish","type":"product","link":"https:\/\/republify.se\/index.php\/produkt\/safe-lean-portfolio-management\/","title":{"rendered":"SAFe\u00ae Lean Portfolio Management"},"content":{"rendered":"<p class=\"preFade fadeIn\"><strong>M\u00e5lgrupp:<\/strong> IT-chef, CTO, CFO, BU Managers, Enterprise Architect, Product\/Solution Manager, PMO Staff, Agil coach, Release Train Engineer och SAFe-konsult.<br \/>\n<strong>F\u00f6rkunskaper:<\/strong> Du b\u00f6r ha en grundl\u00e4ggande f\u00f6rst\u00e5else f\u00f6r vad agila metoder \u00e4r och det \u00e4r \u00e4nnu b\u00e4ttre men inte n\u00f6dv\u00e4ndigt, om du har g\u00e5tt Leading SAFe eller motsvarande.<\/p>\n<p class=\"preFade fadeIn\"><strong>Kursmaterial:<\/strong><\/p>\n<ul data-rte-list=\"default\">\n<li>\n<p class=\"preFade fadeIn\">Digitalt kursmaterial p\u00e5 engelska<\/p>\n<\/li>\n<li>\n<p class=\"preFade fadeIn\">1-\u00e5rs fri tillg\u00e5ng till Scaled Agiles Community, med f\u00f6rdjupningsmaterial, toolkits, m.m.<\/p>\n<\/li>\n<li>\n<p class=\"preFade fadeIn\">L\u00e4roplan som f\u00f6rbereder f\u00f6r certifiering<\/p>\n<\/li>\n<\/ul>\n<h2 class=\"preSlide slideIn\">Certifiering SAFe\u00ae Lean Portfolio Management<\/h2>\n<p class=\"preFade fadeIn\">Du kan bli Certified SAFe\u00ae Lean Portfolio Manager (SAFe 6).<\/p>\n<p class=\"preFade fadeIn\">Efter avslutad kurs har du 30 dagar p\u00e5 dig att genomf\u00f6ra certifieringens examen. Kursavgiften omfattar ett certifieringsf\u00f6rs\u00f6k.<\/p>\n<p class=\"preFade fadeIn\">L\u00e4s mer om certifieringen <a href=\"https:\/\/support.scaledagile.com\/s\/article\/Exam-Details-Lean-Portfolio-Management-LPM-6-0?_ga=2.193667630.2025207697.1690523881-1587678211.1660810285&amp;language=en_US\" target=\"_blank\" rel=\"noopener\"><strong>h\u00e4r<\/strong><\/a> (du l\u00e4nkas till en sida av Scaled Agile, certifieringsleverant\u00f6ren)<\/p>\n<h2 class=\"preSlide slideIn\">Kursinneh\u00e5ll SAFe\u00ae Lean Portfolio Management<\/h2>\n<p><strong>Intro till Lean Portfolio Management (LPM)<\/strong><\/p>\n<p>Varf\u00f6r LPM?<\/p>\n<p>Lean-Agile mindset \u00e4ven f\u00f6r portf\u00f6ljhantering<\/p>\n<p>Utmaningen med projektbaserad accounting<\/p>\n<p><strong>Etablera Portfolio Strategi och Vision<\/strong><\/p>\n<p>Koppla Portfolio till \u00f6vergripande strategi<\/p>\n<p>Underh\u00e5lla Portfolio Vision<\/p>\n<p>Etablera Portfolio Roadmaps<\/p>\n<p><strong>Realisera Portfolio Vision genom Epics<\/strong><\/p>\n<p>Definiera och estimera Epics<\/p>\n<p>SAFe Lean Startup Cycle<\/p>\n<p><strong>Etablera arbetss\u00e4tt f\u00f6r investeringsfinansiering<\/strong><\/p>\n<p>Lean Budget Guardrails (skyddsr\u00e4cken)<\/p>\n<p>LPM Events<\/p>\n<p>Participatory Budgeting<\/p>\n<p><strong>Hantera Portfolio flow<\/strong><\/p>\n<p>Beskriva v\u00e4rdet av Portfolio flow<\/p>\n<p>Etablera flow med av Portfolio Kanban<\/p>\n<p>Prioritera Epics med WSJF<\/p>\n<p><strong>Till\u00e4mpa Agile Portfolio Operations &amp; Lean Governance<\/strong><\/p>\n<p>Koordinera Value Streams<\/p>\n<p>St\u00f6dja ART genomf\u00f6rande<\/p>\n<p>M\u00e4ta och f\u00f6lja upp LPM prestanda och compliance<\/p>\n<p>&nbsp;<\/p>\n<h3>Kursen levereras i samarbete med Brivalo<\/h3>\n","protected":false},"excerpt":{"rendered":"<p><strong>I kursen SAFe Lean Portfolio Management (LPM) l\u00e4r du dig metoder och verktyg f\u00f6r att implementera och leda Portfolio Management enligt SAFe-ramverket och att f\u00e5 ihop strategin med det teamen g\u00f6r. Med Lean Portfolio Management f\u00e5r du f\u00f6ruts\u00e4ttningar f\u00f6r att ha och bibeh\u00e5lla kunden och v\u00e4rdestr\u00f6mmarna i fokus fr\u00e5n h\u00f6gsta ledning till den enskilda teammedlemmen. <\/strong><\/p>\n<p>LPM bidrar till tv\u00e4rfunktionella samarbeten, drivkraft till teamen och dynamisk finansiell styrning, s\u00e5 att hela verksamheten kan leverera v\u00e4rde till kunder, snabbare. Du kommer att l\u00e4ra dig hur du kopplar portf\u00f6ljstrategi och initiativ till planering och genomf\u00f6rande av arbetet, hur du integrerar feedback, arbetar med kontinuerlig budgetering samt hur du anpassar dig till f\u00f6r\u00e4ndringar samtidigt som din finansieringsvision och f\u00e4rdplan bibeh\u00e5lls.<\/p>\n","protected":false},"featured_media":5388,"comment_status":"open","ping_status":"closed","template":"","meta":{"wds_primary_product_brand":0,"wds_primary_product_cat":0},"product_brand":[],"product_cat":[33,163,35,28],"product_tag":[],"class_list":{"0":"post-8839","1":"product","2":"type-product","3":"status-publish","4":"has-post-thumbnail","6":"product_cat-agila-metoder","7":"product_cat-business-agility-and-development","8":"product_cat-safe","9":"product_cat-teamship","11":"first","12":"instock","13":"taxable","14":"shipping-taxable","15":"purchasable","16":"product-type-simple"},"jetpack_sharing_enabled":true,"_links":{"self":[{"href":"https:\/\/republify.se\/index.php\/wp-json\/wp\/v2\/product\/8839","targetHints":{"allow":["GET"]}}],"collection":[{"href":"https:\/\/republify.se\/index.php\/wp-json\/wp\/v2\/product"}],"about":[{"href":"https:\/\/republify.se\/index.php\/wp-json\/wp\/v2\/types\/product"}],"replies":[{"embeddable":true,"href":"https:\/\/republify.se\/index.php\/wp-json\/wp\/v2\/comments?post=8839"}],"wp:featuredmedia":[{"embeddable":true,"href":"https:\/\/republify.se\/index.php\/wp-json\/wp\/v2\/media\/5388"}],"wp:attachment":[{"href":"https:\/\/republify.se\/index.php\/wp-json\/wp\/v2\/media?parent=8839"}],"wp:term":[{"taxonomy":"product_brand","embeddable":true,"href":"https:\/\/republify.se\/index.php\/wp-json\/wp\/v2\/product_brand?post=8839"},{"taxonomy":"product_cat","embeddable":true,"href":"https:\/\/republify.se\/index.php\/wp-json\/wp\/v2\/product_cat?post=8839"},{"taxonomy":"product_tag","embeddable":true,"href":"https:\/\/republify.se\/index.php\/wp-json\/wp\/v2\/product_tag?post=8839"}],"curies":[{"name":"wp","href":"https:\/\/api.w.org\/{rel}","templated":true}]}}