{"id":8838,"date":"2024-11-14T10:54:15","date_gmt":"2024-11-14T09:54:15","guid":{"rendered":"https:\/\/republify.se\/?post_type=product&#038;p=8838"},"modified":"2026-01-08T19:06:41","modified_gmt":"2026-01-08T18:06:41","slug":"safe-devops","status":"publish","type":"product","link":"https:\/\/republify.se\/index.php\/produkt\/safe-devops\/","title":{"rendered":"SAFe\u00ae DevOps"},"content":{"rendered":"<p class=\"preFade fadeIn\"><strong>M\u00e5lgrupp:<\/strong> Alla funktioner och roller som p\u00e5 ett eller annat s\u00e4tt \u00e4r involverade i leveransen av v\u00e4rde: IT-chef, CTO, CFO, BU Managers, Architects, Product\/Solution Management, Agile coaches, Release Train Engineer, Scrum Masters, UI\/UX Developers, Agile Team, Testers, Business Analysts m.m.<br \/>\n<strong>F\u00f6rkunskaper:<\/strong> Inga<\/p>\n<p class=\"preFade fadeIn\"><strong>Kursmaterial:<\/strong><\/p>\n<ul data-rte-list=\"default\">\n<li>\n<p class=\"preFade fadeIn\">Digitalt kursmaterial p\u00e5 engelska<\/p>\n<\/li>\n<li>\n<p class=\"preFade fadeIn\">1-\u00e5rs fri tillg\u00e5ng till Scaled Agiles Community, med f\u00f6rdjupningsmaterial, toolkits, m.m.<\/p>\n<\/li>\n<li>\n<p class=\"preFade fadeIn\">L\u00e4roplan som f\u00f6rbereder f\u00f6r certifiering<\/p>\n<\/li>\n<\/ul>\n<h2 class=\"preSlide slideIn\">Certifiering SAFe\u00ae DevOps<\/h2>\n<p class=\"preFade fadeIn\">Du kan bli Certified SAFe\u00ae DevOps Practitioner.<\/p>\n<p class=\"preFade fadeIn\">Efter avslutad kurs har du 30 dagar p\u00e5 dig att genomf\u00f6ra certifieringens examen. Kursavgiften omfattar ett certifieringsf\u00f6rs\u00f6k.<\/p>\n<p class=\"preFade fadeIn\">L\u00e4s mer om certifieringen <a href=\"https:\/\/support.scaledagile.com\/s\/article\/Exam-Details-SDP?_ga=2.151303673.131819980.1689600043-1587678211.1660810285&amp;language=en_US\" target=\"_blank\" rel=\"noopener\"><strong>h\u00e4r<\/strong><\/a> (du l\u00e4nkas till en sida av Scaled Agile, certifieringsleverant\u00f6ren)<\/p>\n<h2 class=\"preSlide slideIn\">Kursinneh\u00e5ll SAFe\u00ae DevOps<\/h2>\n<ul data-rte-list=\"default\">\n<li>\n<p class=\"preFade fadeIn\">Introduktion av DevOps<\/p>\n<\/li>\n<li>\n<p class=\"preFade fadeIn\">Kartl\u00e4gga en Development Value Stream<\/p>\n<\/li>\n<li>\n<p class=\"preFade fadeIn\">Skapa samf\u00f6rst\u00e5nd inom Cotinuous Exploration<\/p>\n<\/li>\n<li>\n<p class=\"preFade fadeIn\">\u00d6kad kvalitet genom Continuous Integration<\/p>\n<\/li>\n<li>\n<p class=\"preFade fadeIn\">Minska Time-to-Market med Cotinuous Deployment<\/p>\n<\/li>\n<li>\n<p class=\"preFade fadeIn\">Leverera v\u00e4rde med Release on Demand<\/p>\n<\/li>\n<\/ul>\n<div class=\"accordion-body\">\n<p>&nbsp;<\/p>\n<\/div>\n<h3>Kursen levereras i samarbete med Brivalo<\/h3>\n","protected":false},"excerpt":{"rendered":"<p><strong>Att leverera v\u00e4rdefulla l\u00f6sningar snabbare involverar inte bara mjukvaru-utvecklare utan det inneb\u00e4r att dela ett DevOps-t\u00e4nk bland alla m\u00e4nniskor som definierar, bygger, testar, distribuerar och sl\u00e4pper mjukvarudrivna produkter. SAFe\u00ae DevOps-kursen samlar m\u00e4nniskor i tekniska, icke-tekniska och ledarskapsroller f\u00f6r att optimera sina v\u00e4rdestr\u00f6mmar fr\u00e5n b\u00f6rjan till slut.<\/strong><\/p>\n<p>Genomf\u00f6r den h\u00e4r kursen med hela ditt tv\u00e4rfunktionella team f\u00f6r att kartl\u00e4gga er nuvarande v\u00e4rdestr\u00f6m fr\u00e5n koncept till konkret. Designa en Continuous Delivery Pipeline som \u00e4r relevant f\u00f6r verksamheten och f\u00e5 den v\u00e4gledning och de verktyg du beh\u00f6ver f\u00f6r att arbeta effektivt med distribuerade team.<\/p>\n","protected":false},"featured_media":5388,"comment_status":"open","ping_status":"closed","template":"","meta":{"wds_primary_product_brand":0,"wds_primary_product_cat":0},"product_brand":[],"product_cat":[33,163,35,28],"product_tag":[],"class_list":{"0":"post-8838","1":"product","2":"type-product","3":"status-publish","4":"has-post-thumbnail","6":"product_cat-agila-metoder","7":"product_cat-business-agility-and-development","8":"product_cat-safe","9":"product_cat-teamship","11":"first","12":"instock","13":"taxable","14":"shipping-taxable","15":"purchasable","16":"product-type-simple"},"jetpack_sharing_enabled":true,"_links":{"self":[{"href":"https:\/\/republify.se\/index.php\/wp-json\/wp\/v2\/product\/8838","targetHints":{"allow":["GET"]}}],"collection":[{"href":"https:\/\/republify.se\/index.php\/wp-json\/wp\/v2\/product"}],"about":[{"href":"https:\/\/republify.se\/index.php\/wp-json\/wp\/v2\/types\/product"}],"replies":[{"embeddable":true,"href":"https:\/\/republify.se\/index.php\/wp-json\/wp\/v2\/comments?post=8838"}],"wp:featuredmedia":[{"embeddable":true,"href":"https:\/\/republify.se\/index.php\/wp-json\/wp\/v2\/media\/5388"}],"wp:attachment":[{"href":"https:\/\/republify.se\/index.php\/wp-json\/wp\/v2\/media?parent=8838"}],"wp:term":[{"taxonomy":"product_brand","embeddable":true,"href":"https:\/\/republify.se\/index.php\/wp-json\/wp\/v2\/product_brand?post=8838"},{"taxonomy":"product_cat","embeddable":true,"href":"https:\/\/republify.se\/index.php\/wp-json\/wp\/v2\/product_cat?post=8838"},{"taxonomy":"product_tag","embeddable":true,"href":"https:\/\/republify.se\/index.php\/wp-json\/wp\/v2\/product_tag?post=8838"}],"curies":[{"name":"wp","href":"https:\/\/api.w.org\/{rel}","templated":true}]}}