{"id":8837,"date":"2024-11-14T10:51:09","date_gmt":"2024-11-14T09:51:09","guid":{"rendered":"https:\/\/republify.se\/?post_type=product&#038;p=8837"},"modified":"2026-01-08T19:07:02","modified_gmt":"2026-01-08T18:07:02","slug":"safe-po-pm","status":"publish","type":"product","link":"https:\/\/republify.se\/index.php\/produkt\/safe-po-pm\/","title":{"rendered":"SAFe\u00ae PO\/PM"},"content":{"rendered":"<h2 class=\"preSlide slideIn\">Fakta om utbildningen SAFe\u00ae PO\/PM<\/h2>\n<p class=\"preFade fadeIn\"><strong>M\u00e5lgrupp:<\/strong> Produktchefer, produktledare, produkt\u00e4gare, verksamhetsutvecklare, konsulter, agila coacher, Scrum Masters, PMO-personal, Solution och systemarkitekter, linjechefer och projektledare.<br \/>\n<strong>F\u00f6rkunskaper:<\/strong> En grundl\u00e4ggande f\u00f6rst\u00e5else f\u00f6r agila metoder \u00e4r en f\u00f6rdel, men inget m\u00e5ste.<br \/>\n<strong>Kursl\u00e4ngd:<\/strong> 2 dagar, 9.00-17.00<br \/>\n<strong>Kursformat:<\/strong> P\u00e5 plats i klassrum, online, hos utbildningspartners eller f\u00f6retagsinternt<br \/>\n<strong>Spr\u00e5k:<\/strong> Kursen h\u00e5lls p\u00e5 svenska<\/p>\n<p class=\"preFade fadeIn\">\ud83d\udc49\ud83c\udffb <em>V\u00e5ra f\u00f6retagsinterna kurser kan anpassas efter era \u00f6nskem\u00e5l vad g\u00e4ller kursl\u00e4ngd, kursformat och spr\u00e5k (svenska eller engelska).\u00a0<\/em><\/p>\n<p class=\"preFade fadeIn\"><strong>Kursmaterial:<\/strong><\/p>\n<ul data-rte-list=\"default\">\n<li>\n<p class=\"preFade fadeIn\">Digitalt kursmaterial p\u00e5 engelska<\/p>\n<\/li>\n<li>\n<p class=\"preFade fadeIn\">1-\u00e5rs fri tillg\u00e5ng till Scaled Agiles Community, med f\u00f6rdjupningsmaterial, toolkits, m.m.<\/p>\n<\/li>\n<li>\n<p class=\"preFade fadeIn\">L\u00e4roplan som f\u00f6rbereder f\u00f6r certifiering<\/p>\n<\/li>\n<\/ul>\n<h2 class=\"preSlide slideIn\">Certifiering SAFe\u00ae PO\/PM<\/h2>\n<p class=\"preFade fadeIn\">Du kan bli Certified SAFe\u00ae Product Owner\/Product Manager (SAFe 6).<\/p>\n<p class=\"preFade fadeIn\">Efter avslutad kurs har du 30 dagar p\u00e5 dig att genomf\u00f6ra certifieringens examen. Kursavgiften omfattar ett certifieringsf\u00f6rs\u00f6k.<\/p>\n<p class=\"preFade fadeIn\">L\u00e4s mer om certifieringen <a href=\"https:\/\/support.scaledagile.com\/s\/article\/Exam-Details-Product-Owner-Product-Manager-POPM-6-0?_ga=2.81247575.131819980.1689600043-1587678211.1660810285&amp;language=en_US\" target=\"_blank\" rel=\"noopener\"><strong>h\u00e4r<\/strong><\/a> (du l\u00e4nkas till en sida av Scaled Agile, certifieringsleverant\u00f6ren)<\/p>\n<h2 class=\"preSlide slideIn\">Kursinneh\u00e5ll SAFe\u00ae PO\/PM<\/h2>\n<p><strong>Intro till Product Owner\/Produkt Manager<\/strong><\/p>\n<p>Att f\u00f6rst\u00e5 Lean-Agile Mindset som Product Owner (PO) och Product Manager (PM)<\/p>\n<p>PO:s och PM:s uppgifter och ansvar enligt SAFeDevelopment och Agile Architecture<\/p>\n<p><strong>Att f\u00f6rbereda en PI Planning<\/strong><\/p>\n<p>Skapa en Vision och Roadmaps<\/p>\n<p>Skriva Epics och Features<\/p>\n<p>Program Backlog och Kanban<\/p>\n<p><strong>Att genomf\u00f6ra PI Planning<\/strong><\/p>\n<p>Dela Visionen och Roadmap<\/p>\n<p>Skapa gemensamma PI Objectives<\/p>\n<p>Hantera beroenden och risker<\/p>\n<p><strong>Att genomf\u00f6ra Iterations<\/strong><\/p>\n<p>Skriva User Stories<\/p>\n<p>Iteration Events<\/p>\n<p>Team Kanban<\/p>\n<p>Continuous Pipeline och DevOps enligt SAFe<\/p>\n<p><strong>Att genomf\u00f6ra Program Increment (PI)<\/strong><\/p>\n<p>Product Owner sync<\/p>\n<p>System Demo<\/p>\n<p>Inspect &amp; Adapt<\/p>\n<div class=\"accordion-body\">\n<p>&nbsp;<\/p>\n<\/div>\n<h3>Kursen levereras i samarbete med Brivalo<\/h3>\n","protected":false},"excerpt":{"rendered":"<p><strong>I rollen som Product Manager l\u00e4r du dig p\u00e5 en taktisk niv\u00e5 att till\u00e4mpa de Lean-agila v\u00e4rden och metoder f\u00f6r att kunder och verksamheten ska f\u00e5 st\u00f6rst m\u00f6jliga nyttan s\u00e5 snabbt som m\u00f6jligt. Kursen ger handfasta f\u00e4rdigheter f\u00f6r att kunna identifiera, beskriva, prioritera och f\u00f6rverkliga kundbehov. <\/strong><\/p>\n<p>Du l\u00e4r dig att skriva Epics och hur de bryts ner i Features och Stories. Inom ramen av Releaset\u00e5get och det agila teamet f\u00f6rklaras Product Managers och Product Owners ansvar och befogenheter. S\u00e4rskild uppm\u00e4rksamhet ges till planering, genomf\u00f6rande och uppf\u00f6ljning av PI Planning. Och till slut f\u00e5r du \u00e4ven en introduktion till vad Continuous Delivery och DevOps \u00e4r.<\/p>\n","protected":false},"featured_media":5388,"comment_status":"open","ping_status":"closed","template":"","meta":{"wds_primary_product_brand":0,"wds_primary_product_cat":0},"product_brand":[],"product_cat":[33,163,35,28],"product_tag":[],"class_list":{"0":"post-8837","1":"product","2":"type-product","3":"status-publish","4":"has-post-thumbnail","6":"product_cat-agila-metoder","7":"product_cat-business-agility-and-development","8":"product_cat-safe","9":"product_cat-teamship","11":"first","12":"instock","13":"taxable","14":"shipping-taxable","15":"purchasable","16":"product-type-simple"},"jetpack_sharing_enabled":true,"_links":{"self":[{"href":"https:\/\/republify.se\/index.php\/wp-json\/wp\/v2\/product\/8837","targetHints":{"allow":["GET"]}}],"collection":[{"href":"https:\/\/republify.se\/index.php\/wp-json\/wp\/v2\/product"}],"about":[{"href":"https:\/\/republify.se\/index.php\/wp-json\/wp\/v2\/types\/product"}],"replies":[{"embeddable":true,"href":"https:\/\/republify.se\/index.php\/wp-json\/wp\/v2\/comments?post=8837"}],"wp:featuredmedia":[{"embeddable":true,"href":"https:\/\/republify.se\/index.php\/wp-json\/wp\/v2\/media\/5388"}],"wp:attachment":[{"href":"https:\/\/republify.se\/index.php\/wp-json\/wp\/v2\/media?parent=8837"}],"wp:term":[{"taxonomy":"product_brand","embeddable":true,"href":"https:\/\/republify.se\/index.php\/wp-json\/wp\/v2\/product_brand?post=8837"},{"taxonomy":"product_cat","embeddable":true,"href":"https:\/\/republify.se\/index.php\/wp-json\/wp\/v2\/product_cat?post=8837"},{"taxonomy":"product_tag","embeddable":true,"href":"https:\/\/republify.se\/index.php\/wp-json\/wp\/v2\/product_tag?post=8837"}],"curies":[{"name":"wp","href":"https:\/\/api.w.org\/{rel}","templated":true}]}}