{"id":8836,"date":"2024-11-14T10:47:17","date_gmt":"2024-11-14T09:47:17","guid":{"rendered":"https:\/\/republify.se\/?post_type=product&#038;p=8836"},"modified":"2026-01-08T19:07:22","modified_gmt":"2026-01-08T18:07:22","slug":"safe-advanced-scrum-master","status":"publish","type":"product","link":"https:\/\/republify.se\/index.php\/produkt\/safe-advanced-scrum-master\/","title":{"rendered":"SAFe\u00ae Advanced Scrum Master"},"content":{"rendered":"<p class=\"preFade fadeIn\"><strong>M\u00e5lgrupp:<\/strong> SAFe Scrum Master som vill v\u00e4ssa sina coachnings- och faciliteringsf\u00f6rm\u00e5gor samt erfarna Scrum Masters som ska b\u00f6rja jobba i ett SAFe-sammanhang.<br \/>\n<strong>F\u00f6rkunskaper:<\/strong> Du b\u00f6r ha erfarenhet av Scrum.<\/p>\n<p class=\"preFade fadeIn\"><strong>Kursmaterial:<\/strong><\/p>\n<ul data-rte-list=\"default\">\n<li>\n<p class=\"preFade fadeIn\">Digitalt kursmaterial p\u00e5 engelska<\/p>\n<\/li>\n<li>\n<p class=\"preFade fadeIn\">1-\u00e5rs fri tillg\u00e5ng till Scaled Agiles Community, med f\u00f6rdjupningsmaterial, toolkits, m.m.<\/p>\n<\/li>\n<li>\n<p class=\"preFade fadeIn\">L\u00e4roplan som f\u00f6rbereder f\u00f6r certifiering<\/p>\n<\/li>\n<\/ul>\n<h2 class=\"preSlide slideIn\">Certifiering SAFe\u00ae Advanced Scrum Master<\/h2>\n<p class=\"preFade fadeIn\">Du kan bli Certified SAFe\u00ae Advanced Scrum Master.<\/p>\n<p class=\"preFade fadeIn\">Efter avslutad kurs har du 30 dagar p\u00e5 dig att genomf\u00f6ra certifieringens examen. Kursavgiften omfattar ett certifieringsf\u00f6rs\u00f6k.<\/p>\n<p class=\"preFade fadeIn\">L\u00e4s mer om certifieringen <a href=\"https:\/\/support.scaledagile.com\/s\/article\/Exam-Details-SASM-SAFe-Advanced-Scrum-Master?_ga=2.84857945.131819980.1689600043-1587678211.1660810285&amp;language=en_US\" target=\"_blank\" rel=\"noopener\"><strong>h\u00e4r<\/strong><\/a> (du l\u00e4nkas till en sida av Scaled Agile, certifieringsleverant\u00f6ren)<\/p>\n<h2 class=\"preSlide slideIn\">Kursinneh\u00e5ll SAFe\u00ae Advanced Scrum Master<\/h2>\n<p><strong>Skalbara tekniska metoder f\u00f6r att optimera fl\u00f6de<\/strong><\/p>\n<p>Kanban<\/p>\n<p>DevOps<\/p>\n<p>Agil arkitektur<\/p>\n<p><strong>Faciliterande f\u00e4rdigheter f\u00f6r ART- och team-m\u00f6ten<\/strong><\/p>\n<p>Planering<\/p>\n<p>Genomf\u00f6rande<\/p>\n<p>Leverans av v\u00e4rde<\/p>\n<p><strong>Bygga gemensamma plattformar f\u00f6r att st\u00f6tta h\u00f6gpresterande team och ART-effektivitet<\/strong><\/p>\n<p>Leda team effektivt i avl\u00e4gsna milj\u00f6er<\/p>\n<p>Till\u00e4mpning av Lean-, Kanban-, DevOps- och SAFe-principer f\u00f6r att f\u00f6rb\u00e4ttra team- och f\u00f6retagsrelaterade resultat<\/p>\n<p><strong>S\u00e5 f\u00f6rb\u00e4ttrar du dina faciliteringsegenskaper<\/strong><\/p>\n<p>Viktiga Agile och Scaled Agile Framework\u00ae h\u00e4ndelser<\/p>\n<p>Vanliga fallgropar som kan undvikas<\/p>\n<p>S\u00e5 blir du ett starkt st\u00f6d till kontinuerliga f\u00f6rb\u00e4ttringar<\/p>\n<div class=\"accordion-body\">\n<p>&nbsp;<\/p>\n<\/div>\n<h3>Kursen levereras i samarbete med Brivalo<\/h3>\n","protected":false},"excerpt":{"rendered":"<p><strong>Kursen SAFe\u00ae Advanced Scrum Master l\u00e4mpar sig f\u00f6r dig som \u00e4r en erfaren Scrum Master och vill bidra p\u00e5 ett st\u00f6rre plan. Du l\u00e4r dig inte bara att skapa framg\u00e5ng i ditt agila team, utan ocks\u00e5 i Agile Release Trains (ART) och verksamheten i \u00f6vrigt. <\/strong><\/p>\n<p>\u00c4ven om samarbeten sker p\u00e5 distans. Du kommer f\u00e5 fler f\u00e4rdigheter inom coaching, facilitering och att driva p\u00e5 kontinuerliga f\u00f6rb\u00e4ttringar. Du l\u00e4r dig att till\u00e4mpa Lean-, Kanban-, DevOps- och SAFe-principer f\u00f6r att f\u00f6rb\u00e4ttra resultatet f\u00f6r alla intressenter: kunden, f\u00f6retaget och teamen. Framg\u00e5ng beror ofta p\u00e5 de mjuka faktorerna och kursen g\u00e5r igenom hur kultur, principer och arbetss\u00e4tt g\u00f6r det m\u00f6jligt.<\/p>\n","protected":false},"featured_media":5388,"comment_status":"open","ping_status":"closed","template":"","meta":{"wds_primary_product_brand":0,"wds_primary_product_cat":0},"product_brand":[],"product_cat":[33,163,35,28],"product_tag":[],"class_list":{"0":"post-8836","1":"product","2":"type-product","3":"status-publish","4":"has-post-thumbnail","6":"product_cat-agila-metoder","7":"product_cat-business-agility-and-development","8":"product_cat-safe","9":"product_cat-teamship","11":"first","12":"instock","13":"taxable","14":"shipping-taxable","15":"purchasable","16":"product-type-simple"},"jetpack_sharing_enabled":true,"_links":{"self":[{"href":"https:\/\/republify.se\/index.php\/wp-json\/wp\/v2\/product\/8836","targetHints":{"allow":["GET"]}}],"collection":[{"href":"https:\/\/republify.se\/index.php\/wp-json\/wp\/v2\/product"}],"about":[{"href":"https:\/\/republify.se\/index.php\/wp-json\/wp\/v2\/types\/product"}],"replies":[{"embeddable":true,"href":"https:\/\/republify.se\/index.php\/wp-json\/wp\/v2\/comments?post=8836"}],"wp:featuredmedia":[{"embeddable":true,"href":"https:\/\/republify.se\/index.php\/wp-json\/wp\/v2\/media\/5388"}],"wp:attachment":[{"href":"https:\/\/republify.se\/index.php\/wp-json\/wp\/v2\/media?parent=8836"}],"wp:term":[{"taxonomy":"product_brand","embeddable":true,"href":"https:\/\/republify.se\/index.php\/wp-json\/wp\/v2\/product_brand?post=8836"},{"taxonomy":"product_cat","embeddable":true,"href":"https:\/\/republify.se\/index.php\/wp-json\/wp\/v2\/product_cat?post=8836"},{"taxonomy":"product_tag","embeddable":true,"href":"https:\/\/republify.se\/index.php\/wp-json\/wp\/v2\/product_tag?post=8836"}],"curies":[{"name":"wp","href":"https:\/\/api.w.org\/{rel}","templated":true}]}}