{"id":8835,"date":"2024-11-14T10:43:57","date_gmt":"2024-11-14T09:43:57","guid":{"rendered":"https:\/\/republify.se\/?post_type=product&#038;p=8835"},"modified":"2026-01-08T19:07:40","modified_gmt":"2026-01-08T18:07:40","slug":"safe-scrum-master","status":"publish","type":"product","link":"https:\/\/republify.se\/index.php\/produkt\/safe-scrum-master\/","title":{"rendered":"SAFe\u00ae Scrum Master"},"content":{"rendered":"<h2 class=\"preSlide slideIn\">Fakta om utbildningen SAFe\u00ae Scrum Master<\/h2>\n<p class=\"preFade fadeIn\"><strong>M\u00e5lgrupp:<\/strong> Du som ska bli Scrum Master i ett SAFe-sammanhang (med eller utan tidigare erfarenhet av Scrum) samt du som ska leda\/coacha ett team med SAFe Scrum Masters.<br \/>\n<strong>F\u00f6rkunskaper:<\/strong> Alla \u00e4r v\u00e4lkomna att delta p\u00e5 kursen, men flera \u00e5rs erfarenheter inom IT-n\u00e4ra utveckling (t ex test, verksamhetsanalys, produkt\u00e4garskap eller projektledning) \u00e4r en f\u00f6rdel.<\/p>\n<p class=\"preFade fadeIn\"><strong>Kursmaterial:<\/strong><\/p>\n<ul data-rte-list=\"default\">\n<li>\n<p class=\"preFade fadeIn\">Digitalt kursmaterial p\u00e5 engelska<\/p>\n<\/li>\n<li>\n<p class=\"preFade fadeIn\">1-\u00e5rs fri tillg\u00e5ng till Scaled Agiles Community, med f\u00f6rdjupningsmaterial, toolkits, m.m.<\/p>\n<\/li>\n<li>\n<p class=\"preFade fadeIn\">L\u00e4roplan som f\u00f6rbereder f\u00f6r certifiering<\/p>\n<\/li>\n<\/ul>\n<h2 class=\"preSlide slideIn\">Certifiering SAFe\u00ae Scrum Master<\/h2>\n<p class=\"preFade fadeIn\">Du kan bli Certified SAFe\u00ae Scrum Master.<\/p>\n<p class=\"preFade fadeIn\">Efter avslutad kurs har du 30 dagar p\u00e5 dig att genomf\u00f6ra certifieringens examen. Kursavgiften omfattar ett certifieringsf\u00f6rs\u00f6k.<\/p>\n<p class=\"preFade fadeIn\">L\u00e4s mer om certifieringen <a href=\"https:\/\/support.scaledagile.com\/s\/article\/Exam-Details-SAFe-Scrum-Master-SSM-6-0?_ga=2.38705507.131819980.1689600043-1587678211.1660810285&amp;language=en_US\" target=\"_blank\" rel=\"noopener\"><strong>h\u00e4r<\/strong><\/a> (du l\u00e4nkas till en sida av Scaled Agile, certifieringsleverant\u00f6ren)<\/p>\n<h2 class=\"preSlide slideIn\">Kursinneh\u00e5ll SAFe\u00ae Scrum Master<\/h2>\n<p><strong>Intro av Scrum enligt SAFe<\/strong><\/p>\n<p>Grundl\u00e4ggande begrepp och arbetsformer i agil utveckling<\/p>\n<p>Grundl\u00e4ggande begrepp och arbetsformer inom Scrum<\/p>\n<p>Agila teamet i ett SAFe-sammanhang<\/p>\n<p><strong>Rollen som Scrum Master inom SAFe<\/strong><\/p>\n<p>En Scrum Masters ansvarsomr\u00e5den<\/p>\n<p>Vad k\u00e4nnetecknar en effektiv Scrum Master<\/p>\n<p>H\u00f6gpresterande team<\/p>\n<p>Coacha, samarbeta och hantera konflikter<\/p>\n<p><strong>Uppleva en PI Planning<\/strong><\/p>\n<p>Hur en PI Planning f\u00f6rbereds och genomf\u00f6rs<\/p>\n<p>Skriva planer och PI Objectives<\/p>\n<p><strong>Facilitera teamets iterations<\/strong><\/p>\n<p>Planera iterationen och f\u00f6lja upp progress<\/p>\n<p>Facilitera team events (t.ex. Backlog-f\u00f6r\u00e4dling)<\/p>\n<p>M\u00f6jligg\u00f6ra DevOps och Release on Demand<\/p>\n<p>Avsluta en PI<\/p>\n<p>Coacha Innovation &amp; Planning Iteration<\/p>\n<p>F\u00f6rbereda teamet f\u00f6r Inspect &amp; Adapt event<\/p>\n<p>&nbsp;<\/p>\n<div class=\"accordion-body\">\n<p>&nbsp;<\/p>\n<\/div>\n<h3>Kursen levereras i samarbete med Brivalo<\/h3>\n","protected":false},"excerpt":{"rendered":"<p><strong>I kursen SAFe Scrum Master l\u00e4r du dig principerna, begreppen och arbetss\u00e4tten f\u00f6r att bli en framg\u00e5ngsrik Scrum Master i ett SAFe-sammanhang. Du kommer f\u00e5 handfasta hj\u00e4lpmedel f\u00f6r att kunna coacha och leda ditt team p\u00e5 s\u00e5v\u00e4l hemmaplan som p\u00e5 distans. <\/strong><\/p>\n<p>Vi g\u00e5r igenom din och teamets roll i Agile Release Train (ART). SAFe anv\u00e4nder b\u00e5de Kanban- och Scrummetoder f\u00f6r att hantera och visualisera vad teamet och ART ska g\u00f6ra. Du l\u00e4r dig \u00e4ven hur du f\u00f6rbereder dig f\u00f6r att framg\u00e5ngsrikt planera och genomf\u00f6ra PI Planning som \u00e4r centralt f\u00f6r en organisation som implementerat SAFe.<\/p>\n","protected":false},"featured_media":5388,"comment_status":"open","ping_status":"closed","template":"","meta":{"wds_primary_product_brand":0,"wds_primary_product_cat":0},"product_brand":[],"product_cat":[33,163,35,28],"product_tag":[],"class_list":{"0":"post-8835","1":"product","2":"type-product","3":"status-publish","4":"has-post-thumbnail","6":"product_cat-agila-metoder","7":"product_cat-business-agility-and-development","8":"product_cat-safe","9":"product_cat-teamship","11":"first","12":"instock","13":"taxable","14":"shipping-taxable","15":"purchasable","16":"product-type-simple"},"jetpack_sharing_enabled":true,"_links":{"self":[{"href":"https:\/\/republify.se\/index.php\/wp-json\/wp\/v2\/product\/8835","targetHints":{"allow":["GET"]}}],"collection":[{"href":"https:\/\/republify.se\/index.php\/wp-json\/wp\/v2\/product"}],"about":[{"href":"https:\/\/republify.se\/index.php\/wp-json\/wp\/v2\/types\/product"}],"replies":[{"embeddable":true,"href":"https:\/\/republify.se\/index.php\/wp-json\/wp\/v2\/comments?post=8835"}],"wp:featuredmedia":[{"embeddable":true,"href":"https:\/\/republify.se\/index.php\/wp-json\/wp\/v2\/media\/5388"}],"wp:attachment":[{"href":"https:\/\/republify.se\/index.php\/wp-json\/wp\/v2\/media?parent=8835"}],"wp:term":[{"taxonomy":"product_brand","embeddable":true,"href":"https:\/\/republify.se\/index.php\/wp-json\/wp\/v2\/product_brand?post=8835"},{"taxonomy":"product_cat","embeddable":true,"href":"https:\/\/republify.se\/index.php\/wp-json\/wp\/v2\/product_cat?post=8835"},{"taxonomy":"product_tag","embeddable":true,"href":"https:\/\/republify.se\/index.php\/wp-json\/wp\/v2\/product_tag?post=8835"}],"curies":[{"name":"wp","href":"https:\/\/api.w.org\/{rel}","templated":true}]}}