{"id":8834,"date":"2024-11-14T10:41:59","date_gmt":"2024-11-14T09:41:59","guid":{"rendered":"https:\/\/republify.se\/?post_type=product&#038;p=8834"},"modified":"2026-01-08T19:07:59","modified_gmt":"2026-01-08T18:07:59","slug":"safe-for-teams","status":"publish","type":"product","link":"https:\/\/republify.se\/index.php\/produkt\/safe-for-teams\/","title":{"rendered":"SAFe\u00ae for Teams"},"content":{"rendered":"<div class=\"accordion-body\"><\/div>\n<p><strong>M\u00e5lgrupp:<\/strong> Medlemmar i agila team som ska b\u00f6rja jobba i ett Agile Release Train.<br \/>\n<strong>F\u00f6rkunskaper:<\/strong> En grundl\u00e4ggande f\u00f6rst\u00e5else f\u00f6r agila metoder \u00e4r en f\u00f6rdel, men inget m\u00e5ste.<\/p>\n<p class=\"preFade fadeIn\"><strong>Kursmaterial:<\/strong><\/p>\n<ul data-rte-list=\"default\">\n<li>\n<p class=\"preFade fadeIn\">Digitalt kursmaterial p\u00e5 engelska<\/p>\n<\/li>\n<li>\n<p class=\"preFade fadeIn\">1-\u00e5rs fri tillg\u00e5ng till Scaled Agiles Community, med f\u00f6rdjupningsmaterial, toolkits, m.m.<\/p>\n<\/li>\n<li>\n<p class=\"preFade fadeIn\">L\u00e4roplan som f\u00f6rbereder f\u00f6r certifiering<\/p>\n<\/li>\n<\/ul>\n<h2 class=\"preSlide slideIn\">Certifiering SAFe\u00ae for Teams<\/h2>\n<p class=\"preFade fadeIn\">Du kan bli Certified SAFe\u00ae Practitioner.<\/p>\n<p class=\"preFade fadeIn\">Efter avslutad kurs har du 30 dagar p\u00e5 dig att genomf\u00f6ra certifieringens examen. Kursavgiften omfattar ett certifieringsf\u00f6rs\u00f6k.<\/p>\n<p class=\"preFade fadeIn\">L\u00e4s mer om certifieringen <a href=\"https:\/\/support.scaledagile.com\/s\/article\/Exam-Details-SAFe-for-Teams-SAFe-Practitioner-6-0?_ga=2.185464937.131819980.1689600043-1587678211.1660810285&amp;language=en_US\" target=\"_blank\" rel=\"noopener\"><strong>h\u00e4r<\/strong><\/a> (du l\u00e4nkas till en sida av Scaled Agile, certifieringsleverant\u00f6ren)<\/p>\n<h2 class=\"preSlide slideIn\">Kursinneh\u00e5ll SAFe\u00ae for Teams<\/h2>\n<ul data-rte-list=\"default\">\n<li>\n<p class=\"preFade fadeIn\">Introduktion till Scaled Agile Framework<\/p>\n<\/li>\n<li>\n<p class=\"preFade fadeIn\">F\u00f6rst\u00e5 principerna bakom SAFe<\/p>\n<\/li>\n<li>\n<p class=\"preFade fadeIn\">Skapa ett agilt team<\/p>\n<\/li>\n<li>\n<p class=\"preFade fadeIn\">Arbeta i ett Agile Release Train och upplev en PI Planning<\/p>\n<\/li>\n<li>\n<p class=\"preFade fadeIn\">Planera sprintar<\/p>\n<\/li>\n<li>\n<p class=\"preFade fadeIn\">Arbeta i sprintar<\/p>\n<\/li>\n<li>\n<p class=\"preFade fadeIn\">Arbeta i ett Program Inkrement<\/p>\n<\/li>\n<\/ul>\n<div class=\"accordion-body\">\n<p>&nbsp;<\/p>\n<\/div>\n<h3>Kursen levereras i samarbete med Brivalo<\/h3>\n","protected":false},"excerpt":{"rendered":"<p><strong>SAFe for Teams (Practitioner) kommer att l\u00e4ra dig allt om din roll som medlem i ett agilt team och hur ditt team arbetar med andra som en del av en ART. Du l\u00e4r dig hur du planerar och utf\u00f6r arbete, hur du till\u00e4mpar Scaled Agile Framework\u00ae och Agile-principer och hur du st\u00e4ndigt f\u00f6rb\u00e4ttrar. <\/strong><\/p>\n<p>Att genomf\u00f6ra Scaled Agile Framework\u00ae for Teams med ditt team kommer ge er alla den samlade kunskapen i att samarbeta effektivt, g\u00f6ra b\u00e4sta m\u00f6jliga arbete och komma ig\u00e5ng inf\u00f6r n\u00e4sta planeringsevenemang.<\/p>\n","protected":false},"featured_media":5388,"comment_status":"open","ping_status":"closed","template":"","meta":{"wds_primary_product_brand":0,"wds_primary_product_cat":0},"product_brand":[],"product_cat":[33,163,35,28],"product_tag":[],"class_list":{"0":"post-8834","1":"product","2":"type-product","3":"status-publish","4":"has-post-thumbnail","6":"product_cat-agila-metoder","7":"product_cat-business-agility-and-development","8":"product_cat-safe","9":"product_cat-teamship","11":"first","12":"instock","13":"taxable","14":"shipping-taxable","15":"purchasable","16":"product-type-simple"},"jetpack_sharing_enabled":true,"_links":{"self":[{"href":"https:\/\/republify.se\/index.php\/wp-json\/wp\/v2\/product\/8834","targetHints":{"allow":["GET"]}}],"collection":[{"href":"https:\/\/republify.se\/index.php\/wp-json\/wp\/v2\/product"}],"about":[{"href":"https:\/\/republify.se\/index.php\/wp-json\/wp\/v2\/types\/product"}],"replies":[{"embeddable":true,"href":"https:\/\/republify.se\/index.php\/wp-json\/wp\/v2\/comments?post=8834"}],"wp:featuredmedia":[{"embeddable":true,"href":"https:\/\/republify.se\/index.php\/wp-json\/wp\/v2\/media\/5388"}],"wp:attachment":[{"href":"https:\/\/republify.se\/index.php\/wp-json\/wp\/v2\/media?parent=8834"}],"wp:term":[{"taxonomy":"product_brand","embeddable":true,"href":"https:\/\/republify.se\/index.php\/wp-json\/wp\/v2\/product_brand?post=8834"},{"taxonomy":"product_cat","embeddable":true,"href":"https:\/\/republify.se\/index.php\/wp-json\/wp\/v2\/product_cat?post=8834"},{"taxonomy":"product_tag","embeddable":true,"href":"https:\/\/republify.se\/index.php\/wp-json\/wp\/v2\/product_tag?post=8834"}],"curies":[{"name":"wp","href":"https:\/\/api.w.org\/{rel}","templated":true}]}}