{"id":8833,"date":"2024-11-14T10:35:21","date_gmt":"2024-11-14T09:35:21","guid":{"rendered":"https:\/\/republify.se\/?post_type=product&#038;p=8833"},"modified":"2026-01-08T19:08:20","modified_gmt":"2026-01-08T18:08:20","slug":"leading-safe","status":"publish","type":"product","link":"https:\/\/republify.se\/index.php\/produkt\/leading-safe\/","title":{"rendered":"Leading SAFe\u00ae"},"content":{"rendered":"<div class=\"accordion-body\">\n<p class=\"preFade fadeIn\"><strong>M\u00e5lgrupp:<\/strong> Alla med intresse av att skala upp agila arbetss\u00e4tt fr\u00e5n enstaka team till hela verksamheten<br \/>\n<strong>F\u00f6rkunskaper:<\/strong> En grundl\u00e4ggande f\u00f6rst\u00e5else f\u00f6r agila metoder \u00e4r en f\u00f6rdel, men inget m\u00e5ste.<\/p>\n<\/div>\n<p class=\"preFade fadeIn\"><strong>Kursmaterial:<\/strong><\/p>\n<ul data-rte-list=\"default\">\n<li>\n<p class=\"preFade fadeIn\">Digitalt kursmaterial p\u00e5 engelska<\/p>\n<\/li>\n<li>\n<p class=\"preFade fadeIn\">1-\u00e5rs fri tillg\u00e5ng till Scaled Agiles Community, med f\u00f6rdjupningsmaterial, toolkits, m.m.<\/p>\n<\/li>\n<li>\n<p class=\"preFade fadeIn\">L\u00e4roplan som f\u00f6rbereder f\u00f6r certifiering<\/p>\n<\/li>\n<\/ul>\n<h2 class=\"preSlide slideIn\">Certifiering Leading SAFe\u00ae<\/h2>\n<p class=\"preFade fadeIn\">Du kan bli Certified SAFe\u00ae Agilist (version 6).<\/p>\n<p class=\"preFade fadeIn\">Efter avslutad kurs har du 30 dagar p\u00e5 dig att genomf\u00f6ra certifieringens examen. Kursavgiften omfattar ett certifieringsf\u00f6rs\u00f6k.<\/p>\n<p class=\"preFade fadeIn\">L\u00e4s mer om certifieringen <a href=\"https:\/\/support.scaledagile.com\/s\/article\/Exam-Details-Leading-SAFe-SAFe-Agilist-6-0?_ga=2.105887043.131819980.1689600043-1587678211.1660810285&amp;language=en_US\" target=\"_blank\" rel=\"noopener\"><strong>h\u00e4r<\/strong><\/a> (du l\u00e4nkas till en sida av Scaled Agile, certifieringsleverant\u00f6ren)<\/p>\n<h2>Kursuppl\u00e4gg<\/h2>\n<p><strong>Principerna bakom SAFe\u00ae<\/strong><\/p>\n<p>Ramverkets ursprung och bakomliggande principer<\/p>\n<p>Strategier f\u00f6r att inf\u00f6ra SAFe i en organisation<\/p>\n<p>Agilt mindset och hur SAFe\u00ae st\u00f6djer Lean Thinking, Agile Development och Agile Architecture<\/p>\n<p><strong>Att organisera Agile Release Trains (ART)<\/strong><\/p>\n<p>Agila releaset\u00e5g, identifiera, planera och genomf\u00f6ra en release<\/p>\n<p>Arbetss\u00e4tt och roller<\/p>\n<p><strong>PI planering (Program Increment planning)<\/strong><\/p>\n<p>Hur man kopplar ihop utveckling och aff\u00e4rsutveckling<\/p>\n<p>Identifiering av beroenden mellan funktioner<\/p>\n<p>Accelererat beslutsfattande<\/p>\n<p><strong>Agil portf\u00f6ljhantering<\/strong><\/p>\n<p>Agila transformationsm\u00f6nster f\u00f6r strategi och finansiering, programledning och governance<\/p>\n<p>Att koordinera stora v\u00e4rdestr\u00f6mmar, och leverera v\u00e4rde<\/p>\n<p>Att leda en Lean-Agile transformering<\/p>\n<p>Vilka fr\u00e5gor b\u00f6r st\u00e4llas och besvaras innan man k\u00f6r ig\u00e5ng<\/p>\n<p>Hur g\u00f6r man i praktiken \u2013 road map<\/p>\n<p>Vad avg\u00f6r om agila transformationen lyckas eller ej<\/p>\n<div class=\"accordion-body\">\n<p>&nbsp;<\/p>\n<\/div>\n<h3>Kursen levereras i samarbete med Brivalo<\/h3>\n","protected":false},"excerpt":{"rendered":"<p><strong>Utbildningen Leading SAFe ger dig f\u00f6ruts\u00e4ttningar att kunna spela en aktiv roll i den agila transformationen mot Business Agility. Den ger dig grunderna i Lean-agila v\u00e4rden och principer, arbetss\u00e4tt och roller. Du f\u00e5r l\u00e4ra dig spr\u00e5ket och kulturen som engagerar kollegor p\u00e5 alla niv\u00e5er i att s\u00e4tta fokus p\u00e5 kunden och mot gemensamma m\u00e5l. <\/strong><\/p>\n<p>Du l\u00e4r dig s\u00e4tta upp effektiva fl\u00f6den fr\u00e5n strategisk till operativ niv\u00e5, med hj\u00e4lp av till exempel Lean Portfolio Management, Agile Release Train och Program Increment. Du f\u00e5r h\u00f6ra om andra verksamheters erfarenheter och hur implementationen kan g\u00e5 till.<\/p>\n","protected":false},"featured_media":5388,"comment_status":"open","ping_status":"closed","template":"","meta":{"wds_primary_product_brand":0,"wds_primary_product_cat":0},"product_brand":[],"product_cat":[33,163,35,28],"product_tag":[],"class_list":{"0":"post-8833","1":"product","2":"type-product","3":"status-publish","4":"has-post-thumbnail","6":"product_cat-agila-metoder","7":"product_cat-business-agility-and-development","8":"product_cat-safe","9":"product_cat-teamship","11":"first","12":"instock","13":"taxable","14":"shipping-taxable","15":"purchasable","16":"product-type-simple"},"jetpack_sharing_enabled":true,"_links":{"self":[{"href":"https:\/\/republify.se\/index.php\/wp-json\/wp\/v2\/product\/8833","targetHints":{"allow":["GET"]}}],"collection":[{"href":"https:\/\/republify.se\/index.php\/wp-json\/wp\/v2\/product"}],"about":[{"href":"https:\/\/republify.se\/index.php\/wp-json\/wp\/v2\/types\/product"}],"replies":[{"embeddable":true,"href":"https:\/\/republify.se\/index.php\/wp-json\/wp\/v2\/comments?post=8833"}],"wp:featuredmedia":[{"embeddable":true,"href":"https:\/\/republify.se\/index.php\/wp-json\/wp\/v2\/media\/5388"}],"wp:attachment":[{"href":"https:\/\/republify.se\/index.php\/wp-json\/wp\/v2\/media?parent=8833"}],"wp:term":[{"taxonomy":"product_brand","embeddable":true,"href":"https:\/\/republify.se\/index.php\/wp-json\/wp\/v2\/product_brand?post=8833"},{"taxonomy":"product_cat","embeddable":true,"href":"https:\/\/republify.se\/index.php\/wp-json\/wp\/v2\/product_cat?post=8833"},{"taxonomy":"product_tag","embeddable":true,"href":"https:\/\/republify.se\/index.php\/wp-json\/wp\/v2\/product_tag?post=8833"}],"curies":[{"name":"wp","href":"https:\/\/api.w.org\/{rel}","templated":true}]}}