{"id":8832,"date":"2024-11-14T10:26:26","date_gmt":"2024-11-14T09:26:26","guid":{"rendered":"https:\/\/republify.se\/?post_type=product&#038;p=8832"},"modified":"2026-01-08T19:08:47","modified_gmt":"2026-01-08T18:08:47","slug":"devops-professional","status":"publish","type":"product","link":"https:\/\/republify.se\/index.php\/produkt\/devops-professional\/","title":{"rendered":"DevOps Professional"},"content":{"rendered":"<div class=\"accordion-body\">\n<p class=\"preFade fadeIn\">Kursen utg\u00e5r fr\u00e5n fyra skills areas:<\/p>\n<ul data-rte-list=\"default\">\n<li>\n<p class=\"preFade fadeIn\">Teambuilding<\/p>\n<\/li>\n<li>\n<p class=\"preFade fadeIn\">Leadership<\/p>\n<\/li>\n<li>\n<p class=\"preFade fadeIn\">Courage<\/p>\n<\/li>\n<li>\n<p class=\"preFade fadeIn\">Continuous improvment<\/p>\n<\/li>\n<\/ul>\n<\/div>\n<div class=\"accordion-body\">\n<p>&nbsp;<\/p>\n<\/div>\n<h3>Kursen levereras i samarbete med Brivalo<\/h3>\n","protected":false},"excerpt":{"rendered":"<p><strong>DevOps Professional Enable &amp; Scale \u00e4r en f\u00f6rdjupningskurs till DevOps Fundamentals. Medan Fundamentals-kursen beskriver vad DevOps \u00e4r s\u00e5 ger denna kurs praktiska kunskaper f\u00f6r att f\u00e5 DevOps att landa i organisationen.<\/strong><\/p>\n<p>Kursen v\u00e4nder sig till dig som vill f\u00e5 kunskap om de kompetenser som kr\u00e4vs f\u00f6r att f\u00e5 DevOps att fungera i praktiken.<\/p>\n","protected":false},"featured_media":7776,"comment_status":"open","ping_status":"closed","template":"","meta":{"wds_primary_product_brand":0,"wds_primary_product_cat":0},"product_brand":[],"product_cat":[33,36,28],"product_tag":[],"class_list":{"0":"post-8832","1":"product","2":"type-product","3":"status-publish","4":"has-post-thumbnail","6":"product_cat-agila-metoder","7":"product_cat-devops","8":"product_cat-teamship","10":"first","11":"instock","12":"taxable","13":"shipping-taxable","14":"purchasable","15":"product-type-simple"},"jetpack_sharing_enabled":true,"_links":{"self":[{"href":"https:\/\/republify.se\/index.php\/wp-json\/wp\/v2\/product\/8832","targetHints":{"allow":["GET"]}}],"collection":[{"href":"https:\/\/republify.se\/index.php\/wp-json\/wp\/v2\/product"}],"about":[{"href":"https:\/\/republify.se\/index.php\/wp-json\/wp\/v2\/types\/product"}],"replies":[{"embeddable":true,"href":"https:\/\/republify.se\/index.php\/wp-json\/wp\/v2\/comments?post=8832"}],"wp:featuredmedia":[{"embeddable":true,"href":"https:\/\/republify.se\/index.php\/wp-json\/wp\/v2\/media\/7776"}],"wp:attachment":[{"href":"https:\/\/republify.se\/index.php\/wp-json\/wp\/v2\/media?parent=8832"}],"wp:term":[{"taxonomy":"product_brand","embeddable":true,"href":"https:\/\/republify.se\/index.php\/wp-json\/wp\/v2\/product_brand?post=8832"},{"taxonomy":"product_cat","embeddable":true,"href":"https:\/\/republify.se\/index.php\/wp-json\/wp\/v2\/product_cat?post=8832"},{"taxonomy":"product_tag","embeddable":true,"href":"https:\/\/republify.se\/index.php\/wp-json\/wp\/v2\/product_tag?post=8832"}],"curies":[{"name":"wp","href":"https:\/\/api.w.org\/{rel}","templated":true}]}}