{"id":8831,"date":"2024-11-14T10:23:23","date_gmt":"2024-11-14T09:23:23","guid":{"rendered":"https:\/\/republify.se\/?post_type=product&#038;p=8831"},"modified":"2026-01-08T19:09:05","modified_gmt":"2026-01-08T18:09:05","slug":"devops-product-owner","status":"publish","type":"product","link":"https:\/\/republify.se\/index.php\/produkt\/devops-product-owner\/","title":{"rendered":"DevOps Product Owner"},"content":{"rendered":"<div class=\"accordion-body\">\n<p class=\"preFade fadeIn\">Stort fokus l\u00e4ggs p\u00e5 produkt\u00e4garens ansvar f\u00f6r att skapa och maximera v\u00e4rde f\u00f6r kunden. Deltagaren f\u00e5r praktiska tips kring f\u00f6ljande \u00e4mnen:<\/p>\n<ul data-rte-list=\"default\">\n<li>\n<p class=\"preFade fadeIn\">Skapa och f\u00f6rfina en product vision, product roadmap samt product backlog<\/p>\n<\/li>\n<li>\n<p class=\"preFade fadeIn\">Nedbrytning och estimering av arbete i form av epics, features och user stories<\/p>\n<\/li>\n<li>\n<p class=\"preFade fadeIn\">Intressentkartl\u00e4ggning samt intressentanalys<\/p>\n<\/li>\n<li>\n<p class=\"preFade fadeIn\">Kommunikation och visualisering<\/p>\n<\/li>\n<li>\n<p class=\"preFade fadeIn\">Uppskalning av agila metoder med referenser till ramverk som SAFe, Nexus samt LeSS<\/p>\n<\/li>\n<\/ul>\n<\/div>\n<div class=\"accordion-body\">\n<p>&nbsp;<\/p>\n<\/div>\n<h3>Kursen levereras i samarbete med Brivalo<\/h3>\n","protected":false},"excerpt":{"rendered":"<p><strong>DevOps Product Owner (produkt\u00e4gare) \u00e4r en f\u00f6rdjupningskurs till DevOps Fundamentals och beskriver produkt\u00e4garrollen i ett DevOps-sammanhang. Den beskriver agila metoder och koncept som Scrum och hur dessa p\u00e5verkas av, och anpassas till DevOps.<\/strong><\/p>\n<p>Kursen v\u00e4nder sig till dig som \u00e4r, eller ska bli produkt\u00e4gare (product owner).<\/p>\n","protected":false},"featured_media":7778,"comment_status":"open","ping_status":"closed","template":"","meta":{"wds_primary_product_brand":0,"wds_primary_product_cat":0},"product_brand":[],"product_cat":[33,36,28],"product_tag":[],"class_list":{"0":"post-8831","1":"product","2":"type-product","3":"status-publish","4":"has-post-thumbnail","6":"product_cat-agila-metoder","7":"product_cat-devops","8":"product_cat-teamship","10":"first","11":"instock","12":"taxable","13":"shipping-taxable","14":"purchasable","15":"product-type-simple"},"jetpack_sharing_enabled":true,"_links":{"self":[{"href":"https:\/\/republify.se\/index.php\/wp-json\/wp\/v2\/product\/8831","targetHints":{"allow":["GET"]}}],"collection":[{"href":"https:\/\/republify.se\/index.php\/wp-json\/wp\/v2\/product"}],"about":[{"href":"https:\/\/republify.se\/index.php\/wp-json\/wp\/v2\/types\/product"}],"replies":[{"embeddable":true,"href":"https:\/\/republify.se\/index.php\/wp-json\/wp\/v2\/comments?post=8831"}],"wp:featuredmedia":[{"embeddable":true,"href":"https:\/\/republify.se\/index.php\/wp-json\/wp\/v2\/media\/7778"}],"wp:attachment":[{"href":"https:\/\/republify.se\/index.php\/wp-json\/wp\/v2\/media?parent=8831"}],"wp:term":[{"taxonomy":"product_brand","embeddable":true,"href":"https:\/\/republify.se\/index.php\/wp-json\/wp\/v2\/product_brand?post=8831"},{"taxonomy":"product_cat","embeddable":true,"href":"https:\/\/republify.se\/index.php\/wp-json\/wp\/v2\/product_cat?post=8831"},{"taxonomy":"product_tag","embeddable":true,"href":"https:\/\/republify.se\/index.php\/wp-json\/wp\/v2\/product_tag?post=8831"}],"curies":[{"name":"wp","href":"https:\/\/api.w.org\/{rel}","templated":true}]}}