{"id":8830,"date":"2024-11-14T10:17:30","date_gmt":"2024-11-14T09:17:30","guid":{"rendered":"https:\/\/republify.se\/?post_type=product&#038;p=8830"},"modified":"2026-01-08T19:09:23","modified_gmt":"2026-01-08T18:09:23","slug":"devops-fundamentals","status":"publish","type":"product","link":"https:\/\/republify.se\/index.php\/produkt\/devops-fundamentals\/","title":{"rendered":"DevOps Fundamentals"},"content":{"rendered":"<div class=\"accordion-body\">\n<p>DevOps \u00e4r en blandning mellan filosofi, metoder, modeller och verktyg som tar fasta p\u00e5 vikten av kommunikation, samarbete, integration och automation.<\/p>\n<p>Den prim\u00e4ra anledningen att anamma DevOps \u00e4r att h\u00f6ja v\u00e4rdet av IT-leveransen genom att skapa ett snabbt och effektivt fl\u00f6de fr\u00e5n kravspec till driftsatt tj\u00e4nst.<\/p>\n<p>F\u00f6r att uppn\u00e5 detta kr\u00e4vs effektiva processer och verktyg som fr\u00e4mjar agil utveckling och st\u00e4rker bandet mellan utveckling, drift, support och f\u00f6rvaltning.<\/p>\n<\/div>\n<div class=\"accordion-body\">\n<p>&nbsp;<\/p>\n<\/div>\n<h3>Kursen levereras i samarbete med Brivalo<\/h3>\n","protected":false},"excerpt":{"rendered":"<p><strong>Kursen DevOps Fundamentals beskriver de principer, metoder modeller och verktyg som utg\u00f6r k\u00e4rnan i DevOps samt kopplingen mot andra modeller och ramverk som Continuous Delivery, Lean, ITIL\u00ae, och agil utveckling. Under kursens g\u00e5ng avlivas \u00e4ven ett antal myter kring DevOps.<\/strong><\/p>\n<p>Kursen v\u00e4nder sig till dig som vill ha en \u00f6vergripande f\u00f6rst\u00e5else f\u00f6r DevOps, oavsett om du \u00e4r utvecklare, chef eller jobbar i drift, support eller f\u00f6rvaltning.<\/p>\n","protected":false},"featured_media":7175,"comment_status":"open","ping_status":"closed","template":"","meta":{"wds_primary_product_brand":0,"wds_primary_product_cat":0},"product_brand":[],"product_cat":[33,36,28],"product_tag":[],"class_list":{"0":"post-8830","1":"product","2":"type-product","3":"status-publish","4":"has-post-thumbnail","6":"product_cat-agila-metoder","7":"product_cat-devops","8":"product_cat-teamship","10":"first","11":"instock","12":"taxable","13":"shipping-taxable","14":"purchasable","15":"product-type-simple"},"jetpack_sharing_enabled":true,"_links":{"self":[{"href":"https:\/\/republify.se\/index.php\/wp-json\/wp\/v2\/product\/8830","targetHints":{"allow":["GET"]}}],"collection":[{"href":"https:\/\/republify.se\/index.php\/wp-json\/wp\/v2\/product"}],"about":[{"href":"https:\/\/republify.se\/index.php\/wp-json\/wp\/v2\/types\/product"}],"replies":[{"embeddable":true,"href":"https:\/\/republify.se\/index.php\/wp-json\/wp\/v2\/comments?post=8830"}],"wp:featuredmedia":[{"embeddable":true,"href":"https:\/\/republify.se\/index.php\/wp-json\/wp\/v2\/media\/7175"}],"wp:attachment":[{"href":"https:\/\/republify.se\/index.php\/wp-json\/wp\/v2\/media?parent=8830"}],"wp:term":[{"taxonomy":"product_brand","embeddable":true,"href":"https:\/\/republify.se\/index.php\/wp-json\/wp\/v2\/product_brand?post=8830"},{"taxonomy":"product_cat","embeddable":true,"href":"https:\/\/republify.se\/index.php\/wp-json\/wp\/v2\/product_cat?post=8830"},{"taxonomy":"product_tag","embeddable":true,"href":"https:\/\/republify.se\/index.php\/wp-json\/wp\/v2\/product_tag?post=8830"}],"curies":[{"name":"wp","href":"https:\/\/api.w.org\/{rel}","templated":true}]}}