{"id":8810,"date":"2024-10-30T09:40:00","date_gmt":"2024-10-30T08:40:00","guid":{"rendered":"https:\/\/republify.se\/?post_type=product&#038;p=8810"},"modified":"2026-04-14T11:41:54","modified_gmt":"2026-04-14T10:41:54","slug":"nis2-och-cybersakerhetslagen","status":"publish","type":"product","link":"https:\/\/republify.se\/index.php\/produkt\/nis2-och-cybersakerhetslagen\/","title":{"rendered":"&#8211; NIS2 och Cybers\u00e4kerhetslagen"},"content":{"rendered":"<div style=\"float: right;\">\n<p><script src='\/\/d31cr4zxq0qgev.cloudfront.net\/js\/reviews\/1.5.1\/widget.min.js'>\n<\/script><\/p>\n<div>\n<div id=\"widget-reviews\"><\/div>\n<div id=\"widget-link\"><\/div>\n<\/div>\n<p><script>\n    emgReviewWidget.setup({\n        targetElementId: 'widget-reviews',\n        customerId: '40730',\n        sourceCourseId: '1847816', \n        source: 'utbildning.se'\n    });\n<\/script><\/p>\n<\/div>\n<p><strong>Vad \u00e4r NIS2 (Cybers\u00e4kerhetslagen)<\/strong><br \/>\nNIS2 \u00e4r ett uppdaterat EU-direktiv som st\u00e4rker cybers\u00e4kerhetskraven f\u00f6r samh\u00e4llsviktiga tj\u00e4nster och viktiga sektorer. Direktivet kr\u00e4ver att organisationer vidtar proaktiva \u00e5tg\u00e4rder f\u00f6r att f\u00f6rebygga cyberincidenter och skydda kritisk infrastruktur.<\/p>\n<p><strong>Hur man kan t\u00e4nka inf\u00f6r en implementering<\/strong><br \/>\nVid implementering av NIS2 \u00e4r det avg\u00f6rande att kartl\u00e4gga verksamhetens specifika risker och behov. Planeringen b\u00f6r inkludera en \u00f6versikt \u00f6ver tekniska och organisatoriska \u00e5tg\u00e4rder samt en strategi f\u00f6r att \u00f6vervaka och anpassa s\u00e4kerhetsrutinerna.<\/p>\n<p><strong>F\u00f6rberedelse f\u00f6r de statliga direktiven<\/strong><br \/>\nF\u00f6r att f\u00f6lja de nya statliga direktiven kr\u00e4vs en tydlig f\u00f6rst\u00e5else f\u00f6r b\u00e5de kraven i NIS2 och nationella riktlinjer. Organisationen b\u00f6r arbeta med kontinuerlig utbildning, processer och verktyg som st\u00f6der regeluppfyllnad.<\/p>\n<p><strong>Rutiner i aktuell verksamhetsmilj\u00f6 f\u00f6r NIS och CER och progressiva nya rutiner och principer<\/strong><br \/>\nDet \u00e4r viktigt att bed\u00f6ma och uppdatera befintliga rutiner f\u00f6r NIS och CER (Cyber Emergency Response) i linje med de senaste kraven. Samtidigt b\u00f6r organisationen utveckla fram\u00e5tsyftande principer som g\u00f6r det enklare att hantera kommande cybers\u00e4kerhetsutmaningar.<\/p>\n<p><strong>Cybers\u00e4kerhet och Riskhantering<\/strong><br \/>\nEn effektiv riskhantering kr\u00e4ver ett integrerat angreppss\u00e4tt d\u00e4r cybers\u00e4kerhet prioriteras genom riskidentifiering, f\u00f6rebyggande \u00e5tg\u00e4rder och regelbunden riskbed\u00f6mning f\u00f6r att skydda verksamheten mot cyberhot och s\u00e4kerst\u00e4lla verksamhetens kontinuitet.<\/p>\n<p><strong>Workshopen levereras som f\u00f6retagsintern utbildning med fokus er som arbetar i ledning\/styrelse och har ansvar f\u00f6r den \u00f6vergripande f\u00f6rst\u00e5elsen f\u00f6r omr\u00e5det.<\/strong><\/p>\n<p>Genomf\u00f6rd utbildning intygar att deltagaren har erh\u00e5llit dokumenterad kunskap om NIS2-direktivet och cybers\u00e4kerhetslagen, med s\u00e4rskilt fokus p\u00e5 ledningens ansvar, styrning och krav p\u00e5 efterlevnad. Deltagaren har \u00e4ven tillgodogjort sig praktiska metoder f\u00f6r riskbed\u00f6mning, etablering av styrande processer samt implementering av ett systematiskt cybers\u00e4kerhetsarbete i enlighet med g\u00e4llande regelverk. Vidare har deltagaren utvecklat kompetens f\u00f6r att leda och f\u00f6lja upp organisationens arbete med informationss\u00e4kerhet, kontinuerlig f\u00f6rb\u00e4ttring och regelefterlevnad.<\/p>\n<p><!--StartFragment --><\/p>\n<p class=\"pf0\"><strong><span class=\"cf0\">NIS2 har lagkrav p\u00e5 utbildning inom omr\u00e5det informations- och cybers\u00e4kerhet. <\/span><\/strong><\/p>\n<p class=\"pf0\"><span class=\"cf0\">Det \u00e4r inte ovanligt att f\u00f6rsta v\u00e4gen in f\u00f6r en attack \u00e4r via m\u00e4nniskor som blir lurade till att klicka p\u00e5 en l\u00e4nk, \u00f6ppna bilagor eller p\u00e5 annat s\u00e4tt f\u00f6renkla en attack. Det \u00e4r d\u00e4rf\u00f6r viktigt att s\u00e4kerst\u00e4lla att vi levande varelser \u00e4r inkluderade i det arbete som g\u00f6rs f\u00f6r att f\u00f6rst\u00e4rka s\u00e4kerheten.<\/span><\/p>\n<p class=\"pf0\"><span class=\"cf0\">NIS2 samt den svenska lagen om Cybers\u00e4kerhet har tagit fasta p\u00e5 detta genom att l\u00e4gga in tv\u00e5 krav kring utbildning inom omr\u00e5det informations- och cybers\u00e4kerhet. I NIS2 direktivet \u00e4r detta reglerat i Artikel 20 genom f\u00f6ljande tv\u00e5 delar:<\/span><\/p>\n<blockquote>\n<p class=\"pf0\"><span class=\"cf0\">\u201cs\u00e4kerst\u00e4lla att medlemmarna i v\u00e4sentliga och viktiga entiteters ledningsorgan \u00e4r skyldiga att genomg\u00e5 utbildning\u201d<\/span><\/p>\n<p class=\"pf0\"><span class=\"cf0\">\u201coch ska uppmuntra v\u00e4sentliga och viktiga entiteter att regelbundet erbjuda liknande utbildning till sina anst\u00e4llda f\u00f6r att de ska f\u00e5 tillr\u00e4ckligt med kunskap och kompetens\u201d<\/span><\/p>\n<\/blockquote>\n<p class=\"pf0\"><span class=\"cf0\">I lagen om Cybers\u00e4kerhet st\u00e4lls ett tydligt krav kring erbjudande av utbildning till anst\u00e4llda i 3 kap \u00a73<\/span><\/p>\n<blockquote>\n<p class=\"pf0\"><span class=\"cf0\">\u201cLedningen i enskilda och offentliga verksamheter ska genomg\u00e5 utbildning om riskhanterings\u00e5tg\u00e4rder och anst\u00e4llda ska erbjudas s\u00e5dan utbildning\u201d<\/span><\/p>\n<\/blockquote>\n<p class=\"pf0\"><span class=\"cf0\">Lagen \u00f6ppnar \u00e4ven f\u00f6r att ytterligare f\u00f6reskrifter kring utbildningen kan l\u00e4mnas av regeringen eller utsedd myndighet.<\/span><\/p>\n<h2><\/h2>\n","protected":false},"excerpt":{"rendered":"<p><strong>Denna workshop ger er ledning en helt\u00e4ckande \u00f6verblick \u00f6ver NIS2-direktivets krav och hur din organisation kan st\u00e4rka sin cybers\u00e4kerhet och efterleva de nya regelverken. Vi guidar dig genom praktiska steg f\u00f6r implementering, rutiner och riskhantering som rustar verksamheten f\u00f6r framtidens cyberutmaningar. <\/strong><\/p>\n<p>L\u00e4r dig hur ni strategiskt kan f\u00f6rbereda er inf\u00f6r statliga direktiv och s\u00e4kerst\u00e4lla kontinuerlig efterlevnad och skydd f\u00f6r kritiska tillg\u00e5ngar. Prim\u00e4r m\u00e5lgrupp f\u00f6r denna utbildning \u00e4r styrelse\/ledning med ansvar kring omr\u00e5det.<\/p>\n","protected":false},"featured_media":5419,"comment_status":"open","ping_status":"closed","template":"","meta":{"wds_primary_product_brand":0,"wds_primary_product_cat":0},"product_brand":[],"product_cat":[134,56,32,31,135],"product_tag":[],"class_list":{"0":"post-8810","1":"product","2":"type-product","3":"status-publish","4":"has-post-thumbnail","6":"product_cat-cyber-security","7":"product_cat-it-sakerhet","8":"product_cat-ledarskap","9":"product_cat-security","10":"product_cat-seminarium","12":"first","13":"instock","14":"taxable","15":"shipping-taxable","16":"purchasable","17":"product-type-simple"},"jetpack_sharing_enabled":true,"_links":{"self":[{"href":"https:\/\/republify.se\/index.php\/wp-json\/wp\/v2\/product\/8810","targetHints":{"allow":["GET"]}}],"collection":[{"href":"https:\/\/republify.se\/index.php\/wp-json\/wp\/v2\/product"}],"about":[{"href":"https:\/\/republify.se\/index.php\/wp-json\/wp\/v2\/types\/product"}],"replies":[{"embeddable":true,"href":"https:\/\/republify.se\/index.php\/wp-json\/wp\/v2\/comments?post=8810"}],"wp:featuredmedia":[{"embeddable":true,"href":"https:\/\/republify.se\/index.php\/wp-json\/wp\/v2\/media\/5419"}],"wp:attachment":[{"href":"https:\/\/republify.se\/index.php\/wp-json\/wp\/v2\/media?parent=8810"}],"wp:term":[{"taxonomy":"product_brand","embeddable":true,"href":"https:\/\/republify.se\/index.php\/wp-json\/wp\/v2\/product_brand?post=8810"},{"taxonomy":"product_cat","embeddable":true,"href":"https:\/\/republify.se\/index.php\/wp-json\/wp\/v2\/product_cat?post=8810"},{"taxonomy":"product_tag","embeddable":true,"href":"https:\/\/republify.se\/index.php\/wp-json\/wp\/v2\/product_tag?post=8810"}],"curies":[{"name":"wp","href":"https:\/\/api.w.org\/{rel}","templated":true}]}}