{"id":8771,"date":"2024-10-22T14:13:03","date_gmt":"2024-10-22T13:13:03","guid":{"rendered":"https:\/\/republify.se\/?post_type=product&#038;p=8771"},"modified":"2026-01-08T19:12:52","modified_gmt":"2026-01-08T18:12:52","slug":"agile-management","status":"publish","type":"product","link":"https:\/\/republify.se\/index.php\/produkt\/agile-management\/","title":{"rendered":"Agile Management"},"content":{"rendered":"<h3>Dag 1<\/h3>\n<p><strong>F\u00f6rmiddag:<\/strong><br \/>\nV\u00e4lkommen, presentation &amp; f\u00f6rv\u00e4ntningar<\/p>\n<p><strong>Agilt mindset \u2013 vad \u00e4r nyttan egentligen?<\/strong><br \/>\n&#8211; En f\u00f6r\u00e4nderlig och os\u00e4ker v\u00e4rld<br \/>\n&#8211; Hur kan agila principer hj\u00e4lpa organisationen?<\/p>\n<p><strong>Gemensam vision och m\u00e5lbild<\/strong><br \/>\n&#8211; Stakeholder management \u2013 hantera behov och f\u00f6rv\u00e4ntningar<br \/>\n&#8211; Effektkartl\u00e4ggning: Vilken effekt vill vi n\u00e5 och hur kan den m\u00e4tas<\/p>\n<p><strong>Eftermiddag: <\/strong><\/p>\n<p>Forts\u00e4ttning: Effektkartl\u00e4ggning &#8211; \u00f6vning<\/p>\n<p><strong>Prioriteringar<\/strong><\/p>\n<p>&#8211; Enas om prioriteringar<\/p>\n<p>Estimat; v\u00e4rde vs kostnad I en \u00f6vning kommer vi att utg\u00e5 fr\u00e5n ett verkligt exempel, d\u00e4r deltagarna f\u00e5r enas om hur v\u00e4rdet respektive anstr\u00e4ngningen\/kostnaden rankas. Vi kommer att titta p\u00e5 olika tekniker som vi kan anv\u00e4nda. Syftet \u00e4r att hitta s\u00e4tt att f\u00e5 bra diskussioner kring vad som beh\u00f6ver prioriteras och vad vi inte b\u00f6r l\u00e4gga tid p\u00e5, och vad kostnaden kan bli om vi skjuter upp n\u00e5got.<\/p>\n<p><strong>Roadmap och milstolpar<\/strong><\/p>\n<p>&#8211; Vad har vi oss att f\u00f6rh\u00e5lla oss till? Strategiska och taktiska initiativ<br \/>\n&#8211; Visualisering<\/p>\n<p>&nbsp;<\/p>\n<h3>Dag 2:<\/h3>\n<p><strong>F\u00f6rmiddag: Samarbete<\/strong><\/p>\n<p>&#8211; Det n\u00e4ra samarbetet i iterationer, att involvera olika intressenter tv\u00e4rs genom organisationen<br \/>\n&#8211; Roller och ansvar<br \/>\n&#8211; Fl\u00f6deseffektivitet som tankemodell &#8211; f\u00f6r vem skapar vi v\u00e4rde<\/p>\n<p><strong>Meningsfulla inkrement<\/strong><\/p>\n<p>&#8211; Story mapping f\u00f6r meningsfulla inkrement<br \/>\n&#8211; Flow \u2013 hur f\u00e5 effektivitet i det dagliga arbetet<\/p>\n<p><strong>Eftermiddag: M\u00e4tv\u00e4rden och uppf\u00f6ljning<\/strong><\/p>\n<p>&#8211; Hur skapa fokus och effektivitet n\u00e4r allt m\u00e5ste ske samtidigt<br \/>\n&#8211; Kontinuerliga f\u00f6rb\u00e4ttringar i leverans och arbetss\u00e4tt<\/p>\n<p><strong>Kommunikation och kultur<\/strong><\/p>\n<p>&#8211; Kommunikation, tydlighet, transparens<br \/>\n&#8211; Arbetsplatskulturens vikt f\u00f6r innovation och framg\u00e5ng<br \/>\n&#8211; Summering, reflektion<\/p>\n<p>&nbsp;<\/p>\n<h3>Kursen levereras i samarbete med WhyMatters<\/h3>\n","protected":false},"excerpt":{"rendered":"<p><strong>I dagens snabbt f\u00f6r\u00e4nderliga aff\u00e4rslandskap \u00e4r det avg\u00f6rande att ledare och f\u00f6retagsledningar f\u00f6rst\u00e5r och anammar agila metoder. Genom att omfamna agilitet kan ledningen b\u00e4ttre st\u00f6dja sina team, fr\u00e4mja innovation och skapa flexibilitet i beslutsfattandet. <\/strong><\/p>\n<p>Agila arbetss\u00e4tt hj\u00e4lper organisationer att snabbt anpassa sig till f\u00f6r\u00e4ndrade marknadsf\u00f6rh\u00e5llanden, f\u00f6rb\u00e4ttra kundfokus och s\u00e4kerst\u00e4lla leverans av h\u00f6gkvalitativa produkter och tj\u00e4nster. F\u00f6r att driva framg\u00e5ng och l\u00e5ngsiktig tillv\u00e4xt kr\u00e4vs att ledningen inte bara \u00e4r insatt i agila principer, utan ocks\u00e5 aktivt engagerar sig i att implementera dem i hela organisationen<\/p>\n","protected":false},"featured_media":7255,"comment_status":"open","ping_status":"closed","template":"","meta":{"wds_primary_product_brand":0,"wds_primary_product_cat":0},"product_brand":[],"product_cat":[33,32,28],"product_tag":[],"class_list":{"0":"post-8771","1":"product","2":"type-product","3":"status-publish","4":"has-post-thumbnail","6":"product_cat-agila-metoder","7":"product_cat-ledarskap","8":"product_cat-teamship","10":"first","11":"instock","12":"taxable","13":"shipping-taxable","14":"purchasable","15":"product-type-simple"},"jetpack_sharing_enabled":true,"_links":{"self":[{"href":"https:\/\/republify.se\/index.php\/wp-json\/wp\/v2\/product\/8771","targetHints":{"allow":["GET"]}}],"collection":[{"href":"https:\/\/republify.se\/index.php\/wp-json\/wp\/v2\/product"}],"about":[{"href":"https:\/\/republify.se\/index.php\/wp-json\/wp\/v2\/types\/product"}],"replies":[{"embeddable":true,"href":"https:\/\/republify.se\/index.php\/wp-json\/wp\/v2\/comments?post=8771"}],"wp:featuredmedia":[{"embeddable":true,"href":"https:\/\/republify.se\/index.php\/wp-json\/wp\/v2\/media\/7255"}],"wp:attachment":[{"href":"https:\/\/republify.se\/index.php\/wp-json\/wp\/v2\/media?parent=8771"}],"wp:term":[{"taxonomy":"product_brand","embeddable":true,"href":"https:\/\/republify.se\/index.php\/wp-json\/wp\/v2\/product_brand?post=8771"},{"taxonomy":"product_cat","embeddable":true,"href":"https:\/\/republify.se\/index.php\/wp-json\/wp\/v2\/product_cat?post=8771"},{"taxonomy":"product_tag","embeddable":true,"href":"https:\/\/republify.se\/index.php\/wp-json\/wp\/v2\/product_tag?post=8771"}],"curies":[{"name":"wp","href":"https:\/\/api.w.org\/{rel}","templated":true}]}}