{"id":8638,"date":"2024-10-14T08:40:47","date_gmt":"2024-10-14T07:40:47","guid":{"rendered":"https:\/\/republify.se\/?post_type=product&#038;p=8638"},"modified":"2026-01-08T19:14:10","modified_gmt":"2026-01-08T18:14:10","slug":"itil4-specialist-create-deliver-support-itil4-cds","status":"publish","type":"product","link":"https:\/\/republify.se\/index.php\/produkt\/itil4-specialist-create-deliver-support-itil4-cds\/","title":{"rendered":"ITIL\u00ae4 Specialist: Create, Deliver &#038; Support (ITIL\u00ae4 CDS)"},"content":{"rendered":"<h4 class=\"course-overview__title\">Is This The Right Course?<\/h4>\n<div class=\"editor\">\n<p>Candidates must hold the ITIL 4 Foundation certificate.<\/p>\n<\/div>\n<h4 class=\"course-overview__title\">Who Should Attend?<\/h4>\n<div class=\"editor\">\n<ul>\n<li>Individuals continuing their journey in service management<\/li>\n<li>ITSM managers and aspiring ITSM managers<\/li>\n<li>ITSM practitioners managing the operation of IT-enabled &amp; digital products and services, and those responsible for the end-to-end delivery<\/li>\n<\/ul>\n<div>\n<h4 class=\"course-overview__title\">What You&#8217;ll Learn<\/h4>\n<\/div>\n<div class=\"course-overview__content\">\n<div class=\"editor\">\n<ul>\n<li>Understand how to plan and build a service value stream to create, deliver and support services<\/li>\n<li>Know how relevant ITIL 4 practices contribute to creation, delivery and support across the SVS and value streams<\/li>\n<li>Know how to create, deliver and support services<\/li>\n<li>Preparation to sit the ITIL 4 Create, Deliver, Support examination<\/li>\n<li>Understand the role of governance, risk and compliance and how to integrate the principles and methods into the service value system<\/li>\n<li>Understand and know how to use the key principles and methods of Organizational Change Management to direction, planning and improvement<\/li>\n<li>Preparation to sit the ITIL 4 foundation examination<\/li>\n<\/ul>\n<div>\n<h4 class=\"course-overview__title\">Course Outline<\/h4>\n<\/div>\n<div class=\"course-overview__content\">\n<section id=\"outline-182668\" data-title=\"Classroom Live Outline\">\n<div class=\"editor\">\n<ul>\n<li>Understand the concepts and challenges relating to the following across the service value system:\n<ul>\n<li>Organisational structure<\/li>\n<li>Integrated\/collaborative teams<\/li>\n<li>Team capabilities, roles, competencies<\/li>\n<li>Team culture and differences<\/li>\n<li>Working to a customer-orientated mindset<\/li>\n<li>Employee satisfaction management<\/li>\n<li>The value of positive communications<\/li>\n<\/ul>\n<\/li>\n<li>\u00a0Understand how to use a \u2018shift left\u2019 approach<\/li>\n<li>Know how to plan and manage resources in the service value system:\n<ul>\n<li>Team collaboration and integration<\/li>\n<li>Workforce planning<\/li>\n<li>Results based measuring and reporting<\/li>\n<li>The culture of continual improvement<\/li>\n<\/ul>\n<\/li>\n<li>Understand the use and value of information and technology across the service value system:\n<ul>\n<li>Integrated service management toolsets<\/li>\n<li>Integration and data sharing<\/li>\n<li>Reporting and advanced analytics<\/li>\n<li>Collaboration and workflow<\/li>\n<li>Robotic process automation (RPA)<\/li>\n<li>Artificial intelligence and machine learning<\/li>\n<li>Continuous integration and delivery\/deployment (CI\/CD)<\/li>\n<li>Information models<\/li>\n<\/ul>\n<\/li>\n<li>Know how to use a value stream to design, develop and transition new services<\/li>\n<li>Know how the following ITIL practices contribute to a value stream for a new service:\n<ul>\n<li>Service design<\/li>\n<li>Software development and Management<\/li>\n<li>Deployment management<\/li>\n<li>Release management<\/li>\n<li>Service Validation and testing<\/li>\n<li>Change Enablement<\/li>\n<\/ul>\n<\/li>\n<li>Know how to use a value stream to provide user support<\/li>\n<li>Know how the following ITIL practices contribute to a value stream for user support:\n<ul>\n<li>Service desk<\/li>\n<li>Incident management<\/li>\n<li>Problem management<\/li>\n<li>Knowledge management<\/li>\n<li>Service level management<\/li>\n<li>Monitoring and event management<\/li>\n<\/ul>\n<\/li>\n<li>Know how to co-ordinate, prioritize and structure work and activities to create deliver and support services, including:\n<ul>\n<li>Managing queues and backlogs<\/li>\n<li>Prioritizing work<\/li>\n<\/ul>\n<\/li>\n<li>Understand the use and value of the following across the service value system:\n<ul>\n<li>Buy vs build considerations<\/li>\n<li>Sourcing options<\/li>\n<li>Service integration and management (SIAM)<\/li>\n<\/ul>\n<\/li>\n<\/ul>\n<\/div>\n<\/section>\n<\/div>\n<\/div>\n<\/div>\n<\/div>\n<p>&nbsp;<\/p>\n<p><em>Acknowledgements. ITIL\u00ae is a registered trademark of the PeopleCert group. Used under licence from PeopleCert. All rights reserved.<\/em><br \/>\n<em>Accredited ITIL 4 training is provided by Brivalo, accredited by Peoplecert.<\/em><\/p>\n<p>&nbsp;<\/p>\n<h3>Kursen levereras i samarbete med Brivalo<\/h3>\n","protected":false},"excerpt":{"rendered":"<p class=\"sqsrte-large preFade fadeIn\">Denna kurs utg\u00f6r en naturlig forts\u00e4ttning p\u00e5 ITIL 4 Foundation f\u00f6r alla p\u00e5 en IT-avdelning, och rekommenderas som ett f\u00f6rsta steg att bygga vidare utifr\u00e5n Foundation-plattformen<\/p>\n<p class=\"sqsrte-large preFade fadeIn\">I kurspriset ing\u00e5r \u00e4ven en certifieringsvoucher<\/p>\n","protected":false},"featured_media":2641,"comment_status":"open","ping_status":"closed","template":"","meta":{"wds_primary_product_brand":0,"wds_primary_product_cat":0},"product_brand":[],"product_cat":[30,52],"product_tag":[],"class_list":{"0":"post-8638","1":"product","2":"type-product","3":"status-publish","4":"has-post-thumbnail","6":"product_cat-business","7":"product_cat-itil","9":"first","10":"instock","11":"taxable","12":"shipping-taxable","13":"purchasable","14":"product-type-simple"},"jetpack_sharing_enabled":true,"_links":{"self":[{"href":"https:\/\/republify.se\/index.php\/wp-json\/wp\/v2\/product\/8638","targetHints":{"allow":["GET"]}}],"collection":[{"href":"https:\/\/republify.se\/index.php\/wp-json\/wp\/v2\/product"}],"about":[{"href":"https:\/\/republify.se\/index.php\/wp-json\/wp\/v2\/types\/product"}],"replies":[{"embeddable":true,"href":"https:\/\/republify.se\/index.php\/wp-json\/wp\/v2\/comments?post=8638"}],"wp:featuredmedia":[{"embeddable":true,"href":"https:\/\/republify.se\/index.php\/wp-json\/wp\/v2\/media\/2641"}],"wp:attachment":[{"href":"https:\/\/republify.se\/index.php\/wp-json\/wp\/v2\/media?parent=8638"}],"wp:term":[{"taxonomy":"product_brand","embeddable":true,"href":"https:\/\/republify.se\/index.php\/wp-json\/wp\/v2\/product_brand?post=8638"},{"taxonomy":"product_cat","embeddable":true,"href":"https:\/\/republify.se\/index.php\/wp-json\/wp\/v2\/product_cat?post=8638"},{"taxonomy":"product_tag","embeddable":true,"href":"https:\/\/republify.se\/index.php\/wp-json\/wp\/v2\/product_tag?post=8638"}],"curies":[{"name":"wp","href":"https:\/\/api.w.org\/{rel}","templated":true}]}}