{"id":8620,"date":"2024-10-10T08:41:15","date_gmt":"2024-10-10T07:41:15","guid":{"rendered":"https:\/\/republify.se\/?post_type=product&#038;p=8620"},"modified":"2026-01-08T19:17:27","modified_gmt":"2026-01-08T18:17:27","slug":"agil-produktagare","status":"publish","type":"product","link":"https:\/\/republify.se\/index.php\/produkt\/agil-produktagare\/","title":{"rendered":"Agil Produkt\u00e4gare"},"content":{"rendered":"<p><strong>Dag 1<\/strong><br \/>\nV\u00e4lkomna, deltagare och f\u00f6rv\u00e4ntningar<\/p>\n<p>\u2022 Hur team kan leverera v\u00e4rde till sina kunder och organisation<br \/>\n\u2022 Agila principer och verkligheten<br \/>\n\u2022 F\u00f6rst\u00e5 hur v\u00e5rt dagliga arbete kopplas tillbaka till principerna<br \/>\n\u2022 Agila ramverk \u2013 vad hj\u00e4lper oss i v\u00e5r kontext?<\/p>\n<p><strong>LUNCH<\/strong><\/p>\n<p>\u2022 F\u00f6rst\u00e5 os\u00e4kerhet och komplexitet i produktleverans<br \/>\n\u2022 Delad f\u00f6rst\u00e5else av vision och m\u00e5l<br \/>\n\u2022 Vilken p\u00e5verkan s\u00f6ker vi? Impact mapping<\/p>\n<p>\u2022 Samarbete<br \/>\no Behov<br \/>\no V\u00e4gkartl\u00e4ggning<br \/>\no Feedbackloopar<\/p>\n<p><strong>Dag 2<\/strong><br \/>\nSammanfattning fr\u00e5n dag 1<\/p>\n<p>\u2022 Produkt\u00e4garrollen och egenskaper<br \/>\n\u2022 Veta hur man anv\u00e4nder Produktbackloggen f\u00f6r att planera med agilitet<br \/>\n\u2022 Strategiskt och taktiskt, nyutveckling och teknisk skuld \u2013 hur ska man t\u00e4nka?<\/p>\n<p><strong>LUNCH<\/strong><\/p>\n<p>\u2022 F\u00f6rst\u00e5 vikten av sj\u00e4lvstyrning<\/p>\n<p>&nbsp;<\/p>\n<h3>Kursen levereras i samarbete med WhyMatters<\/h3>\n","protected":false},"excerpt":{"rendered":"<p><strong>I en agil organisation \u00e4r produkt\u00e4garen ansvarig f\u00f6r att prioritera och st\u00f6tta utvecklingsteamets uppgifter samt s\u00e4kerst\u00e4lla att arbetsgivaren f\u00e5r ut s\u00e5 mycket v\u00e4rde som m\u00f6jligt fr\u00e5n teamets arbete. Du kan se en agil produkt\u00e4gare som projektledaren f\u00f6r produktens utveckling med ett agilt arbetss\u00e4tt.<\/strong><\/p>\n<p>Denna tv\u00e5dagarsutbildning g\u00e5r igenom f\u00f6rv\u00e4ntningar och ansvar i en agil process, hur det dagliga arbetet alltid kan f\u00f6ljas tillbaka till utvalda processer och hur vi skapar en gemensam syn p\u00e5 detta.<\/p>\n","protected":false},"featured_media":7258,"comment_status":"open","ping_status":"closed","template":"","meta":{"wds_primary_product_brand":0,"wds_primary_product_cat":0},"product_brand":[],"product_cat":[33,32,28],"product_tag":[],"class_list":{"0":"post-8620","1":"product","2":"type-product","3":"status-publish","4":"has-post-thumbnail","6":"product_cat-agila-metoder","7":"product_cat-ledarskap","8":"product_cat-teamship","10":"first","11":"instock","12":"taxable","13":"shipping-taxable","14":"purchasable","15":"product-type-simple"},"jetpack_sharing_enabled":true,"_links":{"self":[{"href":"https:\/\/republify.se\/index.php\/wp-json\/wp\/v2\/product\/8620","targetHints":{"allow":["GET"]}}],"collection":[{"href":"https:\/\/republify.se\/index.php\/wp-json\/wp\/v2\/product"}],"about":[{"href":"https:\/\/republify.se\/index.php\/wp-json\/wp\/v2\/types\/product"}],"replies":[{"embeddable":true,"href":"https:\/\/republify.se\/index.php\/wp-json\/wp\/v2\/comments?post=8620"}],"wp:featuredmedia":[{"embeddable":true,"href":"https:\/\/republify.se\/index.php\/wp-json\/wp\/v2\/media\/7258"}],"wp:attachment":[{"href":"https:\/\/republify.se\/index.php\/wp-json\/wp\/v2\/media?parent=8620"}],"wp:term":[{"taxonomy":"product_brand","embeddable":true,"href":"https:\/\/republify.se\/index.php\/wp-json\/wp\/v2\/product_brand?post=8620"},{"taxonomy":"product_cat","embeddable":true,"href":"https:\/\/republify.se\/index.php\/wp-json\/wp\/v2\/product_cat?post=8620"},{"taxonomy":"product_tag","embeddable":true,"href":"https:\/\/republify.se\/index.php\/wp-json\/wp\/v2\/product_tag?post=8620"}],"curies":[{"name":"wp","href":"https:\/\/api.w.org\/{rel}","templated":true}]}}