{"id":8589,"date":"2024-09-26T10:41:39","date_gmt":"2024-09-26T09:41:39","guid":{"rendered":"https:\/\/republify.se\/?post_type=product&#038;p=8589"},"modified":"2026-01-08T19:18:13","modified_gmt":"2026-01-08T18:18:13","slug":"spring-boot-introduction","status":"publish","type":"product","link":"https:\/\/republify.se\/index.php\/produkt\/spring-boot-introduction\/","title":{"rendered":"Spring Boot Introduction"},"content":{"rendered":"<div class=\"wpb_text_column wpb_content_element \">\n<div class=\"wpb_wrapper\">\n<div class=\"wpb_text_column wpb_content_element \">\n<div class=\"wpb_wrapper\">\n<div class=\"wpb_text_column wpb_content_element \">\n<div class=\"wpb_wrapper\"><strong>M\u00e5lgrupp:<\/strong><\/div>\n<\/div>\n<\/div>\n<\/div>\n<\/div>\n<\/div>\n<div class=\"wpb_text_column wpb_content_element \">\n<div class=\"wpb_wrapper\">\n<p>Javautvecklare som beh\u00f6ver en riktigt bra introduktion till Spring Boot<\/p>\n<p><strong>F\u00f6rkunskaper:<\/strong><\/p>\n<p>Programmeringskunskaper i Java<\/p>\n<h2><\/h2>\n<h2 class=\"vcex-heading vcex-module wpex-text-2xl wpex-font-normal wpex-m-auto wpex-max-w-100 vcex-heading-bottom-border-w-color wpex-h2 wpex-block vc_custom_1709402969330 wpex-border-b-2 wpex-border-solid wpex-border-main\"><span class=\"vcex-heading-inner wpex-inline-block wpex-clr wpex-relative wpex-pb-5 wpex-border-b-2 wpex-border-solid wpex-border-accent\">Uppl\u00e4gg<\/span><\/h2>\n<div class=\"wpb_text_column wpb_content_element \">\n<div class=\"wpb_wrapper\">M\u00e5let \u00e4r att ge en praktisk introduktion till de viktigaste delarna av Spring Boot. Man kanske inte blir expert p\u00e5 allt inom Spring Boot (d\u00e5 rekommenderas ist\u00e4llet den l\u00e4ngre kursen, men du f\u00e5r en praktisk introduktion till allt det viktigaste. Kanske kan man utv\u00e4rdera om Spring Boot \u00e4r n\u00e5gonting man ska satsa vidare p\u00e5, och i s\u00e5 fall finns det flera andra utbildningsalternativ f\u00f6r att l\u00e4ra sig mer.<\/div>\n<div><\/div>\n<div>Alla koncept introduceras med ett kort teoripass, men s\u00e5 mycket tid som m\u00f6jligt l\u00e4gger vi p\u00e5 att verkligen l\u00e4ra oss anv\u00e4nda dessa koncept genom l\u00e4rarledda \u00f6vningar.<\/div>\n<div><\/div>\n<div><\/div>\n<\/div>\n<div>\n<div class=\"wpb_text_column wpb_content_element vc_custom_1724680835139\">\n<div class=\"wpb_wrapper\">\n<ul>\n<li>Introduktion till Spring Boot<\/li>\n<li>Skapa en enkel Spring Boot-applikation (Crash course)<\/li>\n<li>Spring Boot Auto-configuration<\/li>\n<li>Skapa webbapplikationer med Spring MVC<\/li>\n<li>Anv\u00e4nda databaser med Spring Data JPA<\/li>\n<li>Testning med Unit Tests och Integration Tests<\/li>\n<li>Skapa ett REST API<\/li>\n<li>Hantera Spring beans och Dependency Injection<\/li>\n<li>Effektiv anv\u00e4ndning av Spring Boot<\/li>\n<\/ul>\n<\/div>\n<\/div>\n<h2><\/h2>\n<h2 class=\"vcex-heading vcex-module wpex-text-2xl wpex-font-normal wpex-m-auto wpex-max-w-100 vcex-heading-bottom-border-w-color wpex-h2 wpex-block vc_custom_1709402980307 wpex-border-b-2 wpex-border-solid wpex-border-main\"><span class=\"vcex-heading-inner wpex-inline-block wpex-clr wpex-relative wpex-pb-5 wpex-border-b-2 wpex-border-solid wpex-border-accent\">L\u00e4rom\u00e5l<\/span><\/h2>\n<div class=\"wpb_text_column wpb_content_element \">\n<div class=\"wpb_wrapper\">\n<ul>\n<li>Teamet kommer att l\u00e4mna kursen med praktisk erfarenhet och m\u00e5nga egna kodexempel som en introduktion till Spring Boot.<\/li>\n<li>Deltagare kommer att veta hur de anv\u00e4nder Spring Boot f\u00f6r att skapa webbapplikationer eller REST APIer<\/li>\n<li>De kommer \u00e4ven veta hur man anv\u00e4nder Spring Data JPA f\u00f6r att enkelt koppla Spring Boot-applikationen till databaser<\/li>\n<\/ul>\n<\/div>\n<\/div>\n<\/div>\n<\/div>\n<div><\/div>\n<\/div>\n<p>&nbsp;<\/p>\n<h3>Utbildningen genomf\u00f6rs i samarbete med Actlea<\/h3>\n","protected":false},"excerpt":{"rendered":"<p><strong>Den h\u00e4r workshopen ger en snabb introduktion till Spring Boot genom praktiska \u00f6vningar.<\/strong><\/p>\n<p>Vi k\u00f6r ig\u00e5ng direkt med en crash course d\u00e4r vi skapar enkla Spring Boot-applikationer och g\u00e5r sedan vidare till hur man skapar webbapplikationer och REST APIer med Spring MVC. Vi g\u00e5r igenom hur Spring Boot fungerar och hur man kopplar upp sig mot databaser med Spring Data JPA.<\/p>\n","protected":false},"featured_media":5593,"comment_status":"open","ping_status":"closed","template":"","meta":{"wds_primary_product_brand":0,"wds_primary_product_cat":0},"product_brand":[],"product_cat":[73,188,29,70],"product_tag":[],"class_list":{"0":"post-8589","1":"product","2":"type-product","3":"status-publish","4":"has-post-thumbnail","6":"product_cat-java","7":"product_cat-spring","8":"product_cat-technical","9":"product_cat-testledning","11":"first","12":"instock","13":"taxable","14":"shipping-taxable","15":"purchasable","16":"product-type-simple"},"jetpack_sharing_enabled":true,"_links":{"self":[{"href":"https:\/\/republify.se\/index.php\/wp-json\/wp\/v2\/product\/8589","targetHints":{"allow":["GET"]}}],"collection":[{"href":"https:\/\/republify.se\/index.php\/wp-json\/wp\/v2\/product"}],"about":[{"href":"https:\/\/republify.se\/index.php\/wp-json\/wp\/v2\/types\/product"}],"replies":[{"embeddable":true,"href":"https:\/\/republify.se\/index.php\/wp-json\/wp\/v2\/comments?post=8589"}],"wp:featuredmedia":[{"embeddable":true,"href":"https:\/\/republify.se\/index.php\/wp-json\/wp\/v2\/media\/5593"}],"wp:attachment":[{"href":"https:\/\/republify.se\/index.php\/wp-json\/wp\/v2\/media?parent=8589"}],"wp:term":[{"taxonomy":"product_brand","embeddable":true,"href":"https:\/\/republify.se\/index.php\/wp-json\/wp\/v2\/product_brand?post=8589"},{"taxonomy":"product_cat","embeddable":true,"href":"https:\/\/republify.se\/index.php\/wp-json\/wp\/v2\/product_cat?post=8589"},{"taxonomy":"product_tag","embeddable":true,"href":"https:\/\/republify.se\/index.php\/wp-json\/wp\/v2\/product_tag?post=8589"}],"curies":[{"name":"wp","href":"https:\/\/api.w.org\/{rel}","templated":true}]}}