{"id":8588,"date":"2024-09-26T10:37:13","date_gmt":"2024-09-26T09:37:13","guid":{"rendered":"https:\/\/republify.se\/?post_type=product&#038;p=8588"},"modified":"2026-01-08T19:18:36","modified_gmt":"2026-01-08T18:18:36","slug":"create-a-spring-boot-rest-api","status":"publish","type":"product","link":"https:\/\/republify.se\/index.php\/produkt\/create-a-spring-boot-rest-api\/","title":{"rendered":"Create a Spring Boot REST API"},"content":{"rendered":"<div class=\"wpb_text_column wpb_content_element \">\n<div class=\"wpb_wrapper\">\n<div class=\"wpb_text_column wpb_content_element \">\n<div class=\"wpb_wrapper\">\n<div class=\"wpb_text_column wpb_content_element \">\n<div class=\"wpb_wrapper\"><strong>M\u00e5lgrupp:<\/strong><\/div>\n<\/div>\n<\/div>\n<\/div>\n<\/div>\n<\/div>\n<div class=\"wpb_text_column wpb_content_element \">\n<div class=\"wpb_wrapper\">\n<p>Javaprogrammerare som beh\u00f6ver f\u00e5 en praktisk introduktion till hur man skapar webbapplikationer med Spring MVC och Thymeleaf<\/p>\n<p><strong>F\u00f6rkunskaper:<\/strong><\/p>\n<p>Programmeringskunskaper i Java<\/p>\n<h2><\/h2>\n<h2 class=\"vcex-heading vcex-module wpex-text-2xl wpex-font-normal wpex-m-auto wpex-max-w-100 vcex-heading-bottom-border-w-color wpex-h2 wpex-block vc_custom_1709402969330 wpex-border-b-2 wpex-border-solid wpex-border-main\"><span class=\"vcex-heading-inner wpex-inline-block wpex-clr wpex-relative wpex-pb-5 wpex-border-b-2 wpex-border-solid wpex-border-accent\">Uppl\u00e4gg<\/span><\/h2>\n<div class=\"wpb_text_column wpb_content_element \">\n<div class=\"wpb_wrapper\">\n<p>Vi kommer att skapa ett REST API som integrerar med en databas genom Spring Data JPA, och vi kommer \u00e4ven att anropa ett REST API med hj\u00e4lp av REST Client.<\/p>\n<p>Alla koncept introduceras med ett kort teoripass, men mest tid l\u00e4gger vi p\u00e5 att verkligen l\u00e4ra oss anv\u00e4nda dessa koncept genom l\u00e4rarledda \u00f6vningar.<\/p>\n<\/div>\n<\/div>\n<\/div>\n<div class=\"wpb_text_column wpb_content_element vc_custom_1724691198687\">\n<div class=\"wpb_wrapper\">\n<ul>\n<li>Introduktion till Spring Boot<\/li>\n<li>REST API med @RestController<\/li>\n<li>Spring Data JPA<\/li>\n<li>Spring Data REST<\/li>\n<li>Anv\u00e4nda REST API med REST Client<\/li>\n<\/ul>\n<\/div>\n<\/div>\n<h2><\/h2>\n<h2 class=\"vcex-heading vcex-module wpex-text-2xl wpex-font-normal wpex-m-auto wpex-max-w-100 vcex-heading-bottom-border-w-color wpex-h2 wpex-block vc_custom_1709402980307 wpex-border-b-2 wpex-border-solid wpex-border-main\"><span class=\"vcex-heading-inner wpex-inline-block wpex-clr wpex-relative wpex-pb-5 wpex-border-b-2 wpex-border-solid wpex-border-accent\">L\u00e4rom\u00e5l<\/span><\/h2>\n<div class=\"wpb_text_column wpb_content_element \">\n<div class=\"wpb_wrapper\">\n<ul>\n<li>Teamet kommer att l\u00e4mna kursen med praktisk erfarenhet och m\u00e5nga egna kodexempel av att bygga ett REST API med Spring Boot<\/li>\n<li>Man kommer \u00e4ven att kunna integrera med en databas genom Spring Data JPA.<\/li>\n<li>Deltagare kommer \u00e4ven att ha praktisk kunskap om hur man anv\u00e4nder REST Client f\u00f6r att anropa ett REST API<\/li>\n<\/ul>\n<\/div>\n<\/div>\n<\/div>\n<p>&nbsp;<\/p>\n<h3>Utbildningen genomf\u00f6rs i samarbete med Actlea<\/h3>\n","protected":false},"excerpt":{"rendered":"<p><strong>Den h\u00e4r workshopen ger praktisk introduktion till att skapa och anropa REST API med Spring Boot.<\/strong><\/p>\n<p>M\u00e5let \u00e4r att skapa en snabb och praktisk introduktion till att skapa och anropa REST API med Spring Boot. Om man vill f\u00f6rdjupa sig mer i \u00e4mnet rekommenderas v\u00e5r f\u00f6rdjupningsutbildning.<\/p>\n","protected":false},"featured_media":6298,"comment_status":"open","ping_status":"closed","template":"","meta":{"wds_primary_product_brand":0,"wds_primary_product_cat":0},"product_brand":[],"product_cat":[73,188,29,70],"product_tag":[],"class_list":{"0":"post-8588","1":"product","2":"type-product","3":"status-publish","4":"has-post-thumbnail","6":"product_cat-java","7":"product_cat-spring","8":"product_cat-technical","9":"product_cat-testledning","11":"first","12":"instock","13":"taxable","14":"shipping-taxable","15":"purchasable","16":"product-type-simple"},"jetpack_sharing_enabled":true,"_links":{"self":[{"href":"https:\/\/republify.se\/index.php\/wp-json\/wp\/v2\/product\/8588","targetHints":{"allow":["GET"]}}],"collection":[{"href":"https:\/\/republify.se\/index.php\/wp-json\/wp\/v2\/product"}],"about":[{"href":"https:\/\/republify.se\/index.php\/wp-json\/wp\/v2\/types\/product"}],"replies":[{"embeddable":true,"href":"https:\/\/republify.se\/index.php\/wp-json\/wp\/v2\/comments?post=8588"}],"wp:featuredmedia":[{"embeddable":true,"href":"https:\/\/republify.se\/index.php\/wp-json\/wp\/v2\/media\/6298"}],"wp:attachment":[{"href":"https:\/\/republify.se\/index.php\/wp-json\/wp\/v2\/media?parent=8588"}],"wp:term":[{"taxonomy":"product_brand","embeddable":true,"href":"https:\/\/republify.se\/index.php\/wp-json\/wp\/v2\/product_brand?post=8588"},{"taxonomy":"product_cat","embeddable":true,"href":"https:\/\/republify.se\/index.php\/wp-json\/wp\/v2\/product_cat?post=8588"},{"taxonomy":"product_tag","embeddable":true,"href":"https:\/\/republify.se\/index.php\/wp-json\/wp\/v2\/product_tag?post=8588"}],"curies":[{"name":"wp","href":"https:\/\/api.w.org\/{rel}","templated":true}]}}