{"id":8587,"date":"2024-09-26T10:31:49","date_gmt":"2024-09-26T09:31:49","guid":{"rendered":"https:\/\/republify.se\/?post_type=product&#038;p=8587"},"modified":"2026-01-08T19:19:11","modified_gmt":"2026-01-08T18:19:11","slug":"webapps-with-spring-mvc-and-thymeleaf","status":"publish","type":"product","link":"https:\/\/republify.se\/index.php\/produkt\/webapps-with-spring-mvc-and-thymeleaf\/","title":{"rendered":"Webapps with Spring MVC and Thymeleaf"},"content":{"rendered":"<div class=\"wpb_text_column wpb_content_element \">\n<div class=\"wpb_wrapper\">\n<div class=\"wpb_text_column wpb_content_element \">\n<div class=\"wpb_wrapper\">\n<div class=\"wpb_text_column wpb_content_element \">\n<div class=\"wpb_wrapper\"><\/div>\n<\/div>\n<\/div>\n<\/div>\n<\/div>\n<\/div>\n<div class=\"wpb_text_column wpb_content_element \">\n<div class=\"wpb_wrapper\">\n<p><strong>M\u00e5lgrupp:<\/strong><\/p>\n<p>Javaprogrammerare som beh\u00f6ver f\u00e5 en praktisk introduktion till hur man skapar webbapplikationer med Spring MVC och Thymeleaf<\/p>\n<p><strong>F\u00f6rkunskaper:<\/strong><\/p>\n<p>Programmeringskunskaper i Java<\/p>\n<h2><\/h2>\n<h2 class=\"vcex-heading vcex-module wpex-text-2xl wpex-font-normal wpex-m-auto wpex-max-w-100 vcex-heading-bottom-border-w-color wpex-h2 wpex-block vc_custom_1709402969330 wpex-border-b-2 wpex-border-solid wpex-border-main\"><span class=\"vcex-heading-inner wpex-inline-block wpex-clr wpex-relative wpex-pb-5 wpex-border-b-2 wpex-border-solid wpex-border-accent\">Uppl\u00e4gg<\/span><\/h2>\n<p>Vi b\u00f6rjar anv\u00e4nda Spring MVC och skapar mallar f\u00f6r html-sidor med Thymeleaf. Vi skapar formul\u00e4r i html och g\u00e5r igenom olika tekniker f\u00f6r att ta emot data fr\u00e5n formul\u00e4r, vi validerar input och anv\u00e4nder HttpSession f\u00f6r att h\u00e5lla tillst\u00e5nd i applikationen.<\/p>\n<p>Alla koncept introduceras med ett kort teoripass, men mest tid l\u00e4gger vi p\u00e5 att verkligen l\u00e4ra oss anv\u00e4nda dessa koncept genom l\u00e4rarledda \u00f6vningar.<\/p>\n<div class=\"wpb_text_column wpb_content_element vc_custom_1724692968924\">\n<div class=\"wpb_wrapper\">\n<ul>\n<li>Introduktion till Spring Boot<\/li>\n<li>Spring MVC (Model View Controller)<\/li>\n<li>Thymeleaf Templates &amp; Attributes<\/li>\n<li>Standard Expression Language Syntax<\/li>\n<li>Skicka och ta emot formul\u00e4r<\/li>\n<li>Validation<\/li>\n<li>Anv\u00e4nda HttpSession<\/li>\n<\/ul>\n<\/div>\n<\/div>\n<h2><\/h2>\n<h2 class=\"vcex-heading vcex-module wpex-text-2xl wpex-font-normal wpex-m-auto wpex-max-w-100 vcex-heading-bottom-border-w-color wpex-h2 wpex-block vc_custom_1709402980307 wpex-border-b-2 wpex-border-solid wpex-border-main\"><span class=\"vcex-heading-inner wpex-inline-block wpex-clr wpex-relative wpex-pb-5 wpex-border-b-2 wpex-border-solid wpex-border-accent\">L\u00e4rom\u00e5l<\/span><\/h2>\n<div class=\"wpb_text_column wpb_content_element \">\n<div class=\"wpb_wrapper\">\n<ul>\n<li>Teamet kommer att l\u00e4mna kursen med praktisk erfarenhet och egna kodexempel av att bygga webbapplikationer med Spring MVC och Thymeleaf.<\/li>\n<li>Deltagare kommer att ha kunskap om hur Thymeleaf anv\u00e4nds som vy-teknologi, inklusive attribut och Standard Expression Syntax.<\/li>\n<li>Teamet kommer att kunna anv\u00e4nda Spring MVC f\u00f6r att rendera webbsidor, ta emot formul\u00e4r, validera input och h\u00e5lla tillst\u00e5nd med HttpSession.<\/li>\n<\/ul>\n<\/div>\n<\/div>\n<\/div>\n<\/div>\n<p>&nbsp;<\/p>\n<h3>Utbildningen genomf\u00f6rs i samarbete med Actlea<\/h3>\n","protected":false},"excerpt":{"rendered":"<p><strong>Den h\u00e4r workshopen ger en snabb introduktion till att skapa webbapplikationer med Spring Boot, Spring MVC och Thymeleaf.<\/strong><\/p>\n<p>M\u00e5let \u00e4r att skapa en snabb introduktion till att skapa webbapplikationer med Spring Boot och Thymeleaf. Du kanske inte blir expert p\u00e5 bara en dag och om du vill f\u00f6rdjupa dig mer i \u00e4mnet rekommenderas har vi s\u00e5klart en f\u00f6rdjupningskurs!<\/p>\n","protected":false},"featured_media":5755,"comment_status":"open","ping_status":"closed","template":"","meta":{"wds_primary_product_brand":0,"wds_primary_product_cat":0},"product_brand":[],"product_cat":[73,188,29,70],"product_tag":[],"class_list":{"0":"post-8587","1":"product","2":"type-product","3":"status-publish","4":"has-post-thumbnail","6":"product_cat-java","7":"product_cat-spring","8":"product_cat-technical","9":"product_cat-testledning","11":"first","12":"instock","13":"taxable","14":"shipping-taxable","15":"purchasable","16":"product-type-simple"},"jetpack_sharing_enabled":true,"_links":{"self":[{"href":"https:\/\/republify.se\/index.php\/wp-json\/wp\/v2\/product\/8587","targetHints":{"allow":["GET"]}}],"collection":[{"href":"https:\/\/republify.se\/index.php\/wp-json\/wp\/v2\/product"}],"about":[{"href":"https:\/\/republify.se\/index.php\/wp-json\/wp\/v2\/types\/product"}],"replies":[{"embeddable":true,"href":"https:\/\/republify.se\/index.php\/wp-json\/wp\/v2\/comments?post=8587"}],"wp:featuredmedia":[{"embeddable":true,"href":"https:\/\/republify.se\/index.php\/wp-json\/wp\/v2\/media\/5755"}],"wp:attachment":[{"href":"https:\/\/republify.se\/index.php\/wp-json\/wp\/v2\/media?parent=8587"}],"wp:term":[{"taxonomy":"product_brand","embeddable":true,"href":"https:\/\/republify.se\/index.php\/wp-json\/wp\/v2\/product_brand?post=8587"},{"taxonomy":"product_cat","embeddable":true,"href":"https:\/\/republify.se\/index.php\/wp-json\/wp\/v2\/product_cat?post=8587"},{"taxonomy":"product_tag","embeddable":true,"href":"https:\/\/republify.se\/index.php\/wp-json\/wp\/v2\/product_tag?post=8587"}],"curies":[{"name":"wp","href":"https:\/\/api.w.org\/{rel}","templated":true}]}}