{"id":8585,"date":"2024-09-26T10:20:49","date_gmt":"2024-09-26T09:20:49","guid":{"rendered":"https:\/\/republify.se\/?post_type=product&#038;p=8585"},"modified":"2026-01-09T08:00:23","modified_gmt":"2026-01-09T07:00:23","slug":"testing-in-java-with-unit-tests-and-tdd","status":"publish","type":"product","link":"https:\/\/republify.se\/index.php\/produkt\/testing-in-java-with-unit-tests-and-tdd\/","title":{"rendered":"Testing in Java with Unit Tests and TDD"},"content":{"rendered":"<div class=\"wpb_text_column wpb_content_element \">\n<div class=\"wpb_wrapper\">\n<div class=\"wpb_text_column wpb_content_element \">\n<div class=\"wpb_wrapper\">\n<p><strong>M\u00e5lgrupp:<\/strong><\/p>\n<p>Javautvecklare som beh\u00f6ver en riktigt bra introduktion till testning i Java med Unit Tests med JUnit<\/p>\n<p><strong>F\u00f6rkunskaper:<\/strong><\/p>\n<p>Grundl\u00e4ggande programmeringskunskaper i Java<\/p>\n<h2><\/h2>\n<h2 class=\"vcex-heading vcex-module wpex-text-2xl wpex-font-normal wpex-m-auto wpex-max-w-100 vcex-heading-bottom-border-w-color wpex-h2 wpex-block vc_custom_1709402969330 wpex-border-b-2 wpex-border-solid wpex-border-main\"><span class=\"vcex-heading-inner wpex-inline-block wpex-clr wpex-relative wpex-pb-5 wpex-border-b-2 wpex-border-solid wpex-border-accent\">Fokus<\/span><\/h2>\n<div class=\"wpb_text_column wpb_content_element vc_custom_1724698533257\">\n<div class=\"wpb_wrapper\">\n<ul>\n<li>Testing Introduction<\/li>\n<li>Unit Tests<\/li>\n<li>JUnit<\/li>\n<li>TDD<\/li>\n<li>Mockito<\/li>\n<\/ul>\n<\/div>\n<\/div>\n<h2><\/h2>\n<h2 class=\"vcex-heading vcex-module wpex-text-2xl wpex-font-normal wpex-m-auto wpex-max-w-100 vcex-heading-bottom-border-w-color wpex-h2 wpex-block vc_custom_1709402980307 wpex-border-b-2 wpex-border-solid wpex-border-main\"><span class=\"vcex-heading-inner wpex-inline-block wpex-clr wpex-relative wpex-pb-5 wpex-border-b-2 wpex-border-solid wpex-border-accent\">L\u00e4rom\u00e5l<\/span><\/h2>\n<div class=\"wpb_text_column wpb_content_element \">\n<div class=\"wpb_wrapper\">\n<ul>\n<li>Teamet kommer att l\u00e4mna kursen med praktisk erfarenhet och m\u00e5nga egna kodexempel inom testning i Java, inklusive Unit Tests med JUnit<\/li>\n<li>Deltagare kommer att veta hur man skapa kod som \u00e4r l\u00e4tt att testa<\/li>\n<li>De kommer \u00e4ven veta hur man anv\u00e4nder Mockito f\u00f6r att mocka objekt till sina tester<\/li>\n<\/ul>\n<\/div>\n<\/div>\n<\/div>\n<\/div>\n<\/div>\n<\/div>\n<p>&nbsp;<\/p>\n<h3>Utbildningen genomf\u00f6rs i samarbete med Actlea<\/h3>\n","protected":false},"excerpt":{"rendered":"<p><strong>Den h\u00e4r workshopen ger en snabb introduktion till testning i Java med Unit Tests genom att anv\u00e4nda JUnit.<\/strong><\/p>\n<p>Vi k\u00f6r ig\u00e5ng med att skapa n\u00e5gra enkla Unit Tests med JUnit. Vi g\u00e5r igenom konceptet med Test-Driven Development (TDD), och vi mockar objekt med Mockito. Alla koncept introduceras med ett kort teoripass, men s\u00e5 mycket tid som m\u00f6jligt l\u00e4gger vi p\u00e5 att verkligen l\u00e4ra oss anv\u00e4nda dessa koncept genom l\u00e4rarledda \u00f6vningar.<\/p>\n","protected":false},"featured_media":6617,"comment_status":"open","ping_status":"closed","template":"","meta":{"wds_primary_product_brand":0,"wds_primary_product_cat":0},"product_brand":[],"product_cat":[73,29,70],"product_tag":[],"class_list":{"0":"post-8585","1":"product","2":"type-product","3":"status-publish","4":"has-post-thumbnail","6":"product_cat-java","7":"product_cat-technical","8":"product_cat-testledning","10":"first","11":"instock","12":"taxable","13":"shipping-taxable","14":"purchasable","15":"product-type-simple"},"jetpack_sharing_enabled":true,"_links":{"self":[{"href":"https:\/\/republify.se\/index.php\/wp-json\/wp\/v2\/product\/8585","targetHints":{"allow":["GET"]}}],"collection":[{"href":"https:\/\/republify.se\/index.php\/wp-json\/wp\/v2\/product"}],"about":[{"href":"https:\/\/republify.se\/index.php\/wp-json\/wp\/v2\/types\/product"}],"replies":[{"embeddable":true,"href":"https:\/\/republify.se\/index.php\/wp-json\/wp\/v2\/comments?post=8585"}],"wp:featuredmedia":[{"embeddable":true,"href":"https:\/\/republify.se\/index.php\/wp-json\/wp\/v2\/media\/6617"}],"wp:attachment":[{"href":"https:\/\/republify.se\/index.php\/wp-json\/wp\/v2\/media?parent=8585"}],"wp:term":[{"taxonomy":"product_brand","embeddable":true,"href":"https:\/\/republify.se\/index.php\/wp-json\/wp\/v2\/product_brand?post=8585"},{"taxonomy":"product_cat","embeddable":true,"href":"https:\/\/republify.se\/index.php\/wp-json\/wp\/v2\/product_cat?post=8585"},{"taxonomy":"product_tag","embeddable":true,"href":"https:\/\/republify.se\/index.php\/wp-json\/wp\/v2\/product_tag?post=8585"}],"curies":[{"name":"wp","href":"https:\/\/api.w.org\/{rel}","templated":true}]}}