{"id":8584,"date":"2024-09-26T10:17:14","date_gmt":"2024-09-26T09:17:14","guid":{"rendered":"https:\/\/republify.se\/?post_type=product&#038;p=8584"},"modified":"2026-01-09T07:59:56","modified_gmt":"2026-01-09T06:59:56","slug":"spring-boot-rest-api","status":"publish","type":"product","link":"https:\/\/republify.se\/index.php\/produkt\/spring-boot-rest-api\/","title":{"rendered":"Spring Boot REST API"},"content":{"rendered":"<div class=\"wpb_text_column wpb_content_element vc_custom_1712652572302\"><\/div>\n<div class=\"wpb_text_column wpb_content_element \">\n<div class=\"wpb_wrapper\">\n<p><strong>F\u00f6rkunskaper:<\/strong><\/p>\n<p>Programmeringskunskaper i Java, minst motsvarande grundkurs i Java. Kunskap i Spring Boot och databaser kan underl\u00e4tta men \u00e4r inte n\u00f6dv\u00e4ndigt.<\/p>\n<h2><\/h2>\n<h2 class=\"vcex-heading vcex-module wpex-text-2xl wpex-font-normal wpex-m-auto wpex-max-w-100 vcex-heading-bottom-border-w-color wpex-h2 wpex-block vc_custom_1709402918315 wpex-border-b-2 wpex-border-solid wpex-border-main\"><span class=\"vcex-heading-inner wpex-inline-block wpex-clr wpex-relative wpex-pb-5 wpex-border-b-2 wpex-border-solid wpex-border-accent\">Beskrivning<\/span><\/h2>\n<div class=\"wpb_text_column wpb_content_element vc_custom_1710344316687\">\n<div class=\"wpb_wrapper\">\n<p>I den h\u00e4r kursen f\u00f6rdjupar vi oss i att skapa REST API med Spring Boot och \u00e4ven att anropa REST API med olika tekniker fr\u00e5n Spring Boot. Vi g\u00e5r igenom olika tekniker f\u00f6r att skapa ett REST API och anv\u00e4nder Spring Data JPA f\u00f6r databasintegration. Vi g\u00e5r \u00e4ven igenom olika tekniker f\u00f6r att anv\u00e4nda ett annat REST API fr\u00e5n Spring Boot med exempelvis RestTemplate och REST Client.<\/p>\n<p>Alla koncept introduceras med ett kort teoripass, men mest tid l\u00e4gger vi p\u00e5 att verkligen l\u00e4ra oss anv\u00e4nda dessa koncept genom l\u00e4rarledda \u00f6vningar.<\/p>\n<\/div>\n<\/div>\n<h2><\/h2>\n<h2 class=\"vcex-heading vcex-module wpex-text-2xl wpex-font-normal wpex-m-auto wpex-max-w-100 vcex-heading-bottom-border-w-color wpex-h2 wpex-block vc_custom_1709402969330 wpex-border-b-2 wpex-border-solid wpex-border-main\"><span class=\"vcex-heading-inner wpex-inline-block wpex-clr wpex-relative wpex-pb-5 wpex-border-b-2 wpex-border-solid wpex-border-accent\">Inneh\u00e5ll<\/span><\/h2>\n<div class=\"wpb_text_column wpb_content_element vc_custom_1710344019541\">\n<div class=\"wpb_wrapper\">\n<ul>\n<li>Introduktion till Spring Boot<\/li>\n<li>REST API med @RestController<\/li>\n<li>Spring Data JPA<\/li>\n<li>Spring Data REST<\/li>\n<li>Anv\u00e4nda REST API med RestTemplate<\/li>\n<li>Anv\u00e4nda REST API med REST Client<\/li>\n<\/ul>\n<\/div>\n<\/div>\n<h2><\/h2>\n<h2 class=\"vcex-heading vcex-module wpex-text-2xl wpex-font-normal wpex-m-auto wpex-max-w-100 vcex-heading-bottom-border-w-color wpex-h2 wpex-block vc_custom_1709402980307 wpex-border-b-2 wpex-border-solid wpex-border-main\"><span class=\"vcex-heading-inner wpex-inline-block wpex-clr wpex-relative wpex-pb-5 wpex-border-b-2 wpex-border-solid wpex-border-accent\">L\u00e4rom\u00e5l<\/span><\/h2>\n<div class=\"wpb_text_column wpb_content_element \">\n<div class=\"wpb_wrapper\">\n<ul>\n<li>Teamet kommer att l\u00e4mna kursen med mycket praktisk erfarenhet och m\u00e5nga egna kodexempel av att bygga REST API med Spring Boot och Spring Data REST.<\/li>\n<li>Deltagare kommer att ha kunskap om hur man kan anv\u00e4nda RestTemplate eller REST Client f\u00f6r att anropa andra REST APIer.<\/li>\n<li>Teamet kommer att kunna anv\u00e4nda Spring Data JPA f\u00f6r att integrera med en databas i ett REST API.<\/li>\n<\/ul>\n<\/div>\n<\/div>\n<\/div>\n<\/div>\n<p>&nbsp;<\/p>\n<h3>Utbildningen genomf\u00f6rs i samarbete med Actlea<\/h3>\n","protected":false},"excerpt":{"rendered":"<p><strong>I den h\u00e4r kursen f\u00f6rdjupar vi oss i att skapa REST API med Spring Boot och \u00e4ven att anropa REST API med olika tekniker fr\u00e5n Spring Boot. <\/strong><\/p>\n<p>Vi g\u00e5r igenom olika tekniker f\u00f6r att skapa ett REST API och anv\u00e4nder Spring Data JPA f\u00f6r databasintegration. Vi g\u00e5r \u00e4ven igenom olika tekniker f\u00f6r att anv\u00e4nda ett annat REST API fr\u00e5n Spring Boot med exempelvis RestTemplate och REST Client.\u00a0Alla koncept introduceras med ett kort teoripass, men mest tid l\u00e4gger vi p\u00e5 att verkligen l\u00e4ra oss anv\u00e4nda dessa koncept genom l\u00e4rarledda \u00f6vningar<\/p>\n","protected":false},"featured_media":5395,"comment_status":"open","ping_status":"closed","template":"","meta":{"wds_primary_product_brand":0,"wds_primary_product_cat":0},"product_brand":[],"product_cat":[73,188,29],"product_tag":[],"class_list":{"0":"post-8584","1":"product","2":"type-product","3":"status-publish","4":"has-post-thumbnail","6":"product_cat-java","7":"product_cat-spring","8":"product_cat-technical","10":"first","11":"instock","12":"taxable","13":"shipping-taxable","14":"purchasable","15":"product-type-simple"},"jetpack_sharing_enabled":true,"_links":{"self":[{"href":"https:\/\/republify.se\/index.php\/wp-json\/wp\/v2\/product\/8584","targetHints":{"allow":["GET"]}}],"collection":[{"href":"https:\/\/republify.se\/index.php\/wp-json\/wp\/v2\/product"}],"about":[{"href":"https:\/\/republify.se\/index.php\/wp-json\/wp\/v2\/types\/product"}],"replies":[{"embeddable":true,"href":"https:\/\/republify.se\/index.php\/wp-json\/wp\/v2\/comments?post=8584"}],"wp:featuredmedia":[{"embeddable":true,"href":"https:\/\/republify.se\/index.php\/wp-json\/wp\/v2\/media\/5395"}],"wp:attachment":[{"href":"https:\/\/republify.se\/index.php\/wp-json\/wp\/v2\/media?parent=8584"}],"wp:term":[{"taxonomy":"product_brand","embeddable":true,"href":"https:\/\/republify.se\/index.php\/wp-json\/wp\/v2\/product_brand?post=8584"},{"taxonomy":"product_cat","embeddable":true,"href":"https:\/\/republify.se\/index.php\/wp-json\/wp\/v2\/product_cat?post=8584"},{"taxonomy":"product_tag","embeddable":true,"href":"https:\/\/republify.se\/index.php\/wp-json\/wp\/v2\/product_tag?post=8584"}],"curies":[{"name":"wp","href":"https:\/\/api.w.org\/{rel}","templated":true}]}}