{"id":8580,"date":"2024-09-26T07:51:50","date_gmt":"2024-09-26T06:51:50","guid":{"rendered":"https:\/\/republify.se\/?post_type=product&#038;p=8580"},"modified":"2026-01-09T08:01:34","modified_gmt":"2026-01-09T07:01:34","slug":"effektiv-mjukvarutestning","status":"publish","type":"product","link":"https:\/\/republify.se\/index.php\/produkt\/effektiv-mjukvarutestning\/","title":{"rendered":"Effektiv Mjukvarutestning"},"content":{"rendered":"<p><strong>Som mjukvarutestare spelar du en avg\u00f6rande roll i att s\u00e4kerst\u00e4lla att IT-system fungerar som de ska. I en tid d\u00e4r f\u00f6retag och organisationer implementerar nya system snabbare \u00e4n n\u00e5gonsin, \u00e4r ditt arbete \u00e4nnu viktigare. Men trots ett h\u00f6gt tempo \u00e4r m\u00e5nga IT-system som tas fram fortfarande inte tillr\u00e4ckligt anv\u00e4ndbara. <\/strong><\/p>\n<p>Utvecklings- och testarbetet beh\u00f6ver g\u00e5 snabbt, men det \u00e4r lika viktigt att du genomf\u00f6r testningen p\u00e5 ett noggrant och strukturerat s\u00e4tt f\u00f6r att s\u00e4kerst\u00e4lla kvalitet.\u00a0Vilka \u00e4r dina huvudsakliga ansvarsomr\u00e5den som mjukvarutestare? Vad beh\u00f6ver du t\u00e4nka p\u00e5 f\u00f6r att utf\u00f6ra ditt testarbete framg\u00e5ngsrikt? Och vilka testartefakter m\u00e5ste du producera?<\/p>\n<p>&nbsp;<\/p>\n<p><strong>M\u00e5l\u00adgrupp<\/strong><\/p>\n<ul>\n<li>Testare<\/li>\n<li>Testledare<\/li>\n<li>F\u00f6rvaltare<\/li>\n<li>Utvecklare<\/li>\n<li>Projektledare<\/li>\n<\/ul>\n<p>&nbsp;<\/p>\n<p><strong>Kurs\u00adm\u00e5l<\/strong><\/p>\n<p>Efter avslutad kurs ha du<\/p>\n<ul>\n<li>l\u00e4rt dig att beskriva och exemplifiera testprocessens delar<\/li>\n<li>utvecklat kunskaper om, och f\u00e4rdigheter i, test<\/li>\n<li>f\u00e5tt k\u00e4nnedom om olika begrepp och roller och ansvarsomr\u00e5den inom test<\/li>\n<li>f\u00e5tt k\u00e4nnedom om olika testtyper<\/li>\n<li>l\u00e4rt dig att anv\u00e4nda olika tekniker f\u00f6r att utforma testfall<\/li>\n<li>l\u00e4rt dig olika tekniker f\u00f6r att skriva f\u00f6r att testa<\/li>\n<li>l\u00e4rt dig att identifiera och prioritera testfall<\/li>\n<li>f\u00e5tt k\u00e4nnedom om olika modeller och metoder som anv\u00e4nds i testarbete<\/li>\n<\/ul>\n<p>&nbsp;<\/p>\n<h3><strong>Kurs\u00adin\u00adne\u00adh\u00e5ll:\u00a0<\/strong><\/h3>\n<p><strong>In\u00adtro\u00adduk\u00adtion<\/strong><\/p>\n<p><strong>Be\u00adgrepp och mo\u00adtiv<\/strong><\/p>\n<ul>\n<li>Defekt- och felterminologi<\/li>\n<li>Testterminologi<\/li>\n<li>Testartefakter och relationerna mellan dem<\/li>\n<li>Testanstr\u00e4ngning<\/li>\n<li>Att till\u00e4mpa testf\u00e4rdigheter tidigt s\u00e4kerst\u00e4ller framg\u00e5ng<\/li>\n<li>De grundl\u00e4ggande principerna f\u00f6r testning<\/li>\n<\/ul>\n<p>&nbsp;<\/p>\n<p><strong>Pro\u00adgram\u00adva\u00adru\u00adk\u00adva\u00adli\u00adtet<\/strong><\/p>\n<ul>\n<li>Programvarukvalitet enligt ISO 25010<\/li>\n<li>Kvalitetsledning och kvalitetss\u00e4kring<\/li>\n<\/ul>\n<p>&nbsp;<\/p>\n<p><strong>Grun\u00adder i test\u00adning av pro\u00adgram\u00adva\u00adra<\/strong><\/p>\n<p><strong>Test\u00adpro\u00adces\u00adsen<\/strong><\/p>\n<ul>\n<li>Testplanering<\/li>\n<li>Test\u00f6vervakning och kontroll<\/li>\n<li>Testanalys<\/li>\n<li>Testdesign<\/li>\n<li>Testimplementering<\/li>\n<li>Testexekvering<\/li>\n<li>Slutf\u00f6rande av test<\/li>\n<\/ul>\n<p>&nbsp;<\/p>\n<p><strong>Sp\u00e5r\u00adbar\u00adhet<\/strong><\/p>\n<ul>\n<li>Kontextens inverkan p\u00e5 testprocessen<\/li>\n<li>Effekterna av m\u00e4nsklig psykologi p\u00e5 testning<\/li>\n<li>Hur testare och utvecklare t\u00e4nker<\/li>\n<\/ul>\n<p>&nbsp;<\/p>\n<p><strong>Test\u00adning ge\u00adnom hela mjuk\u00adva\u00adru\u00adut\u00adveck\u00adling\u00adens livscy\u00adkel<\/strong><\/p>\n<ul>\n<li>Sekventiella utvecklingsmodeller<br \/>\n&#8211; Vattenfallsmodellen<br \/>\n&#8211; V-modellen<\/li>\n<li>Iterativa och inkrementella utvecklingsmodeller<\/li>\n<li>Mjukvaruutveckling i projekt- och produktsammanhang<\/li>\n<li>Testniv\u00e5er<br \/>\n&#8211; Komponenttestning<br \/>\n&#8211; Integrationstestning<br \/>\n&#8211; Systemtestning<br \/>\n&#8211; Acceptanstestning<\/li>\n<li>Testtyper<br \/>\n&#8211; Funktionstester<br \/>\n&#8211; Icke-funktionella tester<br \/>\n&#8211; Kravbaserad och strukturbaserad testning<\/li>\n<li>Testa nya produktversioner<br \/>\n&#8211; Testning efter programvaruunderh\u00e5ll<br \/>\n&#8211; Testning efter releaseutveckling<br \/>\n&#8211; Regressionstestning<\/li>\n<\/ul>\n<p>&nbsp;<\/p>\n<p><strong>Sta\u00adtisk test\u00adning<\/strong><\/p>\n<ul>\n<li>Vad kan vi analysera och testa?<\/li>\n<li>Statiska testtekniker<\/li>\n<li>Granskningsprocessen<br \/>\n&#8211; Granska processaktiviteter<br \/>\n&#8211; Olika individuella granskningstekniker<br \/>\n&#8211; Roller och ansvar inom granskningsprocessen<\/li>\n<li>Typer av granskning<\/li>\n<li>Kritiska faktorer, f\u00f6rdelar och begr\u00e4nsningar<\/li>\n<li>Skillnaderna mellan statisk och dynamisk testning<\/li>\n<\/ul>\n<p>&nbsp;<\/p>\n<p><strong>Dy\u00adna\u00admisk test\u00adning<\/strong><\/p>\n<ul>\n<li>Black-Box-testtekniker<br \/>\n&#8211; Ekvivalensuppdelning<br \/>\n&#8211; Gr\u00e4nsv\u00e4rdesanalys<br \/>\n&#8211; Provning av tillst\u00e5nds\u00f6verg\u00e5ng<br \/>\n&#8211; Test av beslutstabell<br \/>\n&#8211; Parvis testning<br \/>\n&#8211; Anv\u00e4ndningsfallstestning<br \/>\n&#8211; Utv\u00e4rdering av Black-Box-testning<\/li>\n<li>White-Box testtekniker<br \/>\n&#8211; Utl\u00e5tandetestning och t\u00e4ckning<br \/>\n&#8211; Beslutstestning och t\u00e4ckning<br \/>\n&#8211; Testf\u00f6rh\u00e5llanden<br \/>\n&#8211; Utv\u00e4rdering av White-Box-testning<\/li>\n<li>Erfarenhetsbaserade testtekniker<\/li>\n<li>V\u00e4lja r\u00e4tt teknik<\/li>\n<\/ul>\n<p>&nbsp;<\/p>\n<p><strong>Test\u00adhan\u00adte\u00adring<\/strong><\/p>\n<ul>\n<li>Testorganisation<br \/>\n&#8211; Oberoende testning<br \/>\n&#8211; Roller, uppgifter och kvalifikationer<\/li>\n<li>Teststrategier<br \/>\n&#8211; Testplanering<br \/>\n&#8211; V\u00e4lja en teststrategi<br \/>\n&#8211; Konkreta strategier<br \/>\n&#8211; Testning och risk<br \/>\n&#8211; Testanstr\u00e4ngning och kostnader<br \/>\n&#8211; Uppskattning av testinsats<br \/>\n&#8211; Kostnaden f\u00f6r testning kontra kostnaden f\u00f6r defekter<\/li>\n<li>Testplanering, kontroll och \u00f6vervakning<br \/>\n&#8211; Testexekveringsplanering<br \/>\n&#8211; Testkontroll<br \/>\n&#8211; Testcykel\u00f6vervakning<br \/>\n&#8211; Testrapporter<\/li>\n<li>Defekthantering<br \/>\n&#8211; Utv\u00e4rdera testrapporter<br \/>\n&#8211; Skapa en felrapport<br \/>\n&#8211; Klassificering av fel och defekter<br \/>\n&#8211; Sp\u00e5rning av defektstatus<br \/>\n&#8211; Utv\u00e4rdering och rapportering<\/li>\n<li>Konfigurationshantering<\/li>\n<li>Relevanta standarder och normer<\/li>\n<\/ul>\n<p>&nbsp;<\/p>\n<p><strong>Test\u00adverk\u00adtyg<\/strong><\/p>\n<ul>\n<li>Typer av testverktyg<br \/>\n&#8211; Testhanteringsverktyg<br \/>\n&#8211; Testspecifikationsverktyg<br \/>\n&#8211; Statiska testverktyg<br \/>\n&#8211; Verktyg f\u00f6r att automatisera dynamiska tester<br \/>\n&#8211; Last- och prestandatestverktyg<br \/>\n&#8211; Verktygsbaserat st\u00f6d f\u00f6r andra typer av tester<\/li>\n<li>F\u00f6rdelar och risker med testautomatisering<\/li>\n<li>Anv\u00e4nda testverktyg effektivt<br \/>\n&#8211; Grundl\u00e4ggande \u00f6verv\u00e4ganden och principer<br \/>\n&#8211; Verktygsval<br \/>\n&#8211; Pilotprojekt<br \/>\n&#8211; Framg\u00e5ngsfaktorer under lansering och anv\u00e4ndning<\/li>\n<\/ul>\n<p>&nbsp;<\/p>\n<p>&nbsp;<\/p>\n<h3>Kursen levereras i samarbete med<\/h3>\n<p><img decoding=\"async\" class=\"alignnone size-medium wp-image-1242 lazyload\" data-src=\"https:\/\/republify.se\/wp-content\/uploads\/2022\/02\/DocebIT_Logo-300x96.jpg\" alt=\"\" width=\"300\" height=\"96\" data-srcset=\"https:\/\/republify.se\/wp-content\/uploads\/2022\/02\/DocebIT_Logo-300x96.jpg 300w, https:\/\/republify.se\/wp-content\/uploads\/2022\/02\/DocebIT_Logo-scaled-600x191.jpg 600w, https:\/\/republify.se\/wp-content\/uploads\/2022\/02\/DocebIT_Logo-1024x327.jpg 1024w, https:\/\/republify.se\/wp-content\/uploads\/2022\/02\/DocebIT_Logo-768x245.jpg 768w, https:\/\/republify.se\/wp-content\/uploads\/2022\/02\/DocebIT_Logo-1536x490.jpg 1536w, https:\/\/republify.se\/wp-content\/uploads\/2022\/02\/DocebIT_Logo-2048x654.jpg 2048w\" data-sizes=\"(max-width: 300px) 100vw, 300px\" src=\"data:image\/svg+xml;base64,PHN2ZyB3aWR0aD0iMSIgaGVpZ2h0PSIxIiB4bWxucz0iaHR0cDovL3d3dy53My5vcmcvMjAwMC9zdmciPjwvc3ZnPg==\" style=\"--smush-placeholder-width: 300px; --smush-placeholder-aspect-ratio: 300\/96;\" \/><\/p>\n","protected":false},"excerpt":{"rendered":"<p><strong>Denna kurs ger dig verktygen f\u00f6r att utveckla dina f\u00e4rdigheter som testare och g\u00f6ra ditt arbete mer effektivt. Du kommer att l\u00e4ra dig olika testmetoder som hj\u00e4lper dig att navigera genom testprocessen och s\u00e4kerst\u00e4lla att testningen genomf\u00f6rs professionellt, fr\u00e5n planering till att skriva detaljerade testfall.<\/strong><\/p>\n<p>Med hj\u00e4lp av praktiska \u00f6vningar f\u00e5r du m\u00f6jlighet att finslipa dina f\u00e4rdigheter och utveckla de verktyg du beh\u00f6ver f\u00f6r att lyckas i din roll som mjukvarutestare.<\/p>\n","protected":false},"featured_media":2633,"comment_status":"open","ping_status":"closed","template":"","meta":{"wds_primary_product_brand":0,"wds_primary_product_cat":0},"product_brand":[],"product_cat":[30,32,70],"product_tag":[],"class_list":{"0":"post-8580","1":"product","2":"type-product","3":"status-publish","4":"has-post-thumbnail","6":"product_cat-business","7":"product_cat-ledarskap","8":"product_cat-testledning","10":"first","11":"instock","12":"taxable","13":"shipping-taxable","14":"purchasable","15":"product-type-simple"},"jetpack_sharing_enabled":true,"_links":{"self":[{"href":"https:\/\/republify.se\/index.php\/wp-json\/wp\/v2\/product\/8580","targetHints":{"allow":["GET"]}}],"collection":[{"href":"https:\/\/republify.se\/index.php\/wp-json\/wp\/v2\/product"}],"about":[{"href":"https:\/\/republify.se\/index.php\/wp-json\/wp\/v2\/types\/product"}],"replies":[{"embeddable":true,"href":"https:\/\/republify.se\/index.php\/wp-json\/wp\/v2\/comments?post=8580"}],"wp:featuredmedia":[{"embeddable":true,"href":"https:\/\/republify.se\/index.php\/wp-json\/wp\/v2\/media\/2633"}],"wp:attachment":[{"href":"https:\/\/republify.se\/index.php\/wp-json\/wp\/v2\/media?parent=8580"}],"wp:term":[{"taxonomy":"product_brand","embeddable":true,"href":"https:\/\/republify.se\/index.php\/wp-json\/wp\/v2\/product_brand?post=8580"},{"taxonomy":"product_cat","embeddable":true,"href":"https:\/\/republify.se\/index.php\/wp-json\/wp\/v2\/product_cat?post=8580"},{"taxonomy":"product_tag","embeddable":true,"href":"https:\/\/republify.se\/index.php\/wp-json\/wp\/v2\/product_tag?post=8580"}],"curies":[{"name":"wp","href":"https:\/\/api.w.org\/{rel}","templated":true}]}}