{"id":8575,"date":"2024-09-25T07:31:14","date_gmt":"2024-09-25T06:31:14","guid":{"rendered":"https:\/\/republify.se\/?post_type=product&#038;p=8575"},"modified":"2026-01-13T14:11:51","modified_gmt":"2026-01-13T13:11:51","slug":"powerpoint-pabyggnadskurs","status":"publish","type":"product","link":"https:\/\/republify.se\/index.php\/produkt\/powerpoint-pabyggnadskurs\/","title":{"rendered":"PowerPoint p\u00e5byggnadskurs"},"content":{"rendered":"<div id=\"pdf_desc_content\" class=\"content\">\n<p>I utbildningen f\u00f6rdjupar vi oss i Microsoft PowerPoints olika funktioner. Vi skapar en egen presentationsmall, l\u00e4gger till sidfot och logotyp samt anpassar mallens f\u00e4rger till din organisations grafiska profil. Vi kombinerar bilder fr\u00e5n gamla presentationer med den nya presentationen.<\/p>\n<p>Vi redigerar och formaterar bilder och andra illustrationer. Efter kursen kan du importera och exportera information mellan program. F\u00e4rdigst\u00e4ll bildspelet med att l\u00e4gga till videor och ber\u00e4ttarr\u00f6st om s\u00e5 \u00f6nskas.<\/p>\n<h2 id=\"pdf_target_title\">M\u00e5l\u00adgrupp<\/h2>\n<div id=\"pdf_target_content\" class=\"content\">\n<p>G\u00f6r du kr\u00e4vande presentationer? Vill du f\u00f6rdjupa din PowerPoint expertis? Undrar du hur du anv\u00e4nder animering i din presentation? \u00c4r du s\u00e4ker p\u00e5 att du anv\u00e4nder funktionerna i programmet f\u00f6rnuftigt? P\u00e5 den h\u00e4r kursen kommer du att l\u00e4ra dig dessa saker, oavsett om du \u00e4r en f\u00f6rs\u00e4ljnings- eller marknadsf\u00f6rings pro eller expert i n\u00e5gon annan bransch.<\/p>\n<\/div>\n<h2 id=\"pdf_goal_title\">Kurs\u00adm\u00e5l<\/h2>\n<div id=\"pdf_goal_content\" class=\"content\">\n<p>Efter utbildningen kommer du att kunna g\u00f6ra en polerad PowerPoint-presentation med tex, former, bilder, l\u00e4nkar, ljud och videoklipp. Du vet hur du l\u00e4gger till \u00f6verg\u00e5ngar, effekter och animeringar i presentationen. Du kan importera text fr\u00e5n Word, tabeller och diagram fr\u00e5n Excel och sedan exporterar presentationen till Word. Du vet hur du skapar din egen presentationsmall.<\/p>\n<p>Du kan enkelt skapa anpassade presentationer f\u00f6r olika anv\u00e4ndarsituationer och olika m\u00e5lgrupper. Du vet hur du sparar din presentation som en PDF-fil eller bild.<\/p>\n<\/div>\n<h2 id=\"pdf_knowledge_title\">F\u00f6r\u00adkun\u00adska\u00adper<\/h2>\n<div id=\"pdf_knowledge_content\" class=\"content\">\n<p>Vi rekommenderar motsvarande kunskaper och f\u00e4rdigheter v\u00e5r grundkurs i PowerPoint\u00a0f\u00f6r att f\u00e5 ut det mesta av kursen.<\/p>\n<\/div>\n<h2 id=\"pdf_desc_title\">Kurs\u00adin\u00adne\u00adh\u00e5ll<\/h2>\n<div id=\"pdf_desc_content\" class=\"content\">\n<p class=\"title\"><strong>Re\u00adpe\u00adti\u00adtion av grund\u00adl\u00e4g\u00adgan\u00adde funk\u00adtio\u00adner\u00a0<\/strong><\/p>\n<p>Vi upprepar vid behov de grundl\u00e4ggande funktionerna.<\/p>\n<ul>\n<li data-leveltext=\"\uf0b7\" data-font=\"Symbol\" data-listid=\"81\" data-list-defn-props=\"{\" aria-setsize=\"-1\" data-aria-posinset=\"1\" data-aria-level=\"1\">Menyfliksomr\u00e5det och dess flikar<\/li>\n<li data-leveltext=\"\uf0b7\" data-font=\"Symbol\" data-listid=\"81\" data-list-defn-props=\"{\" aria-setsize=\"-1\" data-aria-posinset=\"2\" data-aria-level=\"1\">Verktygsf\u00e4ltet Snabb\u00e5tkomst &#8211; anv\u00e4ndning och anpassning<\/li>\n<li data-leveltext=\"\uf0b7\" data-font=\"Symbol\" data-listid=\"81\" data-list-defn-props=\"{\" aria-setsize=\"-1\" data-aria-posinset=\"3\" data-aria-level=\"1\">arkiv och andra Backstage-kommandon<\/li>\n<li data-leveltext=\"\uf0b7\" data-font=\"Symbol\" data-listid=\"81\" data-list-defn-props=\"{\" aria-setsize=\"-1\" data-aria-posinset=\"4\" data-aria-level=\"1\">Olika vyer och zoom<\/li>\n<li data-leveltext=\"\uf0b7\" data-font=\"Symbol\" data-listid=\"81\" data-list-defn-props=\"{\" aria-setsize=\"-1\" data-aria-posinset=\"5\" data-aria-level=\"1\">Urklipp f\u00f6r Office<\/li>\n<\/ul>\n<p>&nbsp;<\/p>\n<p class=\"title\"><strong>Pre\u00adsen\u00adta\u00adtions\u00admal\u00adlar och te\u00adman\u00a0<\/strong><\/p>\n<p>Skapa din egen presentationsmall d\u00e4r sidfoten och logotypen \u00e4r redo.<\/p>\n<ul>\n<li data-leveltext=\"\uf0b7\" data-font=\"Symbol\" data-listid=\"93\" data-list-defn-props=\"{\" aria-setsize=\"-1\" data-aria-posinset=\"6\" data-aria-level=\"1\">Skapa din egen presentationsmall och tema<\/li>\n<li data-leveltext=\"\uf0b7\" data-font=\"Symbol\" data-listid=\"93\" data-list-defn-props=\"{\" aria-setsize=\"-1\" data-aria-posinset=\"7\" data-aria-level=\"1\">Redigera bildbakgrund (Slide Master)<\/li>\n<\/ul>\n<p>&nbsp;<\/p>\n<p class=\"title\"><strong>Bil\u00adder ly\u00adser upp pre\u00adsen\u00adta\u00adtio\u00adnen\u00a0<\/strong><\/p>\n<p>L\u00e4gg till bilder i presentationen som f\u00f6rtydligar och ber\u00e4ttar mer om texten.<\/p>\n<ul>\n<li data-leveltext=\"\uf0b7\" data-font=\"Symbol\" data-listid=\"82\" data-list-defn-props=\"{\" aria-setsize=\"-1\" data-aria-posinset=\"8\" data-aria-level=\"1\">L\u00e4gg till bilder, former eller andra objekt<\/li>\n<li data-leveltext=\"\uf0b7\" data-font=\"Symbol\" data-listid=\"82\" data-list-defn-props=\"{\" aria-setsize=\"-1\" data-aria-posinset=\"9\" data-aria-level=\"1\">Redigera och formatera objekt<\/li>\n<li data-leveltext=\"\uf0b7\" data-font=\"Symbol\" data-listid=\"82\" data-list-defn-props=\"{\" aria-setsize=\"-1\" data-aria-posinset=\"10\" data-aria-level=\"1\">Besk\u00e4r och komprimera bilder, kopiera och justera<\/li>\n<li data-leveltext=\"\uf0b7\" data-font=\"Symbol\" data-listid=\"82\" data-list-defn-props=\"{\" aria-setsize=\"-1\" data-aria-posinset=\"11\" data-aria-level=\"1\">Infoga SmartArt-grafik<\/li>\n<\/ul>\n<p>&nbsp;<\/p>\n<p class=\"title\"><strong>Kom\u00adbi\u00adne\u00adra en ny och gam\u00admal pre\u00adsen\u00adta\u00adtion\u00a0<\/strong><\/p>\n<p>Anv\u00e4nd gamla presentationer f\u00f6r att hj\u00e4lpa dig att skapa en ny presentation.<\/p>\n<ul>\n<li data-leveltext=\"\uf0b7\" data-font=\"Symbol\" data-listid=\"85\" data-list-defn-props=\"{\" aria-setsize=\"-1\" data-aria-posinset=\"12\" data-aria-level=\"1\">Importera eller kopiera bilder fr\u00e5n en annan presentation<\/li>\n<li data-leveltext=\"\uf0b7\" data-font=\"Symbol\" data-listid=\"85\" data-list-defn-props=\"{\" aria-setsize=\"-1\" data-aria-posinset=\"13\" data-aria-level=\"1\">Beh\u00e5ll eller sammanfoga formatering<\/li>\n<\/ul>\n<p>&nbsp;<\/p>\n<p class=\"title\"><strong>Im\u00adpor\u00adte\u00adra och ex\u00adpor\u00adte\u00adra data i Of\u00adfice-pro\u00adgram\u00a0<\/strong><\/p>\n<p>Importera och exportera data mellan program, s\u00e5 du beh\u00f6ver inte skriva om dem.<\/p>\n<ul>\n<li data-leveltext=\"\uf0b7\" data-font=\"Symbol\" data-listid=\"87\" data-list-defn-props=\"{\" aria-setsize=\"-1\" data-aria-posinset=\"14\" data-aria-level=\"1\">Importera Word-text till PowerPoint<\/li>\n<li data-leveltext=\"\uf0b7\" data-font=\"Symbol\" data-listid=\"87\" data-list-defn-props=\"{\" aria-setsize=\"-1\" data-aria-posinset=\"15\" data-aria-level=\"1\">Exportera PowerPoint-presentation till Word<\/li>\n<li data-leveltext=\"\uf0b7\" data-font=\"Symbol\" data-listid=\"87\" data-list-defn-props=\"{\" aria-setsize=\"-1\" data-aria-posinset=\"16\" data-aria-level=\"1\">Importera en Excel-tabell till PowerPoint<\/li>\n<li data-leveltext=\"\uf0b7\" data-font=\"Symbol\" data-listid=\"87\" data-list-defn-props=\"{\" aria-setsize=\"-1\" data-aria-posinset=\"17\" data-aria-level=\"1\">Importera Excel-diagram till PowerPoint<\/li>\n<\/ul>\n<p>&nbsp;<\/p>\n<p class=\"title\"><strong>Di\u00ada\u00adgram som be\u00adskri\u00adver siff\u00adror\u00a0<\/strong><\/p>\n<p>Visa enkelt vad som \u00e4r sv\u00e5rt f\u00f6r siffror med ett diagram<\/p>\n<ul>\n<li data-leveltext=\"\uf0b7\" data-font=\"Symbol\" data-listid=\"88\" data-list-defn-props=\"{\" aria-setsize=\"-1\" data-aria-posinset=\"18\" data-aria-level=\"1\">V\u00e4lj r\u00e4tt diagramtyp och redigera det<\/li>\n<li data-leveltext=\"\uf0b7\" data-font=\"Symbol\" data-listid=\"88\" data-list-defn-props=\"{\" aria-setsize=\"-1\" data-aria-posinset=\"19\" data-aria-level=\"1\">Skapa en egen diagrammall<\/li>\n<\/ul>\n<p>&nbsp;<\/p>\n<p class=\"title\"><strong>Ljud, vi\u00adde\u00ador och be\u00adr\u00e4t\u00adtar\u00adr\u00f6st\u00a0<\/strong><\/p>\n<p>I ett automatiserat bildspel \u00f6kar ljud och videor bildspelets effektivitet.<\/p>\n<ul>\n<li data-leveltext=\"\uf0b7\" data-font=\"Symbol\" data-listid=\"91\" data-list-defn-props=\"{\" aria-setsize=\"-1\" data-aria-posinset=\"20\" data-aria-level=\"1\">L\u00e4gg till ljud och videon<\/li>\n<li data-leveltext=\"\uf0b7\" data-font=\"Symbol\" data-listid=\"91\" data-list-defn-props=\"{\" aria-setsize=\"-1\" data-aria-posinset=\"21\" data-aria-level=\"1\">Spela in ber\u00e4ttarr\u00f6st och videohandledning<\/li>\n<li data-leveltext=\"\uf0b7\" data-font=\"Symbol\" data-listid=\"91\" data-list-defn-props=\"{\" aria-setsize=\"-1\" data-aria-posinset=\"22\" data-aria-level=\"1\">L\u00e4gg till l\u00e4nkar till din presentation och andra st\u00e4llen<\/li>\n<\/ul>\n<p>&nbsp;<\/p>\n<p class=\"title\"><strong>F\u00e4r\u00addig\u00adst\u00e4ll ett spek\u00adta\u00adku\u00adl\u00e4rt bild\u00adspel\u00a0<\/strong><\/p>\n<p>Smidig presentation \u00e4r ett n\u00f6je f\u00f6r tittaren, men \u00e4nd\u00e5 h\u00e4nder det misstag.<\/p>\n<ul>\n<li data-leveltext=\"\uf0b7\" data-font=\"Symbol\" data-listid=\"95\" data-list-defn-props=\"{\" aria-setsize=\"-1\" data-aria-posinset=\"23\" data-aria-level=\"1\">\u00d6va ordentligt innan du presenterar<\/li>\n<li data-leveltext=\"\uf0b7\" data-font=\"Symbol\" data-listid=\"95\" data-list-defn-props=\"{\" aria-setsize=\"-1\" data-aria-posinset=\"24\" data-aria-level=\"1\">T\u00e4nk p\u00e5 presentationen f\u00f6re, under och efter presentationen<\/li>\n<li data-leveltext=\"\uf0b7\" data-font=\"Symbol\" data-listid=\"95\" data-list-defn-props=\"{\" aria-setsize=\"-1\" data-aria-posinset=\"25\" data-aria-level=\"1\">L\u00e4gg till \u00f6verg\u00e5ngar och animeringar<\/li>\n<li data-leveltext=\"\uf0b7\" data-font=\"Symbol\" data-listid=\"95\" data-list-defn-props=\"{\" aria-setsize=\"-1\" data-aria-posinset=\"26\" data-aria-level=\"1\">Skapa anpassade bildspel f\u00f6r olika situationer<\/li>\n<li data-leveltext=\"\uf0b7\" data-font=\"Symbol\" data-listid=\"95\" data-list-defn-props=\"{\" aria-setsize=\"-1\" data-aria-posinset=\"27\" data-aria-level=\"1\">Anv\u00e4nd skickligt F\u00f6redragsh\u00e5llarvy<\/li>\n<\/ul>\n<p>&nbsp;<\/p>\n<p class=\"title\"><strong>Spa\u00adra el\u00adler skriv ut ett bild\u00adspel i oli\u00adka for\u00admat\u00a0<\/strong><\/p>\n<p>Ta hand om att dela och bevara din presentation p\u00e5 olika s\u00e4tt, f\u00f6r att den kan beh\u00f6vas senare.<\/p>\n<ul>\n<li data-leveltext=\"\uf0b7\" data-font=\"Symbol\" data-listid=\"97\" data-list-defn-props=\"{\" aria-setsize=\"-1\" data-aria-posinset=\"28\" data-aria-level=\"1\">Spara presentation som PDF eller bilder<\/li>\n<li data-leveltext=\"\uf0b7\" data-font=\"Symbol\" data-listid=\"97\" data-list-defn-props=\"{\" aria-setsize=\"-1\" data-aria-posinset=\"29\" data-aria-level=\"1\">Skriv ut eller spara anteckningar f\u00f6r dig sj\u00e4lv och \u00e5h\u00f6rarkopior f\u00f6r allm\u00e4nheten<\/li>\n<\/ul>\n<\/div>\n<\/div>\n<p>&nbsp;<\/p>\n<p>&nbsp;<\/p>\n<h3>Kursen levereras i samarbete med<\/h3>\n<p><img decoding=\"async\" class=\"alignnone size-medium wp-image-2692 lazyload\" data-src=\"https:\/\/republify.se\/wp-content\/uploads\/2022\/03\/it-kompetens-logo-300x104.jpg\" alt=\"\" width=\"300\" height=\"104\" data-srcset=\"https:\/\/republify.se\/wp-content\/uploads\/2022\/03\/it-kompetens-logo-300x104.jpg 300w, https:\/\/republify.se\/wp-content\/uploads\/2022\/03\/it-kompetens-logo-1024x355.jpg 1024w, https:\/\/republify.se\/wp-content\/uploads\/2022\/03\/it-kompetens-logo-768x266.jpg 768w, https:\/\/republify.se\/wp-content\/uploads\/2022\/03\/it-kompetens-logo-1320x458.jpg 1320w, https:\/\/republify.se\/wp-content\/uploads\/2022\/03\/it-kompetens-logo-600x208.jpg 600w, https:\/\/republify.se\/wp-content\/uploads\/2022\/03\/it-kompetens-logo.jpg 1370w\" data-sizes=\"(max-width: 300px) 100vw, 300px\" src=\"data:image\/svg+xml;base64,PHN2ZyB3aWR0aD0iMSIgaGVpZ2h0PSIxIiB4bWxucz0iaHR0cDovL3d3dy53My5vcmcvMjAwMC9zdmciPjwvc3ZnPg==\" style=\"--smush-placeholder-width: 300px; --smush-placeholder-aspect-ratio: 300\/104;\" \/><img decoding=\"async\" class=\"alignnone size-medium wp-image-2716 lazyload\" data-src=\"https:\/\/republify.se\/wp-content\/uploads\/2022\/03\/GerwardLogo-300x82.jpg\" alt=\"\" width=\"300\" height=\"82\" data-srcset=\"https:\/\/republify.se\/wp-content\/uploads\/2022\/03\/GerwardLogo-300x82.jpg 300w, https:\/\/republify.se\/wp-content\/uploads\/2022\/03\/GerwardLogo-768x210.jpg 768w, https:\/\/republify.se\/wp-content\/uploads\/2022\/03\/GerwardLogo-600x164.jpg 600w, https:\/\/republify.se\/wp-content\/uploads\/2022\/03\/GerwardLogo.jpg 800w\" data-sizes=\"(max-width: 300px) 100vw, 300px\" src=\"data:image\/svg+xml;base64,PHN2ZyB3aWR0aD0iMSIgaGVpZ2h0PSIxIiB4bWxucz0iaHR0cDovL3d3dy53My5vcmcvMjAwMC9zdmciPjwvc3ZnPg==\" style=\"--smush-placeholder-width: 300px; --smush-placeholder-aspect-ratio: 300\/82;\" \/><img decoding=\"async\" class=\"alignnone size-medium wp-image-4168 lazyload\" data-src=\"https:\/\/republify.se\/wp-content\/uploads\/2022\/05\/4u4us_new-300x113.png\" alt=\"\" width=\"300\" height=\"113\" data-srcset=\"https:\/\/republify.se\/wp-content\/uploads\/2022\/05\/4u4us_new-300x113.png 300w, https:\/\/republify.se\/wp-content\/uploads\/2022\/05\/4u4us_new.png 600w\" data-sizes=\"(max-width: 300px) 100vw, 300px\" src=\"data:image\/svg+xml;base64,PHN2ZyB3aWR0aD0iMSIgaGVpZ2h0PSIxIiB4bWxucz0iaHR0cDovL3d3dy53My5vcmcvMjAwMC9zdmciPjwvc3ZnPg==\" style=\"--smush-placeholder-width: 300px; --smush-placeholder-aspect-ratio: 300\/113;\" \/><\/p>\n","protected":false},"excerpt":{"rendered":"<p><strong>Det h\u00e4r \u00e4r utbildningen f\u00f6r dig som ibland g\u00f6r lite mer kr\u00e4vande presentationer! Du vill helt enkelt f\u00f6rdjupa din PowerPoint expertis! <\/strong><\/p>\n<p>P\u00e5 den h\u00e4r kursen kommer du att l\u00e4ra dig dessa saker, oavsett om du \u00e4r en CFO, presentat\u00f6r, jobbar med f\u00f6rs\u00e4ljning eller marknadsf\u00f6ring<\/p>\n","protected":false},"featured_media":2713,"comment_status":"open","ping_status":"closed","template":"","meta":{"wds_primary_product_brand":0,"wds_primary_product_cat":0},"product_brand":[],"product_cat":[81,43,48,80,85,187,29,84,82],"product_tag":[],"class_list":{"0":"post-8575","1":"product","2":"type-product","3":"status-publish","4":"has-post-thumbnail","6":"product_cat-excel","7":"product_cat-microsoft","8":"product_cat-ms-teams","9":"product_cat-office","10":"product_cat-onedrive","11":"product_cat-powerpoint","12":"product_cat-technical","13":"product_cat-microsoft_office_adobe","14":"product_cat-word","16":"first","17":"instock","18":"taxable","19":"shipping-taxable","20":"purchasable","21":"product-type-simple"},"jetpack_sharing_enabled":true,"_links":{"self":[{"href":"https:\/\/republify.se\/index.php\/wp-json\/wp\/v2\/product\/8575","targetHints":{"allow":["GET"]}}],"collection":[{"href":"https:\/\/republify.se\/index.php\/wp-json\/wp\/v2\/product"}],"about":[{"href":"https:\/\/republify.se\/index.php\/wp-json\/wp\/v2\/types\/product"}],"replies":[{"embeddable":true,"href":"https:\/\/republify.se\/index.php\/wp-json\/wp\/v2\/comments?post=8575"}],"wp:featuredmedia":[{"embeddable":true,"href":"https:\/\/republify.se\/index.php\/wp-json\/wp\/v2\/media\/2713"}],"wp:attachment":[{"href":"https:\/\/republify.se\/index.php\/wp-json\/wp\/v2\/media?parent=8575"}],"wp:term":[{"taxonomy":"product_brand","embeddable":true,"href":"https:\/\/republify.se\/index.php\/wp-json\/wp\/v2\/product_brand?post=8575"},{"taxonomy":"product_cat","embeddable":true,"href":"https:\/\/republify.se\/index.php\/wp-json\/wp\/v2\/product_cat?post=8575"},{"taxonomy":"product_tag","embeddable":true,"href":"https:\/\/republify.se\/index.php\/wp-json\/wp\/v2\/product_tag?post=8575"}],"curies":[{"name":"wp","href":"https:\/\/api.w.org\/{rel}","templated":true}]}}