{"id":8574,"date":"2024-09-25T07:26:50","date_gmt":"2024-09-25T06:26:50","guid":{"rendered":"https:\/\/republify.se\/?post_type=product&#038;p=8574"},"modified":"2026-01-13T14:12:10","modified_gmt":"2026-01-13T13:12:10","slug":"powerpoint-grundkurs","status":"publish","type":"product","link":"https:\/\/republify.se\/index.php\/produkt\/powerpoint-grundkurs\/","title":{"rendered":"PowerPoint-grundkurs"},"content":{"rendered":"<h2 id=\"pdf_goal_title\">Kurs\u00adm\u00e5l<\/h2>\n<div id=\"pdf_goal_content\" class=\"content\">\n<p>Efter kursen kan du bygga presentationer p\u00e5 ett smidigt s\u00e4tt i PowerPoint. Du kan skapa och redigera presentationer, som inneh\u00e5ller text, tabeller, former, bilder och diagram. Du k\u00e4nner till och hanterar programmets grundl\u00e4ggande funktioner. Du kan skapa och visa en f\u00e4rdig presentation och vet vad som \u00e4r viktigt att t\u00e4nka p\u00e5 samt vad man b\u00f6r undvika.<\/p>\n<\/div>\n<h2 id=\"pdf_knowledge_title\">F\u00f6r\u00adkun\u00adska\u00adper<\/h2>\n<div id=\"pdf_knowledge_content\" class=\"content\">\n<p>Det \u00e4r en f\u00f6rdel om du har en viss vana av Microsoft Windows och Office.<\/p>\n<\/div>\n<h2 id=\"pdf_desc_title\">Kurs\u00adin\u00adne\u00adh\u00e5ll<\/h2>\n<div id=\"pdf_desc_content\" class=\"content\">\n<p class=\"title\"><strong>Micro\u00adsoft Po\u00adwer\u00adPoint-vyer\u00a0<\/strong><\/p>\n<p>De flesta grundl\u00e4ggande funktioner \u00e4r samma i andra Office-program.<\/p>\n<ul>\n<li data-leveltext=\"\uf0b7\" data-font=\"Symbol\" data-listid=\"66\" data-list-defn-props=\"{\" aria-setsize=\"-1\" data-aria-posinset=\"1\" data-aria-level=\"1\">Menyfliksomr\u00e5det och dess flikar<\/li>\n<li data-leveltext=\"\uf0b7\" data-font=\"Symbol\" data-listid=\"66\" data-list-defn-props=\"{\" aria-setsize=\"-1\" data-aria-posinset=\"2\" data-aria-level=\"1\">Verktygsf\u00e4ltet Snabb\u00e5tkomst &#8211; anv\u00e4ndning och anpassning<\/li>\n<li data-leveltext=\"\uf0b7\" data-font=\"Symbol\" data-listid=\"66\" data-list-defn-props=\"{\" aria-setsize=\"-1\" data-aria-posinset=\"3\" data-aria-level=\"1\">Arkiv och andra Backstage-kommandon<\/li>\n<li data-leveltext=\"\uf0b7\" data-font=\"Symbol\" data-listid=\"66\" data-list-defn-props=\"{\" aria-setsize=\"-1\" data-aria-posinset=\"4\" data-aria-level=\"1\">Olika vyer och zoom<\/li>\n<li data-leveltext=\"\uf0b7\" data-font=\"Symbol\" data-listid=\"66\" data-list-defn-props=\"{\" aria-setsize=\"-1\" data-aria-posinset=\"5\" data-aria-level=\"1\">Urklipp f\u00f6r Office<\/li>\n<li data-leveltext=\"\uf0b7\" data-font=\"Symbol\" data-listid=\"1\" data-list-defn-props=\"{\" aria-setsize=\"-1\" data-aria-posinset=\"6\" data-aria-level=\"1\">Att anv\u00e4nda Hj\u00e4lp<\/li>\n<\/ul>\n<p>&nbsp;<\/p>\n<p class=\"title\"><strong>Ska\u00adpa en ny pre\u00adsen\u00adta\u00adtion\u00a0<\/strong><\/p>\n<p>B\u00f6rja presentationen genom att v\u00e4lja antingen en helt tom eller din organisations presentationsmall.<\/p>\n<ul>\n<li data-leveltext=\"\uf0b7\" data-font=\"Symbol\" data-listid=\"67\" data-list-defn-props=\"{\" aria-setsize=\"-1\" data-aria-posinset=\"7\" data-aria-level=\"1\">L\u00e4gg till, ordna och radera bilder<\/li>\n<li data-leveltext=\"\uf0b7\" data-font=\"Symbol\" data-listid=\"67\" data-list-defn-props=\"{\" aria-setsize=\"-1\" data-aria-posinset=\"8\" data-aria-level=\"1\">Flytta runt i en presentation<\/li>\n<li data-leveltext=\"\uf0b7\" data-font=\"Symbol\" data-listid=\"67\" data-list-defn-props=\"{\" aria-setsize=\"-1\" data-aria-posinset=\"9\" data-aria-level=\"1\">V\u00e4lj bildlayout, tema och design<\/li>\n<\/ul>\n<p>&nbsp;<\/p>\n<p class=\"title\"><strong>Skriv text\u00a0<\/strong><\/p>\n<p>Det finns flera s\u00e4tt att skriva och presentera text.<\/p>\n<ul>\n<li data-leveltext=\"\uf0b7\" data-font=\"Symbol\" data-listid=\"73\" data-list-defn-props=\"{\" aria-setsize=\"-1\" data-aria-posinset=\"10\" data-aria-level=\"1\">Skriv listtext eller oformaterad text i en platsh\u00e5llare<\/li>\n<li data-leveltext=\"\uf0b7\" data-font=\"Symbol\" data-listid=\"73\" data-list-defn-props=\"{\" aria-setsize=\"-1\" data-aria-posinset=\"11\" data-aria-level=\"1\">(Placeholder)<\/li>\n<li data-leveltext=\"\uf0b7\" data-font=\"Symbol\" data-listid=\"73\" data-list-defn-props=\"{\" aria-setsize=\"-1\" data-aria-posinset=\"12\" data-aria-level=\"1\">Skriv text i former (Shape) eller textruta (Text Box)<\/li>\n<li data-leveltext=\"\uf0b7\" data-font=\"Symbol\" data-listid=\"73\" data-list-defn-props=\"{\" aria-setsize=\"-1\" data-aria-posinset=\"13\" data-aria-level=\"1\">Formatera text<\/li>\n<li data-leveltext=\"\uf0b7\" data-font=\"Symbol\" data-listid=\"73\" data-list-defn-props=\"{\" aria-setsize=\"-1\" data-aria-posinset=\"14\" data-aria-level=\"1\">Konvertera text till SmartArt-grafik<\/li>\n<li data-leveltext=\"\uf0b7\" data-font=\"Symbol\" data-listid=\"73\" data-list-defn-props=\"{\" aria-setsize=\"-1\" data-aria-posinset=\"15\" data-aria-level=\"1\">L\u00e4gg till anteckningar i bilden<\/li>\n<\/ul>\n<p>&nbsp;<\/p>\n<p class=\"title\"><strong>Bil\u00adder, for\u00admer och di\u00ada\u00adgram il\u00adlu\u00adstre\u00adrar din pre\u00adsen\u00adta\u00adtion\u00a0<\/strong><\/p>\n<p>Liva upp din presentation med bilder, diagram och ritningar.<\/p>\n<ul>\n<li data-leveltext=\"\uf0b7\" data-font=\"Symbol\" data-listid=\"68\" data-list-defn-props=\"{\" aria-setsize=\"-1\" data-aria-posinset=\"16\" data-aria-level=\"1\">L\u00e4gga till och rita former (Shapes)<\/li>\n<li data-leveltext=\"\uf0b7\" data-font=\"Symbol\" data-listid=\"68\" data-list-defn-props=\"{\" aria-setsize=\"-1\" data-aria-posinset=\"17\" data-aria-level=\"1\">Formatera och ordna former<\/li>\n<li data-leveltext=\"\uf0b7\" data-font=\"Symbol\" data-listid=\"68\" data-list-defn-props=\"{\" aria-setsize=\"-1\" data-aria-posinset=\"18\" data-aria-level=\"1\">L\u00e4gg till, formatera och komprimera bilder<\/li>\n<li data-leveltext=\"\uf0b7\" data-font=\"Symbol\" data-listid=\"68\" data-list-defn-props=\"{\" aria-setsize=\"-1\" data-aria-posinset=\"19\" data-aria-level=\"1\">L\u00e4gg till SmartArt-grafik, till exempel process- och organisationsscheman<\/li>\n<li data-leveltext=\"\uf0b7\" data-font=\"Symbol\" data-listid=\"68\" data-list-defn-props=\"{\" aria-setsize=\"-1\" data-aria-posinset=\"20\" data-aria-level=\"1\">Flytta och kopiera objekt<\/li>\n<\/ul>\n<p>&nbsp;<\/p>\n<p class=\"title\"><strong>Ta\u00adbel\u00adler\u00a0<\/strong><\/p>\n<p>Presentera siffror och annan information snyggt i tabeller.<\/p>\n<ul>\n<li data-leveltext=\"\uf0b7\" data-font=\"Symbol\" data-listid=\"75\" data-list-defn-props=\"{\" aria-setsize=\"-1\" data-aria-posinset=\"21\" data-aria-level=\"1\">L\u00e4gga till en tabell i presentationen<\/li>\n<li data-leveltext=\"\uf0b7\" data-font=\"Symbol\" data-listid=\"75\" data-list-defn-props=\"{\" aria-setsize=\"-1\" data-aria-posinset=\"22\" data-aria-level=\"1\">Ange data och formatera tabellen<\/li>\n<li data-leveltext=\"\uf0b7\" data-font=\"Symbol\" data-listid=\"75\" data-list-defn-props=\"{\" aria-setsize=\"-1\" data-aria-posinset=\"23\" data-aria-level=\"1\">Importera tabell fr\u00e5n Excel<\/li>\n<\/ul>\n<p>&nbsp;<\/p>\n<p class=\"title\"><strong>Di\u00ada\u00adgram\u00a0<\/strong><\/p>\n<p>L\u00e4gg till ett diagram som \u00e5sk\u00e5dligg\u00f6r siffrorna.<\/p>\n<ul>\n<li data-leveltext=\"\uf0b7\" data-font=\"Symbol\" data-listid=\"78\" data-list-defn-props=\"{\" aria-setsize=\"-1\" data-aria-posinset=\"24\" data-aria-level=\"1\">Infoga och formatera diagram<\/li>\n<li data-leveltext=\"\uf0b7\" data-font=\"Symbol\" data-listid=\"78\" data-list-defn-props=\"{\" aria-setsize=\"-1\" data-aria-posinset=\"25\" data-aria-level=\"1\">Importera diagram fr\u00e5n Excel<\/li>\n<\/ul>\n<p>&nbsp;<\/p>\n<p class=\"title\"><strong>Presentation och tillh\u00f6rande material<\/strong><\/p>\n<p>Visa och skriv ut presentationen i olika format om s\u00e5 \u00f6nskas.<\/p>\n<ul>\n<li data-leveltext=\"\uf0b7\" data-font=\"Symbol\" data-listid=\"69\" data-list-defn-props=\"{\" aria-setsize=\"-1\" data-aria-posinset=\"26\" data-aria-level=\"1\">F\u00f6rhandsgranska och skriv ut tillh\u00f6rande material som anteckningssidor och \u00e5h\u00f6rarkopior<\/li>\n<li data-leveltext=\"\uf0b7\" data-font=\"Symbol\" data-listid=\"69\" data-list-defn-props=\"{\" aria-setsize=\"-1\" data-aria-posinset=\"27\" data-aria-level=\"1\">F\u00e4rdigst\u00e4ll bildspelet med \u00f6verg\u00e5ngar och animeringar<\/li>\n<li data-leveltext=\"\uf0b7\" data-font=\"Symbol\" data-listid=\"69\" data-list-defn-props=\"{\" aria-setsize=\"-1\" data-aria-posinset=\"28\" data-aria-level=\"1\">Presentation och f\u00f6redragsh\u00e5llarvy tips<\/li>\n<\/ul>\n<\/div>\n<p>&nbsp;<\/p>\n<p>&nbsp;<\/p>\n<h3>Kursen levereras i samarbete med<\/h3>\n<p><img decoding=\"async\" class=\"alignnone size-medium wp-image-2692 lazyload\" data-src=\"https:\/\/republify.se\/wp-content\/uploads\/2022\/03\/it-kompetens-logo-300x104.jpg\" alt=\"\" width=\"300\" height=\"104\" data-srcset=\"https:\/\/republify.se\/wp-content\/uploads\/2022\/03\/it-kompetens-logo-300x104.jpg 300w, https:\/\/republify.se\/wp-content\/uploads\/2022\/03\/it-kompetens-logo-1024x355.jpg 1024w, https:\/\/republify.se\/wp-content\/uploads\/2022\/03\/it-kompetens-logo-768x266.jpg 768w, https:\/\/republify.se\/wp-content\/uploads\/2022\/03\/it-kompetens-logo-1320x458.jpg 1320w, https:\/\/republify.se\/wp-content\/uploads\/2022\/03\/it-kompetens-logo-600x208.jpg 600w, https:\/\/republify.se\/wp-content\/uploads\/2022\/03\/it-kompetens-logo.jpg 1370w\" data-sizes=\"(max-width: 300px) 100vw, 300px\" src=\"data:image\/svg+xml;base64,PHN2ZyB3aWR0aD0iMSIgaGVpZ2h0PSIxIiB4bWxucz0iaHR0cDovL3d3dy53My5vcmcvMjAwMC9zdmciPjwvc3ZnPg==\" style=\"--smush-placeholder-width: 300px; --smush-placeholder-aspect-ratio: 300\/104;\" \/><img decoding=\"async\" class=\"alignnone size-medium wp-image-2716 lazyload\" data-src=\"https:\/\/republify.se\/wp-content\/uploads\/2022\/03\/GerwardLogo-300x82.jpg\" alt=\"\" width=\"300\" height=\"82\" data-srcset=\"https:\/\/republify.se\/wp-content\/uploads\/2022\/03\/GerwardLogo-300x82.jpg 300w, https:\/\/republify.se\/wp-content\/uploads\/2022\/03\/GerwardLogo-768x210.jpg 768w, https:\/\/republify.se\/wp-content\/uploads\/2022\/03\/GerwardLogo-600x164.jpg 600w, https:\/\/republify.se\/wp-content\/uploads\/2022\/03\/GerwardLogo.jpg 800w\" data-sizes=\"(max-width: 300px) 100vw, 300px\" src=\"data:image\/svg+xml;base64,PHN2ZyB3aWR0aD0iMSIgaGVpZ2h0PSIxIiB4bWxucz0iaHR0cDovL3d3dy53My5vcmcvMjAwMC9zdmciPjwvc3ZnPg==\" style=\"--smush-placeholder-width: 300px; --smush-placeholder-aspect-ratio: 300\/82;\" \/><img decoding=\"async\" class=\"alignnone size-medium wp-image-4168 lazyload\" data-src=\"https:\/\/republify.se\/wp-content\/uploads\/2022\/05\/4u4us_new-300x113.png\" alt=\"\" width=\"300\" height=\"113\" data-srcset=\"https:\/\/republify.se\/wp-content\/uploads\/2022\/05\/4u4us_new-300x113.png 300w, https:\/\/republify.se\/wp-content\/uploads\/2022\/05\/4u4us_new.png 600w\" data-sizes=\"(max-width: 300px) 100vw, 300px\" src=\"data:image\/svg+xml;base64,PHN2ZyB3aWR0aD0iMSIgaGVpZ2h0PSIxIiB4bWxucz0iaHR0cDovL3d3dy53My5vcmcvMjAwMC9zdmciPjwvc3ZnPg==\" style=\"--smush-placeholder-width: 300px; --smush-placeholder-aspect-ratio: 300\/113;\" \/><\/p>\n","protected":false},"excerpt":{"rendered":"<p><strong>Kursen \u00e4r gjord f\u00f6r dig som skapar och formaterar presentationer till exempel inom ekonomi, administration, f\u00f6rs\u00e4ljning, marknadsf\u00f6ring med mera.\u00a0<\/strong><\/p>\n<p>I utbildningen skapar vi snabbt och effektivt en Microsoft PowerPoint-presentation d\u00e4r du l\u00e4gger till text, bilder, ritningar, tabeller, diagram och animationer om s\u00e5 \u00f6nskas. Efter kursen kan du fokusera p\u00e5 det v\u00e4sentliga, dvs inneh\u00e5llet i presentationen, nu n\u00e4r du vet hur du anv\u00e4nder programmet effektivt.<\/p>\n<p>&nbsp;<\/p>\n","protected":false},"featured_media":2713,"comment_status":"open","ping_status":"closed","template":"","meta":{"wds_primary_product_brand":0,"wds_primary_product_cat":0},"product_brand":[],"product_cat":[81,43,48,80,85,187,29,84,82],"product_tag":[],"class_list":{"0":"post-8574","1":"product","2":"type-product","3":"status-publish","4":"has-post-thumbnail","6":"product_cat-excel","7":"product_cat-microsoft","8":"product_cat-ms-teams","9":"product_cat-office","10":"product_cat-onedrive","11":"product_cat-powerpoint","12":"product_cat-technical","13":"product_cat-microsoft_office_adobe","14":"product_cat-word","16":"first","17":"instock","18":"taxable","19":"shipping-taxable","20":"purchasable","21":"product-type-simple"},"jetpack_sharing_enabled":true,"_links":{"self":[{"href":"https:\/\/republify.se\/index.php\/wp-json\/wp\/v2\/product\/8574","targetHints":{"allow":["GET"]}}],"collection":[{"href":"https:\/\/republify.se\/index.php\/wp-json\/wp\/v2\/product"}],"about":[{"href":"https:\/\/republify.se\/index.php\/wp-json\/wp\/v2\/types\/product"}],"replies":[{"embeddable":true,"href":"https:\/\/republify.se\/index.php\/wp-json\/wp\/v2\/comments?post=8574"}],"wp:featuredmedia":[{"embeddable":true,"href":"https:\/\/republify.se\/index.php\/wp-json\/wp\/v2\/media\/2713"}],"wp:attachment":[{"href":"https:\/\/republify.se\/index.php\/wp-json\/wp\/v2\/media?parent=8574"}],"wp:term":[{"taxonomy":"product_brand","embeddable":true,"href":"https:\/\/republify.se\/index.php\/wp-json\/wp\/v2\/product_brand?post=8574"},{"taxonomy":"product_cat","embeddable":true,"href":"https:\/\/republify.se\/index.php\/wp-json\/wp\/v2\/product_cat?post=8574"},{"taxonomy":"product_tag","embeddable":true,"href":"https:\/\/republify.se\/index.php\/wp-json\/wp\/v2\/product_tag?post=8574"}],"curies":[{"name":"wp","href":"https:\/\/api.w.org\/{rel}","templated":true}]}}