{"id":8573,"date":"2024-09-25T07:26:01","date_gmt":"2024-09-25T06:26:01","guid":{"rendered":"https:\/\/republify.se\/?post_type=product&#038;p=8573"},"modified":"2026-01-07T18:08:07","modified_gmt":"2026-01-07T17:08:07","slug":"kom-i-gang-med-ai-copilot","status":"publish","type":"product","link":"https:\/\/republify.se\/index.php\/produkt\/kom-i-gang-med-ai-copilot\/","title":{"rendered":"&#8211; Kom i g\u00e5ng med AI &#038; Copilot"},"content":{"rendered":"<h2><strong>Dag 1<\/strong><\/h2>\n<p><strong>Modul 1: Vad anv\u00e4nds AI till?<\/strong><\/p>\n<ul>\n<li>Introduktion till AI: Vad \u00e4r AI och varf\u00f6r \u00e4r det viktigt?<\/li>\n<li>AI i vardagen: Hur AI anv\u00e4nds inom olika branscher och till\u00e4mpningar.<\/li>\n<li>Etik och integritet inom AI: Grundl\u00e4ggande \u00f6verv\u00e4ganden.<\/li>\n<\/ul>\n<p>&nbsp;<\/p>\n<p><strong>Lab Uppgift:<\/strong> Gruppdiskussion:<\/p>\n<p><em>Diskutera och reflektera \u00f6ver hur AI kommer p\u00e5verka f\u00f6ljande omr\u00e5den (v\u00e4lj ett omr\u00e5de per grupp)<\/em><\/p>\n<ul>\n<li>IT Support<\/li>\n<li>Utbildning i grundskola och gymnasium<\/li>\n<li>Hacker attacker<\/li>\n<\/ul>\n<p>&nbsp;<\/p>\n<p><strong>Modul 2: Vilka olika appar finns och vad kostar de?<\/strong><\/p>\n<ul>\n<li>\u00d6versikt av AI-appar: Introduktion till popul\u00e4ra AI-verktyg som ChatGPT, Copilot, etc.<\/li>\n<li>Prisj\u00e4mf\u00f6relse och tillg\u00e4nglighet: Gratis vs betalversioner.<\/li>\n<li>Prenumerationsmodeller och licenser: Vad kostar det att komma ig\u00e5ng?<\/li>\n<\/ul>\n<p>&nbsp;<\/p>\n<p><strong>Lab Uppgift:<\/strong><\/p>\n<p>Skapa ett gratis konto p\u00e5 ChatGPT, Google Gemini och Bing Copilot och utforska deras huvudsakliga funktioner.<\/p>\n<p><strong>Gruppdiskussion:<\/strong><\/p>\n<p>Reflektera \u00f6ver anv\u00e4ndarupplevelsen<\/p>\n<p>St\u00e4ll samma fr\u00e5ga till alla tre AI tj\u00e4nsterna &#8211; J\u00e4mf\u00f6r svaren, till exempel hur kan man f\u00f6rhindra att n\u00e5gon skickar k\u00e4nsliga data via Outlook till extern mottagare<\/p>\n<ul>\n<li>Vilken \u00e4r b\u00e4st?<\/li>\n<li>St\u00e4ll f\u00f6ljdfr\u00e5gor &#8211; vilken fattar b\u00e4st?<\/li>\n<li>Be om att f\u00e5 l\u00e4nkar till mer information<\/li>\n<li>Be AI tj\u00e4nsten skapa en bild med en logotype<\/li>\n<\/ul>\n<ul>\n<li>Hur bra blev resultatet<\/li>\n<li>G\u00e5r det be om \u00e4ndringar<\/li>\n<\/ul>\n<p>&nbsp;<\/p>\n<p><strong>Modul 3: Exempel p\u00e5 n\u00e4r gratis AI-appar hj\u00e4lper dig<\/strong><\/p>\n<ul>\n<li>Hitta information snabbt och effektivt: Anv\u00e4nda AI f\u00f6r research och dataanalys.<\/li>\n<li>Skapa Word- och PowerPoint-presentationer: Automatisering av inneh\u00e5lls skapande.<\/li>\n<li>Bygga formler i Excel: Hur AI kan underl\u00e4tta avancerade ber\u00e4kningar och datahantering.<\/li>\n<\/ul>\n<p>&nbsp;<\/p>\n<p><strong>Lab Uppgift:<\/strong><\/p>\n<p>Syfte:\u00a0Denna labuppgift syftar till att ge praktisk erfarenhet av hur gratis AI-appar kan anv\u00e4ndas f\u00f6r att snabbt hitta information, skapa Word- och PowerPoint-presentationer, och bygga avancerade Excel-formler. Du kommer att utforska olika AI-verktyg och f\u00f6rst\u00e5 hur de kan effektivisera arbetsuppgifter.<\/p>\n<ul>\n<li>Skapa ett konto p\u00e5 Microsoft Designer och skapa en design (valfritt tema).<\/li>\n<li>Skapa en Word-fil \/PowerPoint-presentation med hj\u00e4lp av ChatGPT.<\/li>\n<li>Anv\u00e4nd Google Gemini eller Bing AI<\/li>\n<\/ul>\n<h2><\/h2>\n<h2>Dag 2<\/h2>\n<p><strong>Modul 4: Vad \u00e4r Copilot for M365?<\/strong><\/p>\n<ul>\n<li>Introduktion till Copilot: Vad \u00e4r Microsoft 365 Copilot och hur fungerar det?<\/li>\n<li>Funktioner och f\u00f6rdelar: Hur Copilot kan f\u00f6rb\u00e4ttra din produktivitet.<\/li>\n<li>Integration med andra Microsoft-appar: Hur Copilot samverkar med Word, Excel, PowerPoint, och Outlook.<\/li>\n<\/ul>\n<p>&nbsp;<\/p>\n<p><strong>Lab uppgift:<\/strong><\/p>\n<ul>\n<li>Logga in p\u00e5 Microsoft 365, utforska gr\u00e4nssnittet, utf\u00f6r en enkel uppgift med hj\u00e4lp Copilot.<\/li>\n<\/ul>\n<p>&nbsp;<\/p>\n<p><strong>Modul 5: Smartare m\u00f6teshantering och sammanfattning<\/strong><\/p>\n<ul>\n<li>AI-assisterade m\u00f6ten: Hur AI kan hj\u00e4lpa till att organisera och genomf\u00f6ra m\u00f6ten.<\/li>\n<li>Automatiserade m\u00f6tesanteckningar och sammanfattningar: Dra nytta av AI f\u00f6r att skapa m\u00f6tesprotokoll.<\/li>\n<li>Verktyg f\u00f6r samarbetsf\u00f6rb\u00e4ttring: Hur AI kan optimera samarbete i realtid.<\/li>\n<\/ul>\n<p>&nbsp;<\/p>\n<p><strong>Lab uppgift: <\/strong><\/p>\n<p>Syfte: Den h\u00e4r labmanualen syftar till att guida dig genom hur du kan anv\u00e4nda AI f\u00f6r att organisera, genomf\u00f6ra och sammanfatta m\u00f6ten mer effektivt. Du kommer att l\u00e4ra dig att utnyttja AI-drivna verktyg f\u00f6r att automatisera m\u00f6tesanteckningar och f\u00f6rb\u00e4ttra samarbetet i realtid.<\/p>\n<p>&nbsp;<\/p>\n<p><strong>Modul 6: Skapa Outlook-mail med AI<\/strong><\/p>\n<ul>\n<li>AI-genererade e-postmeddelanden: Effektivt skapa och svara p\u00e5 e-post med hj\u00e4lp av AI.<\/li>\n<li>Personalisering och ton: Hur AI kan hj\u00e4lpa till att justera tonen i dina meddelanden.<\/li>\n<li>Automatisering av rutinm\u00e4ssiga uppgifter: Hantera kalenderinbjudningar, p\u00e5minnelser, och uppf\u00f6ljningar.<\/li>\n<\/ul>\n<p>&nbsp;<\/p>\n<p><strong>Lab-uppgift<\/strong><\/p>\n<p>Syfte: Den h\u00e4r labben syftar till att l\u00e4ra dig hur du kan anv\u00e4nda AI f\u00f6r att skapa, personalisera, och automatisera e-postmeddelanden i Outlook. Du kommer att f\u00e5 f\u00f6rst\u00e5else f\u00f6r hur AI kan hj\u00e4lpa dig att effektivt hantera kommunikation och anpassa tonen i dina meddelanden f\u00f6r olika mottagare.<\/p>\n<p>&nbsp;<\/p>\n<p><strong>Modul 7: Bygg Power Automate-fl\u00f6den med AI<\/strong><\/p>\n<ul>\n<li>Introduktion till Power Automate: Vad \u00e4r Power Automate och hur kan det anv\u00e4ndas?<\/li>\n<li>Automatisera arbetsfl\u00f6den: Skapa effektiva automatiserade processer med AI.<\/li>\n<\/ul>\n<p>&nbsp;<\/p>\n<p><strong>Lab uppgift:<\/strong><\/p>\n<p>Syfte: Denna labmanual syftar till att guida dig genom processen att bygga och automatisera arbetsfl\u00f6den i Power Automate med hj\u00e4lp av AI. Du kommer att l\u00e4ra dig hur man skapar ett fl\u00f6de och integrerar AI f\u00f6r att f\u00f6rb\u00e4ttra effektiviteten.<\/p>\n<p>&nbsp;<\/p>\n<h3>Kursen levereras i samarbete med<\/h3>\n<p><img decoding=\"async\" class=\"alignnone size-medium wp-image-1221 lazyload\" data-src=\"https:\/\/republify.se\/wp-content\/uploads\/2022\/02\/humandata_logo-300x62.jpg\" alt=\"\" width=\"300\" height=\"62\" data-srcset=\"https:\/\/republify.se\/wp-content\/uploads\/2022\/02\/humandata_logo-300x62.jpg 300w, https:\/\/republify.se\/wp-content\/uploads\/2022\/02\/humandata_logo.jpg 319w\" data-sizes=\"(max-width: 300px) 100vw, 300px\" src=\"data:image\/svg+xml;base64,PHN2ZyB3aWR0aD0iMSIgaGVpZ2h0PSIxIiB4bWxucz0iaHR0cDovL3d3dy53My5vcmcvMjAwMC9zdmciPjwvc3ZnPg==\" style=\"--smush-placeholder-width: 300px; --smush-placeholder-aspect-ratio: 300\/62;\" \/><\/p>\n","protected":false},"excerpt":{"rendered":"<p><strong>Efter kursen ska deltagarna kunna:<\/strong><\/p>\n<p>&#8211; F\u00f6rst\u00e5 grundl\u00e4ggande AI-koncept och hur de till\u00e4mpas i praktiken.<\/p>\n<p>&#8211; Anv\u00e4nda olika AI-appar f\u00f6r att f\u00f6rb\u00e4ttra arbetsfl\u00f6den och produktivitet.<\/p>\n<p>&#8211; Integrera och utnyttja Microsoft 365 Copilot och andra AI-verktyg i sin dagliga arbetsmilj\u00f6.<\/p>\n<p>&#8211; Skapa och automatisera processer med Power Automate och AI<\/p>\n<p><em>OBS! Under labbar beh\u00f6ver deltagare ha egen Copilot-licens, dvs. att k\u00f6ra labbarna p\u00e5 sin egen M365 alternativt f\u00f6lja med i kursledarens demonstration!<\/em><\/p>\n","protected":false},"featured_media":3868,"comment_status":"open","ping_status":"closed","template":"","meta":{"wds_primary_product_brand":0,"wds_primary_product_cat":0},"product_brand":[],"product_cat":[137,174,43,48,50,29,84],"product_tag":[],"class_list":{"0":"post-8573","1":"product","2":"type-product","3":"status-publish","4":"has-post-thumbnail","6":"product_cat-ai","7":"product_cat-copilot","8":"product_cat-microsoft","9":"product_cat-ms-teams","10":"product_cat-sql-server","11":"product_cat-technical","12":"product_cat-microsoft_office_adobe","14":"first","15":"instock","16":"taxable","17":"shipping-taxable","18":"purchasable","19":"product-type-simple"},"jetpack_sharing_enabled":true,"_links":{"self":[{"href":"https:\/\/republify.se\/index.php\/wp-json\/wp\/v2\/product\/8573","targetHints":{"allow":["GET"]}}],"collection":[{"href":"https:\/\/republify.se\/index.php\/wp-json\/wp\/v2\/product"}],"about":[{"href":"https:\/\/republify.se\/index.php\/wp-json\/wp\/v2\/types\/product"}],"replies":[{"embeddable":true,"href":"https:\/\/republify.se\/index.php\/wp-json\/wp\/v2\/comments?post=8573"}],"wp:featuredmedia":[{"embeddable":true,"href":"https:\/\/republify.se\/index.php\/wp-json\/wp\/v2\/media\/3868"}],"wp:attachment":[{"href":"https:\/\/republify.se\/index.php\/wp-json\/wp\/v2\/media?parent=8573"}],"wp:term":[{"taxonomy":"product_brand","embeddable":true,"href":"https:\/\/republify.se\/index.php\/wp-json\/wp\/v2\/product_brand?post=8573"},{"taxonomy":"product_cat","embeddable":true,"href":"https:\/\/republify.se\/index.php\/wp-json\/wp\/v2\/product_cat?post=8573"},{"taxonomy":"product_tag","embeddable":true,"href":"https:\/\/republify.se\/index.php\/wp-json\/wp\/v2\/product_tag?post=8573"}],"curies":[{"name":"wp","href":"https:\/\/api.w.org\/{rel}","templated":true}]}}