{"id":8537,"date":"2024-09-19T07:28:55","date_gmt":"2024-09-19T06:28:55","guid":{"rendered":"https:\/\/republify.se\/?post_type=product&#038;p=8537"},"modified":"2026-01-13T14:11:04","modified_gmt":"2026-01-13T13:11:04","slug":"onenote-introduktionsutbildning","status":"publish","type":"product","link":"https:\/\/republify.se\/index.php\/produkt\/onenote-introduktionsutbildning\/","title":{"rendered":"OneNote &#8211; introduktionsutbildning"},"content":{"rendered":"<p><em>Skriv ner dina id\u00e9er och tankar p\u00e5 det s\u00e4tt som passar dig b\u00e4st, vare sig du f\u00f6redrar tangentbord, mobil eller f\u00f6r hand. Du kan enkelt infoga l\u00e4nkar, webbsidor, bilder och videor samt integrera filer som tabeller och dokument.<\/em><\/p>\n<p><strong>\u00a0<\/strong><\/p>\n<p><strong>Kursinneh\u00e5ll: Utbildning i OneNote &#8211; introduktion<\/strong><\/p>\n<p>&nbsp;<\/p>\n<p><strong>Introduktion:<\/strong><\/p>\n<ul>\n<li>Vad \u00e4r OneNote och hur fungerar det?<\/li>\n<li>Anv\u00e4ndningsomr\u00e5den och funktioner<\/li>\n<\/ul>\n<p>&nbsp;<\/p>\n<p><strong>Anteckningsb\u00f6cker:<\/strong><\/p>\n<ul>\n<li>Skapa nya anteckningsb\u00f6cker<\/li>\n<li>Dela anteckningsb\u00f6cker med andra<\/li>\n<li>\u00d6ppna, st\u00e4nga och ta bort anteckningsb\u00f6cker<\/li>\n<\/ul>\n<p>&nbsp;<\/p>\n<p><strong>Avsnitt:<\/strong><\/p>\n<ul>\n<li>Skapa och hantera avsnitt och avsnittsgrupper<\/li>\n<li>Anpassa f\u00e4rger och flytta avsnitt mellan olika anteckningsb\u00f6cker<\/li>\n<li>Hantera beh\u00f6righeter f\u00f6r delade avsnitt<\/li>\n<\/ul>\n<p>&nbsp;<\/p>\n<p><strong>Sidor:<\/strong><\/p>\n<ul>\n<li>Skapa och hantera sidor och sidgrupper<\/li>\n<li>Importera sidor fr\u00e5n andra program<\/li>\n<\/ul>\n<p>&nbsp;<\/p>\n<p><strong>Outlook:<\/strong><\/p>\n<ul>\n<li>Skriva m\u00f6tesanteckningar direkt i OneNote<\/li>\n<li>Skapa uppgifter i OneNote som synkroniseras med Outlook<\/li>\n<li>Skicka OneNote-sidor via Outlook<\/li>\n<li>L\u00e4gga till e-post fr\u00e5n Outlook i OneNote<\/li>\n<\/ul>\n<p>&nbsp;<\/p>\n<p><strong>Objekthantering:<\/strong><\/p>\n<ul>\n<li>Arbeta med textrutor och tabeller<\/li>\n<li>Anv\u00e4nda taggar och s\u00f6ka efter taggar<\/li>\n<li>Sk\u00e4rmurklipp och inneh\u00e5ll fr\u00e5n webben<\/li>\n<li>Infoga bilder, ljud och annan media<\/li>\n<li>Formatering och ritverktyg<\/li>\n<li>Skapa tomma utrymmen f\u00f6r anteckningar<\/li>\n<\/ul>\n<p>&nbsp;<\/p>\n<p><strong>L\u00e4nkar:<\/strong><\/p>\n<ul>\n<li>Skapa l\u00e4nkade anteckningar till andra Office-program<\/li>\n<\/ul>\n<p>&nbsp;<\/p>\n<p>&nbsp;<\/p>\n<h3>Kursen levereras i samarbete med<\/h3>\n<p><img decoding=\"async\" class=\"alignnone size-medium wp-image-2692 lazyload\" data-src=\"https:\/\/republify.se\/wp-content\/uploads\/2022\/03\/it-kompetens-logo-300x104.jpg\" alt=\"\" width=\"300\" height=\"104\" data-srcset=\"https:\/\/republify.se\/wp-content\/uploads\/2022\/03\/it-kompetens-logo-300x104.jpg 300w, https:\/\/republify.se\/wp-content\/uploads\/2022\/03\/it-kompetens-logo-1024x355.jpg 1024w, https:\/\/republify.se\/wp-content\/uploads\/2022\/03\/it-kompetens-logo-768x266.jpg 768w, https:\/\/republify.se\/wp-content\/uploads\/2022\/03\/it-kompetens-logo-1320x458.jpg 1320w, https:\/\/republify.se\/wp-content\/uploads\/2022\/03\/it-kompetens-logo-600x208.jpg 600w, https:\/\/republify.se\/wp-content\/uploads\/2022\/03\/it-kompetens-logo.jpg 1370w\" data-sizes=\"(max-width: 300px) 100vw, 300px\" src=\"data:image\/svg+xml;base64,PHN2ZyB3aWR0aD0iMSIgaGVpZ2h0PSIxIiB4bWxucz0iaHR0cDovL3d3dy53My5vcmcvMjAwMC9zdmciPjwvc3ZnPg==\" style=\"--smush-placeholder-width: 300px; --smush-placeholder-aspect-ratio: 300\/104;\" \/><img decoding=\"async\" class=\"alignnone size-medium wp-image-2716 lazyload\" data-src=\"https:\/\/republify.se\/wp-content\/uploads\/2022\/03\/GerwardLogo-300x82.jpg\" alt=\"\" width=\"300\" height=\"82\" data-srcset=\"https:\/\/republify.se\/wp-content\/uploads\/2022\/03\/GerwardLogo-300x82.jpg 300w, https:\/\/republify.se\/wp-content\/uploads\/2022\/03\/GerwardLogo-768x210.jpg 768w, https:\/\/republify.se\/wp-content\/uploads\/2022\/03\/GerwardLogo-600x164.jpg 600w, https:\/\/republify.se\/wp-content\/uploads\/2022\/03\/GerwardLogo.jpg 800w\" data-sizes=\"(max-width: 300px) 100vw, 300px\" src=\"data:image\/svg+xml;base64,PHN2ZyB3aWR0aD0iMSIgaGVpZ2h0PSIxIiB4bWxucz0iaHR0cDovL3d3dy53My5vcmcvMjAwMC9zdmciPjwvc3ZnPg==\" style=\"--smush-placeholder-width: 300px; --smush-placeholder-aspect-ratio: 300\/82;\" \/><img decoding=\"async\" class=\"alignnone size-medium wp-image-4168 lazyload\" data-src=\"https:\/\/republify.se\/wp-content\/uploads\/2022\/05\/4u4us_new-300x113.png\" alt=\"\" width=\"300\" height=\"113\" data-srcset=\"https:\/\/republify.se\/wp-content\/uploads\/2022\/05\/4u4us_new-300x113.png 300w, https:\/\/republify.se\/wp-content\/uploads\/2022\/05\/4u4us_new.png 600w\" data-sizes=\"(max-width: 300px) 100vw, 300px\" src=\"data:image\/svg+xml;base64,PHN2ZyB3aWR0aD0iMSIgaGVpZ2h0PSIxIiB4bWxucz0iaHR0cDovL3d3dy53My5vcmcvMjAwMC9zdmciPjwvc3ZnPg==\" style=\"--smush-placeholder-width: 300px; --smush-placeholder-aspect-ratio: 300\/113;\" \/><\/p>\n","protected":false},"excerpt":{"rendered":"<p><strong>OneNote fungerar som en digital anteckningsbok d\u00e4r du smidigt kan samla, organisera och dela din information. Genom att lagra anteckningarna i molnet f\u00e5r du tillg\u00e5ng till dem fr\u00e5n alla dina enheter eller via en webbl\u00e4sare.<\/strong><\/p>\n<p>Efter utbildningen kommer du att ha en god f\u00f6rst\u00e5else f\u00f6r OneNote och vara kapabel att skapa, organisera och dela egna anteckningsb\u00f6cker. Inga tidigare kunskaper kr\u00e4vs f\u00f6r att delta i kursen.<\/p>\n","protected":false},"featured_media":3367,"comment_status":"open","ping_status":"closed","template":"","meta":{"wds_primary_product_brand":0,"wds_primary_product_cat":0},"product_brand":[],"product_cat":[81,43,80,186,29,84],"product_tag":[],"class_list":{"0":"post-8537","1":"product","2":"type-product","3":"status-publish","4":"has-post-thumbnail","6":"product_cat-excel","7":"product_cat-microsoft","8":"product_cat-office","9":"product_cat-onenote","10":"product_cat-technical","11":"product_cat-microsoft_office_adobe","13":"first","14":"instock","15":"taxable","16":"shipping-taxable","17":"purchasable","18":"product-type-simple"},"jetpack_sharing_enabled":true,"_links":{"self":[{"href":"https:\/\/republify.se\/index.php\/wp-json\/wp\/v2\/product\/8537","targetHints":{"allow":["GET"]}}],"collection":[{"href":"https:\/\/republify.se\/index.php\/wp-json\/wp\/v2\/product"}],"about":[{"href":"https:\/\/republify.se\/index.php\/wp-json\/wp\/v2\/types\/product"}],"replies":[{"embeddable":true,"href":"https:\/\/republify.se\/index.php\/wp-json\/wp\/v2\/comments?post=8537"}],"wp:featuredmedia":[{"embeddable":true,"href":"https:\/\/republify.se\/index.php\/wp-json\/wp\/v2\/media\/3367"}],"wp:attachment":[{"href":"https:\/\/republify.se\/index.php\/wp-json\/wp\/v2\/media?parent=8537"}],"wp:term":[{"taxonomy":"product_brand","embeddable":true,"href":"https:\/\/republify.se\/index.php\/wp-json\/wp\/v2\/product_brand?post=8537"},{"taxonomy":"product_cat","embeddable":true,"href":"https:\/\/republify.se\/index.php\/wp-json\/wp\/v2\/product_cat?post=8537"},{"taxonomy":"product_tag","embeddable":true,"href":"https:\/\/republify.se\/index.php\/wp-json\/wp\/v2\/product_tag?post=8537"}],"curies":[{"name":"wp","href":"https:\/\/api.w.org\/{rel}","templated":true}]}}