{"id":8532,"date":"2024-09-18T09:50:11","date_gmt":"2024-09-18T08:50:11","guid":{"rendered":"https:\/\/republify.se\/?post_type=product&#038;p=8532"},"modified":"2026-01-09T08:05:08","modified_gmt":"2026-01-09T07:05:08","slug":"gruppkommunikation-i-multikulturell-miljo","status":"publish","type":"product","link":"https:\/\/republify.se\/index.php\/produkt\/gruppkommunikation-i-multikulturell-miljo\/","title":{"rendered":"Gruppkommunikation i multikulturell milj\u00f6"},"content":{"rendered":"<p><strong>Effektm\u00e5l<\/strong><\/p>\n<p>Utveckla deltagarnas f\u00e4rdighet i att effektivt kommunicera med kollegor och ledning i en heterogen milj\u00f6.<\/p>\n<p>&nbsp;<\/p>\n<p><strong>M\u00e5lgrupp<\/strong><\/p>\n<p>Medlemmar i befintliga eller nybildade projektgrupper med en blandad bakgrund och kompetens i projektarbete.<\/p>\n<p>Kursen kan \u00e4ven anpassas till b\u00e5de juniora och erfarna projektledare som beh\u00f6ver slipa p\u00e5 sina f\u00e4rdigheter i att kommunicera effektivt med projektets intressenter.<\/p>\n<p>&nbsp;<\/p>\n<p><strong>F\u00f6rkunskaper<\/strong><\/p>\n<p>Grundl\u00e4ggande kunskaper i projektet som arbetsform.<\/p>\n<p>&nbsp;<\/p>\n<p><strong>Kursens inneh\u00e5ll<\/strong><\/p>\n<ul>\n<li>Teambuilding och gruppdynamik <em>IRL och p\u00e5 distans<\/em><\/li>\n<li>Kulturella aspekter av ledarskap<\/li>\n<li>Kulturella aspekter av kommunikation<\/li>\n<li>Feedback<\/li>\n<\/ul>\n<p>&nbsp;<\/p>\n<p><strong>Metoder<\/strong><\/p>\n<p>F\u00f6rel\u00e4sning varvat med \u00f6vningar.<\/p>\n<p>&nbsp;<\/p>\n<h2>In English<\/h2>\n<p><strong>The training focuses on the role of a project team member in an environment characterized by diverse communication cultures.<\/strong><\/p>\n<p>This can, for example, involve different views on leadership or hierarchical structures. We combine theoretical presentations with practical exercises and use the participants&#8217; own knowledge and experiences as a foundation for learning.<\/p>\n<p><strong>Objective<\/strong><\/p>\n<p>Develop participants&#8217; skills in effectively communicating with colleagues and management in a heterogeneous environment.<\/p>\n<p><strong>Target Group<\/strong><\/p>\n<p>Members of existing or newly formed project teams with diverse backgrounds and competencies in project work.<\/p>\n<p>The course can also be tailored for both junior and experienced project managers who need to refine their skills in communicating effectively with project stakeholders.<\/p>\n<p><strong>Prerequisites<\/strong><\/p>\n<p>Basic knowledge of project work as a working method.<\/p>\n<p><strong>Course Content<\/strong><\/p>\n<ul>\n<li>Team building and group dynamics in-person and remotely<\/li>\n<li>Cultural aspects of leadership<\/li>\n<li>Cultural aspects of communication<\/li>\n<li>Feedback<\/li>\n<\/ul>\n<p>&nbsp;<\/p>\n<p><strong>Methods<\/strong><\/p>\n<p>Lectures combined with exercises.<\/p>\n<h2><\/h2>\n","protected":false},"excerpt":{"rendered":"<p><strong>Utbildningen fokuserar p\u00e5 rollen som medlem i en projektgrupp i en milj\u00f6 som pr\u00e4glas av olika kommunikationskulturer. <\/strong><\/p>\n<p>Det kan till exempel r\u00f6ra sig om olika syn p\u00e5 ledarskap eller hierarkiska strukturer. Vi varvar teoretiska genomg\u00e5ngar med praktiska \u00f6vningar och anv\u00e4nder kursdeltagarnas egna kunskaper och erfarenheter som en grund f\u00f6r l\u00e4randet.<\/p>\n<p><em>This training ca be delivered in English as well as in Swedish!<br \/>\n<\/em><em>English course description below!<\/em><\/p>\n","protected":false},"featured_media":4879,"comment_status":"open","ping_status":"closed","template":"","meta":{"wds_primary_product_brand":0,"wds_primary_product_cat":0},"product_brand":[],"product_cat":[91,30,37,32,113,51],"product_tag":[],"class_list":{"0":"post-8532","1":"product","2":"type-product","3":"status-publish","4":"has-post-thumbnail","6":"product_cat-arbetsmiljo","7":"product_cat-business","8":"product_cat-kommunikation","9":"product_cat-ledarskap","10":"product_cat-presentationsteknik","11":"product_cat-projektledning","13":"first","14":"instock","15":"taxable","16":"shipping-taxable","17":"purchasable","18":"product-type-simple"},"jetpack_sharing_enabled":true,"_links":{"self":[{"href":"https:\/\/republify.se\/index.php\/wp-json\/wp\/v2\/product\/8532","targetHints":{"allow":["GET"]}}],"collection":[{"href":"https:\/\/republify.se\/index.php\/wp-json\/wp\/v2\/product"}],"about":[{"href":"https:\/\/republify.se\/index.php\/wp-json\/wp\/v2\/types\/product"}],"replies":[{"embeddable":true,"href":"https:\/\/republify.se\/index.php\/wp-json\/wp\/v2\/comments?post=8532"}],"wp:featuredmedia":[{"embeddable":true,"href":"https:\/\/republify.se\/index.php\/wp-json\/wp\/v2\/media\/4879"}],"wp:attachment":[{"href":"https:\/\/republify.se\/index.php\/wp-json\/wp\/v2\/media?parent=8532"}],"wp:term":[{"taxonomy":"product_brand","embeddable":true,"href":"https:\/\/republify.se\/index.php\/wp-json\/wp\/v2\/product_brand?post=8532"},{"taxonomy":"product_cat","embeddable":true,"href":"https:\/\/republify.se\/index.php\/wp-json\/wp\/v2\/product_cat?post=8532"},{"taxonomy":"product_tag","embeddable":true,"href":"https:\/\/republify.se\/index.php\/wp-json\/wp\/v2\/product_tag?post=8532"}],"curies":[{"name":"wp","href":"https:\/\/api.w.org\/{rel}","templated":true}]}}