{"id":8531,"date":"2024-09-18T09:46:13","date_gmt":"2024-09-18T08:46:13","guid":{"rendered":"https:\/\/republify.se\/?post_type=product&#038;p=8531"},"modified":"2026-01-09T08:05:36","modified_gmt":"2026-01-09T07:05:36","slug":"gruppkommunikation","status":"publish","type":"product","link":"https:\/\/republify.se\/index.php\/produkt\/gruppkommunikation\/","title":{"rendered":"Gruppkommunikation"},"content":{"rendered":"<p><strong>Effektm\u00e5l<\/strong><\/p>\n<p>Utveckla deltagarnas f\u00e4rdighet i att effektivt kommunicera inom projektgruppen och med projektledaren.<\/p>\n<p>&nbsp;<\/p>\n<p><strong>M\u00e5lgrupp<\/strong><\/p>\n<p>Medlemmar i befintliga eller nybildade projektgrupper med en blandad bakgrund och kompetens i projektarbete.<\/p>\n<p>Kursen kan \u00e4ven anpassas till b\u00e5de juniora och erfarna projektledare som beh\u00f6ver slipa p\u00e5 sina f\u00e4rdigheter i att kommunicera effektivt med projektets intressenter.<\/p>\n<p>&nbsp;<\/p>\n<p><strong>F\u00f6rkunskaper<\/strong><\/p>\n<p>Grundl\u00e4ggande kunskaper i projektet som arbetsform.<\/p>\n<p>&nbsp;<\/p>\n<p><strong>Kursens inneh\u00e5ll<\/strong><\/p>\n<ul>\n<li>Teambuilding och gruppdynamik<\/li>\n<li>Intressentanalys<\/li>\n<li>Effektiv kommunikation<\/li>\n<li>Personligt ledarskap<\/li>\n<li>Feedback<\/li>\n<\/ul>\n<p>&nbsp;<\/p>\n<p><strong>Metoder<\/strong><\/p>\n<p>F\u00f6rel\u00e4sning varvat med \u00f6vningar.<\/p>\n","protected":false},"excerpt":{"rendered":"<p>Utbildningen fokuserar p\u00e5 rollen som medlem i en projektgrupp. Vi varvar teoretiska genomg\u00e5ngar med praktiska \u00f6vningar och anv\u00e4nder kursdeltagarnas egna kunskaper och erfarenheter som en grund f\u00f6r l\u00e4randet.<\/p>\n","protected":false},"featured_media":7448,"comment_status":"open","ping_status":"closed","template":"","meta":{"wds_primary_product_brand":0,"wds_primary_product_cat":0},"product_brand":[],"product_cat":[91,30,37,32,113,51],"product_tag":[],"class_list":{"0":"post-8531","1":"product","2":"type-product","3":"status-publish","4":"has-post-thumbnail","6":"product_cat-arbetsmiljo","7":"product_cat-business","8":"product_cat-kommunikation","9":"product_cat-ledarskap","10":"product_cat-presentationsteknik","11":"product_cat-projektledning","13":"first","14":"instock","15":"taxable","16":"shipping-taxable","17":"purchasable","18":"product-type-simple"},"jetpack_sharing_enabled":true,"_links":{"self":[{"href":"https:\/\/republify.se\/index.php\/wp-json\/wp\/v2\/product\/8531","targetHints":{"allow":["GET"]}}],"collection":[{"href":"https:\/\/republify.se\/index.php\/wp-json\/wp\/v2\/product"}],"about":[{"href":"https:\/\/republify.se\/index.php\/wp-json\/wp\/v2\/types\/product"}],"replies":[{"embeddable":true,"href":"https:\/\/republify.se\/index.php\/wp-json\/wp\/v2\/comments?post=8531"}],"wp:featuredmedia":[{"embeddable":true,"href":"https:\/\/republify.se\/index.php\/wp-json\/wp\/v2\/media\/7448"}],"wp:attachment":[{"href":"https:\/\/republify.se\/index.php\/wp-json\/wp\/v2\/media?parent=8531"}],"wp:term":[{"taxonomy":"product_brand","embeddable":true,"href":"https:\/\/republify.se\/index.php\/wp-json\/wp\/v2\/product_brand?post=8531"},{"taxonomy":"product_cat","embeddable":true,"href":"https:\/\/republify.se\/index.php\/wp-json\/wp\/v2\/product_cat?post=8531"},{"taxonomy":"product_tag","embeddable":true,"href":"https:\/\/republify.se\/index.php\/wp-json\/wp\/v2\/product_tag?post=8531"}],"curies":[{"name":"wp","href":"https:\/\/api.w.org\/{rel}","templated":true}]}}