{"id":8525,"date":"2024-09-14T01:45:29","date_gmt":"2024-09-14T00:45:29","guid":{"rendered":"https:\/\/republify.se\/?post_type=product&#038;p=8525"},"modified":"2026-01-09T08:06:23","modified_gmt":"2026-01-09T07:06:23","slug":"ai-iot-machine-learning-fran-grunden","status":"publish","type":"product","link":"https:\/\/republify.se\/index.php\/produkt\/ai-iot-machine-learning-fran-grunden\/","title":{"rendered":"AI, IOT &#038; Machine Learning fr\u00e5n grunden"},"content":{"rendered":"<p>Uppt\u00e4ck kraften och potentialen hos maskininl\u00e4rning genom en praktisk och djupg\u00e5ende kurs som t\u00e4cker allt fr\u00e5n grundl\u00e4ggande principer till avancerade till\u00e4mpningar. Under dessa tv\u00e5 dagar kommer du att f\u00e5 en omfattande f\u00f6rst\u00e5else f\u00f6r hur man bygger, utv\u00e4rderar och f\u00f6rb\u00e4ttrar maskininl\u00e4rningsmodeller. Genom att integrera teori med praktiska \u00f6vningar, syftar kursen till att ge dig verktygen och f\u00f6rtroendet att anv\u00e4nda maskininl\u00e4rning i ditt arbete.<\/p>\n<p>Kursen \u00e4r designad f\u00f6r att vara interaktiv och praktikorienterad, med en blandning av teori, hands-on programmering, par-programmering och diskussioner.<\/p>\n<p><strong>Kursm\u00e5l<\/strong><br \/>\nM\u00e5let med denna kurs \u00e4r att ge dig en solid grund i maskininl\u00e4rning samt en f\u00f6rdjupad f\u00f6rst\u00e5else av djupa neurala n\u00e4tverk. Vi str\u00e4var efter att ge dig f\u00e4rdigheter och kunskaper som g\u00f6r att du kan genomf\u00f6ra egna maskininl\u00e4rningsprojekt fr\u00e5n b\u00f6rjan till slut och f\u00f6rst\u00e5 hur avancerade modeller kan till\u00e4mpas p\u00e5 verkliga problem.<\/p>\n<p><strong>M\u00e5lgrupp<\/strong><br \/>\nDenna kurs \u00e4r idealisk f\u00f6r utvecklare, dataanalytiker, och alla som \u00e4r intresserade av att f\u00f6rdjupa sig i maskininl\u00e4rningens v\u00e4rld.<\/p>\n<p><strong>Inneh\u00e5ll<\/strong><\/p>\n<ul>\n<li>Introduktion till AI &amp; IOT<\/li>\n<li>Introduktion till Maskininl\u00e4rning<\/li>\n<li>Arbetsfl\u00f6de f\u00f6r ett maskininl\u00e4rningsprojekt<\/li>\n<li>Hur s\u00e4tter man upp sin utvecklingsmilj\u00f6<\/li>\n<li>Datainsamling, dataf\u00f6rberedelse, och explorativ dataanalys<\/li>\n<li>Tr\u00e4ning, validering och testning av modeller<\/li>\n<li>Bed\u00f6mning och finjustering av modeller<\/li>\n<li>Introduktion och f\u00f6rdjupning i Convolutional Neural Networks (CNN)<\/li>\n<li>Hur anv\u00e4nder man LLM:er i en applikation via API:er<\/li>\n<li>Hur deployera man till molnet, t ex Azure<\/li>\n<li>Praktiska \u00f6vningar och projektarbete<\/li>\n<li>Par-programmering och gruppdiskussioner om utmaningar och l\u00f6sningar<\/li>\n<\/ul>\n<p>&nbsp;<\/p>\n<p><strong>Kurslitteratur<\/strong><br \/>\nAur\u00e9lien G\u00e9ron, Hands-On Machine Learning with Scikit-Learn, Keras, and TensorFlow, 2nd Edition.<\/p>\n<p><strong>F\u00f6rkunskaper<\/strong><br \/>\nGrundl\u00e4ggande kunskaper i programmering (helst i Python).<\/p>\n<p>&nbsp;<\/p>\n<h3>Kursen genomf\u00f6rs i samarbete med<\/h3>\n<p><img decoding=\"async\" class=\"alignnone size-full wp-image-8663 lazyload\" data-src=\"https:\/\/republify.se\/wp-content\/uploads\/2024\/10\/brivalo.jpg\" alt=\"\" width=\"193\" height=\"54\" src=\"data:image\/svg+xml;base64,PHN2ZyB3aWR0aD0iMSIgaGVpZ2h0PSIxIiB4bWxucz0iaHR0cDovL3d3dy53My5vcmcvMjAwMC9zdmciPjwvc3ZnPg==\" style=\"--smush-placeholder-width: 193px; --smush-placeholder-aspect-ratio: 193\/54;\" \/><\/p>\n","protected":false},"excerpt":{"rendered":"<p>M\u00e5let med denna kurs \u00e4r att ge dig en solid grund i maskininl\u00e4rning samt en f\u00f6rdjupad f\u00f6rst\u00e5else av djupa neurala n\u00e4tverk. Vi str\u00e4var efter att ge dig f\u00e4rdigheter och kunskaper som g\u00f6r att du kan genomf\u00f6ra egna maskininl\u00e4rningsprojekt fr\u00e5n b\u00f6rjan till slut och f\u00f6rst\u00e5 hur avancerade modeller kan till\u00e4mpas p\u00e5 verkliga problem.<\/p>\n","protected":false},"featured_media":6707,"comment_status":"open","ping_status":"closed","template":"","meta":{"wds_primary_product_brand":0,"wds_primary_product_cat":0},"product_brand":[],"product_cat":[137,91,56],"product_tag":[],"class_list":{"0":"post-8525","1":"product","2":"type-product","3":"status-publish","4":"has-post-thumbnail","6":"product_cat-ai","7":"product_cat-arbetsmiljo","8":"product_cat-it-sakerhet","10":"first","11":"instock","12":"taxable","13":"shipping-taxable","14":"purchasable","15":"product-type-simple"},"jetpack_sharing_enabled":true,"_links":{"self":[{"href":"https:\/\/republify.se\/index.php\/wp-json\/wp\/v2\/product\/8525","targetHints":{"allow":["GET"]}}],"collection":[{"href":"https:\/\/republify.se\/index.php\/wp-json\/wp\/v2\/product"}],"about":[{"href":"https:\/\/republify.se\/index.php\/wp-json\/wp\/v2\/types\/product"}],"replies":[{"embeddable":true,"href":"https:\/\/republify.se\/index.php\/wp-json\/wp\/v2\/comments?post=8525"}],"wp:featuredmedia":[{"embeddable":true,"href":"https:\/\/republify.se\/index.php\/wp-json\/wp\/v2\/media\/6707"}],"wp:attachment":[{"href":"https:\/\/republify.se\/index.php\/wp-json\/wp\/v2\/media?parent=8525"}],"wp:term":[{"taxonomy":"product_brand","embeddable":true,"href":"https:\/\/republify.se\/index.php\/wp-json\/wp\/v2\/product_brand?post=8525"},{"taxonomy":"product_cat","embeddable":true,"href":"https:\/\/republify.se\/index.php\/wp-json\/wp\/v2\/product_cat?post=8525"},{"taxonomy":"product_tag","embeddable":true,"href":"https:\/\/republify.se\/index.php\/wp-json\/wp\/v2\/product_tag?post=8525"}],"curies":[{"name":"wp","href":"https:\/\/api.w.org\/{rel}","templated":true}]}}