{"id":8504,"date":"2024-09-13T08:49:30","date_gmt":"2024-09-13T07:49:30","guid":{"rendered":"https:\/\/republify.se\/?post_type=product&#038;p=8504"},"modified":"2026-02-12T14:00:15","modified_gmt":"2026-02-12T13:00:15","slug":"kotlin-for-developers","status":"publish","type":"product","link":"https:\/\/republify.se\/index.php\/produkt\/kotlin-for-developers\/","title":{"rendered":"Kotlin for developers"},"content":{"rendered":"<div class=\"elementor-element elementor-element-7723ba8 elementor-widget elementor-widget-text-editor\" data-id=\"7723ba8\" data-element_type=\"widget\" data-widget_type=\"text-editor.default\">\n<div class=\"elementor-widget-container\">\n<div class=\"elementor-element elementor-element-70419e9c elementor-widget elementor-widget-text-editor\" data-id=\"70419e9c\" data-element_type=\"widget\" data-widget_type=\"text-editor.default\">\n<div class=\"elementor-widget-container\">\n<div class=\"elementor-element elementor-element-4b939308 elementor-widget elementor-widget-text-editor\" data-id=\"4b939308\" data-element_type=\"widget\" data-widget_type=\"text-editor.default\">\n<div class=\"elementor-widget-container\">\n<p>Kotlin anv\u00e4nds f\u00f6r programmering av backend, frontend och Android. Det \u00e4r utvecklat av Jetbrains, som ligger bakom det popul\u00e4ra utvecklingsverktyget IntelliJ.<\/p>\n<p><strong>F\u00f6rkunskaper<\/strong><\/p>\n<p>Du b\u00f6r ha viss programmeringsvana f\u00f6r att kunna tillgodog\u00f6ra dig kursinneh\u00e5llet p\u00e5 b\u00e4sta s\u00e4tt.<\/p>\n<p><strong>M\u00e5lgrupp<\/strong><br \/>\nUtbildningen v\u00e4nder sig till utvecklare som vill komma ig\u00e5ng med programmering i Kotlin.<\/p>\n<p><strong>Inneh\u00e5ll<\/strong><br \/>\n&#8211; Getting Started with Kotlin<br \/>\n&#8211; Kotlin Basics<br \/>\n&#8211; Object-Oriented Programming in Kotlin<br \/>\n&#8211; Functions<br \/>\n&#8211; Higher Order Functions and Functional Programming<br \/>\n&#8211; Properties<br \/>\n&#8211; Null Safety, Reflection, and Annotations<br \/>\n&#8211; Generics<br \/>\n&#8211; Data Classes<br \/>\n&#8211; Collections<br \/>\n&#8211; Testing in Kotlin<br \/>\n&#8211; Microservices with Kotlin<br \/>\n&#8211; Concurrency<br \/>\n&#8211; Summary<\/p>\n<\/div>\n<\/div>\n<\/div>\n<\/div>\n<p>&nbsp;<\/p>\n<\/div>\n<\/div>\n<h3>Kursen levereras i samarbete med Mindroad<\/h3>\n","protected":false},"excerpt":{"rendered":"<p><strong>Kotlin \u00e4r den nya tidens Programspr\u00e5k. Det \u00e4r pragmatiskt och det ger st\u00f6d f\u00f6r att fokusera p\u00e5 l\u00f6sningen ist\u00e4llet f\u00f6r p\u00e5 koden. Spr\u00e5ket kan anv\u00e4ndas b\u00e5de som komplement och som ers\u00e4ttare till kod skriven till exempel i Java och JavaScript.<\/strong><\/p>\n<p>I denna utbildning varvas teori med praktiska \u00f6vningar, d\u00e4r \u00f6vningarna st\u00e5r f\u00f6r h\u00e4lften av tiden.<\/p>\n","protected":false},"featured_media":5061,"comment_status":"open","ping_status":"closed","template":"","meta":{"wds_primary_product_brand":0,"wds_primary_product_cat":0},"product_brand":[],"product_cat":[73,138,184,29],"product_tag":[],"class_list":{"0":"post-8504","1":"product","2":"type-product","3":"status-publish","4":"has-post-thumbnail","6":"product_cat-java","7":"product_cat-javascript","8":"product_cat-kotlin","9":"product_cat-technical","11":"first","12":"instock","13":"taxable","14":"shipping-taxable","15":"purchasable","16":"product-type-simple"},"jetpack_sharing_enabled":true,"_links":{"self":[{"href":"https:\/\/republify.se\/index.php\/wp-json\/wp\/v2\/product\/8504","targetHints":{"allow":["GET"]}}],"collection":[{"href":"https:\/\/republify.se\/index.php\/wp-json\/wp\/v2\/product"}],"about":[{"href":"https:\/\/republify.se\/index.php\/wp-json\/wp\/v2\/types\/product"}],"replies":[{"embeddable":true,"href":"https:\/\/republify.se\/index.php\/wp-json\/wp\/v2\/comments?post=8504"}],"wp:featuredmedia":[{"embeddable":true,"href":"https:\/\/republify.se\/index.php\/wp-json\/wp\/v2\/media\/5061"}],"wp:attachment":[{"href":"https:\/\/republify.se\/index.php\/wp-json\/wp\/v2\/media?parent=8504"}],"wp:term":[{"taxonomy":"product_brand","embeddable":true,"href":"https:\/\/republify.se\/index.php\/wp-json\/wp\/v2\/product_brand?post=8504"},{"taxonomy":"product_cat","embeddable":true,"href":"https:\/\/republify.se\/index.php\/wp-json\/wp\/v2\/product_cat?post=8504"},{"taxonomy":"product_tag","embeddable":true,"href":"https:\/\/republify.se\/index.php\/wp-json\/wp\/v2\/product_tag?post=8504"}],"curies":[{"name":"wp","href":"https:\/\/api.w.org\/{rel}","templated":true}]}}