{"id":8503,"date":"2024-09-13T08:41:05","date_gmt":"2024-09-13T07:41:05","guid":{"rendered":"https:\/\/republify.se\/?post_type=product&#038;p=8503"},"modified":"2026-01-09T08:08:25","modified_gmt":"2026-01-09T07:08:25","slug":"jira-introduction","status":"publish","type":"product","link":"https:\/\/republify.se\/index.php\/produkt\/jira-introduction\/","title":{"rendered":"Jira &#8211; Introduction"},"content":{"rendered":"<p>Detta \u00e4r utbildningen f\u00f6r blivande super users, som inte har n\u00e5gon tidigare Jira-erfarenhet och andra som vill ha en intensiv genomg\u00e5ng av Jira med m\u00e5let att inf\u00f6ra verktyget i sin egen verksamhet.<\/p>\n<p><strong>Inneh\u00e5ll<\/strong><\/p>\n<p><em>Utbildningen \u00e4r uppdelad p\u00e5 50% teorigenomg\u00e5ng och 50% workshop.<\/em><\/p>\n<p><strong>F\u00f6rmiddag<\/strong><\/p>\n<p><strong>Del 1<\/strong><br \/>\n\u2022 Orientering i st\u00f6dsystemen och Jiras roll bland s\u00e5dana<br \/>\n\u2022 Introduktion till anv\u00e4ndningen av Jira<br \/>\n\u2022 Installation och grundl\u00e4ggande administration av Jira<\/p>\n<p><strong>Del 2<\/strong><br \/>\n\u2022 Jira Agile (numera en del av Jira Software)<br \/>\n\u2022 Kort genomg\u00e5ng av Scrum och Kanban<br \/>\n\u2022 Jira Agile med Scrum<br \/>\n\u2022 Jira Agile f\u00f6r Kanban<\/p>\n<p><strong>Eftermiddag<\/strong><\/p>\n<p>\u2022 F\u00f6rdjupning i administrationen av Jira<br \/>\n\u2022 Jira Schemes<br \/>\n\u2022 Egna workflows f\u00f6r Jira<br \/>\n\u2022 Add-ons f\u00f6r Jira<br \/>\n\u2022 Strategier kring administrationen av Jira<\/p>\n<p>&nbsp;<\/p>\n<h3>Utbildningen genomf\u00f6rs i samarbete med MindRoad<\/h3>\n","protected":false},"excerpt":{"rendered":"<p><strong>Introduktion till Jira \u00e4r en introduktion och snabbutbildning f\u00f6r de som \u00e4r t\u00e4nkta som super users i Jira och som inte tidigare har n\u00e5gon Jira-erfarenhet. <\/strong><\/p>\n<p>Utbildningen genomf\u00f6rs under en kursdag, d\u00e4r f\u00f6rmiddagen \u00e4gnas \u00e5t en teorigenomg\u00e5ng och eftermiddagen \u00e5t en workshop specialanpassad f\u00f6r deltagarnas egna projekt med m\u00e5let att Jira ska inf\u00f6ras som verktyg i projektet.<\/p>\n","protected":false},"featured_media":5357,"comment_status":"open","ping_status":"closed","template":"","meta":{"wds_primary_product_brand":0,"wds_primary_product_cat":0},"product_brand":[],"product_cat":[181,29],"product_tag":[],"class_list":{"0":"post-8503","1":"product","2":"type-product","3":"status-publish","4":"has-post-thumbnail","6":"product_cat-jira","7":"product_cat-technical","9":"first","10":"instock","11":"taxable","12":"shipping-taxable","13":"purchasable","14":"product-type-simple"},"jetpack_sharing_enabled":true,"_links":{"self":[{"href":"https:\/\/republify.se\/index.php\/wp-json\/wp\/v2\/product\/8503","targetHints":{"allow":["GET"]}}],"collection":[{"href":"https:\/\/republify.se\/index.php\/wp-json\/wp\/v2\/product"}],"about":[{"href":"https:\/\/republify.se\/index.php\/wp-json\/wp\/v2\/types\/product"}],"replies":[{"embeddable":true,"href":"https:\/\/republify.se\/index.php\/wp-json\/wp\/v2\/comments?post=8503"}],"wp:featuredmedia":[{"embeddable":true,"href":"https:\/\/republify.se\/index.php\/wp-json\/wp\/v2\/media\/5357"}],"wp:attachment":[{"href":"https:\/\/republify.se\/index.php\/wp-json\/wp\/v2\/media?parent=8503"}],"wp:term":[{"taxonomy":"product_brand","embeddable":true,"href":"https:\/\/republify.se\/index.php\/wp-json\/wp\/v2\/product_brand?post=8503"},{"taxonomy":"product_cat","embeddable":true,"href":"https:\/\/republify.se\/index.php\/wp-json\/wp\/v2\/product_cat?post=8503"},{"taxonomy":"product_tag","embeddable":true,"href":"https:\/\/republify.se\/index.php\/wp-json\/wp\/v2\/product_tag?post=8503"}],"curies":[{"name":"wp","href":"https:\/\/api.w.org\/{rel}","templated":true}]}}