{"id":8499,"date":"2024-09-13T07:58:34","date_gmt":"2024-09-13T06:58:34","guid":{"rendered":"https:\/\/republify.se\/?post_type=product&#038;p=8499"},"modified":"2025-11-21T08:13:48","modified_gmt":"2025-11-21T07:13:48","slug":"c-sharp-next-level-advanced","status":"publish","type":"product","link":"https:\/\/republify.se\/index.php\/produkt\/c-sharp-next-level-advanced\/","title":{"rendered":"C# Next Level &#8211; Advanced"},"content":{"rendered":"<p>Fokus f\u00f6r utbildningen \u00e4r att f\u00f6rdjupa dina kunskaper inom C# med exempel och f\u00f6rslag f\u00f6r att kunna skapa h\u00f6gkvalitativ, v\u00e4lstrukturerad, l\u00e4ttl\u00e4st kod som \u00e4r l\u00e4tt att testa och \u00e5teranv\u00e4nda.<\/p>\n<p>Alla \u00f6vningar och kod som genereras under utbildningen kombineras med enhetstester enligt principer fr\u00e5n domain driven design.<\/p>\n<p>&nbsp;<\/p>\n<p><strong>Inneh\u00e5ll:<\/strong><\/p>\n<p>Objektorientering, klasser och egenskaper<\/p>\n<p>Test Driven Design (TDD) och projekt med testmetodik<\/p>\n<p>LINQ, delegater, events och lambdauttryck<\/p>\n<p>Asynkron programmering<\/p>\n<p>Entity Framework<\/p>\n<p>Repository Pattern<\/p>\n<p>Design Patterns<\/p>\n<p>Dependency Injection<\/p>\n<p>Interface, SOLID-principer<\/p>\n<p>Domain Driven Desgin (DDD)<\/p>\n<p>Attribut, Reflection och .NET-interoperabilitet<\/p>\n<p>&nbsp;<\/p>\n<h3>Kursen levereras i samarbete med Mindroad<\/h3>\n<h2><\/h2>\n","protected":false},"excerpt":{"rendered":"<p><strong>Detta \u00e4r utbildningen f\u00f6r dig som arbetat ett tag med utveckling i C# och har f\u00f6rkunskaper motsvarande v\u00e5r utbildning Grundkurs i C# och .NET. Vi f\u00f6rdjupar oss inom metodiker som TDD\/DD, hur du arbetar med design patterns och \u00f6verlag f\u00f6rdjupar dina kunskaper inom C#.<\/strong><\/p>\n<p>Kursens m\u00e5l \u00e4r att ge en djupare f\u00f6rst\u00e5else av C#, f\u00f6rslag p\u00e5 verktyg som anv\u00e4nds i branschen och sj\u00e4lvklart f\u00f6rslag p\u00e5 anv\u00e4ndbara nyheter inom C# och .NET<\/p>\n","protected":false},"featured_media":2756,"comment_status":"open","ping_status":"closed","template":"","meta":{"wds_primary_product_brand":0,"wds_primary_product_cat":0},"product_brand":[],"product_cat":[41,148,40,29],"product_tag":[118,120,121,122,124,125,119,117,123],"class_list":{"0":"post-8499","1":"product","2":"type-product","3":"status-publish","4":"has-post-thumbnail","6":"product_cat-net","7":"product_cat-architecture","8":"product_cat-c","9":"product_cat-technical","10":"product_tag-architectural-concepts","11":"product_tag-bdd","12":"product_tag-behaviour-driven-development","13":"product_tag-cqrs","14":"product_tag-ddd","15":"product_tag-domain-driven-design","16":"product_tag-event-modeling","17":"product_tag-micro-services","18":"product_tag-nosql","20":"first","21":"instock","22":"taxable","23":"shipping-taxable","24":"purchasable","25":"product-type-simple"},"jetpack_sharing_enabled":true,"_links":{"self":[{"href":"https:\/\/republify.se\/index.php\/wp-json\/wp\/v2\/product\/8499","targetHints":{"allow":["GET"]}}],"collection":[{"href":"https:\/\/republify.se\/index.php\/wp-json\/wp\/v2\/product"}],"about":[{"href":"https:\/\/republify.se\/index.php\/wp-json\/wp\/v2\/types\/product"}],"replies":[{"embeddable":true,"href":"https:\/\/republify.se\/index.php\/wp-json\/wp\/v2\/comments?post=8499"}],"wp:featuredmedia":[{"embeddable":true,"href":"https:\/\/republify.se\/index.php\/wp-json\/wp\/v2\/media\/2756"}],"wp:attachment":[{"href":"https:\/\/republify.se\/index.php\/wp-json\/wp\/v2\/media?parent=8499"}],"wp:term":[{"taxonomy":"product_brand","embeddable":true,"href":"https:\/\/republify.se\/index.php\/wp-json\/wp\/v2\/product_brand?post=8499"},{"taxonomy":"product_cat","embeddable":true,"href":"https:\/\/republify.se\/index.php\/wp-json\/wp\/v2\/product_cat?post=8499"},{"taxonomy":"product_tag","embeddable":true,"href":"https:\/\/republify.se\/index.php\/wp-json\/wp\/v2\/product_tag?post=8499"}],"curies":[{"name":"wp","href":"https:\/\/api.w.org\/{rel}","templated":true}]}}