{"id":8495,"date":"2024-09-12T11:51:59","date_gmt":"2024-09-12T10:51:59","guid":{"rendered":"https:\/\/republify.se\/?post_type=product&#038;p=8495"},"modified":"2026-04-21T20:54:05","modified_gmt":"2026-04-21T19:54:05","slug":"agil-projektledning-intensivkurs","status":"publish","type":"product","link":"https:\/\/republify.se\/index.php\/produkt\/agil-projektledning-intensivkurs\/","title":{"rendered":"Agil Projektledning &#8211; Intensivkurs"},"content":{"rendered":"<div style=\"float: right;\">\n<p><script src='\/\/d31cr4zxq0qgev.cloudfront.net\/js\/reviews\/1.5.1\/widget.min.js'>\n<\/script><\/p>\n<div>\n<div id=\"widget-reviews\"><\/div>\n<div id=\"widget-link\"><a href=\"https:\/\/www.utbildning.se\/\">I samarbete med utbildning.se<\/a><\/div>\n<\/div>\n<p><script>\n    emgReviewWidget.setup({\n        targetElementId: 'widget-reviews',\n        customerId: '40730',\n        sourceCourseId: '1847819', \n        source: 'utbildning.se'\n    });\n<\/script><\/p>\n<\/div>\n<p><strong>Effektm\u00e5l<\/strong><\/p>\n<p>Efter genomf\u00f6rd kurs skall deltagarna<\/p>\n<ul>\n<li>ha k\u00e4nnedom om agila roller och ansvar.<\/li>\n<li>kunna planera och genomf\u00f6ra en sprint.<\/li>\n<li>skapa en gemensam syn p\u00e5 hur dessa verktyg b\u00e4st kan anv\u00e4ndas i deras arbete.<\/li>\n<\/ul>\n<p>&nbsp;<\/p>\n<p><strong>M\u00e5lgrupp<\/strong><\/p>\n<p>Projektledare och projektmedarbetare. Erfarenhet av projektarbete och projektledning rekommenderas.<\/p>\n<p>&nbsp;<\/p>\n<p><strong>Inneh\u00e5ll<\/strong><\/p>\n<ul>\n<li>Agil vs traditionell projektmetodik<\/li>\n<li>Agila vs traditionella projektroller<\/li>\n<li>Exempel p\u00e5 agila metoder<\/li>\n<li>Agil planering<\/li>\n<\/ul>\n<p>&nbsp;<\/p>\n<p><strong>Metoder<\/strong><\/p>\n<p>F\u00f6rel\u00e4sning varvat med praktiska \u00f6vningar.<\/p>\n<p>&nbsp;<\/p>\n<p><strong>Agenda<\/strong><\/p>\n<p>&nbsp;<\/p>\n<p><strong>Projektmodell<\/strong><\/p>\n<ul>\n<li>Modellens struktur (projektfl\u00f6det) \u2013 traditionellt vs. agilt.<\/li>\n<li>Faser och beslutspunkter.<\/li>\n<li>Projektets organisation.<\/li>\n<\/ul>\n<p><strong>\u00a0<\/strong><\/p>\n<p><strong>Rollernas inneh\u00e5ll, befogenheter och ansvar<\/strong><\/p>\n<ul>\n<li>Projekt\u00e4gare<\/li>\n<li>Styrgrupp<\/li>\n<li>Projektledare<\/li>\n<\/ul>\n<p><strong>\u00a0<\/strong><\/p>\n<p><strong>Projektets nytta<\/strong><\/p>\n<ul>\n<li>Effektm\u00e5l och projektm\u00e5l.<\/li>\n<li>Den f\u00f6rv\u00e4ntade nyttan projektet ska skapa.<\/li>\n<li>Erfarenhets\u00e5terf\u00f6ring fr\u00e5n projektet.<\/li>\n<\/ul>\n<p><strong>\u00a0<\/strong><\/p>\n<p><strong>Styra och st\u00f6dja projekt<\/strong><\/p>\n<ul>\n<li>Projektniv\u00e5er &#8211; styra, leda, utf\u00f6ra.<\/li>\n<li>Skapa f\u00f6ruts\u00e4ttningar f\u00f6r projekten.<\/li>\n<li>Linjeorganisationens ansvar.<\/li>\n<\/ul>\n<h2><\/h2>\n","protected":false},"excerpt":{"rendered":"<p><strong>Den h\u00e4r kursen \u00e4r en introduktion till agil projekt-metodik och ger en helhetsbild som kopplar ihop filosofin kring Lean med den konkreta agila metoden Scrum. <\/strong><\/p>\n<p>Du l\u00e4r dig att skillnaderna mellan dessa och traditionell projekt-metodik, och kan utforska vilken metod som passar ditt projekt b\u00e4st.<\/p>\n<p><strong>\u00d6ppna\/Schemadatum (distans): <\/strong>29 juni<\/p>\n","protected":false},"featured_media":6298,"comment_status":"open","ping_status":"closed","template":"","meta":{"wds_primary_product_brand":0,"wds_primary_product_cat":0},"product_brand":[],"product_cat":[33,91,30,37,32,145,51],"product_tag":[],"class_list":{"0":"post-8495","1":"product","2":"type-product","3":"status-publish","4":"has-post-thumbnail","6":"product_cat-agila-metoder","7":"product_cat-arbetsmiljo","8":"product_cat-business","9":"product_cat-kommunikation","10":"product_cat-ledarskap","11":"product_cat-oppen-schemalagd-utbildning","12":"product_cat-projektledning","14":"first","15":"instock","16":"taxable","17":"shipping-taxable","18":"purchasable","19":"product-type-simple"},"jetpack_sharing_enabled":true,"_links":{"self":[{"href":"https:\/\/republify.se\/index.php\/wp-json\/wp\/v2\/product\/8495","targetHints":{"allow":["GET"]}}],"collection":[{"href":"https:\/\/republify.se\/index.php\/wp-json\/wp\/v2\/product"}],"about":[{"href":"https:\/\/republify.se\/index.php\/wp-json\/wp\/v2\/types\/product"}],"replies":[{"embeddable":true,"href":"https:\/\/republify.se\/index.php\/wp-json\/wp\/v2\/comments?post=8495"}],"wp:featuredmedia":[{"embeddable":true,"href":"https:\/\/republify.se\/index.php\/wp-json\/wp\/v2\/media\/6298"}],"wp:attachment":[{"href":"https:\/\/republify.se\/index.php\/wp-json\/wp\/v2\/media?parent=8495"}],"wp:term":[{"taxonomy":"product_brand","embeddable":true,"href":"https:\/\/republify.se\/index.php\/wp-json\/wp\/v2\/product_brand?post=8495"},{"taxonomy":"product_cat","embeddable":true,"href":"https:\/\/republify.se\/index.php\/wp-json\/wp\/v2\/product_cat?post=8495"},{"taxonomy":"product_tag","embeddable":true,"href":"https:\/\/republify.se\/index.php\/wp-json\/wp\/v2\/product_tag?post=8495"}],"curies":[{"name":"wp","href":"https:\/\/api.w.org\/{rel}","templated":true}]}}