{"id":8486,"date":"2024-09-11T18:02:24","date_gmt":"2024-09-11T17:02:24","guid":{"rendered":"https:\/\/republify.se\/?post_type=product&#038;p=8486"},"modified":"2026-01-09T08:10:38","modified_gmt":"2026-01-09T07:10:38","slug":"javascript-och-modern-webbutveckling-med-angular-react-och-vue","status":"publish","type":"product","link":"https:\/\/republify.se\/index.php\/produkt\/javascript-och-modern-webbutveckling-med-angular-react-och-vue\/","title":{"rendered":"JavaScript och modern webbutveckling med Angular, React och Vue"},"content":{"rendered":"<div class=\"elementor-element elementor-element-7723ba8 elementor-widget elementor-widget-text-editor\" data-id=\"7723ba8\" data-element_type=\"widget\" data-widget_type=\"text-editor.default\">\n<div class=\"elementor-widget-container\">\n<div class=\"elementor-element elementor-element-70419e9c elementor-widget elementor-widget-text-editor\" data-id=\"70419e9c\" data-element_type=\"widget\" data-widget_type=\"text-editor.default\">\n<div class=\"elementor-widget-container\">\n<div class=\"elementor-element elementor-element-4b939308 elementor-widget elementor-widget-text-editor\" data-id=\"4b939308\" data-element_type=\"widget\" data-widget_type=\"text-editor.default\">\n<div class=\"elementor-widget-container\">\n<p><strong>M\u00e5lgrupp<\/strong><br \/>\nUtbildningen v\u00e4nder sig till\u00a0utvecklare med n\u00e5gra \u00e5rs erfarenhet i t.ex. Java eller .NET som vill f\u00f6rst\u00e4rka sin kunskap om frontend-utveckling.<\/p>\n<p><strong>Bakgrundskunskaper<\/strong><br \/>\nF\u00f6r att kunna tillgodog\u00f6ra din kursen b\u00f6r du ha programmeringsvana och beh\u00e4rska minst ett annat programmeringsspr\u00e5k.<\/p>\n<p><strong>Spr\u00e5k<\/strong><br \/>\nUtbildningsmaterialet \u00e4r skrivet p\u00e5 engelska. Utbildningen kan genomf\u00f6ras antingen p\u00e5 svenska eller engelska.<\/p>\n<p><strong>Kursl\u00e4ngd<\/strong><br \/>\nKursen genomf\u00f6rs under\u00a0tre dagar.<\/p>\n<p><strong>Inneh\u00e5ll<\/strong><br \/>\nI kursen g\u00e5r vi igenom:<\/p>\n<ul>\n<li>Att t\u00e4nka i JavaScript &#8211; skillnader och likheter mot andra spr\u00e5k<\/li>\n<li>Nytt i ECMAScript2015, ES7 och ES8<\/li>\n<li>Objektorienterade och funktionella problemsl\u00f6sningsm\u00f6nster<\/li>\n<li>Beroendehantering med NPM<\/li>\n<li>Byggsystem f\u00f6r frontend-utveckling med Grunt<\/li>\n<li>Kompilering och lintning med Babel<\/li>\n<li>Webpack, ett modulsystem f\u00f6r frontendutveckling<\/li>\n<li>TDD och BDD i JavaScript<\/li>\n<li>Centrala webbl\u00e4sarkoncept: Event-hantering, DOM och XmlHttpRequest<\/li>\n<li>Tv\u00e5v\u00e4gskommunikation med Websockets<\/li>\n<li>\u00d6versikt av frontend-ramverk: Angular, React och Vue<\/li>\n<li>Typs\u00e4kerhet med Typescript<\/li>\n<\/ul>\n<\/div>\n<\/div>\n<\/div>\n<\/div>\n<p>&nbsp;<\/p>\n<\/div>\n<\/div>\n<h3>Kursen levereras i samarbete med Mindroad<\/h3>\n","protected":false},"excerpt":{"rendered":"<p>Javascriptbaserad teknologi har kommit att utg\u00f6ra en allt st\u00f6rre del av stacken f\u00f6r m\u00e5nga organisationer. Den h\u00e4r kursen \u00e4r speciellt framtagen f\u00f6r att uppdatera arbetande utvecklare i den senaste utvecklingen, och hj\u00e4lpa dem att effektivt dra nytta av det nya ekosystem som vuxit fram kring JavaScript.<\/p>\n<p>Efter avslutad kurs s\u00e5 kommer du kunna s\u00e4tta upp en modern utvecklingsmilj\u00f6 och utveckla applikationer enligt nuvarande best practice.<\/p>\n","protected":false},"featured_media":6707,"comment_status":"open","ping_status":"closed","template":"","meta":{"wds_primary_product_brand":0,"wds_primary_product_cat":0},"product_brand":[],"product_cat":[138,39,29],"product_tag":[],"class_list":{"0":"post-8486","1":"product","2":"type-product","3":"status-publish","4":"has-post-thumbnail","6":"product_cat-javascript","7":"product_cat-systemutveckling","8":"product_cat-technical","10":"first","11":"instock","12":"taxable","13":"shipping-taxable","14":"purchasable","15":"product-type-simple"},"jetpack_sharing_enabled":true,"_links":{"self":[{"href":"https:\/\/republify.se\/index.php\/wp-json\/wp\/v2\/product\/8486","targetHints":{"allow":["GET"]}}],"collection":[{"href":"https:\/\/republify.se\/index.php\/wp-json\/wp\/v2\/product"}],"about":[{"href":"https:\/\/republify.se\/index.php\/wp-json\/wp\/v2\/types\/product"}],"replies":[{"embeddable":true,"href":"https:\/\/republify.se\/index.php\/wp-json\/wp\/v2\/comments?post=8486"}],"wp:featuredmedia":[{"embeddable":true,"href":"https:\/\/republify.se\/index.php\/wp-json\/wp\/v2\/media\/6707"}],"wp:attachment":[{"href":"https:\/\/republify.se\/index.php\/wp-json\/wp\/v2\/media?parent=8486"}],"wp:term":[{"taxonomy":"product_brand","embeddable":true,"href":"https:\/\/republify.se\/index.php\/wp-json\/wp\/v2\/product_brand?post=8486"},{"taxonomy":"product_cat","embeddable":true,"href":"https:\/\/republify.se\/index.php\/wp-json\/wp\/v2\/product_cat?post=8486"},{"taxonomy":"product_tag","embeddable":true,"href":"https:\/\/republify.se\/index.php\/wp-json\/wp\/v2\/product_tag?post=8486"}],"curies":[{"name":"wp","href":"https:\/\/api.w.org\/{rel}","templated":true}]}}