{"id":8485,"date":"2024-09-11T17:53:24","date_gmt":"2024-09-11T16:53:24","guid":{"rendered":"https:\/\/republify.se\/?post_type=product&#038;p=8485"},"modified":"2026-01-09T08:10:57","modified_gmt":"2026-01-09T07:10:57","slug":"rust-systemprogrammering-med-rust","status":"publish","type":"product","link":"https:\/\/republify.se\/index.php\/produkt\/rust-systemprogrammering-med-rust\/","title":{"rendered":"Rust &#8211; Systemprogrammering med Rust"},"content":{"rendered":"<p>Mozilla har framg\u00e5ngsrikt ersatt komplexa delsystem av Firefox med nya system skrivna i Rust, och p\u00e5 s\u00e5 s\u00e4tt realiserat imponerande prestandavinster. Detta inom ramen f\u00f6r det sk. project Quantum.<\/p>\n<p>Rust \u00e4r ett modernt, produktivt och produktionsredo spr\u00e5k v\u00e4l l\u00e4mpat f\u00f6r t.ex n\u00e4tverks\u00adprogram\u00admering eller inb\u00e4ddad utveckling.<\/p>\n<p><strong>M\u00e5lgrupp<\/strong><br \/>\nUtbildningen v\u00e4nder sig till utvecklare som vill komma ig\u00e5ng med programmering i Rust.<\/p>\n<p><strong>Bakgrundskunskaper<\/strong><br \/>\nKursen\u00a0f\u00f6ruts\u00e4tter att deltagarna aktivt jobbar med systemprogrammering i t.ex. C, C++, Java, C# eller Go.<\/p>\n<p><strong>Spr\u00e5k<\/strong><br \/>\nUtbildningsmaterialet \u00e4r skrivet p\u00e5 engelska. Utbildningen kan genomf\u00f6ras antingen p\u00e5 svenska eller engelska.<\/p>\n<p><strong>Kursl\u00e4ngd<\/strong><br \/>\nKursen genomf\u00f6rs under\u00a0tv\u00e5 dagar.<\/p>\n<p><strong>Inneh\u00e5ll<\/strong><br \/>\nI kursen g\u00e5r vi igenom:<\/p>\n<ul>\n<li>Rusts designfilosofi<\/li>\n<li>Minneshantering i Rust<\/li>\n<li>Funktionella idiom i systemprogrammering<\/li>\n<li>Structs och Traits<\/li>\n<li>Multitr\u00e5dad programmering i Rust<\/li>\n<li>Cargo och Crates<\/li>\n<li>Synkron och Asynkron IO<\/li>\n<li>N\u00e4tverksprogrammering i Rust<\/li>\n<\/ul>\n<p>&nbsp;<\/p>\n<h3>Kursen levereras i samarbete med Mindroad<\/h3>\n<h2><\/h2>\n","protected":false},"excerpt":{"rendered":"<p><strong>Rust \u00e4r ett nytt systemprogrammeringsspr\u00e5k fr\u00e5n Mozilla, l\u00e4mpat f\u00f6r samma typ av sammanhang som C och C++ med rykten om att kanske ers\u00e4tta C# i VisualStudio!<\/strong><\/p>\n<p>Det skiljer sig fr\u00e5n andra moderna spr\u00e5k i att det inte anv\u00e4nder garbage collection f\u00f6r minneshantering. Ist\u00e4llet inneh\u00e5ller kompilatorn ett sofistikerat system som inte bara kan avg\u00f6ra n\u00e4r minne ska allokeras och frig\u00f6ras, utan som ocks\u00e5 verifierar att pekare anv\u00e4nds p\u00e5 ett s\u00e4kert vis. De garantierna g\u00e4ller \u00e4ven i multi-tr\u00e5dade program.<\/p>\n","protected":false},"featured_media":4532,"comment_status":"open","ping_status":"closed","template":"","meta":{"wds_primary_product_brand":0,"wds_primary_product_cat":0},"product_brand":[],"product_cat":[41,148,40,180,29],"product_tag":[118,120,121,122,124,125,119,117,123],"class_list":{"0":"post-8485","1":"product","2":"type-product","3":"status-publish","4":"has-post-thumbnail","6":"product_cat-net","7":"product_cat-architecture","8":"product_cat-c","9":"product_cat-rust","10":"product_cat-technical","11":"product_tag-architectural-concepts","12":"product_tag-bdd","13":"product_tag-behaviour-driven-development","14":"product_tag-cqrs","15":"product_tag-ddd","16":"product_tag-domain-driven-design","17":"product_tag-event-modeling","18":"product_tag-micro-services","19":"product_tag-nosql","21":"first","22":"instock","23":"taxable","24":"shipping-taxable","25":"purchasable","26":"product-type-simple"},"jetpack_sharing_enabled":true,"_links":{"self":[{"href":"https:\/\/republify.se\/index.php\/wp-json\/wp\/v2\/product\/8485","targetHints":{"allow":["GET"]}}],"collection":[{"href":"https:\/\/republify.se\/index.php\/wp-json\/wp\/v2\/product"}],"about":[{"href":"https:\/\/republify.se\/index.php\/wp-json\/wp\/v2\/types\/product"}],"replies":[{"embeddable":true,"href":"https:\/\/republify.se\/index.php\/wp-json\/wp\/v2\/comments?post=8485"}],"wp:featuredmedia":[{"embeddable":true,"href":"https:\/\/republify.se\/index.php\/wp-json\/wp\/v2\/media\/4532"}],"wp:attachment":[{"href":"https:\/\/republify.se\/index.php\/wp-json\/wp\/v2\/media?parent=8485"}],"wp:term":[{"taxonomy":"product_brand","embeddable":true,"href":"https:\/\/republify.se\/index.php\/wp-json\/wp\/v2\/product_brand?post=8485"},{"taxonomy":"product_cat","embeddable":true,"href":"https:\/\/republify.se\/index.php\/wp-json\/wp\/v2\/product_cat?post=8485"},{"taxonomy":"product_tag","embeddable":true,"href":"https:\/\/republify.se\/index.php\/wp-json\/wp\/v2\/product_tag?post=8485"}],"curies":[{"name":"wp","href":"https:\/\/api.w.org\/{rel}","templated":true}]}}