{"id":8480,"date":"2024-09-11T17:26:50","date_gmt":"2024-09-11T16:26:50","guid":{"rendered":"https:\/\/republify.se\/?post_type=product&#038;p=8480"},"modified":"2026-01-09T08:12:21","modified_gmt":"2026-01-09T07:12:21","slug":"embedded-c-effektiv-c-utveckling-i-inbyggda-system","status":"publish","type":"product","link":"https:\/\/republify.se\/index.php\/produkt\/embedded-c-effektiv-c-utveckling-i-inbyggda-system\/","title":{"rendered":"Embedded C++ &#8211; Effektiv C++-utveckling i inbyggda system"},"content":{"rendered":"<div class=\"elementor-element elementor-element-7723ba8 elementor-widget elementor-widget-text-editor\" data-id=\"7723ba8\" data-element_type=\"widget\" data-widget_type=\"text-editor.default\">\n<div class=\"elementor-widget-container\">\n<div class=\"elementor-element elementor-element-70419e9c elementor-widget elementor-widget-text-editor\" data-id=\"70419e9c\" data-element_type=\"widget\" data-widget_type=\"text-editor.default\">\n<div class=\"elementor-widget-container\">\n<div class=\"elementor-element elementor-element-4b939308 elementor-widget elementor-widget-text-editor\" data-id=\"4b939308\" data-element_type=\"widget\" data-widget_type=\"text-editor.default\">\n<div class=\"elementor-widget-container\">\n<p>Du f\u00e5r en \u00f6versikt \u00f6ver de fallgroppar som finns n\u00e4r man anv\u00e4nder C++ i s\u00e4kerhetskritiska system och i realtidssystem.<\/p>\n<p><strong>Bakgrundskunskaper<\/strong><br \/>\nDeltagarna f\u00f6rv\u00e4ntas kunna programmera i C++.<\/p>\n<p><strong>Spr\u00e5k<\/strong><br \/>\nUtbildningsmaterialet \u00e4r skrivet p\u00e5 engelska. Utbildningen kan genomf\u00f6ras antingen p\u00e5 svenska eller engelska.<\/p>\n<p><strong>Kursl\u00e4ngd<\/strong><br \/>\nKursen genomf\u00f6rs under tv\u00e5 dagar.<\/p>\n<p><strong>Inneh\u00e5ll<\/strong><br \/>\nI utbildningen g\u00e5r vi igenom:<\/p>\n<ul>\n<li>C++ under huven<\/li>\n<li>Aspekter p\u00e5 interfacebaserad programmering<\/li>\n<li>Anv\u00e4nda C++ i inbyggda system<\/li>\n<li>MInneshantering<\/li>\n<li>Memory mapped IO (MMIO)<\/li>\n<li>Callbacks f\u00f6r C API eller ISR:er<\/li>\n<li>\u00d6versikt av TR1 och Boost<\/li>\n<li>Anv\u00e4ndbara templates-applikationer<\/li>\n<\/ul>\n<\/div>\n<\/div>\n<\/div>\n<\/div>\n<p>&nbsp;<\/p>\n<\/div>\n<\/div>\n<h3>Kursen levereras i samarbete med Mindroad<\/h3>\n","protected":false},"excerpt":{"rendered":"<p>C++ \u00e4r ett vanligt spr\u00e5k f\u00f6r utveckling av inbyggda system. Det finns dock en hel del att t\u00e4nka p\u00e5 f\u00f6r att g\u00f6ra en s\u00e4ker kod.<\/p>\n<p>Efter kursen har du en f\u00f6rst\u00e5else f\u00f6r hur kompilatorerna fungerar ur ett embedded-perspektiv. Du f\u00e5r l\u00e4ra dig vad du beh\u00f6ver t\u00e4nka p\u00e5 f\u00f6r att g\u00f6ra en s\u00e5 effektiv kod som m\u00f6jligt och hur man skriver C++-kod f\u00f6r ROM, f\u00f6r minnesmappad iO, f\u00f6r ISR:er, signalhanterare och minneshanteringsscheman.<\/p>\n","protected":false},"featured_media":7179,"comment_status":"open","ping_status":"closed","template":"","meta":{"wds_primary_product_brand":0,"wds_primary_product_cat":0},"product_brand":[],"product_cat":[77,179,178,29],"product_tag":[],"class_list":{"0":"post-8480","1":"product","2":"type-product","3":"status-publish","4":"has-post-thumbnail","6":"product_cat-c-technical","7":"product_cat-embedded","8":"product_cat-jenkins","9":"product_cat-technical","11":"first","12":"instock","13":"taxable","14":"shipping-taxable","15":"purchasable","16":"product-type-simple"},"jetpack_sharing_enabled":true,"_links":{"self":[{"href":"https:\/\/republify.se\/index.php\/wp-json\/wp\/v2\/product\/8480","targetHints":{"allow":["GET"]}}],"collection":[{"href":"https:\/\/republify.se\/index.php\/wp-json\/wp\/v2\/product"}],"about":[{"href":"https:\/\/republify.se\/index.php\/wp-json\/wp\/v2\/types\/product"}],"replies":[{"embeddable":true,"href":"https:\/\/republify.se\/index.php\/wp-json\/wp\/v2\/comments?post=8480"}],"wp:featuredmedia":[{"embeddable":true,"href":"https:\/\/republify.se\/index.php\/wp-json\/wp\/v2\/media\/7179"}],"wp:attachment":[{"href":"https:\/\/republify.se\/index.php\/wp-json\/wp\/v2\/media?parent=8480"}],"wp:term":[{"taxonomy":"product_brand","embeddable":true,"href":"https:\/\/republify.se\/index.php\/wp-json\/wp\/v2\/product_brand?post=8480"},{"taxonomy":"product_cat","embeddable":true,"href":"https:\/\/republify.se\/index.php\/wp-json\/wp\/v2\/product_cat?post=8480"},{"taxonomy":"product_tag","embeddable":true,"href":"https:\/\/republify.se\/index.php\/wp-json\/wp\/v2\/product_tag?post=8480"}],"curies":[{"name":"wp","href":"https:\/\/api.w.org\/{rel}","templated":true}]}}