{"id":8478,"date":"2024-09-11T17:19:11","date_gmt":"2024-09-11T16:19:11","guid":{"rendered":"https:\/\/republify.se\/?post_type=product&#038;p=8478"},"modified":"2026-01-09T08:12:42","modified_gmt":"2026-01-09T07:12:42","slug":"continuous-integration-och-testning-med-jenkins","status":"publish","type":"product","link":"https:\/\/republify.se\/index.php\/produkt\/continuous-integration-och-testning-med-jenkins\/","title":{"rendered":"Continuous Integration och testning med Jenkins"},"content":{"rendered":"<div class=\"elementor-element elementor-element-7723ba8 elementor-widget elementor-widget-text-editor\" data-id=\"7723ba8\" data-element_type=\"widget\" data-widget_type=\"text-editor.default\">\n<div class=\"elementor-widget-container\">\n<div class=\"elementor-element elementor-element-70419e9c elementor-widget elementor-widget-text-editor\" data-id=\"70419e9c\" data-element_type=\"widget\" data-widget_type=\"text-editor.default\">\n<div class=\"elementor-widget-container\">\n<div class=\"elementor-element elementor-element-4b939308 elementor-widget elementor-widget-text-editor\" data-id=\"4b939308\" data-element_type=\"widget\" data-widget_type=\"text-editor.default\">\n<div class=\"elementor-widget-container\">\n<p><em>Jenkins \u00e4r det marknadsledande systemet f\u00f6r att automatisera samt f\u00f6lja upp integration och testning.<\/em><\/p>\n<p>I kursen g\u00e5r vi igenom CI steg f\u00f6r steg, fr\u00e5n att s\u00e4tta upp en Jenkinsserver och ett enkelt byggjobb, via att b\u00f6rja utveckla enhetstester och modultester och f\u00f6lja upp kodt\u00e4ckning och annan statistik, till att automatisera leveransen full ut. Vi g\u00e5r ocks\u00e5 igenom n\u00e5gra andra moderna verktyg f\u00f6r mjukvaruutveckling som SonarQube som anv\u00e4nds f\u00f6r kontinuerlig uppf\u00f6ljning av kodkvalitet\u00a0och Gerrit som anv\u00e4nds f\u00f6r kontinuerlig kodgranskning.<\/p>\n<p><strong>M\u00e5lgrupp<\/strong><br \/>\nM\u00e5lgruppen \u00e4r ingenj\u00f6rer som arbetar som utvecklare eller testare som beh\u00f6ver en f\u00f6rst\u00e5else f\u00f6r CI och Jenkins samt blivande Jenkinsadministrat\u00f6rer och intresserade projektledare.<\/p>\n<p><strong>M\u00e5l<\/strong><br \/>\nEfter att ha g\u00e5tt kursen har du en f\u00f6rst\u00e5else f\u00f6r CI och varf\u00f6r man anv\u00e4nder Continuous Integration. Du kan s\u00e4tta upp en Jenkinsserver och skapa byggjobb. Du vet vilken typ av tester som l\u00e4mpar sig f\u00f6r automatisering. Du kan ta fram enhetstester i ditt favoritspr\u00e5k och du kan presentera testresultaten p\u00e5 ett tydligt s\u00e4tt. Du vet ocks\u00e5 hur man arbetar med fels\u00f6kning och med kodgranskning med hj\u00e4lp av Gerrit.<\/p>\n<p><strong>Instrukt\u00f6r<\/strong><br \/>\nInstrukt\u00f6r \u00e4r H\u00e5kan K\u00f6nig\u00a0som har l\u00e5ng erfarenhet av att arbeta med Jenkins och Contiuous Integration.<\/p>\n<p><strong>Bakgrundskunskaper<\/strong><br \/>\nDeltagarna f\u00f6rv\u00e4ntas ha grundl\u00e4ggande k\u00e4nnedom mjukvaruutveckling och ha programmeringsvana i C++, Java eller Python.<\/p>\n<p><strong>Spr\u00e5k<\/strong><br \/>\nUtbildningsmaterialet \u00e4r skrivet p\u00e5 engelska. Utbildningen kan genomf\u00f6ras antingen p\u00e5 svenska eller engelska.<\/p>\n<p><strong>Kursl\u00e4ngd<\/strong><br \/>\nKursen genomf\u00f6rs under 2 dagar.<\/p>\n<p><strong>Inneh\u00e5ll<\/strong><br \/>\nKursinneh\u00e5llet \u00e4r:<\/p>\n<p>Del 1:<\/p>\n<ul>\n<li>Vad \u00e4r Jenkins egentligen?<\/li>\n<li>Installation<\/li>\n<li>Grundl\u00e4ggande konfigurering.<\/li>\n<li>&#8221;Mitt f\u00f6rsta Jenkinsjobb&#8221;<\/li>\n<\/ul>\n<p>Del 2:<\/p>\n<ul>\n<li>Scripta byggprocessen.<\/li>\n<li>Skapa byggjobb.<\/li>\n<\/ul>\n<p>Del 3:<\/p>\n<ul>\n<li>Unit-tester, modultester, prestandatester, acceptanstester &#8211; Vad kan man automatisera?<\/li>\n<li>&#8221;The Walking Skeleton&#8221;.<\/li>\n<li>Att skriva testfall &#8211; xUnit f\u00f6r ditt favoritspr\u00e5k.<\/li>\n<li>Test Driven Development.<\/li>\n<li>Kodt\u00e4ckning.<\/li>\n<\/ul>\n<p>Del 4:<\/p>\n<ul>\n<li>Presentera testresultat.<\/li>\n<li>G\u00f6ra resultaten tydliga &#8211; Radiatorer, Tray Icons, lampor&#8230;.<\/li>\n<li>Claiming.<\/li>\n<\/ul>\n<p>Del 5:<\/p>\n<ul>\n<li>Fels\u00f6kning.<\/li>\n<li>Filstruktur, s\u00f6k direkt i loggarna.<\/li>\n<\/ul>\n<p>Del 6:<\/p>\n<ul>\n<li>Automatiserade leveranser.<\/li>\n<li>Kodgranskning med Gerrit.<\/li>\n<\/ul>\n<\/div>\n<\/div>\n<\/div>\n<\/div>\n<p>&nbsp;<\/p>\n<\/div>\n<\/div>\n<h3>Kursen levereras i samarbete med Mindroad<\/h3>\n","protected":false},"excerpt":{"rendered":"<p><strong>Continuous Integration, CI, \u00e4r ett allt vanligare s\u00e4tt att hantera komplexiteten i moderna utvecklingsprojekt. <\/strong><\/p>\n<p>Ist\u00e4llet f\u00f6r att skriva ett antal moduler var f\u00f6r sig och sedan utf\u00f6ra en tids\u00f6dande integrationsfas, ofta kallad &#8221;big bang&#8221;, i slutet av varje projekt s\u00e5 testar man redan fr\u00e5n b\u00f6rjan varje modul f\u00f6r sig och ser till att de kan samarbeta s\u00e5 tidigt som m\u00f6jligt i utvecklingsarbetet.<\/p>\n","protected":false},"featured_media":7780,"comment_status":"open","ping_status":"closed","template":"","meta":{"wds_primary_product_brand":0,"wds_primary_product_cat":0},"product_brand":[],"product_cat":[148,178,39,29],"product_tag":[],"class_list":{"0":"post-8478","1":"product","2":"type-product","3":"status-publish","4":"has-post-thumbnail","6":"product_cat-architecture","7":"product_cat-jenkins","8":"product_cat-systemutveckling","9":"product_cat-technical","11":"first","12":"instock","13":"taxable","14":"shipping-taxable","15":"purchasable","16":"product-type-simple"},"jetpack_sharing_enabled":true,"_links":{"self":[{"href":"https:\/\/republify.se\/index.php\/wp-json\/wp\/v2\/product\/8478","targetHints":{"allow":["GET"]}}],"collection":[{"href":"https:\/\/republify.se\/index.php\/wp-json\/wp\/v2\/product"}],"about":[{"href":"https:\/\/republify.se\/index.php\/wp-json\/wp\/v2\/types\/product"}],"replies":[{"embeddable":true,"href":"https:\/\/republify.se\/index.php\/wp-json\/wp\/v2\/comments?post=8478"}],"wp:featuredmedia":[{"embeddable":true,"href":"https:\/\/republify.se\/index.php\/wp-json\/wp\/v2\/media\/7780"}],"wp:attachment":[{"href":"https:\/\/republify.se\/index.php\/wp-json\/wp\/v2\/media?parent=8478"}],"wp:term":[{"taxonomy":"product_brand","embeddable":true,"href":"https:\/\/republify.se\/index.php\/wp-json\/wp\/v2\/product_brand?post=8478"},{"taxonomy":"product_cat","embeddable":true,"href":"https:\/\/republify.se\/index.php\/wp-json\/wp\/v2\/product_cat?post=8478"},{"taxonomy":"product_tag","embeddable":true,"href":"https:\/\/republify.se\/index.php\/wp-json\/wp\/v2\/product_tag?post=8478"}],"curies":[{"name":"wp","href":"https:\/\/api.w.org\/{rel}","templated":true}]}}