{"id":8477,"date":"2024-09-11T17:14:11","date_gmt":"2024-09-11T16:14:11","guid":{"rendered":"https:\/\/republify.se\/?post_type=product&#038;p=8477"},"modified":"2026-01-09T08:13:04","modified_gmt":"2026-01-09T07:13:04","slug":"software-craftmanship","status":"publish","type":"product","link":"https:\/\/republify.se\/index.php\/produkt\/software-craftmanship\/","title":{"rendered":"Software Craftmanship"},"content":{"rendered":"<div class=\"elementor-element elementor-element-7723ba8 elementor-widget elementor-widget-text-editor\" data-id=\"7723ba8\" data-element_type=\"widget\" data-widget_type=\"text-editor.default\">\n<div class=\"elementor-widget-container\">\n<div class=\"elementor-element elementor-element-70419e9c elementor-widget elementor-widget-text-editor\" data-id=\"70419e9c\" data-element_type=\"widget\" data-widget_type=\"text-editor.default\">\n<div class=\"elementor-widget-container\">\n<div class=\"elementor-element elementor-element-4b939308 elementor-widget elementor-widget-text-editor\" data-id=\"4b939308\" data-element_type=\"widget\" data-widget_type=\"text-editor.default\">\n<div class=\"elementor-widget-container\">\n<p>M\u00e5let \u00e4r att man ska kunna utveckla mjukvara som \u00e4r:<\/p>\n<ul>\n<li>L\u00e4tt att modifiera<\/li>\n<li>L\u00e4tt att ut\u00f6ka<\/li>\n<li>D\u00e4r eventuella fel snabbt uppt\u00e4cks och snabbt kan hanteras<\/li>\n<li>D\u00e4r egenskaperna ovan best\u00e5r \u00f6ver hela produktens livsl\u00e4ngd<\/li>\n<\/ul>\n<p>Utbildningen \u00e4r utformad som en seminarieserie uppdelad p\u00e5 tio tillf\u00e4llen.\u00a0P\u00e5 varje seminarium g\u00e5r vi igenom teori och jobbar tillsammans med minst en \u00f6vning per tillf\u00e4lle. Mellan tillf\u00e4llena f\u00e5r man med sig en uppgift som ska g\u00f6ras tillsamman till n\u00e4sta tillf\u00e4lle och som diskuteras p\u00e5 det tillf\u00e4llet. Stort fokus l\u00e4ggs p\u00e5 verkliga exempel och p\u00e5 \u201dbest-practice&#8221;.<\/p>\n<p>Det finns m\u00f6jlighet att anpassa inneh\u00e5llet, utveckls antalet tillf\u00e4llen, hur l\u00e5ng tid det \u00e4r mellan tillf\u00e4llena och inneh\u00e5llet, s\u00e5 att det passar f\u00f6r den situation ni befinner er i.<\/p>\n<p><strong>M\u00e5lgrupp<\/strong><br \/>\nM\u00e5lgruppen \u00e4r fr\u00e4mst team, eller utvecklingsavdelningar, med mjukvaruutvecklare som vill f\u00f6rfina sitt arbetss\u00e4tt och som vill ha en gemensam bas och terminologi i sitt arbete.<\/p>\n<p><strong>Instrukt\u00f6r<\/strong><br \/>\nInstrukt\u00f6r \u00e4r George Ekstr\u00f6m\u00a0som har l\u00e5ng erfarenhet av att coacha utvecklingsteam, att s\u00e4tta upp strategier f\u00f6r agila arbetss\u00e4tt och av att undervisa i Software Craftmanship och i TDD.<\/p>\n<p><strong>Bakgrundskunskaper<\/strong><br \/>\net \u00e4r en f\u00f6rdel om man arbetar med objektorienterad utveckling och har tidigare erfarenhet av agila arbetss\u00e4tt.<\/p>\n<p><strong>Spr\u00e5k<\/strong><br \/>\nUtbildningsmaterialet \u00e4r skrivet p\u00e5 engelska. Utbildningen kan genomf\u00f6ras antingen p\u00e5 svenska eller engelska.<\/p>\n<p><strong>Inneh\u00e5ll<\/strong><\/p>\n<ol>\n<li>Objektorienterad design och programmering, d\u00e4r vi g\u00e5r igenom principer f\u00f6r objektorienterad utveckling som SOLID\u00a0och Low Coupling\/High Cohesion.<\/li>\n<li>Design patterns och UML<\/li>\n<li>Clean Code<\/li>\n<li>Testdriven utveckling,TDD<\/li>\n<li>Refactoring<\/li>\n<\/ol>\n<\/div>\n<\/div>\n<\/div>\n<\/div>\n<p>&nbsp;<\/p>\n<\/div>\n<\/div>\n<h3>Kursen levereras i samarbete med Mindroad<\/h3>\n","protected":false},"excerpt":{"rendered":"<p><strong>Vi erbjuder en utbildning i Software Craftmanhip &#8211; konsten att bygga storskalig professionell mjukvara.<\/strong><\/p>\n<p>Effektiv mjukvaruutveckling \u00e4r ett hantverk, som tar l\u00e5ng tid att l\u00e4ra sig. I den h\u00e4r utbildning l\u00e4r vi ut hantverket n\u00e4r man arbetar med objektorienterad kod. Inneh\u00e5llet baserar sig p\u00e5 teori, verkliga exempel och best practice.<\/p>\n","protected":false},"featured_media":7778,"comment_status":"open","ping_status":"closed","template":"","meta":{"wds_primary_product_brand":0,"wds_primary_product_cat":0},"product_brand":[],"product_cat":[148,138,39,29],"product_tag":[],"class_list":{"0":"post-8477","1":"product","2":"type-product","3":"status-publish","4":"has-post-thumbnail","6":"product_cat-architecture","7":"product_cat-javascript","8":"product_cat-systemutveckling","9":"product_cat-technical","11":"first","12":"instock","13":"taxable","14":"shipping-taxable","15":"purchasable","16":"product-type-simple"},"jetpack_sharing_enabled":true,"_links":{"self":[{"href":"https:\/\/republify.se\/index.php\/wp-json\/wp\/v2\/product\/8477","targetHints":{"allow":["GET"]}}],"collection":[{"href":"https:\/\/republify.se\/index.php\/wp-json\/wp\/v2\/product"}],"about":[{"href":"https:\/\/republify.se\/index.php\/wp-json\/wp\/v2\/types\/product"}],"replies":[{"embeddable":true,"href":"https:\/\/republify.se\/index.php\/wp-json\/wp\/v2\/comments?post=8477"}],"wp:featuredmedia":[{"embeddable":true,"href":"https:\/\/republify.se\/index.php\/wp-json\/wp\/v2\/media\/7778"}],"wp:attachment":[{"href":"https:\/\/republify.se\/index.php\/wp-json\/wp\/v2\/media?parent=8477"}],"wp:term":[{"taxonomy":"product_brand","embeddable":true,"href":"https:\/\/republify.se\/index.php\/wp-json\/wp\/v2\/product_brand?post=8477"},{"taxonomy":"product_cat","embeddable":true,"href":"https:\/\/republify.se\/index.php\/wp-json\/wp\/v2\/product_cat?post=8477"},{"taxonomy":"product_tag","embeddable":true,"href":"https:\/\/republify.se\/index.php\/wp-json\/wp\/v2\/product_tag?post=8477"}],"curies":[{"name":"wp","href":"https:\/\/api.w.org\/{rel}","templated":true}]}}