{"id":8466,"date":"2024-09-10T15:26:15","date_gmt":"2024-09-10T14:26:15","guid":{"rendered":"https:\/\/republify.se\/?post_type=product&#038;p=8466"},"modified":"2026-01-09T08:34:47","modified_gmt":"2026-01-09T07:34:47","slug":"it-arkitektur","status":"publish","type":"product","link":"https:\/\/republify.se\/index.php\/produkt\/it-arkitektur\/","title":{"rendered":"IT-arkitektur"},"content":{"rendered":"<div class=\"elementor-element elementor-element-7723ba8 elementor-widget elementor-widget-text-editor\" data-id=\"7723ba8\" data-element_type=\"widget\" data-widget_type=\"text-editor.default\">\n<div class=\"elementor-widget-container\">\n<div class=\"elementor-element elementor-element-70419e9c elementor-widget elementor-widget-text-editor\" data-id=\"70419e9c\" data-element_type=\"widget\" data-widget_type=\"text-editor.default\">\n<div class=\"elementor-widget-container\">\n<div class=\"elementor-element elementor-element-4b939308 elementor-widget elementor-widget-text-editor\" data-id=\"4b939308\" data-element_type=\"widget\" data-widget_type=\"text-editor.default\">\n<div class=\"elementor-widget-container\">\n<p>P\u00e5 kursen behandlas olika typer av IT-arkitekturfr\u00e5gor, allt fr\u00e5n vad det \u00e4r, varf\u00f6r det beh\u00f6vs, vilka typer av IT-arkitektur finns fram till arkitekturella strategier, ramverk och IT-arkitektroller. Kursen inneh\u00e5ller b\u00e5de teori och praktiska \u00f6vningar.<\/p>\n<p><strong>Kursm\u00e5l<\/strong><\/p>\n<p>Efter avslutad kurs kan du:<br \/>\n\u2022 beskriva omr\u00e5det IT-arkitektur<br \/>\n\u2022 redog\u00f6ra och beskriva olika typer av IT-arkitektur<br \/>\n\u2022 redog\u00f6ra och beskriva olika IT-arkitektroller<br \/>\n\u2022 beskriva nyttan med IT-arkitektur<br \/>\n\u2022 beskriva koppling mellan verksamhetens strategi, m\u00e5l och IT-arkitektur<br \/>\n\u2022 l\u00e4rt dig metoder f\u00f6r att analysera och visualisera en arkitektur<br \/>\n\u2022 beskriva ramverk och metoder f\u00f6r arkitekturbeskrivningar<br \/>\n\u2022 beskriva f\u00f6rh\u00e5llandet mellan ramverket, referensarkitektur och konkret arkitektur<br \/>\n\u2022 beskriva komponenter som \u00e4r viktiga f\u00f6r styrning av<br \/>\n\u2022 ha k\u00e4nnedom om standarden SS-ISO\/IEC\/IEEE 42010:2022<br \/>\n\u2022 ha k\u00e4nnedom om European Interoperability Reference Architecture (EIRA)<\/p>\n<p><strong>Kursinneh\u00e5ll<\/strong><\/p>\n<p><strong>Begrepp<\/strong><br \/>\n\uf02d IT-arkitektur<br \/>\n\uf02d M\u00e5l<br \/>\n\uf02d Strategi<br \/>\n\uf02d F\u00f6rm\u00e5ga (organisationsf\u00f6rm\u00e5ga)<br \/>\n\uf02d Metod<br \/>\n\uf02d Krav<br \/>\n\uf02d Intressenter<br \/>\n\uf02d Arkitekturbeskrivning<br \/>\n\uf02d Arkitekturramverk<br \/>\n\uf02d Arkitekturvy<br \/>\n\uf02d Arkitekturmodell<\/p>\n<p><strong>Teori, standarder och ramverk<\/strong><br \/>\n\uf02d Zachman<br \/>\n\uf02d TOGAF<br \/>\n\uf02d Kruchten\u2019s 4+1 Architectural View Model<br \/>\n\uf02d SS-ISO\/IEC\/IEEE 42010:2022<br \/>\n\uf02d European Interoperability Reference Architecture (EIRA)<\/p>\n<p><strong>Olika typer av IT-arkitektur<\/strong><br \/>\n\uf02d Enterprise Arkitektur<br \/>\n\uf02d Verksamhetsarkitektur<br \/>\n\uf02d Informationsarkitektur<br \/>\n\uf02d L\u00f6sningsarkitektur<br \/>\n\uf02d Mjukvaruarkitektur<\/p>\n<p><strong>Olika IT-arkitektroller<\/strong><br \/>\n\uf02d Enterprisearkitekt<br \/>\n\uf02d Verksamhetsarkitekt<br \/>\n\uf02d L\u00f6sningsarkitekt<br \/>\n\uf02d Mjukvaruarkitekt<br \/>\n\uf02d Infrastrukturarkitekt<\/p>\n<p><strong>Kompetenskrav p\u00e5 IT-arkitekter<\/strong><br \/>\n\uf02d \u00d6vergripande kompetenskrav<br \/>\n\uf02d Mjuka krav<\/p>\n<p><strong>Att anv\u00e4nda modeller<\/strong><br \/>\n\uf02d Olika typer av modeller<br \/>\n\uf02d \u00d6vningsuppgift<\/p>\n<p><strong>Styrning av arkitektur<\/strong><br \/>\n\uf02d Styrande arkitekturprinciper<br \/>\n\uf02d M\u00e5larkitektur<br \/>\n\uf02d Arkitekturstyrning\/governance<br \/>\n\uf02d Arkitekturutv\u00e4rdering<br \/>\n\uf02d Att arbeta med arkitektur som styrmedel<\/p>\n<\/div>\n<\/div>\n<\/div>\n<\/div>\n<p>&nbsp;<\/p>\n<\/div>\n<\/div>\n<h3>Kursen levereras i samarbete med<\/h3>\n<p><img decoding=\"async\" class=\"alignnone size-medium wp-image-1242 lazyload\" data-src=\"https:\/\/republify.se\/wp-content\/uploads\/2022\/02\/DocebIT_Logo-300x96.jpg\" alt=\"\" width=\"300\" height=\"96\" data-srcset=\"https:\/\/republify.se\/wp-content\/uploads\/2022\/02\/DocebIT_Logo-300x96.jpg 300w, https:\/\/republify.se\/wp-content\/uploads\/2022\/02\/DocebIT_Logo-scaled-600x191.jpg 600w, https:\/\/republify.se\/wp-content\/uploads\/2022\/02\/DocebIT_Logo-1024x327.jpg 1024w, https:\/\/republify.se\/wp-content\/uploads\/2022\/02\/DocebIT_Logo-768x245.jpg 768w, https:\/\/republify.se\/wp-content\/uploads\/2022\/02\/DocebIT_Logo-1536x490.jpg 1536w, https:\/\/republify.se\/wp-content\/uploads\/2022\/02\/DocebIT_Logo-2048x654.jpg 2048w\" data-sizes=\"(max-width: 300px) 100vw, 300px\" src=\"data:image\/svg+xml;base64,PHN2ZyB3aWR0aD0iMSIgaGVpZ2h0PSIxIiB4bWxucz0iaHR0cDovL3d3dy53My5vcmcvMjAwMC9zdmciPjwvc3ZnPg==\" style=\"--smush-placeholder-width: 300px; --smush-placeholder-aspect-ratio: 300\/96;\" \/><\/p>\n","protected":false},"excerpt":{"rendered":"<p>Kursen v\u00e4nder sig till dig som vill ha en \u00f6versikt \u00f6ver omr\u00e5det IT-arkitektur. Att definiera IT-arkitektur \u00e4r en ganska utmanande uppgift som kr\u00e4ver b\u00e5de teoretisk kunskap och praktiska erfarenheter.<\/p>\n<p>Resultat av arkitekturarbetet \u00e4r ett ramverk med en struktur och ordning som m\u00e5ste kommuniceras med personer p\u00e5 olika niv\u00e5er i en organisation eller f\u00f6retag.<\/p>\n","protected":false},"featured_media":5358,"comment_status":"open","ping_status":"closed","template":"","meta":{"wds_primary_product_brand":0,"wds_primary_product_cat":0},"product_brand":[],"product_cat":[41,40,39,29],"product_tag":[],"class_list":{"0":"post-8466","1":"product","2":"type-product","3":"status-publish","4":"has-post-thumbnail","6":"product_cat-net","7":"product_cat-c","8":"product_cat-systemutveckling","9":"product_cat-technical","11":"first","12":"instock","13":"taxable","14":"shipping-taxable","15":"purchasable","16":"product-type-simple"},"jetpack_sharing_enabled":true,"_links":{"self":[{"href":"https:\/\/republify.se\/index.php\/wp-json\/wp\/v2\/product\/8466","targetHints":{"allow":["GET"]}}],"collection":[{"href":"https:\/\/republify.se\/index.php\/wp-json\/wp\/v2\/product"}],"about":[{"href":"https:\/\/republify.se\/index.php\/wp-json\/wp\/v2\/types\/product"}],"replies":[{"embeddable":true,"href":"https:\/\/republify.se\/index.php\/wp-json\/wp\/v2\/comments?post=8466"}],"wp:featuredmedia":[{"embeddable":true,"href":"https:\/\/republify.se\/index.php\/wp-json\/wp\/v2\/media\/5358"}],"wp:attachment":[{"href":"https:\/\/republify.se\/index.php\/wp-json\/wp\/v2\/media?parent=8466"}],"wp:term":[{"taxonomy":"product_brand","embeddable":true,"href":"https:\/\/republify.se\/index.php\/wp-json\/wp\/v2\/product_brand?post=8466"},{"taxonomy":"product_cat","embeddable":true,"href":"https:\/\/republify.se\/index.php\/wp-json\/wp\/v2\/product_cat?post=8466"},{"taxonomy":"product_tag","embeddable":true,"href":"https:\/\/republify.se\/index.php\/wp-json\/wp\/v2\/product_tag?post=8466"}],"curies":[{"name":"wp","href":"https:\/\/api.w.org\/{rel}","templated":true}]}}