{"id":8465,"date":"2024-09-10T15:21:43","date_gmt":"2024-09-10T14:21:43","guid":{"rendered":"https:\/\/republify.se\/?post_type=product&#038;p=8465"},"modified":"2026-01-09T08:35:13","modified_gmt":"2026-01-09T07:35:13","slug":"grundkurs-i-programmering","status":"publish","type":"product","link":"https:\/\/republify.se\/index.php\/produkt\/grundkurs-i-programmering\/","title":{"rendered":"Grundkurs i programmering"},"content":{"rendered":"<div class=\"elementor-element elementor-element-7723ba8 elementor-widget elementor-widget-text-editor\" data-id=\"7723ba8\" data-element_type=\"widget\" data-widget_type=\"text-editor.default\">\n<div class=\"elementor-widget-container\">\n<div class=\"elementor-element elementor-element-70419e9c elementor-widget elementor-widget-text-editor\" data-id=\"70419e9c\" data-element_type=\"widget\" data-widget_type=\"text-editor.default\">\n<div class=\"elementor-widget-container\">\n<div class=\"elementor-element elementor-element-4b939308 elementor-widget elementor-widget-text-editor\" data-id=\"4b939308\" data-element_type=\"widget\" data-widget_type=\"text-editor.default\">\n<div class=\"elementor-widget-container\">\n<p>Under tredagarskursen f\u00e5r du en introduktion till programmering f\u00f6r att ha som grund till att f\u00f6rdjupa dig i det programspr\u00e5k som passar dig. Under kursens \u00f6vningar f\u00e5r du sj\u00e4lv v\u00e4lja vilket av spr\u00e5ken Java eller C# som du vill bekanta dig med. F\u00f6r att effektivisera ditt arbete f\u00e5r du \u00e4ven en introduktion till n\u00e5got utvecklingsverktyg som hj\u00e4lper dig i ditt kodande<\/p>\n<p><strong>Kursm\u00e5l<\/strong><br \/>\nEfter kursen kommer du ha goda kunskaper i vad som kr\u00e4vs f\u00f6r att skapa olika typer av program och hur dessa byggs upp. D\u00e5 du sj\u00e4lv v\u00e4ljer ett programmeringsspr\u00e5k som du har behov av att l\u00e4ra dig kommer du \u00e4ven l\u00e4ra dig dess syntax och hur du testar och fels\u00f6ker dina program. Kursen kommer ocks\u00e5 ge insikter i hur det \u00e4r att arbeta i programmeringsprojekt och vad som kr\u00e4vs av inblandade personer.<\/p>\n<p><strong>Inneh\u00e5ll (Dag 1):<\/strong><br \/>\n\u2022 Arrayer<br \/>\n\u2022 Funktionsorienterad programmering<br \/>\no Metoder<br \/>\no Funktioner<br \/>\n\u2022 Strukturerad programmering<br \/>\n\u2022 \u201dG\u00f6r ritningen innan du bygger\u201d<br \/>\no Fl\u00f6desdiagram<br \/>\no Jackson Structured Programming<br \/>\no Pseudokod<br \/>\n\u2022 Selektioner<br \/>\n\u2022 Spr\u00e5k f\u00f6r datorn<br \/>\no 1:or och 0:or<br \/>\no Assembler<br \/>\no H\u00f6gniv\u00e5spr\u00e5k<br \/>\n\u2022 Hur skriver vi k\u00e4llkod och\u2026<br \/>\n\u2022 \u2026hur blir koden ett k\u00f6rbart program<br \/>\n\u2022 B\u00f6rja programmera i valt programmeringsspr\u00e5k<br \/>\n\u2022 Utvecklingsprocesser<br \/>\no Systemutveckling och programmeringsprocessen<br \/>\n\u2022 Byggstenar i program<br \/>\no variabler och datatyper<br \/>\n\u2022 Bekanta oss med utvecklingsverktyg<br \/>\no Visual Studio<br \/>\n\uf0a7 C#<br \/>\no NetBeans<br \/>\n\uf0a7 Java<\/p>\n<p><strong>Inneh\u00e5ll (Dag 2):<\/strong><br \/>\n\u2022 Arrayer<br \/>\n\u2022 Funktionsorienterad programmering<br \/>\no Metoder<br \/>\no Funktioner<br \/>\n\u2022 Strukturerad programmering<br \/>\n\u2022 \u201dG\u00f6r ritningen innan du bygger\u201d<br \/>\no Fl\u00f6desdiagram<br \/>\no Jackson Structured Programming<br \/>\no Pseudokod<br \/>\n\u2022 Selektioner<\/p>\n<p><strong>Inneh\u00e5ll (Dag 3):<\/strong><br \/>\n\u2022 Iterationer<br \/>\n\u2022 Mycket tid till \u00f6vningar<br \/>\n\u2022 Objektorienterad programmering (OOP)<br \/>\n\u2022 Klass<br \/>\n\u2022 (Arv)<br \/>\n\u2022 6 tips f\u00f6r hur en programmerare b\u00f6r arbeta<\/p>\n<\/div>\n<\/div>\n<\/div>\n<\/div>\n<p>&nbsp;<\/p>\n<\/div>\n<\/div>\n<h3>Kursen levereras i samarbete med<\/h3>\n<p><img decoding=\"async\" class=\"alignnone size-medium wp-image-1242 lazyload\" data-src=\"https:\/\/republify.se\/wp-content\/uploads\/2022\/02\/DocebIT_Logo-300x96.jpg\" alt=\"\" width=\"300\" height=\"96\" data-srcset=\"https:\/\/republify.se\/wp-content\/uploads\/2022\/02\/DocebIT_Logo-300x96.jpg 300w, https:\/\/republify.se\/wp-content\/uploads\/2022\/02\/DocebIT_Logo-scaled-600x191.jpg 600w, https:\/\/republify.se\/wp-content\/uploads\/2022\/02\/DocebIT_Logo-1024x327.jpg 1024w, https:\/\/republify.se\/wp-content\/uploads\/2022\/02\/DocebIT_Logo-768x245.jpg 768w, https:\/\/republify.se\/wp-content\/uploads\/2022\/02\/DocebIT_Logo-1536x490.jpg 1536w, https:\/\/republify.se\/wp-content\/uploads\/2022\/02\/DocebIT_Logo-2048x654.jpg 2048w\" data-sizes=\"(max-width: 300px) 100vw, 300px\" src=\"data:image\/svg+xml;base64,PHN2ZyB3aWR0aD0iMSIgaGVpZ2h0PSIxIiB4bWxucz0iaHR0cDovL3d3dy53My5vcmcvMjAwMC9zdmciPjwvc3ZnPg==\" style=\"--smush-placeholder-width: 300px; --smush-placeholder-aspect-ratio: 300\/96;\" \/><\/p>\n","protected":false},"excerpt":{"rendered":"<p><strong>Grundkurs i programmering \u00e4r en nyb\u00f6rjarkurs f\u00f6r dig som inte har programmerat tidigare och som beh\u00f6ver en grundl\u00e4ggande f\u00f6rst\u00e5else f\u00f6r programmering i allm\u00e4nhet.<\/strong><\/p>\n<p>Kursen fokuserar p\u00e5 att l\u00e4ra ut m\u00e5nga av de teoretiska koncept som styr hur vi utvecklar program. Bland annat f\u00f6rklaras hur program struktureras, hur loopar\/slingor fungerar och de viktigaste skillnaderna mellan objektorienterad och &#8221;vanlig&#8221;, s\u00e5 kallad procedurell programmering.<\/p>\n","protected":false},"featured_media":5357,"comment_status":"open","ping_status":"closed","template":"","meta":{"wds_primary_product_brand":0,"wds_primary_product_cat":0},"product_brand":[],"product_cat":[41,40,39,29],"product_tag":[],"class_list":{"0":"post-8465","1":"product","2":"type-product","3":"status-publish","4":"has-post-thumbnail","6":"product_cat-net","7":"product_cat-c","8":"product_cat-systemutveckling","9":"product_cat-technical","11":"first","12":"instock","13":"taxable","14":"shipping-taxable","15":"purchasable","16":"product-type-simple"},"jetpack_sharing_enabled":true,"_links":{"self":[{"href":"https:\/\/republify.se\/index.php\/wp-json\/wp\/v2\/product\/8465","targetHints":{"allow":["GET"]}}],"collection":[{"href":"https:\/\/republify.se\/index.php\/wp-json\/wp\/v2\/product"}],"about":[{"href":"https:\/\/republify.se\/index.php\/wp-json\/wp\/v2\/types\/product"}],"replies":[{"embeddable":true,"href":"https:\/\/republify.se\/index.php\/wp-json\/wp\/v2\/comments?post=8465"}],"wp:featuredmedia":[{"embeddable":true,"href":"https:\/\/republify.se\/index.php\/wp-json\/wp\/v2\/media\/5357"}],"wp:attachment":[{"href":"https:\/\/republify.se\/index.php\/wp-json\/wp\/v2\/media?parent=8465"}],"wp:term":[{"taxonomy":"product_brand","embeddable":true,"href":"https:\/\/republify.se\/index.php\/wp-json\/wp\/v2\/product_brand?post=8465"},{"taxonomy":"product_cat","embeddable":true,"href":"https:\/\/republify.se\/index.php\/wp-json\/wp\/v2\/product_cat?post=8465"},{"taxonomy":"product_tag","embeddable":true,"href":"https:\/\/republify.se\/index.php\/wp-json\/wp\/v2\/product_tag?post=8465"}],"curies":[{"name":"wp","href":"https:\/\/api.w.org\/{rel}","templated":true}]}}