{"id":8453,"date":"2024-09-03T09:42:07","date_gmt":"2024-09-03T08:42:07","guid":{"rendered":"https:\/\/republify.se\/?post_type=product&#038;p=8453"},"modified":"2026-01-09T08:36:43","modified_gmt":"2026-01-09T07:36:43","slug":"sjalvledarskap","status":"publish","type":"product","link":"https:\/\/republify.se\/index.php\/produkt\/sjalvledarskap\/","title":{"rendered":"Sj\u00e4lvledarskap"},"content":{"rendered":"<p><span data-contrast=\"none\">Dagens arbetsmilj\u00f6 kr\u00e4ver mer av oss alla, s\u00e4rskilt i en distribuerad arbetsplats. N\u00e4r chefer och kollegor \u00e4r separerade fr\u00e5n varandra beh\u00f6ver vi bli b\u00e4ttre p\u00e5 att prioritera v\u00e5rt arbete och motivera oss, f\u00f6r att minska stress och \u00f6ka effektiviteten.<\/span><span data-ccp-props=\"{&quot;201341983&quot;:2,&quot;335557856&quot;:16447992,&quot;335559740&quot;:540,&quot;469777462&quot;:[916,1832,2748,3664,4580,5496,6412,7328,8244,9160,10076,10992,11908,12824,13740,14656],&quot;469777927&quot;:[0,0,0,0,0,0,0,0,0,0,0,0,0,0,0,0],&quot;469777928&quot;:[1,1,1,1,1,1,1,1,1,1,1,1,1,1,1,1]}\">\u00a0<\/span><\/p>\n<p><span data-contrast=\"none\">Denna tv\u00e5dagarskurs tar upp ditt personliga ledarskap, f\u00f6r att skapa en starkare k\u00e4nsla av kontroll och effektivitet i din arbetsdag. Syftet \u00e4r att skapa en milj\u00f6 med minskad stress genom att l\u00e4ra sig verktygen f\u00f6r att kontrollera den och hur du planerar ditt dagliga arbete.<\/span><span data-ccp-props=\"{&quot;201341983&quot;:2,&quot;335557856&quot;:16447992,&quot;335559740&quot;:540,&quot;469777462&quot;:[916,1832,2748,3664,4580,5496,6412,7328,8244,9160,10076,10992,11908,12824,13740,14656],&quot;469777927&quot;:[0,0,0,0,0,0,0,0,0,0,0,0,0,0,0,0],&quot;469777928&quot;:[1,1,1,1,1,1,1,1,1,1,1,1,1,1,1,1]}\">\u00a0<\/span><\/p>\n<p><b><span data-contrast=\"auto\">M\u00e5ls\u00e4ttning<\/span><\/b><span data-ccp-props=\"{}\">\u00a0<\/span><\/p>\n<p><span data-contrast=\"none\">Under kursen l\u00e4r du dig hur du kan p\u00e5verka ditt arbetsliv i en riktning som passar dig och dina behov. Du l\u00e4r dig hur du prioriterar dina arbetsdagar och hur du blir mer medveten om vad som \u00e4r viktigt f\u00f6r dig.<\/span><span data-ccp-props=\"{&quot;201341983&quot;:2,&quot;335557856&quot;:16447992,&quot;335559740&quot;:540,&quot;469777462&quot;:[916,1832,2748,3664,4580,5496,6412,7328,8244,9160,10076,10992,11908,12824,13740,14656],&quot;469777927&quot;:[0,0,0,0,0,0,0,0,0,0,0,0,0,0,0,0],&quot;469777928&quot;:[1,1,1,1,1,1,1,1,1,1,1,1,1,1,1,1]}\">\u00a0<\/span><\/p>\n<p><b><span data-contrast=\"auto\">M\u00e5lgrupp<\/span><\/b><span data-ccp-props=\"{}\">\u00a0<\/span><\/p>\n<p><span data-contrast=\"none\">Denna kurs \u00e4r utformad f\u00f6r att \u00f6ka sj\u00e4lvst\u00e4ndighet, sj\u00e4lvf\u00f6rtroende och f\u00f6rm\u00e5ga att ta initiativ till f\u00f6r\u00e4ndring, oavsett arbetsroll.<\/span><span data-ccp-props=\"{&quot;201341983&quot;:2,&quot;335557856&quot;:16447992,&quot;335559740&quot;:540,&quot;469777462&quot;:[916,1832,2748,3664,4580,5496,6412,7328,8244,9160,10076,10992,11908,12824,13740,14656],&quot;469777927&quot;:[0,0,0,0,0,0,0,0,0,0,0,0,0,0,0,0],&quot;469777928&quot;:[1,1,1,1,1,1,1,1,1,1,1,1,1,1,1,1]}\">\u00a0<\/span><\/p>\n<p><b><span data-contrast=\"auto\">F\u00f6rkunskaper<\/span><\/b><span data-ccp-props=\"{}\">\u00a0<\/span><\/p>\n<p><span data-contrast=\"none\">Inga speciella kunskaper kr\u00e4vs, bara ambitionen att vara din egen pilot.<\/span><span data-ccp-props=\"{&quot;201341983&quot;:2,&quot;335557856&quot;:16447992,&quot;335559740&quot;:540,&quot;469777462&quot;:[916,1832,2748,3664,4580,5496,6412,7328,8244,9160,10076,10992,11908,12824,13740,14656],&quot;469777927&quot;:[0,0,0,0,0,0,0,0,0,0,0,0,0,0,0,0],&quot;469777928&quot;:[1,1,1,1,1,1,1,1,1,1,1,1,1,1,1,1]}\">\u00a0<\/span><\/p>\n<p><span data-ccp-props=\"{}\">\u00a0<\/span><\/p>\n<p><b><span data-contrast=\"auto\">Inneh\u00e5ll<\/span><\/b><span data-ccp-props=\"{}\">\u00a0<\/span><\/p>\n<ul>\n<li data-leveltext=\"\uf0b7\" data-font=\"Symbol\" data-listid=\"35\" data-list-defn-props=\"{&quot;335552541&quot;:1,&quot;335559685&quot;:720,&quot;335559991&quot;:360,&quot;469769226&quot;:&quot;Symbol&quot;,&quot;469769242&quot;:[8226],&quot;469777803&quot;:&quot;left&quot;,&quot;469777804&quot;:&quot;\uf0b7&quot;,&quot;469777815&quot;:&quot;hybridMultilevel&quot;}\" aria-setsize=\"-1\" data-aria-posinset=\"1\" data-aria-level=\"1\"><span data-contrast=\"auto\">Stress \u2013 kroppen och hj\u00e4rnan<\/span><span data-ccp-props=\"{}\">\u00a0<\/span><\/li>\n<\/ul>\n<ul>\n<li data-leveltext=\"\uf0b7\" data-font=\"Symbol\" data-listid=\"35\" data-list-defn-props=\"{&quot;335552541&quot;:1,&quot;335559685&quot;:720,&quot;335559991&quot;:360,&quot;469769226&quot;:&quot;Symbol&quot;,&quot;469769242&quot;:[8226],&quot;469777803&quot;:&quot;left&quot;,&quot;469777804&quot;:&quot;\uf0b7&quot;,&quot;469777815&quot;:&quot;hybridMultilevel&quot;}\" aria-setsize=\"-1\" data-aria-posinset=\"2\" data-aria-level=\"1\"><span data-contrast=\"auto\">Beteende \u2013 m\u00f6nster och v\u00e4rden<\/span><span data-ccp-props=\"{}\">\u00a0<\/span><\/li>\n<\/ul>\n<ul>\n<li data-leveltext=\"\uf0b7\" data-font=\"Symbol\" data-listid=\"35\" data-list-defn-props=\"{&quot;335552541&quot;:1,&quot;335559685&quot;:720,&quot;335559991&quot;:360,&quot;469769226&quot;:&quot;Symbol&quot;,&quot;469769242&quot;:[8226],&quot;469777803&quot;:&quot;left&quot;,&quot;469777804&quot;:&quot;\uf0b7&quot;,&quot;469777815&quot;:&quot;hybridMultilevel&quot;}\" aria-setsize=\"-1\" data-aria-posinset=\"3\" data-aria-level=\"1\"><span data-contrast=\"auto\">Sj\u00e4lvmedvetande<\/span><span data-ccp-props=\"{}\">\u00a0<\/span><\/li>\n<\/ul>\n<ul>\n<li data-leveltext=\"\uf0b7\" data-font=\"Symbol\" data-listid=\"35\" data-list-defn-props=\"{&quot;335552541&quot;:1,&quot;335559685&quot;:720,&quot;335559991&quot;:360,&quot;469769226&quot;:&quot;Symbol&quot;,&quot;469769242&quot;:[8226],&quot;469777803&quot;:&quot;left&quot;,&quot;469777804&quot;:&quot;\uf0b7&quot;,&quot;469777815&quot;:&quot;hybridMultilevel&quot;}\" aria-setsize=\"-1\" data-aria-posinset=\"4\" data-aria-level=\"1\"><span data-contrast=\"auto\">Motivation och drivkrafter<\/span><span data-ccp-props=\"{}\">\u00a0<\/span><\/li>\n<\/ul>\n<ul>\n<li data-leveltext=\"\uf0b7\" data-font=\"Symbol\" data-listid=\"35\" data-list-defn-props=\"{&quot;335552541&quot;:1,&quot;335559685&quot;:720,&quot;335559991&quot;:360,&quot;469769226&quot;:&quot;Symbol&quot;,&quot;469769242&quot;:[8226],&quot;469777803&quot;:&quot;left&quot;,&quot;469777804&quot;:&quot;\uf0b7&quot;,&quot;469777815&quot;:&quot;hybridMultilevel&quot;}\" aria-setsize=\"-1\" data-aria-posinset=\"5\" data-aria-level=\"1\"><span data-contrast=\"auto\">M\u00e5l-mina och min organisations<\/span><span data-ccp-props=\"{}\">\u00a0<\/span><\/li>\n<\/ul>\n<ul>\n<li data-leveltext=\"\uf0b7\" data-font=\"Symbol\" data-listid=\"35\" data-list-defn-props=\"{&quot;335552541&quot;:1,&quot;335559685&quot;:720,&quot;335559991&quot;:360,&quot;469769226&quot;:&quot;Symbol&quot;,&quot;469769242&quot;:[8226],&quot;469777803&quot;:&quot;left&quot;,&quot;469777804&quot;:&quot;\uf0b7&quot;,&quot;469777815&quot;:&quot;hybridMultilevel&quot;}\" aria-setsize=\"-1\" data-aria-posinset=\"6\" data-aria-level=\"1\"><span data-contrast=\"auto\">Hur s\u00e4ga \u201cJa\u201d och \u201cNej\u201d<\/span><span data-ccp-props=\"{}\">\u00a0<\/span><\/li>\n<\/ul>\n<ul>\n<li data-leveltext=\"\uf0b7\" data-font=\"Symbol\" data-listid=\"35\" data-list-defn-props=\"{&quot;335552541&quot;:1,&quot;335559685&quot;:720,&quot;335559991&quot;:360,&quot;469769226&quot;:&quot;Symbol&quot;,&quot;469769242&quot;:[8226],&quot;469777803&quot;:&quot;left&quot;,&quot;469777804&quot;:&quot;\uf0b7&quot;,&quot;469777815&quot;:&quot;hybridMultilevel&quot;}\" aria-setsize=\"-1\" data-aria-posinset=\"7\" data-aria-level=\"1\"><span data-contrast=\"auto\">Personlig Utvecklingsplan<\/span><span data-ccp-props=\"{}\">\u00a0<\/span><\/li>\n<\/ul>\n<p><span data-ccp-props=\"{}\">\u00a0<\/span><\/p>\n<p><b><span data-contrast=\"auto\">Metoder<\/span><\/b><span data-ccp-props=\"{}\">\u00a0<\/span><\/p>\n<p><span data-contrast=\"auto\">En blandning av teorier, \u00f6vningar, diskussioner och personliga reflektioner.<\/span><span data-ccp-props=\"{}\">\u00a0<\/span><\/p>\n","protected":false},"excerpt":{"rendered":"<p><span class=\"TextRun SCXW30956609 BCX0\" lang=\"SV-SE\" xml:lang=\"SV-SE\" data-contrast=\"none\"><span class=\"NormalTextRun SCXW30956609 BCX0\" data-ccp-charstyle=\"y2iqfc\" data-ccp-charstyle-defn=\"{&quot;ObjectId&quot;:&quot;d44170b1-9cd2-4a89-a268-25279ebe70fa|95&quot;,&quot;ClassId&quot;:1073872969,&quot;Properties&quot;:[469777841,&quot;Times New Roman&quot;,469777842,&quot;Times New Roman&quot;,469777843,&quot;Times New Roman&quot;,469777844,&quot;Times New Roman&quot;,469769226,&quot;Times New Roman&quot;,469775450,&quot;y2iqfc&quot;,201340122,&quot;1&quot;,134233614,&quot;true&quot;,469778129,&quot;y2iqfc&quot;,335572020,&quot;1&quot;,469778324,&quot;Default Paragraph Font&quot;]}\">Denna tv\u00e5dagarskurs tar upp ditt personliga ledarskap, f\u00f6r att skapa en starkare k\u00e4nsla av kontroll och effektivitet i din arbetsdag. Syftet \u00e4r att skapa en milj\u00f6 med minskad stress genom att l\u00e4ra sig verktygen f\u00f6r att kontrollera den och hur du planerar ditt dagliga arbete.<\/span><\/span><span class=\"EOP SCXW30956609 BCX0\" data-ccp-props=\"{&quot;201341983&quot;:2,&quot;335557856&quot;:16447992,&quot;335559740&quot;:540,&quot;469777462&quot;:[916,1832,2748,3664,4580,5496,6412,7328,8244,9160,10076,10992,11908,12824,13740,14656],&quot;469777927&quot;:[0,0,0,0,0,0,0,0,0,0,0,0,0,0,0,0],&quot;469777928&quot;:[1,1,1,1,1,1,1,1,1,1,1,1,1,1,1,1]}\">\u00a0<\/span><\/p>\n<p><span class=\"TextRun SCXW250080549 BCX0\" lang=\"SV-SE\" xml:lang=\"SV-SE\" data-contrast=\"none\"><span class=\"NormalTextRun SCXW250080549 BCX0\" data-ccp-charstyle=\"y2iqfc\" data-ccp-charstyle-defn=\"{&quot;ObjectId&quot;:&quot;d44170b1-9cd2-4a89-a268-25279ebe70fa|95&quot;,&quot;ClassId&quot;:1073872969,&quot;Properties&quot;:[469777841,&quot;Times New Roman&quot;,469777842,&quot;Times New Roman&quot;,469777843,&quot;Times New Roman&quot;,469777844,&quot;Times New Roman&quot;,469769226,&quot;Times New Roman&quot;,469775450,&quot;y2iqfc&quot;,201340122,&quot;1&quot;,134233614,&quot;true&quot;,469778129,&quot;y2iqfc&quot;,335572020,&quot;1&quot;,469778324,&quot;Default Paragraph Font&quot;]}\">Under kursen l\u00e4r du dig hur du kan p\u00e5verka ditt arbetsliv i en riktning som passar dig och dina behov.<\/span><\/span><\/p>\n","protected":false},"featured_media":8875,"comment_status":"open","ping_status":"closed","template":"","meta":{"wds_primary_product_brand":0,"wds_primary_product_cat":0},"product_brand":[],"product_cat":[91,30,37,32,113,51],"product_tag":[67,176],"class_list":{"0":"post-8453","1":"product","2":"type-product","3":"status-publish","4":"has-post-thumbnail","6":"product_cat-arbetsmiljo","7":"product_cat-business","8":"product_cat-kommunikation","9":"product_cat-ledarskap","10":"product_cat-presentationsteknik","11":"product_cat-projektledning","12":"product_tag-ledarskap","13":"product_tag-op","15":"first","16":"instock","17":"taxable","18":"shipping-taxable","19":"purchasable","20":"product-type-simple"},"jetpack_sharing_enabled":true,"_links":{"self":[{"href":"https:\/\/republify.se\/index.php\/wp-json\/wp\/v2\/product\/8453","targetHints":{"allow":["GET"]}}],"collection":[{"href":"https:\/\/republify.se\/index.php\/wp-json\/wp\/v2\/product"}],"about":[{"href":"https:\/\/republify.se\/index.php\/wp-json\/wp\/v2\/types\/product"}],"replies":[{"embeddable":true,"href":"https:\/\/republify.se\/index.php\/wp-json\/wp\/v2\/comments?post=8453"}],"wp:featuredmedia":[{"embeddable":true,"href":"https:\/\/republify.se\/index.php\/wp-json\/wp\/v2\/media\/8875"}],"wp:attachment":[{"href":"https:\/\/republify.se\/index.php\/wp-json\/wp\/v2\/media?parent=8453"}],"wp:term":[{"taxonomy":"product_brand","embeddable":true,"href":"https:\/\/republify.se\/index.php\/wp-json\/wp\/v2\/product_brand?post=8453"},{"taxonomy":"product_cat","embeddable":true,"href":"https:\/\/republify.se\/index.php\/wp-json\/wp\/v2\/product_cat?post=8453"},{"taxonomy":"product_tag","embeddable":true,"href":"https:\/\/republify.se\/index.php\/wp-json\/wp\/v2\/product_tag?post=8453"}],"curies":[{"name":"wp","href":"https:\/\/api.w.org\/{rel}","templated":true}]}}